{"id":13,"date":"2025-11-17T09:12:56","date_gmt":"2025-11-17T08:12:56","guid":{"rendered":"https:\/\/blogs.urz.uni-halle.de\/netzfsuni\/?page_id=13"},"modified":"2025-11-17T22:15:03","modified_gmt":"2025-11-17T21:15:03","slug":"2025-2","status":"publish","type":"page","link":"https:\/\/blogs.urz.uni-halle.de\/netzfsuni\/2025-2\/","title":{"rendered":"2025"},"content":{"rendered":"\n<h4>6. Studientag zur Vernetzung der sprachpraktischen und<br>fachdidaktischen Lehre in den romanischen Sprachen:<br><em>F\u00f6rderung von Schreibkompetenz in Zeiten der Digitalit\u00e4t<\/em><\/h4>\n\n\n\n<p>Freitag, 16. Mai 2025, 9.30-17.00 Uhr<\/p>\n\n\n\n<p>Friedrich-Schiller-Universit\u00e4t Jena, \u201eHaus auf der Mauer\u201c, Johannisplatz 26<\/p>\n\n\n\n<div class=\"wp-block-file\"><a href=\"https:\/\/blogs.urz.uni-halle.de\/netzfsuni\/files\/2025\/11\/Einladung_Studientag_Schreibkompetenz_Jena_2025.pdf\">Einladung_Studientag_Schreibkompetenz_Jena_2025<\/a><a href=\"https:\/\/blogs.urz.uni-halle.de\/netzfsuni\/files\/2025\/11\/Einladung_Studientag_Schreibkompetenz_Jena_2025.pdf\" class=\"wp-block-file__button\" download>Herunterladen<\/a><\/div>\n","protected":false},"excerpt":{"rendered":"<p>6. Studientag zur Vernetzung der sprachpraktischen undfachdidaktischen Lehre in den romanischen Sprachen:F\u00f6rderung von Schreibkompetenz in Zeiten der Digitalit\u00e4t Freitag, 16. Mai 2025, 9.30-17.00 Uhr Friedrich-Schiller-Universit\u00e4t Jena, \u201eHaus auf der Mauer\u201c, Johannisplatz 26<\/p>\n","protected":false},"author":5940,"featured_media":0,"parent":0,"menu_order":0,"comment_status":"closed","ping_status":"closed","template":"","meta":[],"_links":{"self":[{"href":"https:\/\/blogs.urz.uni-halle.de\/netzfsuni\/wp-json\/wp\/v2\/pages\/13"}],"collection":[{"href":"https:\/\/blogs.urz.uni-halle.de\/netzfsuni\/wp-json\/wp\/v2\/pages"}],"about":[{"href":"https:\/\/blogs.urz.uni-halle.de\/netzfsuni\/wp-json\/wp\/v2\/types\/page"}],"author":[{"embeddable":true,"href":"https:\/\/blogs.urz.uni-halle.de\/netzfsuni\/wp-json\/wp\/v2\/users\/5940"}],"replies":[{"embeddable":true,"href":"https:\/\/blogs.urz.uni-halle.de\/netzfsuni\/wp-json\/wp\/v2\/comments?post=13"}],"version-history":[{"count":2,"href":"https:\/\/blogs.urz.uni-halle.de\/netzfsuni\/wp-json\/wp\/v2\/pages\/13\/revisions"}],"predecessor-version":[{"id":93,"href":"https:\/\/blogs.urz.uni-halle.de\/netzfsuni\/wp-json\/wp\/v2\/pages\/13\/revisions\/93"}],"wp:attachment":[{"href":"https:\/\/blogs.urz.uni-halle.de\/netzfsuni\/wp-json\/wp\/v2\/media?parent=13"}],"curies":[{"name":"wp","href":"https:\/\/api.w.org\/{rel}","templated":true}]}}