{"id":3,"date":"2025-11-17T09:12:56","date_gmt":"2025-11-17T08:12:56","guid":{"rendered":"https:\/\/blogs.urz.uni-halle.de\/netzfsuni\/?page_id=3"},"modified":"2025-12-01T00:27:47","modified_gmt":"2025-11-30T23:27:47","slug":"aktuelles","status":"publish","type":"page","link":"https:\/\/blogs.urz.uni-halle.de\/netzfsuni\/aktuelles\/","title":{"rendered":"Aktuelles"},"content":{"rendered":"\n<h3>Sprachpraxis trifft Fachdidaktik&nbsp;<\/h3>\n\n\n\n<p><strong>Fremdsprachenunterricht an Hochschulen in Zeiten von KI und Mehrsprachigkeit&nbsp;<\/strong><\/p>\n\n\n\n<p>Das Netzwerk (NetzFSUni) plant f\u00fcr 2026-2029 ein Projekt zur gezielten Verbesserung und Transformation der Fremdsprachenlehre an Hochschulen mit Fokus auf mehrsprachigkeitssensible und digitale Transformation.&nbsp;<\/p>\n\n\n\n<p>Im&nbsp;Zentrum des Projekts drei komplement\u00e4re Entwicklungsstr\u00e4nge: KI-gest\u00fctzte Lerneinheiten (AP 03), Transkulturelles Lernen mit Fokus auf digital literacy (AP 04), Hybride Lernangebote mit integrierter Sprachlernberatung (AP 05), die von einem Standort federf\u00fchrend entwickelt, jeweils an mehreren Standorten erprobt und wissenschaftlich evaluiert werden sollen.&nbsp;<\/p>\n\n\n\n<figure class=\"wp-block-image is-resized\"><img loading=\"lazy\" src=\"https:\/\/blogs.urz.uni-halle.de\/netzfsuni\/files\/2025\/12\/Grafik_Formate_Module_hellgruen-1024x724.png\" alt=\"\" class=\"wp-image-117\" width=\"443\" height=\"313\" srcset=\"https:\/\/blogs.urz.uni-halle.de\/netzfsuni\/files\/2025\/12\/Grafik_Formate_Module_hellgruen-1024x724.png 1024w, https:\/\/blogs.urz.uni-halle.de\/netzfsuni\/files\/2025\/12\/Grafik_Formate_Module_hellgruen-300x212.png 300w, https:\/\/blogs.urz.uni-halle.de\/netzfsuni\/files\/2025\/12\/Grafik_Formate_Module_hellgruen-768x543.png 768w, https:\/\/blogs.urz.uni-halle.de\/netzfsuni\/files\/2025\/12\/Grafik_Formate_Module_hellgruen-1536x1086.png 1536w, https:\/\/blogs.urz.uni-halle.de\/netzfsuni\/files\/2025\/12\/Grafik_Formate_Module_hellgruen.png 2000w\" sizes=\"(max-width: 443px) 100vw, 443px\" \/><\/figure>\n\n\n\n<p><\/p>\n\n\n\n<p>Ziel ist eine Entwicklumg von innovativen und nachhaltigen Formaten f\u00fcr den Fremdsprachenunterricht an Hochschulen. Hierzu sind verschiedene Transferma\u00dfnahmen geplant, darunter die Bereitstellung von Webinaren und einer Publikation sowie die Durchf\u00fchrung einer Abschlusstagung zur weiteren Dissemination der Ergebnisse.&nbsp;<\/p>\n\n\n\n<div class=\"wp-block-media-text alignwide is-stacked-on-mobile\" style=\"grid-template-columns:75% auto\"><figure class=\"wp-block-media-text__media\"><img loading=\"lazy\" width=\"1024\" height=\"724\" src=\"https:\/\/blogs.urz.uni-halle.de\/netzfsuni\/files\/2025\/12\/Grafik_Arbeitsprozess-1024x724.png\" alt=\"\" class=\"wp-image-118\" srcset=\"https:\/\/blogs.urz.uni-halle.de\/netzfsuni\/files\/2025\/12\/Grafik_Arbeitsprozess-1024x724.png 1024w, https:\/\/blogs.urz.uni-halle.de\/netzfsuni\/files\/2025\/12\/Grafik_Arbeitsprozess-300x212.png 300w, https:\/\/blogs.urz.uni-halle.de\/netzfsuni\/files\/2025\/12\/Grafik_Arbeitsprozess-768x543.png 768w, https:\/\/blogs.urz.uni-halle.de\/netzfsuni\/files\/2025\/12\/Grafik_Arbeitsprozess-1536x1086.png 1536w, https:\/\/blogs.urz.uni-halle.de\/netzfsuni\/files\/2025\/12\/Grafik_Arbeitsprozess.png 2000w\" sizes=\"(max-width: 1024px) 100vw, 1024px\" \/><\/figure><div class=\"wp-block-media-text__content\">\n<p class=\"has-large-font-size\"><\/p>\n<\/div><\/div>\n\n\n\n<p><\/p>\n","protected":false},"excerpt":{"rendered":"<p>Sprachpraxis trifft Fachdidaktik&nbsp; Fremdsprachenunterricht an Hochschulen in Zeiten von KI und Mehrsprachigkeit&nbsp; Das Netzwerk (NetzFSUni) plant f\u00fcr 2026-2029 ein Projekt zur gezielten Verbesserung und Transformation der Fremdsprachenlehre an Hochschulen mit Fokus auf mehrsprachigkeitssensible und digitale Transformation.&nbsp; Im&nbsp;Zentrum des Projekts drei komplement\u00e4re Entwicklungsstr\u00e4nge: KI-gest\u00fctzte Lerneinheiten (AP 03), Transkulturelles Lernen mit Fokus auf digital literacy (AP 04), [&hellip;]<\/p>\n","protected":false},"author":5940,"featured_media":0,"parent":0,"menu_order":0,"comment_status":"closed","ping_status":"closed","template":"","meta":[],"_links":{"self":[{"href":"https:\/\/blogs.urz.uni-halle.de\/netzfsuni\/wp-json\/wp\/v2\/pages\/3"}],"collection":[{"href":"https:\/\/blogs.urz.uni-halle.de\/netzfsuni\/wp-json\/wp\/v2\/pages"}],"about":[{"href":"https:\/\/blogs.urz.uni-halle.de\/netzfsuni\/wp-json\/wp\/v2\/types\/page"}],"author":[{"embeddable":true,"href":"https:\/\/blogs.urz.uni-halle.de\/netzfsuni\/wp-json\/wp\/v2\/users\/5940"}],"replies":[{"embeddable":true,"href":"https:\/\/blogs.urz.uni-halle.de\/netzfsuni\/wp-json\/wp\/v2\/comments?post=3"}],"version-history":[{"count":3,"href":"https:\/\/blogs.urz.uni-halle.de\/netzfsuni\/wp-json\/wp\/v2\/pages\/3\/revisions"}],"predecessor-version":[{"id":120,"href":"https:\/\/blogs.urz.uni-halle.de\/netzfsuni\/wp-json\/wp\/v2\/pages\/3\/revisions\/120"}],"wp:attachment":[{"href":"https:\/\/blogs.urz.uni-halle.de\/netzfsuni\/wp-json\/wp\/v2\/media?parent=3"}],"curies":[{"name":"wp","href":"https:\/\/api.w.org\/{rel}","templated":true}]}}