{"id":7,"date":"2025-11-17T09:12:56","date_gmt":"2025-11-17T08:12:56","guid":{"rendered":"https:\/\/blogs.urz.uni-halle.de\/netzfsuni\/?page_id=7"},"modified":"2025-11-24T10:36:33","modified_gmt":"2025-11-24T09:36:33","slug":"publikationen","status":"publish","type":"page","link":"https:\/\/blogs.urz.uni-halle.de\/netzfsuni\/publikationen\/","title":{"rendered":"Publikationen"},"content":{"rendered":"\n<p><strong><em>Sprachmittlung<\/em><\/strong>:<\/p>\n\n\n\n<p>Ramey, Shaydon (2023): \u201eMaking Translation Communicative: Mediation in the Communicative Language Classroom\u201c, in: <em>Hispania<\/em> 106\/2, S. 225\u2013237.<\/p>\n\n\n\n<p>Ramey, Shaydon \/ Wieland, Katharina (2024): \u201eTropezando con las piedras de tropiezo: Stadtrundgang als Sprachmittlungsexkursion mit digitalen Medien\u201c, in <em>Der fremdsprachliche Unterricht Spanisch <\/em>86, S. 22\u201331.<\/p>\n\n\n\n<p>Stamenkovi\u0107, Nevena \/ Wieland, Katharina (2024): \u201eStrategisch sprachmitteln im mehrsprachigen Kontext\u201c in: del Valle, Victoria \/ Krogmeier, Lena \/ Pachale, Helene \/ Wengler, Jennifer: <em>Impulse setzen &#8211; neue Wege bereiten. Eine Festschrift f\u00fcr Andrea R\u00f6ssler<\/em>. Lausanne: Peter Lang, S. 73\u201390.<\/p>\n\n\n\n<p>Stamenkovi\u0107, Nevena \/ Wieland, Katharina (2025): \u201eMehrsprachigkeit und Sprachmittlung zur Entwicklung von plurilingualer Kompetenz\u201c, in: F\u00e4cke, Christiane \/ Plikat, Jochen (Hrsg.): <em>Handbuch Mehrsprachigkeits- und Mehrkulturalit\u00e4tsdidaktik<\/em>, 2. Auflage. T\u00fcbingen: Narr (im Druck).<\/p>\n\n\n\n<p>Wieland, Katharina (2022): \u201eSprachmittlung als kommunikativer Aushandlungsprozess \u2013 Analyse von Peer-Interaktion und Strategieneinsatz bei einer deutsch-franz\u00f6sischen Aufgabe\u201c, in: Katelh\u00f6n, Peggy \/ Mare\u010dkov\u00e1, Pavla (Hrsg.): <em>Sprachmittlung und Mediation im Fremdsprachenunterricht an Schule und Universit\u00e4t<\/em>. Berlin: Frank &amp; Timme, S. 173\u2013194.<\/p>\n\n\n\n<p>Wieland, Katharina (2025): \u201eTranslanguaging\u00a0und Sprachmittlung\u00a0\u2013 Eine empirische Untersuchung zur Nutzung des lernerseits verf\u00fcgbaren Repertoires\u00a0in deutsch-franz\u00f6sischen Sprachmittlungsaufgaben\u201c\u00a0in: Dietrich-Grappin, Sarah \/ Castellotti, V\u00e9ronique \/ Hufeisen, Britta\/ Li, Wei (Hrsg.):\u00a0<em>Comp\u00e9tence plurilingue\/Translanguaging\/Terti\u00e4rsprachendidaktik. Rapprochements pour l\u2019enseignement des langues tierces\/Convergences in tertiary languages education\/Ann\u00e4herungen f\u00fcr den Unterricht in Terti\u00e4rsprachen<\/em>.\u00a0Lausanne: Peter Lang (im Druck).<\/p>\n\n\n\n<p><strong><em>(Lexiko-)Grammatik im kompetenzorientierten Fremdsprachenunterricht<\/em><\/strong>:<\/p>\n\n\n\n<p>Wieland, Katharina (2025): \u201eZwischen analog und digital &#8211; Wortschatzlernen angehender Lehrkr\u00e4fte\u201c, in: B\u00fcrgel, Christoph \/ Inal, Benjamin (Hrsg.): <em>Fremdsprachenlehren und -lernen zwischen\u00a0analog und digital<\/em>. T\u00fcbingen: Narr Francke Attempto, S. 87\u2013110.<\/p>\n\n\n\n<p><strong><em>Aussprache<\/em><\/strong>:<\/p>\n\n\n\n<p>Koch, Christian (2017): \u201e<em>[\u0283]o me [\u0283]amo [\u0283]olanda<\/em>. \u00dcberlegungen zur Akzeptabilit\u00e4t von Aussprachevariet\u00e4t bei Spanisch-Lehrkr\u00e4ften\u201c, in: Leitzke-Ungerer, Eva \/ Polzin-Haumann, Claudia (Hrsg.): <em>Variet\u00e4ten des Spanischen im Fremdsprachenunterricht. Ihre Rolle in Schule, Hochschule, Lehrerbildung und Sprachenzertifikaten<\/em>. Stuttgart: ibidem, S. 97\u2013113.<\/p>\n\n\n\n<p><strong><em>Einstufen und Pr\u00fcfen im Zeichen der Kompetenzorientierung<\/em><\/strong>:<\/p>\n\n\n\n<p>Madlener-Charpentier, Karin \/ Wieland, Katharina (2025): \u201eModelle sprachlich-kommunikativer Handlungsf\u00e4higkeit\u201c, in: Rossa, Henning \/ Vogt, Karin (Hrsg.): <em>Handbuch Leistungsmessung, Evaluation und Feedback im Fremdsprachenunterricht<\/em>. Seelze: Klett\/Kallmeyer, S. 171\u2013180.<\/p>\n\n\n\n<p><strong><em>Sprechf\u00f6rderung<\/em>:<br><\/strong><br>Koch, Christian (2020): \u201eDas eigene Sprechen erforschen. Lehre an der Schnittstelle von Linguistik, Didaktik und Sprachpraxis im Fach Spanisch\u201c, in: Franke, Manuela \/ Pl\u00f6tner, Kathleen (Hrsg.): <em>Fremdsprachendidaktische Hochschullehre 3.0: Alte Methoden &#8211; neue Wege? Innovatives im Fokus und Bew\u00e4hrtes neu gedacht<\/em>. Stuttgart: ibidem, S. 165\u2013186.<br><br>Koch, Christian \/ Th\u00f6rle, Britta (2021): \u201eMetadiscursive activities in oral discourse production in French L2: A study on learner profiles\u201c, in: <em>Corpus Pragmatics<\/em> 5, S. 153-186. <a href=\"https:\/\/doi.org\/10.1007\/s41701-020-00089-7\">https:\/\/doi.org\/10.1007\/s41701-020-00089-7<\/a>\u00a0<\/p>\n\n\n\n<p><strong><em>Mehrsprachigkeit<\/em><\/strong>:<\/p>\n\n\n\n<p>Koch, Christian (2022): \u201eDie Verarbeitung von mehrsprachigen Gespr\u00e4chsaufnahmen. Vorschl\u00e4ge zur Transkription m\u00fcndlicher Sprachdaten in der Fremdsprachenforschung\u201c, in: <em>Fremdsprachen Lehren und Lernen<\/em> 51\/2, S. 68\u201384.&nbsp;<a href=\"https:\/\/doi.org\/10.24053\/FLuL-2022-0020&nbsp;%5b3\">https:\/\/doi.org\/10.24053\/FLuL-2022-0020&nbsp;[3<\/a>]<\/p>\n\n\n\n<p>Mayer, Christoph Oliver (2025): \u201eInterkomprehension auf dem Pr\u00fcfstand: Portugiesische Musik verstehen\u201c, in: Daniel Reimann \/ Gianluca Campos Sardo (Hrsg.): <a><em>O<\/em><\/a><em><a href=\"#_msocom_1\">[SR1]<\/a>\u00a0 portugu\u00eas como l\u00edngua mundial para o s\u00e9culo XXI: Pr\u00e9-requisitos lingu\u00edsticos e culturais, implica\u00e7\u00f5es da pol\u00edtica lingu\u00edstica (estrangeira) e perspetivas did\u00e1cticas<\/em>. T\u00fcbingen: Narr, S. 141\u2013155.<\/p>\n\n\n\n<p><strong><em>Digitalit\u00e4t im Fremdsprachenunterricht:<br><\/em><\/strong><br>Bergmann, Anka \/ Mayer, <a>Christoph<\/a><a href=\"#_msocom_2\">[SR2]<\/a>\u00a0 \/ Plikat, Jochen (Hrsg.) (2022): <em>Perspektiven der weiteren Schulfremdsprachen im Zeitalter von Global English und Digitalisierung. Welche Zielsetzungen sind f\u00fcr Franz\u00f6sisch, Spanisch, Russisch &amp; Co. (noch) zeitgem\u00e4\u00df?<\/em> Berlin: Peter Lang.<\/p>\n\n\n\n<p>Eibensteiner, Lukas, et al. (Hrsg.) (2023):&nbsp;<em>Neue Wege des Franz\u00f6sischunterrichts: Linguistic Landscaping und Mehrsprachigkeitsdidaktik im digitalen Zeitalter<\/em>. T\u00fcbingen: Narr Francke Attempto.<\/p>\n\n\n\n<p>Eibensteiner, Lukas \/ Funk, Alexandra \/ Volkmann, Laurenz (2024): \u201eVirtual Exchanges and Online Tandem Collaboration in Higher Education\u201c, in: Wild, Kathrin \/ Grummel, Tina (Hrsg.):<em> Internationalising Teacher Education<\/em>. Osnabr\u00fcck: V&amp;R Unipress, S. 65\u201368.<\/p>\n\n\n\n<p>Eibensteiner, Lukas \/ Schlaak, Claudia (2021): \u201ePotenziale der Digitalisierung f\u00fcr die Mehrsprachigkeitsdidaktik \u2013 von analogen zu digitalen Konzeptionen. Forschungen und Forschungsperspektiven aus der romanistischen Fremdsprachendidaktik\u201c, in:&nbsp;<em>Zeitschrift f\u00fcr romanische Sprachen und ihre Didaktik<\/em>&nbsp;15\/2, S. 165\u2013194.<\/p>\n\n\n\n<p>F\u00f6rster, Philipp \/ Eibensteiner, Lukas (2024): \u201eEducate, motivate, escape \u2013 Virtuelle, mehrsprachige Escape Rooms und ihre Potenziale f\u00fcr ein motivierendes Sprachlernerlebnis\u201c, in: Haberland, Svenja \/ Koch, Corinne (Hrsg.):&nbsp;<em>Das Zusammenspiel physischer Pr\u00e4senz und digitaler Virtualit\u00e4t im Unterricht romanischer Sprachen<\/em>. Stuttgart:&nbsp;ibidem, S. 195\u2013219.<\/p>\n\n\n\n<p>Koch, Christian (2025): \u201eZwischen Revision und Redaktion &#8211; \u00dcberarbeitung von eigenen Texten mit <em>DeepL Write<\/em> und <em>ChatGPT<\/em>\u201c, in: <em>franz\u00f6sisch heute<\/em> 56\/2, S. 10\u201315.<\/p>\n\n\n\n<p>Lachmund, Anne-Marie (2025): \u201e<em>Grande Litt\u00e9rature<\/em> meets Social Media: Transmedial and Transcultural Approaches to Fostering Sustainable Reading Motivation and Digital Discourse Literacies\u201d, in: Eibensteiner, Lukas \/ Hesselbach, Robert (Hrsg.): <em>Social Media: Current Issues in Romance Linguistics and Foreign Language Learning and Teaching<\/em>. M\u00fcnchen: AVM, S. 225\u2013245.<\/p>\n\n\n\n<p>Christoph Oliver Mayer \/ Wieland Katharina (2020): \u201eLehren und Lernen im Homeoffice: Deutsch-italienische Momentaufnahmen zu einem Dilemma der Lehrerbildung\u201c, in: Hertrampf, Marina Ortrud M. (Hrsg.):\u00a0<em>Corona: Krise oder Wende? Wie Krisen Kulturen verunsichern und ver\u00e4ndern \/ Corona: crisis or change? How crises unsettle and change cultures<\/em>,<em>PhiN-Beiheft<\/em>\u00a024, S. 463\u2013480.<\/p>\n","protected":false},"excerpt":{"rendered":"<p>Sprachmittlung: Ramey, Shaydon (2023): \u201eMaking Translation Communicative: Mediation in the Communicative Language Classroom\u201c, in: Hispania 106\/2, S. 225\u2013237. Ramey, Shaydon \/ Wieland, Katharina (2024): \u201eTropezando con las piedras de tropiezo: Stadtrundgang als Sprachmittlungsexkursion mit digitalen Medien\u201c, in Der fremdsprachliche Unterricht Spanisch 86, S. 22\u201331. Stamenkovi\u0107, Nevena \/ Wieland, Katharina (2024): \u201eStrategisch sprachmitteln im mehrsprachigen Kontext\u201c [&hellip;]<\/p>\n","protected":false},"author":5940,"featured_media":0,"parent":0,"menu_order":0,"comment_status":"closed","ping_status":"closed","template":"","meta":[],"_links":{"self":[{"href":"https:\/\/blogs.urz.uni-halle.de\/netzfsuni\/wp-json\/wp\/v2\/pages\/7"}],"collection":[{"href":"https:\/\/blogs.urz.uni-halle.de\/netzfsuni\/wp-json\/wp\/v2\/pages"}],"about":[{"href":"https:\/\/blogs.urz.uni-halle.de\/netzfsuni\/wp-json\/wp\/v2\/types\/page"}],"author":[{"embeddable":true,"href":"https:\/\/blogs.urz.uni-halle.de\/netzfsuni\/wp-json\/wp\/v2\/users\/5940"}],"replies":[{"embeddable":true,"href":"https:\/\/blogs.urz.uni-halle.de\/netzfsuni\/wp-json\/wp\/v2\/comments?post=7"}],"version-history":[{"count":4,"href":"https:\/\/blogs.urz.uni-halle.de\/netzfsuni\/wp-json\/wp\/v2\/pages\/7\/revisions"}],"predecessor-version":[{"id":115,"href":"https:\/\/blogs.urz.uni-halle.de\/netzfsuni\/wp-json\/wp\/v2\/pages\/7\/revisions\/115"}],"wp:attachment":[{"href":"https:\/\/blogs.urz.uni-halle.de\/netzfsuni\/wp-json\/wp\/v2\/media?parent=7"}],"curies":[{"name":"wp","href":"https:\/\/api.w.org\/{rel}","templated":true}]}}