{"id":9,"date":"2025-11-17T09:12:56","date_gmt":"2025-11-17T08:12:56","guid":{"rendered":"https:\/\/blogs.urz.uni-halle.de\/netzfsuni\/?page_id=9"},"modified":"2025-11-17T21:43:22","modified_gmt":"2025-11-17T20:43:22","slug":"2020-2","status":"publish","type":"page","link":"https:\/\/blogs.urz.uni-halle.de\/netzfsuni\/2020-2\/","title":{"rendered":"2020"},"content":{"rendered":"\n<h4>2. Studientag zur Vernetzung der sprachpraktischen und<br>fachdidaktischen Lehre in den romanischen Sprachen:<br><em>Sprachmittlung in der universit\u00e4ren Sprachenausbildung<\/em><\/h4>\n\n\n\n<p>Montag, 13. Januar 2020, 9.00-17.00 Uhr<\/p>\n\n\n\n<p>Universit\u00e4t Leipzig<\/p>\n\n\n\n<p><strong>Organisation: <\/strong>Prof. Dr. Christiane Neveling (Universit\u00e4t Leipzig) \/ Jun.-Prof. Dr. Jochen Plikat (TU Dresden) \/ Dr. Katharina Wieland (HU Berlin)<\/p>\n\n\n\n<div class=\"wp-block-file\"><a href=\"https:\/\/blogs.urz.uni-halle.de\/netzfsuni\/files\/2025\/11\/Einladung_Studientag_Fachdidaktik_Uni_Leipzig_2020.pdf\">Einladung_Studientag_Fachdidaktik_Uni_Leipzig_2020<\/a><a href=\"https:\/\/blogs.urz.uni-halle.de\/netzfsuni\/files\/2025\/11\/Einladung_Studientag_Fachdidaktik_Uni_Leipzig_2020.pdf\" class=\"wp-block-file__button\" download>Herunterladen<\/a><\/div>\n","protected":false},"excerpt":{"rendered":"<p>2. Studientag zur Vernetzung der sprachpraktischen undfachdidaktischen Lehre in den romanischen Sprachen:Sprachmittlung in der universit\u00e4ren Sprachenausbildung Montag, 13. Januar 2020, 9.00-17.00 Uhr Universit\u00e4t Leipzig Organisation: Prof. Dr. Christiane Neveling (Universit\u00e4t Leipzig) \/ Jun.-Prof. Dr. Jochen Plikat (TU Dresden) \/ Dr. Katharina Wieland (HU Berlin)<\/p>\n","protected":false},"author":5940,"featured_media":0,"parent":0,"menu_order":0,"comment_status":"closed","ping_status":"closed","template":"","meta":[],"_links":{"self":[{"href":"https:\/\/blogs.urz.uni-halle.de\/netzfsuni\/wp-json\/wp\/v2\/pages\/9"}],"collection":[{"href":"https:\/\/blogs.urz.uni-halle.de\/netzfsuni\/wp-json\/wp\/v2\/pages"}],"about":[{"href":"https:\/\/blogs.urz.uni-halle.de\/netzfsuni\/wp-json\/wp\/v2\/types\/page"}],"author":[{"embeddable":true,"href":"https:\/\/blogs.urz.uni-halle.de\/netzfsuni\/wp-json\/wp\/v2\/users\/5940"}],"replies":[{"embeddable":true,"href":"https:\/\/blogs.urz.uni-halle.de\/netzfsuni\/wp-json\/wp\/v2\/comments?post=9"}],"version-history":[{"count":4,"href":"https:\/\/blogs.urz.uni-halle.de\/netzfsuni\/wp-json\/wp\/v2\/pages\/9\/revisions"}],"predecessor-version":[{"id":79,"href":"https:\/\/blogs.urz.uni-halle.de\/netzfsuni\/wp-json\/wp\/v2\/pages\/9\/revisions\/79"}],"wp:attachment":[{"href":"https:\/\/blogs.urz.uni-halle.de\/netzfsuni\/wp-json\/wp\/v2\/media?parent=9"}],"curies":[{"name":"wp","href":"https:\/\/api.w.org\/{rel}","templated":true}]}}