{"id":66,"date":"2024-06-20T16:19:08","date_gmt":"2024-06-20T14:19:08","guid":{"rendered":"https:\/\/blogs.urz.uni-halle.de\/netzwerkgraduiertenfoerderung\/?page_id=66"},"modified":"2024-09-26T12:51:50","modified_gmt":"2024-09-26T10:51:50","slug":"ressourcennetzwerk","status":"publish","type":"page","link":"https:\/\/blogs.urz.uni-halle.de\/netzwerkgraduiertenfoerderung\/ressourcennetzwerk\/","title":{"rendered":"Ressourcen, Tipps und Tricks"},"content":{"rendered":"\n<h3>Wie promoviert man \u00fcberhaupt?<\/h3>\n\n\n\n<p>Da gibt es kein allgemeing\u00fcltiges Rezept. Aber daf\u00fcr Einiges zu beachten! <a href=\"https:\/\/blogs.urz.uni-halle.de\/ingra\/starting-the-path-to-a-doctorate\/\">Ein guter Leitfaden findet sich auf dem Block der InGrA<\/a>. Ansonsten lohnt es sich auch immer auf das Erfahrungswissen anderer Promovierender zur\u00fcckzugreifen, am besten auch aus dem eigenen Fach. <a href=\"https:\/\/blogs.urz.uni-halle.de\/netzwerkgraduiertenfoerderung\/stipendiatinnen\/\">Beispielsweise kannst Du dich auf unserer Seite mit anderen Stipendiat:innen in Kontakt setzen und uns um Rat fragen<\/a>. <\/p>\n\n\n\n<h3>Wo finde ich Infos zur Graduiertenf\u00f6rderung?<\/h3>\n\n\n\n<p>Infos und Unterlagen zur Graduiertenf\u00f6rderung finden sich auf der designierten <a href=\"https:\/\/wisswei.verwaltung.uni-halle.de\/graduiertenfoerderung__exkursions\/\">Seite des <em>Referat 1.3 Wissenschaftliche Weiterbildung, Studien-geb\u00fchren, Stipendien und Wahlen<\/em>.<\/a> Wenn sich mit den Unterlagen, Verordnungen und Gesetzestexten nicht alle Fragen l\u00f6sen lassen, dann wende dich an das Referat 1.3 oder gerne <a href=\"https:\/\/blogs.urz.uni-halle.de\/netzwerkgraduiertenfoerderung\/kontakt\/\">an uns<\/a>. Ein FAQ ist mit den wichtigsten Fragen und Antworten ist noch in Arbeit.<\/p>\n\n\n\n<h3>Wie schreibe ich einen Zwischenbericht?<\/h3>\n\n\n\n<p><a href=\"https:\/\/blogs.urz.uni-halle.de\/netzwerkgraduiertenfoerderung\/files\/2024\/08\/Zwischenbericht-Beispiel-I.pdf\">Zum Beispiel so.<\/a> <a href=\"https:\/\/blogs.urz.uni-halle.de\/netzwerkgraduiertenfoerderung\/files\/2024\/08\/Zwischenbericht-Beispiel-II-1.pdf\" data-type=\"URL\" data-id=\"https:\/\/blogs.urz.uni-halle.de\/netzwerkgraduiertenfoerderung\/files\/2024\/08\/Zwischenbericht-Beispiel-II-1.pdf\">Oder auch so. <\/a>Generell gilt: Es gibt keine feste Form jenseits der etwa sechs Seiten. Der Zwischenbericht ist Grundlage f\u00fcr die Kurzstellungnahme deiner Betreuerin. Das Wichtigste ist daher, dass Zwischenbericht und Kurzstellungnahme vor dem Ende der aktuellen sechsmonatigen F\u00f6rderperiode bei deiner Betreuerin eingeht, damit dein Zwischenbericht inklusiver der Stellungnahme beim <em>Referat 1.3 Wissenschaftliche Weiterbildung, Studien-geb\u00fchren, Stipendien und Wahlen<\/em> eingehen, weil nur dann die weitere F\u00f6rderung im Landesgraduiertenstipendiums erfolgt. Bem\u00fche dich also fr\u00fchzeitig darum und wahre die Fristen.<\/p>\n\n\n\n<h3>Sollte ich mich f\u00fcr ein Promotionsstudium immatrikulieren?<\/h3>\n\n\n\n<p>F\u00fcr dich als Stipendiat:in der Landesgraduiertenf\u00f6rderung gibt es viele Vorteile und Ressourcen innerhalb des Promotionsstudiums. Obwohl die Semestergeb\u00fchren kein unerheblicher Betrag sind bietet der Status des Promotionsstudierenden unleugbare Vorteile:<\/p>\n\n\n\n<div class=\"wp-block-media-text alignwide is-stacked-on-mobile is-image-fill\" style=\"grid-template-columns:21% auto\"><figure class=\"wp-block-media-text__media\" style=\"background-image:url(https:\/\/blogs.urz.uni-halle.de\/netzwerkgraduiertenfoerderung\/files\/2024\/09\/images.jpg);background-position:50% 50%\"><a href=\"http:\/\/www.studentenwerk-halle.de\/\"><img loading=\"lazy\" width=\"225\" height=\"225\" src=\"https:\/\/blogs.urz.uni-halle.de\/netzwerkgraduiertenfoerderung\/files\/2024\/09\/images.jpg\" alt=\"\" class=\"wp-image-292\" srcset=\"https:\/\/blogs.urz.uni-halle.de\/netzwerkgraduiertenfoerderung\/files\/2024\/09\/images.jpg 225w, https:\/\/blogs.urz.uni-halle.de\/netzwerkgraduiertenfoerderung\/files\/2024\/09\/images-150x150.jpg 150w\" sizes=\"(max-width: 225px) 100vw, 225px\" \/><\/a><\/figure><div class=\"wp-block-media-text__content\">\n<p class=\"has-medium-font-size\">1.) Als Promotionsstudent:in der Martin-Luther-Universit\u00e4t Halle-Wittenberg kannst du <a rel=\"noreferrer noopener\" href=\"http:\/\/www.studentenwerk-halle.de\/\" target=\"_blank\">die vielen Angebote des Studentenwerks Halle<\/a> nutzen. Dazu geh\u00f6ren Beratungs- und Finanzierungsangebote, studentisches Wohnen und auch die <em>verg\u00fcnstigten Studierendenpreise in den Mensen des Studentenwerkes.<\/em><\/p>\n<\/div><\/div>\n\n\n\n<p><\/p>\n\n\n\n<div class=\"wp-block-media-text alignwide is-stacked-on-mobile is-image-fill\" style=\"grid-template-columns:21% auto\"><figure class=\"wp-block-media-text__media\" style=\"background-image:url(https:\/\/blogs.urz.uni-halle.de\/netzwerkgraduiertenfoerderung\/files\/2024\/08\/csm_20240111_Deutschlandsemesterticket_4b10fbdf36.jpg);background-position:50% 50%\"><a href=\"https:\/\/havag.com\/tickets\/tarifinfos\/deutschlandsemesterticket\"><img loading=\"lazy\" width=\"513\" height=\"600\" src=\"https:\/\/blogs.urz.uni-halle.de\/netzwerkgraduiertenfoerderung\/files\/2024\/08\/csm_20240111_Deutschlandsemesterticket_4b10fbdf36.jpg\" alt=\"\" class=\"wp-image-147\" srcset=\"https:\/\/blogs.urz.uni-halle.de\/netzwerkgraduiertenfoerderung\/files\/2024\/08\/csm_20240111_Deutschlandsemesterticket_4b10fbdf36.jpg 513w, https:\/\/blogs.urz.uni-halle.de\/netzwerkgraduiertenfoerderung\/files\/2024\/08\/csm_20240111_Deutschlandsemesterticket_4b10fbdf36-257x300.jpg 257w\" sizes=\"(max-width: 513px) 100vw, 513px\" \/><\/a><\/figure><div class=\"wp-block-media-text__content\">\n<p class=\"has-medium-font-size\">2.) Als Promtionsstudent:in der Martin-Luther-Universit\u00e4t Halle-Wittenberg besitzt du automatisch das <a rel=\"noreferrer noopener\" href=\"https:\/\/havag.com\/tickets\/tarifinfos\/deutschlandsemesterticket\" target=\"_blank\">&#8222;<em>Deutschlandsemesterticket<\/em>&#8222;<\/a>, welches dir \u00fcber die HAVAG bereit gestellt wird.<\/p>\n<\/div><\/div>\n\n\n\n<p><\/p>\n\n\n\n<div class=\"wp-block-media-text alignwide is-stacked-on-mobile is-image-fill\" style=\"grid-template-columns:21% auto\"><figure class=\"wp-block-media-text__media\" style=\"background-image:url(https:\/\/blogs.urz.uni-halle.de\/netzwerkgraduiertenfoerderung\/files\/2024\/08\/0001-scaled-e1603108866970.jpg);background-position:50% 50%\"><a href=\"https:\/\/www.stura.uni-halle.de\/#services\"><img loading=\"lazy\" width=\"902\" height=\"902\" src=\"https:\/\/blogs.urz.uni-halle.de\/netzwerkgraduiertenfoerderung\/files\/2024\/08\/0001-scaled-e1603108866970.jpg\" alt=\"\" class=\"wp-image-148\" srcset=\"https:\/\/blogs.urz.uni-halle.de\/netzwerkgraduiertenfoerderung\/files\/2024\/08\/0001-scaled-e1603108866970.jpg 902w, https:\/\/blogs.urz.uni-halle.de\/netzwerkgraduiertenfoerderung\/files\/2024\/08\/0001-scaled-e1603108866970-300x300.jpg 300w, https:\/\/blogs.urz.uni-halle.de\/netzwerkgraduiertenfoerderung\/files\/2024\/08\/0001-scaled-e1603108866970-150x150.jpg 150w, https:\/\/blogs.urz.uni-halle.de\/netzwerkgraduiertenfoerderung\/files\/2024\/08\/0001-scaled-e1603108866970-768x768.jpg 768w, https:\/\/blogs.urz.uni-halle.de\/netzwerkgraduiertenfoerderung\/files\/2024\/08\/0001-scaled-e1603108866970-510x510.jpg 510w\" sizes=\"(max-width: 902px) 100vw, 902px\" \/><\/a><\/figure><div class=\"wp-block-media-text__content\">\n<p class=\"has-medium-font-size\">3.) Als Promotionsstudent:in der Martin-Luther-Universit\u00e4t Halle-Wittenberg bist du &#8211; insofern du die Mitgliedschaft nicht ablehnst &#8211; Teil der verfassten Studierenderschaft der Martin-Luther-Universit\u00e4t, d. h. du hast Zugriff auf alle <em>Angebote des StuRas<\/em>. Diese Angebote werden vom <a rel=\"noreferrer noopener\" href=\"https:\/\/www.stura.uni-halle.de\/#services\" target=\"_blank\">Studierendenrat der Martin-Luther-Universit\u00e4t<\/a> bereit gestellte und umfassen: u. a. <em>Rechtsberatungen, Sozialberatungen, aber auch Technikleihe und Sozialdarlehen<\/em>.<\/p>\n<\/div><\/div>\n\n\n\n<p><\/p>\n\n\n\n<div class=\"wp-block-group alignwide\"><div class=\"wp-block-group__inner-container\">\n<div class=\"wp-block-media-text alignwide is-stacked-on-mobile is-image-fill\" style=\"grid-template-columns:20% auto\"><figure class=\"wp-block-media-text__media\" style=\"background-image:url(https:\/\/blogs.urz.uni-halle.de\/netzwerkgraduiertenfoerderung\/files\/2024\/08\/PhD-Get-Togehter-3.png);background-position:50% 50%\"><a href=\"https:\/\/blogs.urz.uni-halle.de\/promovierendenvertretung\/\"><img loading=\"lazy\" width=\"570\" height=\"802\" src=\"https:\/\/blogs.urz.uni-halle.de\/netzwerkgraduiertenfoerderung\/files\/2024\/08\/PhD-Get-Togehter-3.png\" alt=\"\" class=\"wp-image-153\" srcset=\"https:\/\/blogs.urz.uni-halle.de\/netzwerkgraduiertenfoerderung\/files\/2024\/08\/PhD-Get-Togehter-3.png 570w, https:\/\/blogs.urz.uni-halle.de\/netzwerkgraduiertenfoerderung\/files\/2024\/08\/PhD-Get-Togehter-3-213x300.png 213w\" sizes=\"(max-width: 570px) 100vw, 570px\" \/><\/a><\/figure><div class=\"wp-block-media-text__content\">\n<p class=\"has-medium-font-size\">4.) Als Promotionsstudentin wirst du im Senat und den Gremien der Fakult\u00e4ten durch die <a rel=\"noreferrer noopener\" href=\"https:\/\/blogs.urz.uni-halle.de\/promovierendenvertretung\/\" target=\"_blank\">Promovierendenvertretung der Martin-Luther-Universit\u00e4t<\/a> Halle-Wittenberg vertreten.<\/p>\n<\/div><\/div>\n\n\n\n<p><\/p>\n\n\n\n<div class=\"wp-block-media-text alignwide is-stacked-on-mobile is-image-fill\" style=\"grid-template-columns:21% auto\"><figure class=\"wp-block-media-text__media\" style=\"background-image:url(https:\/\/blogs.urz.uni-halle.de\/netzwerkgraduiertenfoerderung\/files\/2024\/08\/1316157783_37_0-1.jpg);background-position:50% 50%\"><a href=\"https:\/\/blogs.urz.uni-halle.de\/ingra\/\"><img loading=\"lazy\" width=\"196\" height=\"303\" src=\"https:\/\/blogs.urz.uni-halle.de\/netzwerkgraduiertenfoerderung\/files\/2024\/08\/1316157783_37_0-1.jpg\" alt=\"\" class=\"wp-image-154\" srcset=\"https:\/\/blogs.urz.uni-halle.de\/netzwerkgraduiertenfoerderung\/files\/2024\/08\/1316157783_37_0-1.jpg 196w, https:\/\/blogs.urz.uni-halle.de\/netzwerkgraduiertenfoerderung\/files\/2024\/08\/1316157783_37_0-1-194x300.jpg 194w\" sizes=\"(max-width: 196px) 100vw, 196px\" \/><\/a><\/figure><div class=\"wp-block-media-text__content\">\n<p class=\"has-medium-font-size\">5.) Als Promotionsstudent:in kannst du an regelm\u00e4\u00dfigen Weiterbildungsangeboten der <a rel=\"noreferrer noopener\" href=\"https:\/\/blogs.urz.uni-halle.de\/ingra\/\" target=\"_blank\">Internationalen Graduiertenakademie (InGrA) <\/a>teilnehmen. Teil des Angebots der InGrA ist auch eine <a rel=\"noreferrer noopener\" href=\"https:\/\/www.ingra.uni-halle.de\/advisory_service\/\" target=\"_blank\">Beratung f\u00fcr Promotionsstudierende<\/a>.<\/p>\n<\/div><\/div>\n\n\n\n<p><\/p>\n<\/div><\/div>\n\n\n\n<p><br><\/p>\n\n\n\n<p><\/p>\n\n\n\n<p><\/p>\n","protected":false},"excerpt":{"rendered":"<p>Wie promoviert man \u00fcberhaupt? Da gibt es kein allgemeing\u00fcltiges Rezept. Aber daf\u00fcr Einiges zu beachten! Ein guter Leitfaden findet sich auf dem Block der InGrA. Ansonsten lohnt es sich auch immer auf das Erfahrungswissen anderer Promovierender zur\u00fcckzugreifen, am besten auch aus dem eigenen Fach. Beispielsweise kannst Du dich auf unserer Seite mit anderen Stipendiat:innen in [&hellip;]<\/p>\n","protected":false},"author":6141,"featured_media":0,"parent":0,"menu_order":0,"comment_status":"open","ping_status":"closed","template":"","meta":[],"_links":{"self":[{"href":"https:\/\/blogs.urz.uni-halle.de\/netzwerkgraduiertenfoerderung\/wp-json\/wp\/v2\/pages\/66"}],"collection":[{"href":"https:\/\/blogs.urz.uni-halle.de\/netzwerkgraduiertenfoerderung\/wp-json\/wp\/v2\/pages"}],"about":[{"href":"https:\/\/blogs.urz.uni-halle.de\/netzwerkgraduiertenfoerderung\/wp-json\/wp\/v2\/types\/page"}],"author":[{"embeddable":true,"href":"https:\/\/blogs.urz.uni-halle.de\/netzwerkgraduiertenfoerderung\/wp-json\/wp\/v2\/users\/6141"}],"replies":[{"embeddable":true,"href":"https:\/\/blogs.urz.uni-halle.de\/netzwerkgraduiertenfoerderung\/wp-json\/wp\/v2\/comments?post=66"}],"version-history":[{"count":10,"href":"https:\/\/blogs.urz.uni-halle.de\/netzwerkgraduiertenfoerderung\/wp-json\/wp\/v2\/pages\/66\/revisions"}],"predecessor-version":[{"id":342,"href":"https:\/\/blogs.urz.uni-halle.de\/netzwerkgraduiertenfoerderung\/wp-json\/wp\/v2\/pages\/66\/revisions\/342"}],"wp:attachment":[{"href":"https:\/\/blogs.urz.uni-halle.de\/netzwerkgraduiertenfoerderung\/wp-json\/wp\/v2\/media?parent=66"}],"curies":[{"name":"wp","href":"https:\/\/api.w.org\/{rel}","templated":true}]}}