{"id":79,"date":"2024-06-21T18:01:26","date_gmt":"2024-06-21T16:01:26","guid":{"rendered":"https:\/\/blogs.urz.uni-halle.de\/netzwerkgraduiertenfoerderung\/?page_id=79"},"modified":"2024-08-15T11:27:23","modified_gmt":"2024-08-15T09:27:23","slug":"wer-wir-sind","status":"publish","type":"page","link":"https:\/\/blogs.urz.uni-halle.de\/netzwerkgraduiertenfoerderung\/","title":{"rendered":"Wer wir sind"},"content":{"rendered":"\n<p><strong>Willkommen auf der Homepage des Graf\u00f6-Netzwerks!<\/strong><\/p>\n\n\n\n<p>Wir sind das Netzwerk der Stipendiat:innen der Landesgraduiertenf\u00f6rderung Sachsen-Anhalt. Als selbstorganisierte Interessenvertretung verfolgen wir drei wesentliche Ziele:<\/p>\n\n\n\n<ul><li><a rel=\"noreferrer noopener\" href=\"https:\/\/blogs.urz.uni-halle.de\/netzwerkgraduiertenfoerderung\/stipendiatinnen\/\" data-type=\"URL\" data-id=\"https:\/\/blogs.urz.uni-halle.de\/netzwerkgraduiertenfoerderung\/stipendiatinnen\/\" target=\"_blank\">Die Sichtbarkeit und Vernetzung der Stipendiat:innen der Landesgraduiertenf\u00f6rderung Sachsen-Anhalt<\/a><\/li><li><a rel=\"noreferrer noopener\" href=\"https:\/\/blogs.urz.uni-halle.de\/netzwerkgraduiertenfoerderung\/positionspapier-des-netzwerks-der-grafoe-stipendiatinnen\/\" data-type=\"URL\" data-id=\"https:\/\/blogs.urz.uni-halle.de\/netzwerkgraduiertenfoerderung\/positionspapier-des-netzwerks-der-grafoe-stipendiatinnen\/\" target=\"_blank\">Die Verbesserung der materiellen und immateriellen F\u00f6rderbedingungen<\/a><\/li><li><a rel=\"noreferrer noopener\" href=\"https:\/\/blogs.urz.uni-halle.de\/netzwerkgraduiertenfoerderung\/?page_id=66\" data-type=\"URL\" data-id=\"https:\/\/blogs.urz.uni-halle.de\/netzwerkgraduiertenfoerderung\/?page_id=66\" target=\"_blank\">Die Unterst\u00fctzung und Orientierung der Stipendiat:innen<\/a><\/li><\/ul>\n\n\n\n<p>Auf dieser Seite informieren wir dich \u00fcber die Graduiertenf\u00f6rderung, unser Netzwerk und unsere Arbeit sowie aktuelle Entwicklungen bez\u00fcglich der F\u00f6rdersituation.<\/p>\n\n\n\n<p>Du m\u00f6chtest dich vernetzen, hast Fragen oder Anregungen?<\/p>\n\n\n\n<p><a href=\"https:\/\/blogs.urz.uni-halle.de\/netzwerkgraduiertenfoerderung\/kontakt\/\" data-type=\"URL\" data-id=\"https:\/\/blogs.urz.uni-halle.de\/netzwerkgraduiertenfoerderung\/kontakt\/\" target=\"_blank\" rel=\"noreferrer noopener\">Kontaktier uns!<\/a><\/p>\n","protected":false},"excerpt":{"rendered":"<p>Willkommen auf der Homepage des Graf\u00f6-Netzwerks! Wir sind das Netzwerk der Stipendiat:innen der Landesgraduiertenf\u00f6rderung Sachsen-Anhalt. Als selbstorganisierte Interessenvertretung verfolgen wir drei wesentliche Ziele: Die Sichtbarkeit und Vernetzung der Stipendiat:innen der Landesgraduiertenf\u00f6rderung Sachsen-Anhalt Die Verbesserung der materiellen und immateriellen F\u00f6rderbedingungen Die Unterst\u00fctzung und Orientierung der Stipendiat:innen Auf dieser Seite informieren wir dich \u00fcber die Graduiertenf\u00f6rderung, unser [&hellip;]<\/p>\n","protected":false},"author":6141,"featured_media":0,"parent":0,"menu_order":0,"comment_status":"closed","ping_status":"closed","template":"","meta":[],"_links":{"self":[{"href":"https:\/\/blogs.urz.uni-halle.de\/netzwerkgraduiertenfoerderung\/wp-json\/wp\/v2\/pages\/79"}],"collection":[{"href":"https:\/\/blogs.urz.uni-halle.de\/netzwerkgraduiertenfoerderung\/wp-json\/wp\/v2\/pages"}],"about":[{"href":"https:\/\/blogs.urz.uni-halle.de\/netzwerkgraduiertenfoerderung\/wp-json\/wp\/v2\/types\/page"}],"author":[{"embeddable":true,"href":"https:\/\/blogs.urz.uni-halle.de\/netzwerkgraduiertenfoerderung\/wp-json\/wp\/v2\/users\/6141"}],"replies":[{"embeddable":true,"href":"https:\/\/blogs.urz.uni-halle.de\/netzwerkgraduiertenfoerderung\/wp-json\/wp\/v2\/comments?post=79"}],"version-history":[{"count":3,"href":"https:\/\/blogs.urz.uni-halle.de\/netzwerkgraduiertenfoerderung\/wp-json\/wp\/v2\/pages\/79\/revisions"}],"predecessor-version":[{"id":316,"href":"https:\/\/blogs.urz.uni-halle.de\/netzwerkgraduiertenfoerderung\/wp-json\/wp\/v2\/pages\/79\/revisions\/316"}],"wp:attachment":[{"href":"https:\/\/blogs.urz.uni-halle.de\/netzwerkgraduiertenfoerderung\/wp-json\/wp\/v2\/media?parent=79"}],"curies":[{"name":"wp","href":"https:\/\/api.w.org\/{rel}","templated":true}]}}