{"id":412,"date":"2025-06-26T12:08:52","date_gmt":"2025-06-26T10:08:52","guid":{"rendered":"https:\/\/blogs.urz.uni-halle.de\/nfdi4memory\/?page_id=412"},"modified":"2025-09-12T15:23:59","modified_gmt":"2025-09-12T13:23:59","slug":"workshop-neue-berechnungen-mit-alten-daten","status":"publish","type":"page","link":"https:\/\/blogs.urz.uni-halle.de\/nfdi4memory\/workshop-neue-berechnungen-mit-alten-daten\/","title":{"rendered":"Workshop: Wie politisch waren alte Frauen in den 60ern? Quantitative Analysen der Bonner L\u00e4ngsschnittstudie des Alterns (BOLSA) mit SPSS"},"content":{"rendered":"<p><strong>Workshopverantwortliche:<\/strong>\u00a0von Hodenberg, Christina; Moeller, Katrin (DHI London; Historisches Datenzentrum Sachsen-Anhalt der Martin-Luther-Universit\u00e4t Halle-Wittenberg (NFDI4 Memory)<br \/>\n\ud83d\udea9\u00a0<strong>Ort:<\/strong>\u00a0Historikertag 2025,\u00a0<a href=\"https:\/\/maps.app.goo.gl\/TLb63DT2V13aa9jE9\" target=\"_blank\" rel=\"noopener noreferrer\"><strong>Universit\u00e4t Bonn, Senatssaal\u00a0<\/strong><\/a>(Regina-Pacis-Weg 3, 53113 Bonn)<br \/>\n\ud83d\udcc6\u00a0<strong>Datum:<\/strong>\u00a018.09.2025<br \/>\n\u231a\u00a0<strong>Uhrzeit:<\/strong>\u00a010:30-12:10<\/p>\n<p>\ud83c\udfaf<strong>Zielgruppe:<\/strong>\u00a0Anf\u00e4nger:innen bis Medium mit Interesse an quantitativen Methoden und Frauengeschichte (Arbeiten mit SPSS)<br \/>\n\ud83d\udcbbF\u00fcr den praktischen Teil ben\u00f6tigen Sie einen Laptop und <strong>eine Testversion (oder Vollversion) von SPSS<\/strong>.<\/p>\n<p>Bitte beachten Sie, dass die Testversion nur ca. eine Woche lang nutzbar ist: <a href=\"https:\/\/www.ibm.com\/account\/reg\/de-de\/signup?formid=urx-19774\">https:\/\/www.ibm.com\/account\/reg\/de-de\/signup?formid=urx-19774<\/a><\/p>\n<p>\ud83c\udf0d<strong>Weitere Informationen: <\/strong>Bitte laden Sie sich die Daten f\u00fcr den Workshop vor Beginn auf Ihr Arbeitsger\u00e4t:<\/p>\n<p>Christina von Hodenberg und Pascal Siegers: Alte Frauen in der Bundesrepublik am Beispiel der BOLSA-Sozialdaten. Eine Korrespondenzanalyse nach Bourdieu: Datensatz und Syntax der Korrespondenzanalyse, Halle (Saale) 2025, DOI: <a href=\"https:\/\/dx.doi.org\/10.22000\/knk5g2pnmxmu1zff\">https:\/\/dx.doi.org\/10.22000\/knk5g2pnmxmu1zff<\/a>.<\/p>\n<p>Sie ben\u00f6tigen zum Arbeiten die SPSS-Datei hodenberg_siegers_bolsa_anonym_2022.sav, und die SPSS-Syntax DataExploration.sps. Hilfreich zum Einlesen in das Thema und zur Erl\u00e4uterung des Vorgehens und der Methode ist das bereits 2022 publizierte Paper der beiden Autoren:<\/p>\n<p>Christina von Hodenberg und Pascal Siegers: Alte Frauen in der Bundesrepublik am Beispiel der BOLSA-Sozialdaten. Eine Korrespondenzanalyse nach Bourdieu, in: Geschichte und Gesellschaft, Jg. 48, 2022, Seite 1-30<\/p>\n<h4>Beschreibung<\/h4>\n<p>Quantitative Methoden werden im Rahmen historischer Qualifizierung selten angeboten. Wissen \u00fcber statistische Verfahren und Daten sind heute aber wichtiger denn je, sind doch statistische Verfahren die Grundlage jedes Algorithmus, jeder KI-Anwendung sowie vieler digitalen Methoden. Daher m\u00f6chte der Workshop einen Crashkurs zur Anwendung ausgew\u00e4hlter statistischer Verfahren in der Geschichtswissenschaft bieten. Er soll \u00fcberdies mit dem Mythos aufr\u00e4umen, quantitative Analysen k\u00f6nnten keinen Aufschluss \u00fcber qualitative Beziehungen oder Fragestellungen bieten. Am Beispiel der Analyse von Daten zur Bonner L\u00e4ngsschnittstudie des Alterns und zur Frage der politischen Haltungen \u00e4lterer Frauen m\u00f6chten wir mit Ihnen auf ein Kapitel der Geschichtsforschung blicken, \u00fcber welches h\u00e4ufig eher in Stereotypen (\u201cTr\u00fcmmerfrauen\u201d, \u201cKriegerwitwen\u201d) als \u00fcber empirisches Wissen verhandelt wird. Die Reanalyse eines Bestandes aus einer fast zwanzigj\u00e4hrigen psychologischen Langzeitstudie soll Einblicke in dieses Kapitel weiblicher Geschichte geben und Barrieren der Nutzung quantitativer Methoden abbauen. Gearbeitet wird mit dem Programm SPSS.<\/p>\n","protected":false},"excerpt":{"rendered":"<p>Workshopverantwortliche:\u00a0von Hodenberg, Christina; Moeller, Katrin (DHI London; Historisches Datenzentrum Sachsen-Anhalt der Martin-Luther-Universit\u00e4t Halle-Wittenberg (NFDI4 Memory) \ud83d\udea9\u00a0Ort:\u00a0Historikertag 2025,\u00a0Universit\u00e4t Bonn, Senatssaal\u00a0(Regina-Pacis-Weg 3, 53113 Bonn) \ud83d\udcc6\u00a0Datum:\u00a018.09.2025 \u231a\u00a0Uhrzeit:\u00a010:30-12:10 \ud83c\udfafZielgruppe:\u00a0Anf\u00e4nger:innen bis Medium mit Interesse an quantitativen Methoden und Frauengeschichte (Arbeiten mit SPSS) \ud83d\udcbbF\u00fcr den praktischen Teil ben\u00f6tigen Sie einen Laptop und eine Testversion (oder Vollversion) von SPSS. Bitte beachten Sie, [&hellip;]<\/p>\n","protected":false},"author":48,"featured_media":0,"parent":0,"menu_order":0,"comment_status":"closed","ping_status":"closed","template":"","meta":[],"_links":{"self":[{"href":"https:\/\/blogs.urz.uni-halle.de\/nfdi4memory\/wp-json\/wp\/v2\/pages\/412"}],"collection":[{"href":"https:\/\/blogs.urz.uni-halle.de\/nfdi4memory\/wp-json\/wp\/v2\/pages"}],"about":[{"href":"https:\/\/blogs.urz.uni-halle.de\/nfdi4memory\/wp-json\/wp\/v2\/types\/page"}],"author":[{"embeddable":true,"href":"https:\/\/blogs.urz.uni-halle.de\/nfdi4memory\/wp-json\/wp\/v2\/users\/48"}],"replies":[{"embeddable":true,"href":"https:\/\/blogs.urz.uni-halle.de\/nfdi4memory\/wp-json\/wp\/v2\/comments?post=412"}],"version-history":[{"count":5,"href":"https:\/\/blogs.urz.uni-halle.de\/nfdi4memory\/wp-json\/wp\/v2\/pages\/412\/revisions"}],"predecessor-version":[{"id":432,"href":"https:\/\/blogs.urz.uni-halle.de\/nfdi4memory\/wp-json\/wp\/v2\/pages\/412\/revisions\/432"}],"wp:attachment":[{"href":"https:\/\/blogs.urz.uni-halle.de\/nfdi4memory\/wp-json\/wp\/v2\/media?parent=412"}],"curies":[{"name":"wp","href":"https:\/\/api.w.org\/{rel}","templated":true}]}}