{"id":57,"date":"2018-03-22T11:33:19","date_gmt":"2018-03-22T10:33:19","guid":{"rendered":"https:\/\/blogs.urz.uni-halle.de\/nfldraft2018\/?page_id=57"},"modified":"2018-03-27T23:14:25","modified_gmt":"2018-03-27T21:14:25","slug":"die-top-50-draft-prospects","status":"publish","type":"page","link":"https:\/\/blogs.urz.uni-halle.de\/nfldraft2018\/die-top-50-draft-prospects\/","title":{"rendered":"Die Top 20 Draft Prospects"},"content":{"rendered":"<p>Die folgende Liste der Top 20 Draft Prospects f\u00fcr den NFL Draft 2018 ist eine Abwandlung von Daniel Jeremiah&#8217;s Liste zum selbigen Thema. F\u00fcr weitere Infos kann diese gerne <a href=\"http:\/\/www.nfl.com\/news\/story\/0ap3000000919918\/article\/daniel-jeremiahs-top-50-prospects-for-2018-nfl-draft-20\">hier<\/a> eingesehen werden.<\/p>\n<h3>Nummer 1: Saquon Barkley, RB, Penn State<\/h3>\n<p>Barkley ist ein physischer Freak. Er kann alles, was von einem modernen Running Back erwartet wird. Dieser junge Spieler ist schlichtweg der Beste in diesem Draft und kann sehr fr\u00fch in seiner NFL-Karriere auf seiner Position die Nummer 1 werden.<\/p>\n<p>Denkbare Teams: Cleveland Browns, New York Giants, New York Jets<\/p>\n<h3>Nummer 2: Quenton Nelson, OG, Notre Dame<\/h3>\n<p>Nelson ist ein buchst\u00e4blicher Behemoth in der Offensive Line. Er ist riesig und gemein. Im Running Game packt er seinen Gegenspieler und l\u00e4sst ihn nicht los bis der Pfiff kommt. Gegen Power Rusher ist er im Passing Game ein regelrechter Anker. Nelson hat das Potential der beste Run-Blocker der NFL zu werden.<\/p>\n<p>Denkbare Teams: New York Giants, New York Jets, Denver Broncos<\/p>\n<h3>Nummer 3: Bradley Chubb, DE, N.C. State<\/h3>\n<p>Chubb hat die ideale Gr\u00f6\u00dfe, Kraft und Instinkte f\u00fcr die NFL. Er ist ein unfassbar guter Techniker mit schnellen H\u00e4nden, was ihn zum besten reinen Pass-Rusher im Draft macht. Tight Ends k\u00f6nnen ihn in der Regel gar nicht blocken. Er sollte sehr fr\u00fch ein Albtraum f\u00fcr Offensive Lines werden.<\/p>\n<p>Denkbare Teams: New York Jets, Denver Broncos, Indianapolis Colts<\/p>\n<h3>Nummer 4: Denzel Ward, CB, Ohio State<\/h3>\n<p>Ward hat vielleicht nicht die ideale Gr\u00f6\u00dfe eines NFL Cornerbacks, aber er ist sehr talentiert und liebt die Herausforderung. Er spielt gr\u00f6\u00dfer als seine H\u00f6he es denken l\u00e4sst. Ward ist schnell, tough und hat einen guten Instinkt f\u00fcr den Ball. Er f\u00fchlt sich sowohl in Off-, als auch in Press-Coverage wohl.<\/p>\n<p>Denkbare Teams: Cleveland Browns, Denver Broncos, Tampa Bay Bucaneers<\/p>\n<h3>Nummer 5: Tremaine Edmunds, LB, Virginia Tech<\/h3>\n<p>Edmunds ist ein einzigartiger Athlet und unfassbar schnell. Das Gruselige? Er ist er 19(!) Jahre alt. Edmunds spielt in der Regel als Inside Linebacker, kann den Quarterback aber auch als Edge Rusher unter Druck setzen. Er hat keine Probleme Tight Ends oder Running Backs zu covern. Edmunds hat das Talent ein All-Pro und einer der besten auf seiner Position zu werden.<\/p>\n<p>Denkbare Teams: San Francisco 49ers, Oakland Raiders, Miami Dolphins<\/p>\n<h3>Nummer 6: Minkah Fitzpatrick, S, Alabama<\/h3>\n<p>Fitzpatrick ist ein Playmaker und kann sehr variabel eingesetzt werden. Er ist nicht auf die Position des Safetys eingeschr\u00e4nkt, sondern kann auch als Corner- oder Nickelback eingesetzt werden. Er hat die Gr\u00f6\u00dfe und Geschwindigkeit jeden Offensive Spieler covern zu k\u00f6nnen. Bei Blitzes ist er ebenfalls sehr effektiv. Fitzpatrick ist eine Art gr\u00f6\u00dferer Tyrann Mathieu und wird jedem Offensive Coordinator Kopfschmerzen bereiten.<\/p>\n<p>Denkbare Teams: Cleveland Browns, Tampa Bay Bucaneers, Chicago Bears<\/p>\n<h3>Nummer 7: Sam Darnold, QB, USC<\/h3>\n<p>Darnold hat die Gr\u00f6\u00dfe, die bei NFL-Quarterbacks erw\u00fcnscht wird. Er hat schnelle F\u00fc\u00dfe und eine schnelle, explosive Wurfbewegung. Weiterhin analysiert er schnell die Situation seiner Passempf\u00e4nger und kann Pass-Rushern entkommen und f\u00fcr Exta Yards rennen. Sein gr\u00f6\u00dfter Problem ist das Fumblen des Footballs, woran er arbeiten muss.<\/p>\n<p>Denkbare Teams: Cleveland Browns, New York Giants, New York Jets<\/p>\n<h3>Nummer 8: Josh Rosen, QB, UCLA<\/h3>\n<p>Rosen hat die ideale Gr\u00f6\u00dfe und ist der beste reine Passer im Draft. Er hat einen schnellen Release und wirft eine wundersch\u00f6ne Ballkurve. Rosen kann jeden Wurf schaffen. Sobald er unter Druck kommt, leidet seine Genauigkeit stark. Weiterhin hat er Probleme Pass-Rushern zu entkommen. Von allen QBs im Draft kann er am ehesten sofort eingesetzt werden.<\/p>\n<p>Denkbare Teams: Cleveland Browns, New York Giants, New York Jets<\/p>\n<h3>Nummer 9: Derwin James, S, Florida State<\/h3>\n<p>James hat die perfekte Gr\u00f6\u00dfe und Geschwindigkeit eines NFL-Safetys. Er wird wahrscheinlich ein Box-Safety oder Weakside-Linebacker in der NFL werden. James hat keine Probleme Tight Ends oder Running Backs zu covern und ist ein effektiver Blitzer. Er ist ein guter Run-Supporter, muss aber noch an seiner Antizipation arbeiten.<\/p>\n<p>Denkbare Teams: Tampa Bay Bucaneers, Oakland Raiders, Buffalo Bills<\/p>\n<h3>Nummer 10: Vita Vea, DT, Washington<\/h3>\n<p>Vea ist riesig, stark und daf\u00fcr verdammt schnell. Er ist dominant gegen den Run und f\u00fcr einen 154 Kilo-Mann ein effektiver Pass-Rusher. Vea spielt ab und an zu aufrecht und wird dadurch kontrolliert, was verbessert werden muss. Er ist eine athletischere Version von Haloi Ngata und kann sehr fr\u00fch ein Pro Bowl-Spieler werden.<\/p>\n<p>Denkbare Teams: Miami Dolphins, Washington Redskins, Los Angeles Chargers<\/p>\n<h3>Nummer 11: Roquan Smith, LB, Georgia<\/h3>\n<p>Smith hat nicht die ideale Gr\u00f6\u00dfe f\u00fcr einen NFL-Linebacker, macht dies aber durch seine athletischen F\u00e4higkeiten wieder wett. Blocker schl\u00e4gt er durch seine Geschwindigkeit, sobald er aber im Block ist, kann er sich schlecht befreien. Er hat gute Instinkte und kann problemlos Tight Ends und Running Backs covern. Auch bei Blitzen ist er \u00e4u\u00dferst effektiv. Das was ihm an Gewicht und Gr\u00f6\u00dfe fehlt gleicht er durch seine Playmaking-Abilitys wieder aus.<\/p>\n<p>Denkbare Teams: Oakland Raiders, Miami Dolphins, Washington Redskins<\/p>\n<h3>Nummer 12: Marcus Davenport, DE, UTSA<\/h3>\n<p>Davenport ist ein explosiver Pass-Rusher mit idealer Gr\u00f6\u00dfe. Er hat einen sehr guten ersten Schritt, wodurch er die meisten Matchups gewinnt. Sobald er seine F\u00fc\u00dfe und H\u00e4nde optimal aufeinander abgestimmt hat, wird er sehr schwer zu blocken sein. Im Running-Game arbeitet er hat er gegen Tight Ends effektiv. Davenport ist ein ungeschliffener Diamant und kann mit etwas arbeit etwas Besonderes werden.<\/p>\n<p>Denkbare Teams: Chicago Bear, San Francisco 49ers, Green Bay Packers<\/p>\n<h3>Nummer 13: Baker Mayfield, QB, Oklahoma<\/h3>\n<p>Der aktuelle Heisman Trophie-Gewinner hat vielleicht nicht die ideale Gr\u00f6\u00dfe eines NFL-Quarterbacks, aber er spielt sehr genau. Sobald er Druck bekommt, kann er einen Spielzug durch seine Instinkte und seine Athletik verl\u00e4ngern. Mayfield&#8217;s gr\u00f6\u00dftes Problem hat wenig mit seiner Spielweise zu tun, sondern mit seinem Charakter. Es wird bef\u00fcrchtet, dass er der n\u00e4chste Johnny Manziel sein k\u00f6nnte und der Ruhm ihm zu Kopf steigt. Die andere M\u00f6glichkeit ist, dass er sein einmaliges Talent und seinen Siegeswillen nutzt. Sein Spielstil l\u00e4sst sich gut mit dem von Russell Wilson vergleichen.<\/p>\n<p>Denkbare Teams: New York Jets, Cleveland Browns, Miami Dolphins, Buffalo Bills<\/p>\n<h3>Nummer 14: Josh Allen, QB, Wyoming<\/h3>\n<p>Allen hat die ideale Gr\u00f6\u00dfe, Mobilit\u00e4t und Armst\u00e4rke f\u00fcr einen Quarterback. Er hat schnelle F\u00fc\u00dfe, einen schnellen Release und kann in sehr enge Fenster werfen. Allerdings neigt er dazu sich auf seinen 1. Key-Read zu versteifen, was zu Turnovers f\u00fchren kann. Seine Athletik l\u00e4sst nutzt er sehr gut bei geplanten L\u00e4ufen und Scrambles. Allen ist vielleicht noch kein fertiger Quarterback, aber hat sehr gute Grundlagen um in der NFL zu bestehen.<\/p>\n<p>Denkbare Teams: New York Jets, Cleveland Browns, Miami Dolphins, Buffalo Bills<\/p>\n<h3>Nummer 15: Da&#8217;Ron Payne , DT, Alabama<\/h3>\n<p>Payne ist ein starker Run-Verteidiger mit Pass-Rush-Potential. Er hat einen schnellen ersten Schritt und kann sehr gut gegen Blocker arbeiten. Weiterhin kann er sich gut gegen Double-Teams behaupten und hat eine riesige Reichweite. Beim Pass-Rush muss er einen Plan entwickeln und etwas kreativer werden. Zusammenfassend kann gesagt werden, dass er ein dominanter Run-Verteidiger werden kann. Er hat die Athletik ein gef\u00e4hrlicher Pass-Rusher zu werden.<\/p>\n<p>Denkbare Teams: Washington Redskins, Los Angeles Chargers, Dallas Cowboys<\/p>\n<h3>Nummer 16: Jaire Alexander , CB, Louisville<\/h3>\n<p>Alexander ist tough und spielt instinktiv. Er spielt eine ausgezeichnete Press-Coverage und klebt an seinen Gegenspieler. Er hat kleine Probleme bei Off-Coverage, kann diese aber durch seine Athletik ausgleichen. Seine Routen-Erkennung, Wurf-Antizipation und Aufmerksamkeit sind elit\u00e4r. Alexander unterst\u00fctzt sein Team bei Run-Plays und liefert ab und an gro\u00dfe Hits. Er ist insgesamt ein wirklich guter Cornerback.<\/p>\n<p>Denkbare Teams: Seattle Seahawks, Cincinnati Bengals, Carolina Panthers<\/p>\n<h3>Nummer 17: Derrius Guice, RB, LSU<\/h3>\n<p>Guice hat eine gute Kombination aus Geschwindigkeit und Kraft. Er rennt geduldig und hat ein niedriges Pat-Level. Auf kurzen Wegen ist er sehr flink, allerdings fehlt ihm insgesamt etwas Schnelligkeit. Er ist ein klassischer Inside-Runner. Guice kann gut in das Passspiel eingebunden werden, muss aber an seinem Blocking arbeiten. Er ist gut genug um ein Arbeitstier auf der professionellen Ebene zu werden.<\/p>\n<p>Denkbare Teams: Detroit Lions, Pittsburgh Steelers, Philadelphia Eagles<\/p>\n<h3>Nummer 18: Mike Hughes , CB, UCF<\/h3>\n<p>Hughes ist ein agiler Spieler und vielf\u00e4ltiger Cornerback. Er hat eine gute Gr\u00f6\u00dfe und gl\u00e4nzt bei Press-Coverage. Er spielt eine solide Off-Coverage und kann seine Geschwindigkeit gut nutzen. Weiterhin spielt er sehr aufmerksam. Er ist kein physischer Tackler, kann den Job aber erf\u00fcllen. Ein Problem ist, dass er Probleme au\u00dferhalb des Feldes hatte. Wen das nicht abschreckt bekommt mit Hughes einen Cornerback, der bereit ist in der NFL zu spielen.<\/p>\n<p>Denkbare Teams: Seattle Seahawks, Cincinnati Bengals, Carolina Panthers<\/p>\n<h3>Nummer 19: Rashaan Evans , LB, Alabama<\/h3>\n<p>Evans kann vielf\u00e4ltig eingesetzt werden und macht \u00fcberall Plays. Von Pass-Coverage bis zum Pass-Rush, kann er alles (mehr oder weniger). Er spielt in einer hohen Geschwindigkeit und hat die Kraft gegen Blocker zu arbeiten. Beim Tackling muss er an seinen Break Down arbeiten, weil er dadurch viele Tackles verschenkt. Evans kann einer Defense eine Identit\u00e4t geben. Seine Vielseitigkeit ist ein weiterer Pluspunkt.<\/p>\n<p>Denkbare Teams: Baltimore Ravens, Los Angeles Chargers, Cincinnati Bengals<\/p>\n<h3>Nummer 20: Ronald Jones II , RB, USC<\/h3>\n<p>Jones ist einer der explosivsten Spieler im Draft. Er kann sehr gut mit Jamaal Charles verglichen werden. Er rennt sehr aggressive und hat eine sehr gute Geschwindigkeit. Au\u00dferdem hat er ein gutes Gef\u00fchl f\u00fcr Cutback-Lanes. Jones hat eine gro\u00dfartige Kraft in den Beinen und einen gruseligen Stiff-Arm. Im Passspiel ist er sowohl als Blocker als auch als Receiver gut einsetzbar.<\/p>\n<p>Denkbare Teams: Detroit Lions, Pittsburgh Steelers, Philadelphia Eagles<\/p>\n","protected":false},"excerpt":{"rendered":"<p>Die folgende Liste der Top 20 Draft Prospects f\u00fcr den NFL Draft 2018 ist eine Abwandlung von Daniel Jeremiah&#8217;s Liste zum selbigen Thema. F\u00fcr weitere Infos kann diese gerne hier eingesehen werden. Nummer 1: Saquon Barkley, RB, Penn State Barkley &hellip; <a href=\"https:\/\/blogs.urz.uni-halle.de\/nfldraft2018\/die-top-50-draft-prospects\/\">Weiterlesen <span class=\"meta-nav\">&rarr;<\/span><\/a><\/p>\n","protected":false},"author":3308,"featured_media":0,"parent":0,"menu_order":0,"comment_status":"closed","ping_status":"closed","template":"","meta":[],"_links":{"self":[{"href":"https:\/\/blogs.urz.uni-halle.de\/nfldraft2018\/wp-json\/wp\/v2\/pages\/57"}],"collection":[{"href":"https:\/\/blogs.urz.uni-halle.de\/nfldraft2018\/wp-json\/wp\/v2\/pages"}],"about":[{"href":"https:\/\/blogs.urz.uni-halle.de\/nfldraft2018\/wp-json\/wp\/v2\/types\/page"}],"author":[{"embeddable":true,"href":"https:\/\/blogs.urz.uni-halle.de\/nfldraft2018\/wp-json\/wp\/v2\/users\/3308"}],"replies":[{"embeddable":true,"href":"https:\/\/blogs.urz.uni-halle.de\/nfldraft2018\/wp-json\/wp\/v2\/comments?post=57"}],"version-history":[{"count":10,"href":"https:\/\/blogs.urz.uni-halle.de\/nfldraft2018\/wp-json\/wp\/v2\/pages\/57\/revisions"}],"predecessor-version":[{"id":114,"href":"https:\/\/blogs.urz.uni-halle.de\/nfldraft2018\/wp-json\/wp\/v2\/pages\/57\/revisions\/114"}],"wp:attachment":[{"href":"https:\/\/blogs.urz.uni-halle.de\/nfldraft2018\/wp-json\/wp\/v2\/media?parent=57"}],"curies":[{"name":"wp","href":"https:\/\/api.w.org\/{rel}","templated":true}]}}