{"id":1013,"date":"2025-10-01T14:18:11","date_gmt":"2025-10-01T12:18:11","guid":{"rendered":"https:\/\/blogs.urz.uni-halle.de\/ortederromanistik\/?page_id=1013"},"modified":"2025-10-19T09:48:50","modified_gmt":"2025-10-19T07:48:50","slug":"werner-mulertt","status":"publish","type":"page","link":"https:\/\/blogs.urz.uni-halle.de\/ortederromanistik\/werner-mulertt\/","title":{"rendered":"Werner Mulertt"},"content":{"rendered":"\n<p>Mulertt (1899-1944) studierte \u00fcberwiegend in Halle bei <a href=\"https:\/\/blogs.urz.uni-halle.de\/ortederromanistik\/hermann-suchier\/\" target=\"_blank\" rel=\"noreferrer noopener\">Hermann Suchier<\/a> und <a rel=\"noreferrer noopener\" href=\"https:\/\/blogs.urz.uni-halle.de\/ortederromanistik\/carl-voretzsch\/\" target=\"_blank\">Carl Voretzsch <\/a>Romanistik. Vor und nach dem 1. Weltkrieg unternahm er mehrere l\u00e4ngere Reisen in romanische Sprachgebiete (nach Frankreich, Italien und die franz\u00f6sischsprachige Schweiz, sp\u00e4ter vor allem wiederholt nach Spanien und Portugal).<\/p>\n\n\n\n<p>1918 wurde er in Halle mit einer Arbeit zu den <em>Laissenverbindung und Laissenwiederholung in den Chansons de Geste<\/em> promoviert und habilitierte sich 1920 mit <em>Studien zu den letzten B\u00fcchern des Amadisromans<\/em>.<\/p>\n\n\n\n<p>1927 erfolgte ebenfalls in Halle die Ernennung zum au\u00dferordentlichen Professor. Nach Rufen nach Danzig (ao. Prof. 1928) und Innsbruck (o. Prof. 1930) kehrte er 1936 als Nachfolger seines Lehrers Carl Voretzsch als Professor nach Halle zur\u00fcck. In der Kriegszeit vertrat er Lehrst\u00fchle an den Universit\u00e4ten Wien (1939) und Berlin (1943). 1944 starb er im Alter von nur 54 Jahren.<\/p>\n\n\n\n<p>In seinen Ver\u00f6ffentlichungen trat er in erster Linie als Hispanist in Erscheinung.<\/p>\n\n\n\n<p>Er war Mitglied des Halleschen \u201eSpirituskreises\u201c.<\/p>\n\n\n\n<p>Sein Gro\u00dfvater m\u00fctterlicherseits war der Pferdeh\u00e4ndler Emil L\u00f6zius, der Gr\u00fcnder des Steintor-Variet\u00e9s, in dessen unmittelbarer N\u00e4he sich heute das Institut f\u00fcr Romanistik am Steintor-Campus befindet.<\/p>\n\n\n\n<p><strong>Quellen:<\/strong> UAHW, Rep. 11, PA 11777 (Mulertt); UAHW, Rep. 6, Nr. 1407; Schenk, G\u00fcnter, Meyer, Regina (2007): Biographische Studien \u00fcber die Mitglieder des Professorenzirkels \u201cSpirituskreis\u201d, Hallescher Verlag, Halle, S. 457-463).<\/p>\n","protected":false},"excerpt":{"rendered":"<p>Mulertt (1899-1944) studierte \u00fcberwiegend in Halle bei Hermann Suchier und Carl Voretzsch Romanistik. Vor und nach dem 1. Weltkrieg unternahm [&hellip;]<\/p>\n","protected":false},"author":6415,"featured_media":0,"parent":0,"menu_order":0,"comment_status":"closed","ping_status":"closed","template":"","meta":{"site-sidebar-layout":"default","site-content-layout":"","ast-site-content-layout":"","site-content-style":"default","site-sidebar-style":"default","ast-global-header-display":"","ast-banner-title-visibility":"","ast-main-header-display":"","ast-hfb-above-header-display":"","ast-hfb-below-header-display":"","ast-hfb-mobile-header-display":"","site-post-title":"","ast-breadcrumbs-content":"","ast-featured-img":"","footer-sml-layout":"","theme-transparent-header-meta":"","adv-header-id-meta":"","stick-header-meta":"","header-above-stick-meta":"","header-main-stick-meta":"","header-below-stick-meta":"","astra-migrate-meta-layouts":"default","ast-page-background-enabled":"default","ast-page-background-meta":{"desktop":{"background-color":"var(--ast-global-color-4)","background-image":"","background-repeat":"repeat","background-position":"center center","background-size":"auto","background-attachment":"scroll","background-type":"","background-media":"","overlay-type":"","overlay-color":"","overlay-opacity":"","overlay-gradient":""},"tablet":{"background-color":"","background-image":"","background-repeat":"repeat","background-position":"center center","background-size":"auto","background-attachment":"scroll","background-type":"","background-media":"","overlay-type":"","overlay-color":"","overlay-opacity":"","overlay-gradient":""},"mobile":{"background-color":"","background-image":"","background-repeat":"repeat","background-position":"center center","background-size":"auto","background-attachment":"scroll","background-type":"","background-media":"","overlay-type":"","overlay-color":"","overlay-opacity":"","overlay-gradient":""}},"ast-content-background-meta":{"desktop":{"background-color":"var(--ast-global-color-5)","background-image":"","background-repeat":"repeat","background-position":"center center","background-size":"auto","background-attachment":"scroll","background-type":"","background-media":"","overlay-type":"","overlay-color":"","overlay-opacity":"","overlay-gradient":""},"tablet":{"background-color":"var(--ast-global-color-5)","background-image":"","background-repeat":"repeat","background-position":"center center","background-size":"auto","background-attachment":"scroll","background-type":"","background-media":"","overlay-type":"","overlay-color":"","overlay-opacity":"","overlay-gradient":""},"mobile":{"background-color":"var(--ast-global-color-5)","background-image":"","background-repeat":"repeat","background-position":"center center","background-size":"auto","background-attachment":"scroll","background-type":"","background-media":"","overlay-type":"","overlay-color":"","overlay-opacity":"","overlay-gradient":""}}},"_links":{"self":[{"href":"https:\/\/blogs.urz.uni-halle.de\/ortederromanistik\/wp-json\/wp\/v2\/pages\/1013"}],"collection":[{"href":"https:\/\/blogs.urz.uni-halle.de\/ortederromanistik\/wp-json\/wp\/v2\/pages"}],"about":[{"href":"https:\/\/blogs.urz.uni-halle.de\/ortederromanistik\/wp-json\/wp\/v2\/types\/page"}],"author":[{"embeddable":true,"href":"https:\/\/blogs.urz.uni-halle.de\/ortederromanistik\/wp-json\/wp\/v2\/users\/6415"}],"replies":[{"embeddable":true,"href":"https:\/\/blogs.urz.uni-halle.de\/ortederromanistik\/wp-json\/wp\/v2\/comments?post=1013"}],"version-history":[{"count":7,"href":"https:\/\/blogs.urz.uni-halle.de\/ortederromanistik\/wp-json\/wp\/v2\/pages\/1013\/revisions"}],"predecessor-version":[{"id":1132,"href":"https:\/\/blogs.urz.uni-halle.de\/ortederromanistik\/wp-json\/wp\/v2\/pages\/1013\/revisions\/1132"}],"wp:attachment":[{"href":"https:\/\/blogs.urz.uni-halle.de\/ortederromanistik\/wp-json\/wp\/v2\/media?parent=1013"}],"curies":[{"name":"wp","href":"https:\/\/api.w.org\/{rel}","templated":true}]}}