{"id":11,"date":"2025-05-19T11:26:48","date_gmt":"2025-05-19T09:26:48","guid":{"rendered":"https:\/\/blogs.urz.uni-halle.de\/ortederromanistik\/?page_id=11"},"modified":"2025-10-28T08:41:46","modified_gmt":"2025-10-28T07:41:46","slug":"150-jahre-institut-fuer-romanistik","status":"publish","type":"page","link":"https:\/\/blogs.urz.uni-halle.de\/ortederromanistik\/","title":{"rendered":"150 Jahre Institut f\u00fcr Romanistik"},"content":{"rendered":"\n<div class=\"wp-block-image\"><figure class=\"aligncenter size-large\"><img loading=\"lazy\" width=\"1024\" height=\"782\" src=\"https:\/\/blogs.urz.uni-halle.de\/ortederromanistik\/files\/2025\/05\/LuWu-1-scaled-e1747648043796-1024x782.jpg\" alt=\"\" class=\"wp-image-43\" srcset=\"https:\/\/blogs.urz.uni-halle.de\/ortederromanistik\/files\/2025\/05\/LuWu-1-scaled-e1747648043796-1024x782.jpg 1024w, https:\/\/blogs.urz.uni-halle.de\/ortederromanistik\/files\/2025\/05\/LuWu-1-scaled-e1747648043796-300x229.jpg 300w, https:\/\/blogs.urz.uni-halle.de\/ortederromanistik\/files\/2025\/05\/LuWu-1-scaled-e1747648043796-768x586.jpg 768w, https:\/\/blogs.urz.uni-halle.de\/ortederromanistik\/files\/2025\/05\/LuWu-1-scaled-e1747648043796-1536x1173.jpg 1536w, https:\/\/blogs.urz.uni-halle.de\/ortederromanistik\/files\/2025\/05\/LuWu-1-scaled-e1747648043796.jpg 1785w\" sizes=\"(max-width: 1024px) 100vw, 1024px\" \/><figcaption>Die Ludwig Wucherer-Stra\u00dfe 2: aktueller Standort des Instituts f\u00fcr Romanistik, \u00a9 Susanne Sch\u00fctz<\/figcaption><\/figure><\/div>\n\n\n\n<p>Die Romanistik geh\u00f6rt zu den \u00e4ltesten F\u00e4chern der Universit\u00e4t in Halle&nbsp;und ist heute ein fest etabliertes universit\u00e4res Fach mit den&nbsp;Schwerpunkten Frankoromanistik, Hispanistik und Italianistik.<\/p>\n\n\n\n<p>Was im 17. und 18. Jahrhundert mit dem Unterricht durch franz\u00f6sische und italienische \u201eSprachmeister\u201c begann, erhielt 1875 durch die Gr\u00fcndung des Romanischen Seminars einen festen Platz an der Halleschen Universit\u00e4t. Mit dieser Institutionalisierung nahm sie im 19. Jahrhundert eine Vorreiterrolle in ganz Deutschland ein.<\/p>\n\n\n\n<p>Das Institut f\u00fcr Romanistik zeichnet sich durch ein breites Angebot vor allem in den drei Sprachen Franz\u00f6sisch, Italienisch und Spanisch aus. Die traditionell etablierte Forschung und Lehre in Literatur- und Sprachwissenschaft wird durch eine starke Verankerung von Kulturwissenschaft sowie Fachdidaktik erg\u00e4nzt. Heute stehen sowohl die europ\u00e4ischen Kulturr\u00e4ume in Frankreich, Italien, Spanien als auch Lateinamerika, Afrika und die Karibik im Fokus. Aber auch andere romanische Sprachgebiete wie Katalanisch, Friaulisch, Korsisch, Galizisch und die romanisch basierten Kreolsprachen sind Teil der wissenschaftlichen Auseinandersetzung.<\/p>\n\n\n\n<p>Weitere Informationen \u00fcber die hallesche Romanistik finden Sie auf der <a rel=\"noreferrer noopener\" href=\"https:\/\/www.romanistik.uni-halle.de\/\" target=\"_blank\">Website des Instituts.<\/a><\/p>\n\n\n\n<p>Diese Seite ist im Rahmen des 150. Jubil\u00e4ums der Institutsgr\u00fcndung im Sommersemester 2025 entstanden und hatte ihren Ausgangspunkt in mehreren Veranstaltungen zu den Orten der Romanistik. Daher stehen die Geb\u00e4ude, in denen das Institut im Wandel der Zeiten untergebracht war, besonders im Fokus und fungieren als \u201earchitektonische Zeitzeugen\u201c, die Stadt- und Wissenschaftsgeschichte verbinden. &nbsp;<\/p>\n","protected":false},"excerpt":{"rendered":"<p>Die Romanistik geh\u00f6rt zu den \u00e4ltesten F\u00e4chern der Universit\u00e4t in Halle&nbsp;und ist heute ein fest etabliertes universit\u00e4res Fach mit den&nbsp;Schwerpunkten [&hellip;]<\/p>\n","protected":false},"author":5479,"featured_media":0,"parent":0,"menu_order":0,"comment_status":"closed","ping_status":"closed","template":"","meta":{"site-sidebar-layout":"default","site-content-layout":"","ast-site-content-layout":"","site-content-style":"default","site-sidebar-style":"default","ast-global-header-display":"","ast-banner-title-visibility":"","ast-main-header-display":"","ast-hfb-above-header-display":"","ast-hfb-below-header-display":"","ast-hfb-mobile-header-display":"","site-post-title":"","ast-breadcrumbs-content":"","ast-featured-img":"","footer-sml-layout":"","theme-transparent-header-meta":"","adv-header-id-meta":"","stick-header-meta":"","header-above-stick-meta":"","header-main-stick-meta":"","header-below-stick-meta":"","astra-migrate-meta-layouts":"default","ast-page-background-enabled":"default","ast-page-background-meta":{"desktop":{"background-color":"var(--ast-global-color-4)","background-image":"","background-repeat":"repeat","background-position":"center center","background-size":"auto","background-attachment":"scroll","background-type":"","background-media":"","overlay-type":"","overlay-color":"","overlay-opacity":"","overlay-gradient":""},"tablet":{"background-color":"","background-image":"","background-repeat":"repeat","background-position":"center center","background-size":"auto","background-attachment":"scroll","background-type":"","background-media":"","overlay-type":"","overlay-color":"","overlay-opacity":"","overlay-gradient":""},"mobile":{"background-color":"","background-image":"","background-repeat":"repeat","background-position":"center center","background-size":"auto","background-attachment":"scroll","background-type":"","background-media":"","overlay-type":"","overlay-color":"","overlay-opacity":"","overlay-gradient":""}},"ast-content-background-meta":{"desktop":{"background-color":"var(--ast-global-color-5)","background-image":"","background-repeat":"repeat","background-position":"center center","background-size":"auto","background-attachment":"scroll","background-type":"","background-media":"","overlay-type":"","overlay-color":"","overlay-opacity":"","overlay-gradient":""},"tablet":{"background-color":"var(--ast-global-color-5)","background-image":"","background-repeat":"repeat","background-position":"center center","background-size":"auto","background-attachment":"scroll","background-type":"","background-media":"","overlay-type":"","overlay-color":"","overlay-opacity":"","overlay-gradient":""},"mobile":{"background-color":"var(--ast-global-color-5)","background-image":"","background-repeat":"repeat","background-position":"center center","background-size":"auto","background-attachment":"scroll","background-type":"","background-media":"","overlay-type":"","overlay-color":"","overlay-opacity":"","overlay-gradient":""}}},"_links":{"self":[{"href":"https:\/\/blogs.urz.uni-halle.de\/ortederromanistik\/wp-json\/wp\/v2\/pages\/11"}],"collection":[{"href":"https:\/\/blogs.urz.uni-halle.de\/ortederromanistik\/wp-json\/wp\/v2\/pages"}],"about":[{"href":"https:\/\/blogs.urz.uni-halle.de\/ortederromanistik\/wp-json\/wp\/v2\/types\/page"}],"author":[{"embeddable":true,"href":"https:\/\/blogs.urz.uni-halle.de\/ortederromanistik\/wp-json\/wp\/v2\/users\/5479"}],"replies":[{"embeddable":true,"href":"https:\/\/blogs.urz.uni-halle.de\/ortederromanistik\/wp-json\/wp\/v2\/comments?post=11"}],"version-history":[{"count":10,"href":"https:\/\/blogs.urz.uni-halle.de\/ortederromanistik\/wp-json\/wp\/v2\/pages\/11\/revisions"}],"predecessor-version":[{"id":1175,"href":"https:\/\/blogs.urz.uni-halle.de\/ortederromanistik\/wp-json\/wp\/v2\/pages\/11\/revisions\/1175"}],"wp:attachment":[{"href":"https:\/\/blogs.urz.uni-halle.de\/ortederromanistik\/wp-json\/wp\/v2\/media?parent=11"}],"curies":[{"name":"wp","href":"https:\/\/api.w.org\/{rel}","templated":true}]}}