{"id":154,"date":"2025-06-10T14:37:12","date_gmt":"2025-06-10T12:37:12","guid":{"rendered":"https:\/\/blogs.urz.uni-halle.de\/ortederromanistik\/?page_id=154"},"modified":"2025-11-03T09:48:18","modified_gmt":"2025-11-03T08:48:18","slug":"personenregister","status":"publish","type":"page","link":"https:\/\/blogs.urz.uni-halle.de\/ortederromanistik\/personenregister\/","title":{"rendered":"Professoren und Professorinnen"},"content":{"rendered":"\n<p><\/p>\n\n\n\n<p>Die ordentlichen Professoren und Professorinnen waren, beginnend mit dem ersten Professor f\u00fcr Romanistik in Deutschland, Ludwig Gottfried Blanc, die zentralen Personen f\u00fcr die Entwicklung des Fachgebietes und sp\u00e4ter der Institute. Zun\u00e4chst gab es nur den Ordinarius, der das Fach \u201ein seiner ganzen Breite\u201c vertreten sollte, daneben Privatdozenten oder Lektoren, die zuweilen auch den Professorentitel f\u00fchrten. F\u00fcr das Studienangebot und auch die Sprachenwahl blieben aber meist fachlichen Schwerpunkte des Ordinarius in seiner Amtszeit entscheidend.<\/p>\n\n\n\n<p>Im Rahmen des Projekts wurden zun\u00e4chst nur die ordentlichen Professoren und Professorinnen aufgenommen, die f\u00fcr eine l\u00e4ngere Zeit bzw. bis zu ihrem Ruhestand in Halle t\u00e4tig waren. F\u00fcr alle weiteren Informationen verweisen wir auf die Seite des <a rel=\"noreferrer noopener\" href=\"https:\/\/www.romanistik.uni-halle.de\/professorenmitarbeiter\/\" target=\"_blank\">Instituts f\u00fcr Romanistik<\/a>. <\/p>\n\n\n\n<p>In der Reihenfolge ihrer Berufung sind das:<\/p>\n\n\n\n<p><a href=\"https:\/\/blogs.urz.uni-halle.de\/ortederromanistik\/ludwig-gottfried-blanc\/\" target=\"_blank\" rel=\"noreferrer noopener\">Ludwig Gottfried Blanc <\/a><\/p>\n\n\n\n<p><a href=\"https:\/\/blogs.urz.uni-halle.de\/ortederromanistik\/carl-eduard-boehmer\/\" target=\"_blank\" rel=\"noreferrer noopener\">Carl Eduard B\u00f6hmer<\/a><\/p>\n\n\n\n<p><a href=\"https:\/\/blogs.urz.uni-halle.de\/ortederromanistik\/hugo-schuchardt\/\" target=\"_blank\" rel=\"noreferrer noopener\">Hugo Schuchardt<\/a><\/p>\n\n\n\n<p><a href=\"https:\/\/blogs.urz.uni-halle.de\/ortederromanistik\/hermann-suchier\/\" target=\"_blank\" rel=\"noreferrer noopener\">Herrmann Suchier<\/a><\/p>\n\n\n\n<p><a href=\"https:\/\/blogs.urz.uni-halle.de\/ortederromanistik\/carl-voretzsch\/\" target=\"_blank\" rel=\"noreferrer noopener\">Carl Voretzsch<\/a><\/p>\n\n\n\n<p><a href=\"https:\/\/blogs.urz.uni-halle.de\/ortederromanistik\/werner-mulertt\/\" target=\"_blank\" rel=\"noreferrer noopener\">Werner Mulertt<\/a><\/p>\n\n\n\n<p><a href=\"https:\/\/blogs.urz.uni-halle.de\/ortederromanistik\/viktor-klemperer\/\" target=\"_blank\" rel=\"noreferrer noopener\">Victor Klemperer <\/a><\/p>\n\n\n\n<p><a href=\"https:\/\/blogs.urz.uni-halle.de\/ortederromanistik\/ulrich-ricken\/\" target=\"_blank\" rel=\"noreferrer noopener\">Ulrich Ricken<\/a><\/p>\n\n\n\n<p><a href=\"https:\/\/blogs.urz.uni-halle.de\/ortederromanistik\/rudolf-noack\/\" target=\"_blank\" rel=\"noreferrer noopener\">Rudolf Noack<\/a><\/p>\n\n\n\n<p><a href=\"https:\/\/blogs.urz.uni-halle.de\/ortederromanistik\/heinz-thoma\/\" target=\"_blank\" rel=\"noreferrer noopener\">Heinz Thoma<\/a><\/p>\n\n\n\n<p><a href=\"https:\/\/blogs.urz.uni-halle.de\/ortederromanistik\/thomas-bremer\/\" target=\"_blank\" rel=\"noreferrer noopener\">Thomas Bremer<\/a><\/p>\n\n\n\n<p><a href=\"https:\/\/blogs.urz.uni-halle.de\/ortederromanistik\/edeltraud-werner\/\" target=\"_blank\" rel=\"noreferrer noopener\">Edeltraud Werner<\/a><\/p>\n\n\n\n<p><a href=\"https:\/\/blogs.urz.uni-halle.de\/ortederromanistik\/ralph-ludwig\/\" target=\"_blank\" rel=\"noreferrer noopener\">Ralph Ludwig <\/a><\/p>\n\n\n\n<p><a href=\"https:\/\/blogs.urz.uni-halle.de\/ortederromanistik\/dorothee-roeseberg\/\" target=\"_blank\" rel=\"noreferrer noopener\">Dorothee R\u00f6seberg<\/a><\/p>\n\n\n\n<p><a href=\"https:\/\/blogs.urz.uni-halle.de\/ortederromanistik\/eynar-leupold\/\" target=\"_blank\" rel=\"noreferrer noopener\">Eynar Leupold<\/a><\/p>\n\n\n\n<p><a href=\"https:\/\/blogs.urz.uni-halle.de\/ortederromanistik\/eva-leitzke-ungerer\/\" target=\"_blank\" rel=\"noreferrer noopener\">Eva Leitzke-Ungerer<\/a><\/p>\n","protected":false},"excerpt":{"rendered":"<p>Die ordentlichen Professoren und Professorinnen waren, beginnend mit dem ersten Professor f\u00fcr Romanistik in Deutschland, Ludwig Gottfried Blanc, die zentralen [&hellip;]<\/p>\n","protected":false},"author":5479,"featured_media":0,"parent":0,"menu_order":0,"comment_status":"closed","ping_status":"closed","template":"","meta":{"site-sidebar-layout":"default","site-content-layout":"","ast-site-content-layout":"","site-content-style":"default","site-sidebar-style":"default","ast-global-header-display":"","ast-banner-title-visibility":"","ast-main-header-display":"","ast-hfb-above-header-display":"","ast-hfb-below-header-display":"","ast-hfb-mobile-header-display":"","site-post-title":"","ast-breadcrumbs-content":"","ast-featured-img":"","footer-sml-layout":"","theme-transparent-header-meta":"","adv-header-id-meta":"","stick-header-meta":"","header-above-stick-meta":"","header-main-stick-meta":"","header-below-stick-meta":"","astra-migrate-meta-layouts":"default","ast-page-background-enabled":"default","ast-page-background-meta":{"desktop":{"background-color":"var(--ast-global-color-4)","background-image":"","background-repeat":"repeat","background-position":"center center","background-size":"auto","background-attachment":"scroll","background-type":"","background-media":"","overlay-type":"","overlay-color":"","overlay-opacity":"","overlay-gradient":""},"tablet":{"background-color":"","background-image":"","background-repeat":"repeat","background-position":"center center","background-size":"auto","background-attachment":"scroll","background-type":"","background-media":"","overlay-type":"","overlay-color":"","overlay-opacity":"","overlay-gradient":""},"mobile":{"background-color":"","background-image":"","background-repeat":"repeat","background-position":"center center","background-size":"auto","background-attachment":"scroll","background-type":"","background-media":"","overlay-type":"","overlay-color":"","overlay-opacity":"","overlay-gradient":""}},"ast-content-background-meta":{"desktop":{"background-color":"var(--ast-global-color-5)","background-image":"","background-repeat":"repeat","background-position":"center center","background-size":"auto","background-attachment":"scroll","background-type":"","background-media":"","overlay-type":"","overlay-color":"","overlay-opacity":"","overlay-gradient":""},"tablet":{"background-color":"var(--ast-global-color-5)","background-image":"","background-repeat":"repeat","background-position":"center center","background-size":"auto","background-attachment":"scroll","background-type":"","background-media":"","overlay-type":"","overlay-color":"","overlay-opacity":"","overlay-gradient":""},"mobile":{"background-color":"var(--ast-global-color-5)","background-image":"","background-repeat":"repeat","background-position":"center center","background-size":"auto","background-attachment":"scroll","background-type":"","background-media":"","overlay-type":"","overlay-color":"","overlay-opacity":"","overlay-gradient":""}}},"_links":{"self":[{"href":"https:\/\/blogs.urz.uni-halle.de\/ortederromanistik\/wp-json\/wp\/v2\/pages\/154"}],"collection":[{"href":"https:\/\/blogs.urz.uni-halle.de\/ortederromanistik\/wp-json\/wp\/v2\/pages"}],"about":[{"href":"https:\/\/blogs.urz.uni-halle.de\/ortederromanistik\/wp-json\/wp\/v2\/types\/page"}],"author":[{"embeddable":true,"href":"https:\/\/blogs.urz.uni-halle.de\/ortederromanistik\/wp-json\/wp\/v2\/users\/5479"}],"replies":[{"embeddable":true,"href":"https:\/\/blogs.urz.uni-halle.de\/ortederromanistik\/wp-json\/wp\/v2\/comments?post=154"}],"version-history":[{"count":10,"href":"https:\/\/blogs.urz.uni-halle.de\/ortederromanistik\/wp-json\/wp\/v2\/pages\/154\/revisions"}],"predecessor-version":[{"id":1181,"href":"https:\/\/blogs.urz.uni-halle.de\/ortederromanistik\/wp-json\/wp\/v2\/pages\/154\/revisions\/1181"}],"wp:attachment":[{"href":"https:\/\/blogs.urz.uni-halle.de\/ortederromanistik\/wp-json\/wp\/v2\/media?parent=154"}],"curies":[{"name":"wp","href":"https:\/\/api.w.org\/{rel}","templated":true}]}}