{"id":200,"date":"2025-07-15T10:26:32","date_gmt":"2025-07-15T08:26:32","guid":{"rendered":"https:\/\/blogs.urz.uni-halle.de\/ortederromanistik\/?page_id=200"},"modified":"2025-10-16T15:47:21","modified_gmt":"2025-10-16T13:47:21","slug":"ludwig-gottfried-blanc","status":"publish","type":"page","link":"https:\/\/blogs.urz.uni-halle.de\/ortederromanistik\/ludwig-gottfried-blanc\/","title":{"rendered":"Ludwig Gottfried Blanc"},"content":{"rendered":"\n<div class=\"wp-block-image\"><figure class=\"alignleft size-large is-resized\"><img loading=\"lazy\" src=\"https:\/\/blogs.urz.uni-halle.de\/ortederromanistik\/files\/2025\/07\/Ludwig-Gottfried-Blanc.png\" alt=\"\" class=\"wp-image-221\" width=\"200\" height=\"248\" \/><figcaption>Ludwig Gottfried Blanc, um 1860 (UAHW Rep. 40\/I, Bl. 6)<\/figcaption><\/figure><\/div>\n\n\n\n<p>Blanc (1781-1866), Sohn eines Berliner Tanzlehrers, besuchte das franz\u00f6sische Gymnasium in Berlin, danach das angeschlossene Predigerseminar. Nach kurzer Zeit als Lehrer an seiner ehemaligen Schule berief man ihn 1806 zum Nachfolger Chodowieckis als zweiter Prediger der franz\u00f6sisch-reformierten Gemeinde in Halle. Auf sein Betreiben hin wurde die Gemeinde 1809 mit der deutschen reformierten Domgemeinde vereinigt, damit wurde er Dritter Prediger am Halleschen Dom. 1838 stieg er zum Zweiten Domprediger auf und war in dieser Eigenschaft auch Kurator des v. Jenaischen Fr\u00e4uleinstifts. 1860 lie\u00df er sich als Domprediger emeritieren.<\/p>\n\n\n\n<p>Unter der Napoleonischen Besetzung machte er keinen Hehl aus seiner preu\u00dfischen Gesinnung. Er schloss sich einem \u201epatriotischen Schie\u00dfklub\u201c an und half seinen Mitb\u00fcrgern mit seinen Sprachkenntnissen gegen\u00fcber der Verwaltung des K\u00f6nigreiches Westphalen. 1811 wurde er als Verschw\u00f6rer von den Franzosen inhaftiert. Nach seiner Befreiung 1813 nahm er als Feldprediger in der Bl\u00fccher\u2018schen Armee und im Gefolge des Generals Yorck an Feldz\u00fcgen gegen Napoleon teil.<\/p>\n\n\n\n<p>Bereits bei seiner Ankunft in Halle hatte sich Blanc an der Universit\u00e4t um Anstellung als Lektor des Franz\u00f6sischen bem\u00fcht, allerdings ohne Erfolg. In der Folgezeit erteilte er in Halle privat franz\u00f6sischen und italienischen Sprachunterricht und hielt Privatvorlesungen zur Literatur und Kultur, womit er sich in der Stadt und an der Universit\u00e4t einen Namen machte.<\/p>\n\n\n\n<p>1821 von der Universit\u00e4t zur Bewerbung aufgefordert, war seinem Bewerbungsschreiben um eine \u201eProfessur der s\u00fcdlich romanischen Sprachen\u201c Erfolg beschieden. Er wird 1822 auf eine au\u00dferordentliche Professur \u201eder s\u00fcdlich europ\u00e4ischen Sprachen\u201c berufen. 1833 erfolgte die Bef\u00f6rderung zum ordentlichen Professor f\u00fcr das Fach der \u201eromanischen Sprachen und ihrer Literatur\u201c. Mit dieser ersten Professur ist Halle eine Wiege der Institutionalisierung der Romanistik an deutschen Universit\u00e4ten. <a href=\"#_ftn1\">[1]<\/a><\/p>\n\n\n\n<p>Blanc war ein au\u00dferordentlich beliebter und guter Lehrender, er hatte gro\u00dfen Zulauf von Studenten und wurde f\u00fcr seine lebendige Vortragsweise gelobt. Seiner Zeit voraus war er durch die Besch\u00e4ftigung mit zeitgen\u00f6ssischen Autoren in der Lehre.<\/p>\n\n\n\n<p>Sein besonderes Interesse galt dem Italienischen, insbesondere Dantes <em>G\u00f6ttlicher Kom\u00f6die<\/em>, deren eigene \u00dcbersetzung ins Deutsche 1864 erschien. Sein 1851 publiziertes \u201eVocabulario Dantesco\u201c wurde auch in Italien herausgegeben, Gemeinsam mit Carl Witte und Carl Eduard Boehmer war er zudem Mitbegr\u00fcnder der Deutschen Dante-Gesellschaft.<a href=\"#_ftn2\">[2]<\/a><\/p>\n\n\n\n<p>Blancs Korrespondenz und zahlreiche weitere Dokumente belegen, dass seine Selbstsicht nicht die eines hugenottischen Franzosen, sondern die eines preu\u00dfischen Universit\u00e4tsprofessors war. <\/p>\n\n\n\n<hr class=\"wp-block-separator\" \/>\n\n\n\n<p><a href=\"#_ftnref1\">[1]<\/a> UAHW, Rep. 3, Nr. 321 und Rep 21, Nr. 438<\/p>\n\n\n\n<p><a href=\"#_ftnref2\">[2]<\/a> Lieber 1994, Voretzsch 1905, Witte 1869<\/p>\n","protected":false},"excerpt":{"rendered":"<p>Blanc (1781-1866), Sohn eines Berliner Tanzlehrers, besuchte das franz\u00f6sische Gymnasium in Berlin, danach das angeschlossene Predigerseminar. Nach kurzer Zeit als [&hellip;]<\/p>\n","protected":false},"author":5479,"featured_media":0,"parent":0,"menu_order":0,"comment_status":"closed","ping_status":"closed","template":"","meta":{"site-sidebar-layout":"default","site-content-layout":"","ast-site-content-layout":"","site-content-style":"default","site-sidebar-style":"default","ast-global-header-display":"","ast-banner-title-visibility":"","ast-main-header-display":"","ast-hfb-above-header-display":"","ast-hfb-below-header-display":"","ast-hfb-mobile-header-display":"","site-post-title":"","ast-breadcrumbs-content":"","ast-featured-img":"","footer-sml-layout":"","theme-transparent-header-meta":"","adv-header-id-meta":"","stick-header-meta":"","header-above-stick-meta":"","header-main-stick-meta":"","header-below-stick-meta":"","astra-migrate-meta-layouts":"default","ast-page-background-enabled":"default","ast-page-background-meta":{"desktop":{"background-color":"var(--ast-global-color-4)","background-image":"","background-repeat":"repeat","background-position":"center center","background-size":"auto","background-attachment":"scroll","background-type":"","background-media":"","overlay-type":"","overlay-color":"","overlay-opacity":"","overlay-gradient":""},"tablet":{"background-color":"","background-image":"","background-repeat":"repeat","background-position":"center center","background-size":"auto","background-attachment":"scroll","background-type":"","background-media":"","overlay-type":"","overlay-color":"","overlay-opacity":"","overlay-gradient":""},"mobile":{"background-color":"","background-image":"","background-repeat":"repeat","background-position":"center center","background-size":"auto","background-attachment":"scroll","background-type":"","background-media":"","overlay-type":"","overlay-color":"","overlay-opacity":"","overlay-gradient":""}},"ast-content-background-meta":{"desktop":{"background-color":"var(--ast-global-color-5)","background-image":"","background-repeat":"repeat","background-position":"center center","background-size":"auto","background-attachment":"scroll","background-type":"","background-media":"","overlay-type":"","overlay-color":"","overlay-opacity":"","overlay-gradient":""},"tablet":{"background-color":"var(--ast-global-color-5)","background-image":"","background-repeat":"repeat","background-position":"center center","background-size":"auto","background-attachment":"scroll","background-type":"","background-media":"","overlay-type":"","overlay-color":"","overlay-opacity":"","overlay-gradient":""},"mobile":{"background-color":"var(--ast-global-color-5)","background-image":"","background-repeat":"repeat","background-position":"center center","background-size":"auto","background-attachment":"scroll","background-type":"","background-media":"","overlay-type":"","overlay-color":"","overlay-opacity":"","overlay-gradient":""}}},"_links":{"self":[{"href":"https:\/\/blogs.urz.uni-halle.de\/ortederromanistik\/wp-json\/wp\/v2\/pages\/200"}],"collection":[{"href":"https:\/\/blogs.urz.uni-halle.de\/ortederromanistik\/wp-json\/wp\/v2\/pages"}],"about":[{"href":"https:\/\/blogs.urz.uni-halle.de\/ortederromanistik\/wp-json\/wp\/v2\/types\/page"}],"author":[{"embeddable":true,"href":"https:\/\/blogs.urz.uni-halle.de\/ortederromanistik\/wp-json\/wp\/v2\/users\/5479"}],"replies":[{"embeddable":true,"href":"https:\/\/blogs.urz.uni-halle.de\/ortederromanistik\/wp-json\/wp\/v2\/comments?post=200"}],"version-history":[{"count":7,"href":"https:\/\/blogs.urz.uni-halle.de\/ortederromanistik\/wp-json\/wp\/v2\/pages\/200\/revisions"}],"predecessor-version":[{"id":1073,"href":"https:\/\/blogs.urz.uni-halle.de\/ortederromanistik\/wp-json\/wp\/v2\/pages\/200\/revisions\/1073"}],"wp:attachment":[{"href":"https:\/\/blogs.urz.uni-halle.de\/ortederromanistik\/wp-json\/wp\/v2\/media?parent=200"}],"curies":[{"name":"wp","href":"https:\/\/api.w.org\/{rel}","templated":true}]}}