{"id":487,"date":"2025-07-18T09:48:02","date_gmt":"2025-07-18T07:48:02","guid":{"rendered":"https:\/\/blogs.urz.uni-halle.de\/ortederromanistik\/?page_id=487"},"modified":"2025-10-16T16:02:42","modified_gmt":"2025-10-16T14:02:42","slug":"hugo-schuchardt","status":"publish","type":"page","link":"https:\/\/blogs.urz.uni-halle.de\/ortederromanistik\/hugo-schuchardt\/","title":{"rendered":"Hugo Schuchardt"},"content":{"rendered":"\n<figure class=\"wp-block-gallery columns-2 is-cropped\"><ul class=\"blocks-gallery-grid\"><li class=\"blocks-gallery-item\"><figure><img loading=\"lazy\" width=\"384\" height=\"538\" src=\"https:\/\/blogs.urz.uni-halle.de\/ortederromanistik\/files\/2025\/07\/Schuchhardt_jung.jpg\" alt=\"\" data-id=\"275\" data-full-url=\"https:\/\/blogs.urz.uni-halle.de\/ortederromanistik\/files\/2025\/07\/Schuchhardt_jung.jpg\" data-link=\"https:\/\/blogs.urz.uni-halle.de\/ortederromanistik\/1834-universitaetsplatz-11-loewengebaeude\/schuchhardt_jung\/\" class=\"wp-image-275\" srcset=\"https:\/\/blogs.urz.uni-halle.de\/ortederromanistik\/files\/2025\/07\/Schuchhardt_jung.jpg 384w, https:\/\/blogs.urz.uni-halle.de\/ortederromanistik\/files\/2025\/07\/Schuchhardt_jung-214x300.jpg 214w\" sizes=\"(max-width: 384px) 100vw, 384px\" \/><figcaption class=\"blocks-gallery-item__caption\">Hugo<br>Schuchardt, Photographik 1881<\/figcaption><\/figure><\/li><li class=\"blocks-gallery-item\"><figure><img loading=\"lazy\" width=\"394\" height=\"552\" src=\"https:\/\/blogs.urz.uni-halle.de\/ortederromanistik\/files\/2025\/07\/Schuchhardt_alt.jpg\" alt=\"\" data-id=\"276\" data-full-url=\"https:\/\/blogs.urz.uni-halle.de\/ortederromanistik\/files\/2025\/07\/Schuchhardt_alt.jpg\" data-link=\"https:\/\/blogs.urz.uni-halle.de\/ortederromanistik\/1834-universitaetsplatz-11-loewengebaeude\/schuchhardt_alt\/\" class=\"wp-image-276\" srcset=\"https:\/\/blogs.urz.uni-halle.de\/ortederromanistik\/files\/2025\/07\/Schuchhardt_alt.jpg 394w, https:\/\/blogs.urz.uni-halle.de\/ortederromanistik\/files\/2025\/07\/Schuchhardt_alt-214x300.jpg 214w\" sizes=\"(max-width: 394px) 100vw, 394px\" \/><figcaption class=\"blocks-gallery-item__caption\">Hugo<br>Schuchardt, Photographik 1912<\/figcaption><\/figure><\/li><\/ul><figcaption class=\"blocks-gallery-caption\">\u00a9 Originale im&nbsp;<em>Hugo Schuchardt Archiv<\/em>, Universit\u00e4t Graz<\/figcaption><\/figure>\n\n\n\n<p><br>Schuchardt (1842-1927) beschritt von Anfang an einen klar romanistischen Karriereweg: Er studierte in Jena bei August Schleicher und in Bonn bei Friedrich Diez klassische und romanische Philologie. Nach Promotion in Bonn und Habilitation in Leipzig wurde er 1872 auf eine au\u00dferordentliche, 1873 auf eine ordentliche Professur nach Halle berufen. Doch schon 1876 ging er nach Graz.<\/p>\n\n\n\n<p>Die Lehre war f\u00fcr ihn ein \u201eimmer wieder gef\u00fcrchtetes Martyrium\u201c,<a href=\"#_ftn1\">[1]<\/a> \u00fcber Jahre hielt er seine \u00dcbungen in Kleinstgruppen zu Hause ab. Im Jahr 1900 lie\u00df er sich emeritieren, widmete sich aber weiter seiner Forschung, vor allem zu Sprachgrenzen und Sprachmischungen, etwa den Kreolsprachen, und zur Sprachentstehung.<\/p>\n\n\n\n<hr class=\"wp-block-separator\" \/>\n\n\n\n<p><a href=\"#_ftnref1\">[1]<\/a> Catalogus Professurum Halensis, Eintrag Hugo Schuchardt<\/p>\n","protected":false},"excerpt":{"rendered":"<p>Schuchardt (1842-1927) beschritt von Anfang an einen klar romanistischen Karriereweg: Er studierte in Jena bei August Schleicher und in Bonn [&hellip;]<\/p>\n","protected":false},"author":5479,"featured_media":0,"parent":0,"menu_order":0,"comment_status":"closed","ping_status":"closed","template":"","meta":{"site-sidebar-layout":"default","site-content-layout":"","ast-site-content-layout":"","site-content-style":"default","site-sidebar-style":"default","ast-global-header-display":"","ast-banner-title-visibility":"","ast-main-header-display":"","ast-hfb-above-header-display":"","ast-hfb-below-header-display":"","ast-hfb-mobile-header-display":"","site-post-title":"","ast-breadcrumbs-content":"","ast-featured-img":"","footer-sml-layout":"","theme-transparent-header-meta":"","adv-header-id-meta":"","stick-header-meta":"","header-above-stick-meta":"","header-main-stick-meta":"","header-below-stick-meta":"","astra-migrate-meta-layouts":"default","ast-page-background-enabled":"default","ast-page-background-meta":{"desktop":{"background-color":"var(--ast-global-color-4)","background-image":"","background-repeat":"repeat","background-position":"center center","background-size":"auto","background-attachment":"scroll","background-type":"","background-media":"","overlay-type":"","overlay-color":"","overlay-opacity":"","overlay-gradient":""},"tablet":{"background-color":"","background-image":"","background-repeat":"repeat","background-position":"center center","background-size":"auto","background-attachment":"scroll","background-type":"","background-media":"","overlay-type":"","overlay-color":"","overlay-opacity":"","overlay-gradient":""},"mobile":{"background-color":"","background-image":"","background-repeat":"repeat","background-position":"center center","background-size":"auto","background-attachment":"scroll","background-type":"","background-media":"","overlay-type":"","overlay-color":"","overlay-opacity":"","overlay-gradient":""}},"ast-content-background-meta":{"desktop":{"background-color":"var(--ast-global-color-5)","background-image":"","background-repeat":"repeat","background-position":"center center","background-size":"auto","background-attachment":"scroll","background-type":"","background-media":"","overlay-type":"","overlay-color":"","overlay-opacity":"","overlay-gradient":""},"tablet":{"background-color":"var(--ast-global-color-5)","background-image":"","background-repeat":"repeat","background-position":"center center","background-size":"auto","background-attachment":"scroll","background-type":"","background-media":"","overlay-type":"","overlay-color":"","overlay-opacity":"","overlay-gradient":""},"mobile":{"background-color":"var(--ast-global-color-5)","background-image":"","background-repeat":"repeat","background-position":"center center","background-size":"auto","background-attachment":"scroll","background-type":"","background-media":"","overlay-type":"","overlay-color":"","overlay-opacity":"","overlay-gradient":""}}},"_links":{"self":[{"href":"https:\/\/blogs.urz.uni-halle.de\/ortederromanistik\/wp-json\/wp\/v2\/pages\/487"}],"collection":[{"href":"https:\/\/blogs.urz.uni-halle.de\/ortederromanistik\/wp-json\/wp\/v2\/pages"}],"about":[{"href":"https:\/\/blogs.urz.uni-halle.de\/ortederromanistik\/wp-json\/wp\/v2\/types\/page"}],"author":[{"embeddable":true,"href":"https:\/\/blogs.urz.uni-halle.de\/ortederromanistik\/wp-json\/wp\/v2\/users\/5479"}],"replies":[{"embeddable":true,"href":"https:\/\/blogs.urz.uni-halle.de\/ortederromanistik\/wp-json\/wp\/v2\/comments?post=487"}],"version-history":[{"count":6,"href":"https:\/\/blogs.urz.uni-halle.de\/ortederromanistik\/wp-json\/wp\/v2\/pages\/487\/revisions"}],"predecessor-version":[{"id":1080,"href":"https:\/\/blogs.urz.uni-halle.de\/ortederromanistik\/wp-json\/wp\/v2\/pages\/487\/revisions\/1080"}],"wp:attachment":[{"href":"https:\/\/blogs.urz.uni-halle.de\/ortederromanistik\/wp-json\/wp\/v2\/media?parent=487"}],"curies":[{"name":"wp","href":"https:\/\/api.w.org\/{rel}","templated":true}]}}