{"id":489,"date":"2025-07-18T09:48:02","date_gmt":"2025-07-18T07:48:02","guid":{"rendered":"https:\/\/blogs.urz.uni-halle.de\/ortederromanistik\/?page_id=489"},"modified":"2025-10-16T16:05:24","modified_gmt":"2025-10-16T14:05:24","slug":"hermann-suchier","status":"publish","type":"page","link":"https:\/\/blogs.urz.uni-halle.de\/ortederromanistik\/hermann-suchier\/","title":{"rendered":"Hermann Suchier"},"content":{"rendered":"\n<figure class=\"wp-block-image size-large\"><img loading=\"lazy\" width=\"197\" height=\"261\" src=\"https:\/\/blogs.urz.uni-halle.de\/ortederromanistik\/files\/2025\/07\/Suchier.jpg\" alt=\"\" class=\"wp-image-308\" \/><figcaption>Hermann Suchier 1894 (UAHW Rep. 40\/VI, Nr. 3, Bild 90)<\/figcaption><\/figure>\n\n\n\n<p>Suchier (1848-1913), Hugenottennachfahre aus Hessen, studierte Germanistik, englische, romanische und orientalische Philologie sowie vergleichende Sprachwissenschaft an den Universit\u00e4ten Marburg und Leipzig. Im Deutsch-Franz\u00f6sischen Krieg 1870\/71 wurde er zum Kriegsdienst eingezogen. Unmittelbar danach wurde er in Leipzig promoviert und unternahm eine Studienreise nach Paris. Nach der Habilitation in Marburg 1873 und Professuren in Z\u00fcrich und M\u00fcnster kam er 1876 nach Halle, wo er trotz weiterer Rufe mit z.T. sehr viel besseren finanziellen Bedingungen zeitlebens blieb. 1901\/02 war er Rektor der Universit\u00e4t. Neben seinen Forschungen zum Provenzalischen und seinen Arbeiten zur Textkritik verfasste er eine altfranz\u00f6sische Grammatik (1893) und edierte zahlreiche mittelalterliche Texte in der von ihm begr\u00fcndeten <em>Bibliotheca Normannica<\/em>. Das Romanische Seminar leitete er \u00fcber 36 Jahre lang (https:\/\/www.catalogus-professorum-halensis.de\/suchierhermann.html).<\/p>\n","protected":false},"excerpt":{"rendered":"<p>Suchier (1848-1913), Hugenottennachfahre aus Hessen, studierte Germanistik, englische, romanische und orientalische Philologie sowie vergleichende Sprachwissenschaft an den Universit\u00e4ten Marburg und [&hellip;]<\/p>\n","protected":false},"author":5479,"featured_media":0,"parent":0,"menu_order":0,"comment_status":"closed","ping_status":"closed","template":"","meta":{"site-sidebar-layout":"default","site-content-layout":"","ast-site-content-layout":"","site-content-style":"default","site-sidebar-style":"default","ast-global-header-display":"","ast-banner-title-visibility":"","ast-main-header-display":"","ast-hfb-above-header-display":"","ast-hfb-below-header-display":"","ast-hfb-mobile-header-display":"","site-post-title":"","ast-breadcrumbs-content":"","ast-featured-img":"","footer-sml-layout":"","theme-transparent-header-meta":"","adv-header-id-meta":"","stick-header-meta":"","header-above-stick-meta":"","header-main-stick-meta":"","header-below-stick-meta":"","astra-migrate-meta-layouts":"default","ast-page-background-enabled":"default","ast-page-background-meta":{"desktop":{"background-color":"var(--ast-global-color-4)","background-image":"","background-repeat":"repeat","background-position":"center center","background-size":"auto","background-attachment":"scroll","background-type":"","background-media":"","overlay-type":"","overlay-color":"","overlay-opacity":"","overlay-gradient":""},"tablet":{"background-color":"","background-image":"","background-repeat":"repeat","background-position":"center center","background-size":"auto","background-attachment":"scroll","background-type":"","background-media":"","overlay-type":"","overlay-color":"","overlay-opacity":"","overlay-gradient":""},"mobile":{"background-color":"","background-image":"","background-repeat":"repeat","background-position":"center center","background-size":"auto","background-attachment":"scroll","background-type":"","background-media":"","overlay-type":"","overlay-color":"","overlay-opacity":"","overlay-gradient":""}},"ast-content-background-meta":{"desktop":{"background-color":"var(--ast-global-color-5)","background-image":"","background-repeat":"repeat","background-position":"center center","background-size":"auto","background-attachment":"scroll","background-type":"","background-media":"","overlay-type":"","overlay-color":"","overlay-opacity":"","overlay-gradient":""},"tablet":{"background-color":"var(--ast-global-color-5)","background-image":"","background-repeat":"repeat","background-position":"center center","background-size":"auto","background-attachment":"scroll","background-type":"","background-media":"","overlay-type":"","overlay-color":"","overlay-opacity":"","overlay-gradient":""},"mobile":{"background-color":"var(--ast-global-color-5)","background-image":"","background-repeat":"repeat","background-position":"center center","background-size":"auto","background-attachment":"scroll","background-type":"","background-media":"","overlay-type":"","overlay-color":"","overlay-opacity":"","overlay-gradient":""}}},"_links":{"self":[{"href":"https:\/\/blogs.urz.uni-halle.de\/ortederromanistik\/wp-json\/wp\/v2\/pages\/489"}],"collection":[{"href":"https:\/\/blogs.urz.uni-halle.de\/ortederromanistik\/wp-json\/wp\/v2\/pages"}],"about":[{"href":"https:\/\/blogs.urz.uni-halle.de\/ortederromanistik\/wp-json\/wp\/v2\/types\/page"}],"author":[{"embeddable":true,"href":"https:\/\/blogs.urz.uni-halle.de\/ortederromanistik\/wp-json\/wp\/v2\/users\/5479"}],"replies":[{"embeddable":true,"href":"https:\/\/blogs.urz.uni-halle.de\/ortederromanistik\/wp-json\/wp\/v2\/comments?post=489"}],"version-history":[{"count":6,"href":"https:\/\/blogs.urz.uni-halle.de\/ortederromanistik\/wp-json\/wp\/v2\/pages\/489\/revisions"}],"predecessor-version":[{"id":1081,"href":"https:\/\/blogs.urz.uni-halle.de\/ortederromanistik\/wp-json\/wp\/v2\/pages\/489\/revisions\/1081"}],"wp:attachment":[{"href":"https:\/\/blogs.urz.uni-halle.de\/ortederromanistik\/wp-json\/wp\/v2\/media?parent=489"}],"curies":[{"name":"wp","href":"https:\/\/api.w.org\/{rel}","templated":true}]}}