{"id":490,"date":"2025-07-18T09:48:02","date_gmt":"2025-07-18T07:48:02","guid":{"rendered":"https:\/\/blogs.urz.uni-halle.de\/ortederromanistik\/?page_id=490"},"modified":"2026-01-07T15:19:35","modified_gmt":"2026-01-07T14:19:35","slug":"viktor-klemperer","status":"publish","type":"page","link":"https:\/\/blogs.urz.uni-halle.de\/ortederromanistik\/viktor-klemperer\/","title":{"rendered":"Victor Klemperer"},"content":{"rendered":"\n<figure class=\"wp-block-image size-large\"><img loading=\"lazy\" width=\"190\" height=\"290\" src=\"https:\/\/blogs.urz.uni-halle.de\/ortederromanistik\/files\/2025\/07\/Klemperer_1-2.jpg\" alt=\"\" class=\"wp-image-458\" \/><figcaption>\u00a9 Bundesarchiv, Bild 183-16552-0002 \/ CC-BY-SA 3.0, CC BY-SA 3.0 DE [https:\/\/creativecommons.org\/licenses\/by-sa\/3.0\/de\/deed.en (letzter Zugriff: 15.07.25)], via Wikimedia Commons.<\/figcaption><\/figure>\n\n\n\n<p>Klemperer (1881-1960) verlie\u00df zun\u00e4chst das Gymnasium und nahm eine kaufm\u00e4nnische Lehre auf. 1902 holte er das Abitur nach und studierte Philosophie, Romanistik Germanistik. Ohne Studienabschluss arbeitete er bis 1912 als freier Publizist in Berlin, bevor er sein Studium 1913 in M\u00fcnchen mit einer germanistischen Promotion abschloss. Bereits 1914 habilitierte er sich dort bei dem Romanisten Karl Vossler.<\/p>\n\n\n\n<p>Nach einem Jahr als Lektor f\u00fcr deutsche Sprache an der Universit\u00e4t Neapel meldete er sich im November 1915 als Kriegsfreiwilliger. 1920 wurde er als Professor f\u00fcr Romanistik an die Technische Hochschule Dresden berufen.<\/p>\n\n\n\n<p>Aufgrund seiner j\u00fcdischen Herkunft wurde Klemperer 1935 in den vorzeitigen Ruhestand versetzt. 1940 vertrieben die Nationalsozialisten die Klemperers<a href=\"#2\">[2]<\/a> aus ihrem Haus; sie lebten danach &#8222;in verschiedenen Judenh\u00e4usern der Stadt Dresden&#8220;, wie Klemperer im \u201eEntnazifizierungs-Fragebogen schrieb.<a href=\"#3\" data-type=\"internal\" data-id=\"#3\">[<\/a><a href=\"#3\">3<\/a><a href=\"#3\" data-type=\"internal\" data-id=\"#3\">]<\/a> Die Luftangriffe auf Dresden in der Nacht vom 13. zum 14. Februar 1945 nutzten sie zur Flucht und entkamen so der f\u00fcr den 16. Februar drohenden Deportation. Im November 1945 konnte Victor Klemperer auf seine Professur in Dresden zur\u00fcckkehren.<\/p>\n\n\n\n<figure class=\"wp-block-image size-large\"><img loading=\"lazy\" width=\"758\" height=\"1024\" src=\"https:\/\/blogs.urz.uni-halle.de\/ortederromanistik\/files\/2025\/10\/Klemperer-im-Romanischen-Seminar-758x1024.jpg\" alt=\"\" class=\"wp-image-1177\" srcset=\"https:\/\/blogs.urz.uni-halle.de\/ortederromanistik\/files\/2025\/10\/Klemperer-im-Romanischen-Seminar-758x1024.jpg 758w, https:\/\/blogs.urz.uni-halle.de\/ortederromanistik\/files\/2025\/10\/Klemperer-im-Romanischen-Seminar-222x300.jpg 222w, https:\/\/blogs.urz.uni-halle.de\/ortederromanistik\/files\/2025\/10\/Klemperer-im-Romanischen-Seminar-768x1037.jpg 768w, https:\/\/blogs.urz.uni-halle.de\/ortederromanistik\/files\/2025\/10\/Klemperer-im-Romanischen-Seminar.jpg 1063w\" sizes=\"(max-width: 758px) 100vw, 758px\" \/><\/figure>\n\n\n\n<p>1948 kam er nach Halle, wo er auch nach seiner Emeritierung bis 1958 weiter lehrte, obwohl er ab 1951 zugleich eine Professur an der Humboldt-Universit\u00e4t zu Berlin innehatte. Und vor allem als Lehrender ist er im Ged\u00e4chtnis geblieben. Der H\u00f6rsaal\u00a0war immer voll, auch mit Studierenden anderer F\u00e4cher. Klemperer sprach frei, den kleinen Zettel mit einigen Daten und Zahlen, den er dabeihatte, nannte er seinen \u201eSchnuller\u201c.<a href=\"#4\">[4]<\/a><\/p>\n\n\n\n<p>Nach dem Tod seiner ersten Frau heiratete Klemperer im Mai 1952 die 45 Jahre j\u00fcngere Romanistikstudentin Hadwig Kirchner (1926\u20132010), die sp\u00e4ter viele Jahre als Lehrbeauftragte am Institut f\u00fcr Romanistik in Halle t\u00e4tig war und ma\u00dfgeblich an der Herausgabe seiner Tageb\u00fccher mitwirkte.<\/p>\n\n\n\n<figure class=\"wp-block-image is-resized\"><img loading=\"lazy\" src=\"https:\/\/blogs.urz.uni-halle.de\/ortederromanistik\/files\/2025\/07\/df_pos-2025-a_0000495.jpg-1024x714.jpg\" alt=\"\" class=\"wp-image-556\" width=\"580\" height=\"404\" srcset=\"https:\/\/blogs.urz.uni-halle.de\/ortederromanistik\/files\/2025\/07\/df_pos-2025-a_0000495.jpg-1024x714.jpg 1024w, https:\/\/blogs.urz.uni-halle.de\/ortederromanistik\/files\/2025\/07\/df_pos-2025-a_0000495.jpg-300x209.jpg 300w, https:\/\/blogs.urz.uni-halle.de\/ortederromanistik\/files\/2025\/07\/df_pos-2025-a_0000495.jpg-768x535.jpg 768w, https:\/\/blogs.urz.uni-halle.de\/ortederromanistik\/files\/2025\/07\/df_pos-2025-a_0000495.jpg.jpg 1525w\" sizes=\"(max-width: 580px) 100vw, 580px\" \/><figcaption>Hadwig Klemperer, Abb. In H.K. Im Spiegel lebendiger Erinnerung, S. 20, 37; \u00a9 Deutsche Fotothek<\/figcaption><\/figure>\n\n\n\n<p>Durch die Publikation seiner zeitlebens gef\u00fchrten Tageb\u00fccher<a href=\"#_ftn4\">[<\/a><a href=\"#5\">5<\/a><a href=\"#_ftn4\">]<\/a> ist Klemperer heute \u00fcber die Fachwelt hinaus bekannt. Sie geben ein umfassendes Bild des Alltagslebens im Nationalsozialismus; darin lassen sich die systematische Ausgrenzung Klemperers als Wissenschaftler und Mensch ebenso wie die st\u00e4ndige Angst vor der Verfolgung durch die Gestapo nachvollziehen. Die t\u00e4glichen Notizen legten auch die Grundlage f\u00fcr Klemperers bekanntestes Buch \u201eLTI\u201c (<em>Lingua Tertii Imperii, Die Sprache des Dritten Reiches<\/em>), das 1947 erschien und zahlreiche weitere Auflagen erfuhr. Die Beobachtung des sprachlichen Alltags wurde f\u00fcr ihn, als ihm keinerlei Arbeitsm\u00f6glichkeiten mehr geblieben waren, zu seiner \u201eBalancierstange\u201c.<\/p>\n\n\n\n<figure class=\"wp-block-image\"><img loading=\"lazy\" width=\"579\" height=\"434\" src=\"https:\/\/blogs.urz.uni-halle.de\/ortederromanistik\/files\/2025\/07\/Klemperer_2.jpg\" alt=\"\" class=\"wp-image-460\" srcset=\"https:\/\/blogs.urz.uni-halle.de\/ortederromanistik\/files\/2025\/07\/Klemperer_2.jpg 579w, https:\/\/blogs.urz.uni-halle.de\/ortederromanistik\/files\/2025\/07\/Klemperer_2-300x225.jpg 300w\" sizes=\"(max-width: 579px) 100vw, 579px\" \/><figcaption>Relief Victor Klemperer auf der Bronzeplastik \u201eVier Wissenschaftler aus vier Jahrhunderten\u201c von Gerhard Geyer (1972), Nietlebener Stra\u00dfe, Halle, \u00a9 Annette Schiller<\/figcaption><\/figure>\n\n\n\n<hr class=\"wp-block-separator\" \/>\n\n\n\n<p><a href=\"#_ftnref1\">[1]<\/a> 1906 hatte Victor Klemperer die Konzertpianistin und Malerin <a href=\"https:\/\/de.wikipedia.org\/wiki\/Eva_Klemperer\">Eva Schlemmer (<\/a>1882\u20131951) geheiratet; die \u201eArierin\u201c hielt auch im Faschismus immer zu ihm.<\/p>\n\n\n\n<p><a href=\"#_ftnref2\">[2]<\/a> UAHW, PA 8946<\/p>\n\n\n\n<p><a href=\"#_ftnref3\">[3]<\/a> Vgl. dazu u.a. Elwert, W. Theodor, &#8222;Klemperer, Viktor&#8220; in: Neue Deutsche Biographie 12 (1980), URL: https:\/\/www.deutsche-biographie.de\/pnd11856319X.html#ndbcontent, UAHW, Personalakte Klemperer<\/p>\n\n\n\n<p><a href=\"#_ftnref4\">[4]<\/a> <em>Curriculum Vitae.<\/em> Erinnerungen 1881\u20131918. R\u00fctten &amp; Loening Verlag, 2 B\u00e4nde, Berlin 1989<em>, Leben sammeln, nicht fragen wozu und warum<\/em>. Tageb\u00fccher 1918\u20131932. Berlin 1996, <em>Ich will Zeugnis ablegen bis zum letzten<\/em>. Tageb\u00fccher 1933-1945\u201d (1995), <em>So sitze ich denn zwischen allen St\u00fchlen<\/em>. Tageb\u00fccher 1945\u20131959, 2 B\u00e4nde, Berlin 1999. Die Tageb\u00fccher waren auch Grundlage der Fernsehserie <a href=\"https:\/\/de.wikipedia.org\/wiki\/Klemperer_%E2%80%93_Ein_Leben_in_Deutschland\"><em>Klemperer \u2013 Ein Leben in Deutschland<\/em><\/a> (1999, Regie: <a href=\"https:\/\/de.wikipedia.org\/wiki\/Kai_Wessel_(Regisseur)\">Kai Wessel<\/a>, Drehbuch <a href=\"https:\/\/de.wikipedia.org\/wiki\/Peter_Steinbach_(Drehbuchautor)\">Peter Steinbach<\/a>)<\/p>\n","protected":false},"excerpt":{"rendered":"<p>Klemperer (1881-1960) verlie\u00df zun\u00e4chst das Gymnasium und nahm eine kaufm\u00e4nnische Lehre auf. 1902 holte er das Abitur nach und studierte [&hellip;]<\/p>\n","protected":false},"author":5479,"featured_media":0,"parent":0,"menu_order":0,"comment_status":"closed","ping_status":"closed","template":"","meta":{"site-sidebar-layout":"default","site-content-layout":"","ast-site-content-layout":"","site-content-style":"default","site-sidebar-style":"default","ast-global-header-display":"","ast-banner-title-visibility":"","ast-main-header-display":"","ast-hfb-above-header-display":"","ast-hfb-below-header-display":"","ast-hfb-mobile-header-display":"","site-post-title":"","ast-breadcrumbs-content":"","ast-featured-img":"","footer-sml-layout":"","theme-transparent-header-meta":"","adv-header-id-meta":"","stick-header-meta":"","header-above-stick-meta":"","header-main-stick-meta":"","header-below-stick-meta":"","astra-migrate-meta-layouts":"default","ast-page-background-enabled":"default","ast-page-background-meta":{"desktop":{"background-color":"var(--ast-global-color-4)","background-image":"","background-repeat":"repeat","background-position":"center center","background-size":"auto","background-attachment":"scroll","background-type":"","background-media":"","overlay-type":"","overlay-color":"","overlay-opacity":"","overlay-gradient":""},"tablet":{"background-color":"","background-image":"","background-repeat":"repeat","background-position":"center center","background-size":"auto","background-attachment":"scroll","background-type":"","background-media":"","overlay-type":"","overlay-color":"","overlay-opacity":"","overlay-gradient":""},"mobile":{"background-color":"","background-image":"","background-repeat":"repeat","background-position":"center center","background-size":"auto","background-attachment":"scroll","background-type":"","background-media":"","overlay-type":"","overlay-color":"","overlay-opacity":"","overlay-gradient":""}},"ast-content-background-meta":{"desktop":{"background-color":"var(--ast-global-color-5)","background-image":"","background-repeat":"repeat","background-position":"center center","background-size":"auto","background-attachment":"scroll","background-type":"","background-media":"","overlay-type":"","overlay-color":"","overlay-opacity":"","overlay-gradient":""},"tablet":{"background-color":"var(--ast-global-color-5)","background-image":"","background-repeat":"repeat","background-position":"center center","background-size":"auto","background-attachment":"scroll","background-type":"","background-media":"","overlay-type":"","overlay-color":"","overlay-opacity":"","overlay-gradient":""},"mobile":{"background-color":"var(--ast-global-color-5)","background-image":"","background-repeat":"repeat","background-position":"center center","background-size":"auto","background-attachment":"scroll","background-type":"","background-media":"","overlay-type":"","overlay-color":"","overlay-opacity":"","overlay-gradient":""}}},"_links":{"self":[{"href":"https:\/\/blogs.urz.uni-halle.de\/ortederromanistik\/wp-json\/wp\/v2\/pages\/490"}],"collection":[{"href":"https:\/\/blogs.urz.uni-halle.de\/ortederromanistik\/wp-json\/wp\/v2\/pages"}],"about":[{"href":"https:\/\/blogs.urz.uni-halle.de\/ortederromanistik\/wp-json\/wp\/v2\/types\/page"}],"author":[{"embeddable":true,"href":"https:\/\/blogs.urz.uni-halle.de\/ortederromanistik\/wp-json\/wp\/v2\/users\/5479"}],"replies":[{"embeddable":true,"href":"https:\/\/blogs.urz.uni-halle.de\/ortederromanistik\/wp-json\/wp\/v2\/comments?post=490"}],"version-history":[{"count":8,"href":"https:\/\/blogs.urz.uni-halle.de\/ortederromanistik\/wp-json\/wp\/v2\/pages\/490\/revisions"}],"predecessor-version":[{"id":1186,"href":"https:\/\/blogs.urz.uni-halle.de\/ortederromanistik\/wp-json\/wp\/v2\/pages\/490\/revisions\/1186"}],"wp:attachment":[{"href":"https:\/\/blogs.urz.uni-halle.de\/ortederromanistik\/wp-json\/wp\/v2\/media?parent=490"}],"curies":[{"name":"wp","href":"https:\/\/api.w.org\/{rel}","templated":true}]}}