{"id":503,"date":"2025-07-18T09:58:05","date_gmt":"2025-07-18T07:58:05","guid":{"rendered":"https:\/\/blogs.urz.uni-halle.de\/ortederromanistik\/?page_id=503"},"modified":"2026-03-23T09:50:34","modified_gmt":"2026-03-23T08:50:34","slug":"eynar-leupold","status":"publish","type":"page","link":"https:\/\/blogs.urz.uni-halle.de\/ortederromanistik\/eynar-leupold\/","title":{"rendered":"Eynar Leupold"},"content":{"rendered":"\n<figure class=\"wp-block-image size-large\"><img loading=\"lazy\" width=\"353\" height=\"425\" src=\"https:\/\/blogs.urz.uni-halle.de\/ortederromanistik\/files\/2026\/03\/Eynar-Leupold.jpg\" alt=\"\" class=\"wp-image-1188\" srcset=\"https:\/\/blogs.urz.uni-halle.de\/ortederromanistik\/files\/2026\/03\/Eynar-Leupold.jpg 353w, https:\/\/blogs.urz.uni-halle.de\/ortederromanistik\/files\/2026\/03\/Eynar-Leupold-249x300.jpg 249w\" sizes=\"(max-width: 353px) 100vw, 353px\" \/><figcaption>Foto:privat<\/figcaption><\/figure>\n\n\n\n<p>Eynar Leupold (geb. 1947 in St. Peter-Ording) studierte Germanistik und Romanistik an den Universit\u00e4ten Kiel, Nancy und Saarbr\u00fccken. Nach der Promotion zum Dr.phil. 1981 an der Universit\u00e4t des Saarlandes Saarbr\u00fccken war er 1981-1993 Hauptamtlicher Studienleiter f\u00fcr Franz\u00f6sisch und nebenamtlicher Studienleiter f\u00fcr P\u00e4dagogik am IPTS-Seminar Flensburg f\u00fcr Gymnasien, 1993-1997 Responsable du D\u00e9partement \u201eLangues et Cultures du Monde\u201c und 1997-1998 Directeur P\u00e9dagogique an der Ecole Sup\u00e9rieure de Commerce de Troyes (ESC Troyes).<\/p>\n\n\n\n<p>Von 1998-2002 hatte er die Professur f\u00fcr Didaktik \/ Franz\u00f6sisch an der Martin-Luther-Universit\u00e4t in Halle inne. 2002 bis zur Emeritierung 2010 war er Professor f\u00fcr Didaktik der franz\u00f6sischen Sprache und Literatur an der P\u00e4dagogischen Hochschule Freiburg.&nbsp; Von 2006-2008 wirkte er als Gastwissenschaftler am Institut zur Qualit\u00e4tssicherung im Bildungswesen (IQB) in Berlin und Mitarbeit in der Wissenschaftlichen Begleitgruppe zur Erarbeitung und Evaluation der Bildungsstandards 1. Fremdsprache.<\/p>\n\n\n\n<p>Die Arbeiten im Rahmen der Sprachlehr- und -lernforschung waren fokussiert auf die Didaktik des Franz\u00f6sischunterrichts. Erarbeitung von Lehrwerken und \u00dcbungsb\u00fcchern f\u00fcr den Franz\u00f6sischunterricht. Er war verantwortlicher Mitherausgeber der Fachzeitschrift <em>Der fremdsprachliche Unterricht \u2013 Franz\u00f6sisch <\/em>und verfasste<em> z<\/em>ahlreiche Publikationen zu didaktischen und methodischen Aspekten des Franz\u00f6sischunterrichts, u.a. folgende Monografien:<\/p>\n\n\n\n<ul><li><em>Franz\u00f6sisch unterrichten<\/em>. Kallmeyer: 2002.<\/li><li><em>Handlungswissen Franz\u00f6sisch kompakt<\/em> (5 B\u00e4nde). Kallmeyer: 2007.<\/li><li><em>Franz\u00f6sisch lehren und lernen<\/em>. Das Grundlagenbuch. Klett-Kallmeyer: 2010<\/li><li><em>Kontextsensibler Franz\u00f6sischunterricht<\/em> (Koautor: David Gerlach). Narr: 2019.<\/li><\/ul>\n\n\n\n<p>2005 wurde er zum <em>Officier dans l\u2019Ordre des Palmes Acad\u00e9miques<\/em> ernannt.<\/p>\n","protected":false},"excerpt":{"rendered":"<p>Eynar Leupold (geb. 1947 in St. Peter-Ording) studierte Germanistik und Romanistik an den Universit\u00e4ten Kiel, Nancy und Saarbr\u00fccken. Nach der [&hellip;]<\/p>\n","protected":false},"author":5479,"featured_media":0,"parent":0,"menu_order":0,"comment_status":"closed","ping_status":"closed","template":"","meta":{"site-sidebar-layout":"default","site-content-layout":"","ast-site-content-layout":"","site-content-style":"default","site-sidebar-style":"default","ast-global-header-display":"","ast-banner-title-visibility":"","ast-main-header-display":"","ast-hfb-above-header-display":"","ast-hfb-below-header-display":"","ast-hfb-mobile-header-display":"","site-post-title":"","ast-breadcrumbs-content":"","ast-featured-img":"","footer-sml-layout":"","theme-transparent-header-meta":"","adv-header-id-meta":"","stick-header-meta":"","header-above-stick-meta":"","header-main-stick-meta":"","header-below-stick-meta":"","astra-migrate-meta-layouts":"default","ast-page-background-enabled":"default","ast-page-background-meta":{"desktop":{"background-color":"var(--ast-global-color-4)","background-image":"","background-repeat":"repeat","background-position":"center center","background-size":"auto","background-attachment":"scroll","background-type":"","background-media":"","overlay-type":"","overlay-color":"","overlay-opacity":"","overlay-gradient":""},"tablet":{"background-color":"","background-image":"","background-repeat":"repeat","background-position":"center center","background-size":"auto","background-attachment":"scroll","background-type":"","background-media":"","overlay-type":"","overlay-color":"","overlay-opacity":"","overlay-gradient":""},"mobile":{"background-color":"","background-image":"","background-repeat":"repeat","background-position":"center center","background-size":"auto","background-attachment":"scroll","background-type":"","background-media":"","overlay-type":"","overlay-color":"","overlay-opacity":"","overlay-gradient":""}},"ast-content-background-meta":{"desktop":{"background-color":"var(--ast-global-color-5)","background-image":"","background-repeat":"repeat","background-position":"center center","background-size":"auto","background-attachment":"scroll","background-type":"","background-media":"","overlay-type":"","overlay-color":"","overlay-opacity":"","overlay-gradient":""},"tablet":{"background-color":"var(--ast-global-color-5)","background-image":"","background-repeat":"repeat","background-position":"center center","background-size":"auto","background-attachment":"scroll","background-type":"","background-media":"","overlay-type":"","overlay-color":"","overlay-opacity":"","overlay-gradient":""},"mobile":{"background-color":"var(--ast-global-color-5)","background-image":"","background-repeat":"repeat","background-position":"center center","background-size":"auto","background-attachment":"scroll","background-type":"","background-media":"","overlay-type":"","overlay-color":"","overlay-opacity":"","overlay-gradient":""}}},"_links":{"self":[{"href":"https:\/\/blogs.urz.uni-halle.de\/ortederromanistik\/wp-json\/wp\/v2\/pages\/503"}],"collection":[{"href":"https:\/\/blogs.urz.uni-halle.de\/ortederromanistik\/wp-json\/wp\/v2\/pages"}],"about":[{"href":"https:\/\/blogs.urz.uni-halle.de\/ortederromanistik\/wp-json\/wp\/v2\/types\/page"}],"author":[{"embeddable":true,"href":"https:\/\/blogs.urz.uni-halle.de\/ortederromanistik\/wp-json\/wp\/v2\/users\/5479"}],"replies":[{"embeddable":true,"href":"https:\/\/blogs.urz.uni-halle.de\/ortederromanistik\/wp-json\/wp\/v2\/comments?post=503"}],"version-history":[{"count":3,"href":"https:\/\/blogs.urz.uni-halle.de\/ortederromanistik\/wp-json\/wp\/v2\/pages\/503\/revisions"}],"predecessor-version":[{"id":1189,"href":"https:\/\/blogs.urz.uni-halle.de\/ortederromanistik\/wp-json\/wp\/v2\/pages\/503\/revisions\/1189"}],"wp:attachment":[{"href":"https:\/\/blogs.urz.uni-halle.de\/ortederromanistik\/wp-json\/wp\/v2\/media?parent=503"}],"curies":[{"name":"wp","href":"https:\/\/api.w.org\/{rel}","templated":true}]}}