{"id":614,"date":"2025-08-11T09:41:53","date_gmt":"2025-08-11T07:41:53","guid":{"rendered":"https:\/\/blogs.urz.uni-halle.de\/ortederromanistik\/?page_id=614"},"modified":"2026-03-26T12:36:49","modified_gmt":"2026-03-26T11:36:49","slug":"eva-leitzke-ungerer","status":"publish","type":"page","link":"https:\/\/blogs.urz.uni-halle.de\/ortederromanistik\/eva-leitzke-ungerer\/","title":{"rendered":"Eva Leitzke-Ungerer"},"content":{"rendered":"\n<figure class=\"wp-block-image size-medium\"><img loading=\"lazy\" width=\"212\" height=\"300\" src=\"https:\/\/blogs.urz.uni-halle.de\/ortederromanistik\/files\/2026\/03\/Eva-Leitzke-Ungerer-212x300.png\" alt=\"\" class=\"wp-image-1202\" srcset=\"https:\/\/blogs.urz.uni-halle.de\/ortederromanistik\/files\/2026\/03\/Eva-Leitzke-Ungerer-212x300.png 212w, https:\/\/blogs.urz.uni-halle.de\/ortederromanistik\/files\/2026\/03\/Eva-Leitzke-Ungerer-724x1024.png 724w, https:\/\/blogs.urz.uni-halle.de\/ortederromanistik\/files\/2026\/03\/Eva-Leitzke-Ungerer-768x1086.png 768w, https:\/\/blogs.urz.uni-halle.de\/ortederromanistik\/files\/2026\/03\/Eva-Leitzke-Ungerer.png 1040w\" sizes=\"(max-width: 212px) 100vw, 212px\" \/><figcaption>Foto: privat<\/figcaption><\/figure>\n\n\n\n<p>Eva Leitzke-Ungerer (geb. 1954 in M\u00fcnchen) studierte Romanistik und Anglistik an der Universit\u00e4t M\u00fcnchen und schloss das Studium mit dem Ersten und Zweiten Staatsexamen sowie dem Magistergrad ab. Sie promovierte, ebenfalls in M\u00fcnchen, in der Englischen Sprachwissenschaft (1988) und ging 1988\/89 als Lektorin an das Westfield College der University of London.<\/p>\n\n\n\n<p>Nach kurzer T\u00e4tigkeit als Gymnasiallehrerin in M\u00fcnchen und l\u00e4ngerer Elternzeit war sie ab 1995 Lehrbeauftragte am Institut f\u00fcr Romanistik der Universit\u00e4t Rostock f\u00fcr die Bereiche Fachdidaktik Franz\u00f6sisch und franz\u00f6sische Landeskunde. Dort habilitierte sie sich 2003 f\u00fcr die Didaktik der romanischen Sprachen, Literaturen und Kulturen und war von 2003-2006 als Vertretungsprofessorin in G\u00f6ttingen und Halle t\u00e4tig.<\/p>\n\n\n\n<p>Zum 1. M\u00e4rz 2006 wurde sie als Professorin f\u00fcr Didaktik der romanischen Sprachen nach Halle berufen, wo sie zudem die Leitung des Bereichs Sprachpraxis des Instituts f\u00fcr Romanistik \u00fcbernahm. Mehrfach lehrte sie im Rahmen von Erasmus- bzw. DAAD-Dozenturen in Spanien und Argentinien.<\/p>\n\n\n\n<p>2012 rief Eva Leitzke-Ungerer in Kooperation mit der Anglistik und Slavistik den ersten Zertifikatskurs \u201eBilingualer Sachfachunterricht\u201c f\u00fcr Lehramtsstudierende ins Leben; diese Kurse werden auch nach ihrem Eintritt in den Ruhestand 2021 regelm\u00e4\u00dfig weitergef\u00fchrt.<\/p>\n\n\n\n<p>Ihre Forschungsschwerpunkte waren neben dem Bilingualen Sachfachunterricht die Mehrsprachigkeitsdidaktik (Englisch-Franz\u00f6sisch-Spanisch), literarische Texte, Intermedialit\u00e4t und Film im Fremdsprachenunterricht sowie sprachliche Variet\u00e4ten und szenische Arbeit im Unterricht der romanischen Sprachen.<\/p>\n","protected":false},"excerpt":{"rendered":"<p>Eva Leitzke-Ungerer (geb. 1954 in M\u00fcnchen) studierte Romanistik und Anglistik an der Universit\u00e4t M\u00fcnchen und schloss das Studium mit dem [&hellip;]<\/p>\n","protected":false},"author":6415,"featured_media":0,"parent":0,"menu_order":0,"comment_status":"closed","ping_status":"closed","template":"","meta":{"site-sidebar-layout":"default","site-content-layout":"","ast-site-content-layout":"default","site-content-style":"default","site-sidebar-style":"default","ast-global-header-display":"","ast-banner-title-visibility":"","ast-main-header-display":"","ast-hfb-above-header-display":"","ast-hfb-below-header-display":"","ast-hfb-mobile-header-display":"","site-post-title":"","ast-breadcrumbs-content":"","ast-featured-img":"","footer-sml-layout":"","theme-transparent-header-meta":"default","adv-header-id-meta":"","stick-header-meta":"","header-above-stick-meta":"","header-main-stick-meta":"","header-below-stick-meta":"","astra-migrate-meta-layouts":"set","ast-page-background-enabled":"default","ast-page-background-meta":{"desktop":{"background-color":"var(--ast-global-color-4)","background-image":"","background-repeat":"repeat","background-position":"center center","background-size":"auto","background-attachment":"scroll","background-type":"","background-media":"","overlay-type":"","overlay-color":"","overlay-opacity":"","overlay-gradient":""},"tablet":{"background-color":"","background-image":"","background-repeat":"repeat","background-position":"center center","background-size":"auto","background-attachment":"scroll","background-type":"","background-media":"","overlay-type":"","overlay-color":"","overlay-opacity":"","overlay-gradient":""},"mobile":{"background-color":"","background-image":"","background-repeat":"repeat","background-position":"center center","background-size":"auto","background-attachment":"scroll","background-type":"","background-media":"","overlay-type":"","overlay-color":"","overlay-opacity":"","overlay-gradient":""}},"ast-content-background-meta":{"desktop":{"background-color":"var(--ast-global-color-5)","background-image":"","background-repeat":"repeat","background-position":"center center","background-size":"auto","background-attachment":"scroll","background-type":"","background-media":"","overlay-type":"","overlay-color":"","overlay-opacity":"","overlay-gradient":""},"tablet":{"background-color":"var(--ast-global-color-5)","background-image":"","background-repeat":"repeat","background-position":"center center","background-size":"auto","background-attachment":"scroll","background-type":"","background-media":"","overlay-type":"","overlay-color":"","overlay-opacity":"","overlay-gradient":""},"mobile":{"background-color":"var(--ast-global-color-5)","background-image":"","background-repeat":"repeat","background-position":"center center","background-size":"auto","background-attachment":"scroll","background-type":"","background-media":"","overlay-type":"","overlay-color":"","overlay-opacity":"","overlay-gradient":""}}},"_links":{"self":[{"href":"https:\/\/blogs.urz.uni-halle.de\/ortederromanistik\/wp-json\/wp\/v2\/pages\/614"}],"collection":[{"href":"https:\/\/blogs.urz.uni-halle.de\/ortederromanistik\/wp-json\/wp\/v2\/pages"}],"about":[{"href":"https:\/\/blogs.urz.uni-halle.de\/ortederromanistik\/wp-json\/wp\/v2\/types\/page"}],"author":[{"embeddable":true,"href":"https:\/\/blogs.urz.uni-halle.de\/ortederromanistik\/wp-json\/wp\/v2\/users\/6415"}],"replies":[{"embeddable":true,"href":"https:\/\/blogs.urz.uni-halle.de\/ortederromanistik\/wp-json\/wp\/v2\/comments?post=614"}],"version-history":[{"count":7,"href":"https:\/\/blogs.urz.uni-halle.de\/ortederromanistik\/wp-json\/wp\/v2\/pages\/614\/revisions"}],"predecessor-version":[{"id":1205,"href":"https:\/\/blogs.urz.uni-halle.de\/ortederromanistik\/wp-json\/wp\/v2\/pages\/614\/revisions\/1205"}],"wp:attachment":[{"href":"https:\/\/blogs.urz.uni-halle.de\/ortederromanistik\/wp-json\/wp\/v2\/media?parent=614"}],"curies":[{"name":"wp","href":"https:\/\/api.w.org\/{rel}","templated":true}]}}