{"id":715,"date":"2025-08-27T11:35:18","date_gmt":"2025-08-27T09:35:18","guid":{"rendered":"https:\/\/blogs.urz.uni-halle.de\/ortederromanistik\/?page_id=715"},"modified":"2025-11-03T09:39:07","modified_gmt":"2025-11-03T08:39:07","slug":"weitere-personen","status":"publish","type":"page","link":"https:\/\/blogs.urz.uni-halle.de\/ortederromanistik\/weitere-personen\/","title":{"rendered":"Weitere Personen"},"content":{"rendered":"\n<p>Die Vorgeschichte des Faches Romanistik wurde gepr\u00e4gt durch die Sprachmeister, die zun\u00e4chst meist Hugenotten oder ihre Nachkommen waren, sp\u00e4ter auch Personen, die vor der Franz\u00f6sischen Revolution geflohen waren, zuweilen auch deutsche Sprachkundige. Des Weiteren wurden einzelne Personen aufgenommen, deren Leben und Wirken in besonderer Weise mit dem Institut verkn\u00fcpft war.<\/p>\n\n\n\n<p><\/p>\n\n\n\n<p><\/p>\n\n\n\n<p><a href=\"https:\/\/blogs.urz.uni-halle.de\/ortederromanistik\/michel-millie\/\" target=\"_blank\" rel=\"noreferrer noopener\">Michel Milli\u00e9<\/a><\/p>\n\n\n\n<p><a href=\"https:\/\/blogs.urz.uni-halle.de\/ortederromanistik\/david-etienne-choffin\/\" target=\"_blank\" rel=\"noreferrer noopener\">David Etienne Choffin<\/a><\/p>\n\n\n\n<p><a href=\"https:\/\/blogs.urz.uni-halle.de\/ortederromanistik\/isaac-henri-chodowiecki\/\" target=\"_blank\" rel=\"noreferrer noopener\">Isaac Henri Chodowiecki<\/a><\/p>\n\n\n\n<p><a href=\"https:\/\/blogs.urz.uni-halle.de\/ortederromanistik\/wilhelm-wachsmuth\/\" target=\"_blank\" rel=\"noreferrer noopener\">Ernst Wilhelm Gottlieb Wachsmuth<\/a><\/p>\n\n\n\n<p><a href=\"https:\/\/blogs.urz.uni-halle.de\/ortederromanistik\/clair-lavoipiere\/\" target=\"_blank\" rel=\"noreferrer noopener\">Clair Lavoipi\u00e8re<\/a><\/p>\n\n\n\n<p><a href=\"https:\/\/blogs.urz.uni-halle.de\/ortederromanistik\/berthold-wiese\/\" target=\"_blank\" rel=\"noreferrer noopener\">Berthold Wiese<\/a><\/p>\n\n\n\n<p><a href=\"https:\/\/blogs.urz.uni-halle.de\/ortederromanistik\/vladimiro-macchi\/\" target=\"_blank\" rel=\"noreferrer noopener\">Vladimiro Macchi<\/a><\/p>\n\n\n\n<p><a href=\"https:\/\/blogs.urz.uni-halle.de\/ortederromanistik\/gerda-hassler\/\" target=\"_blank\" rel=\"noreferrer noopener\">Gerda Ha\u00dfler<\/a><\/p>\n\n\n\n<p><\/p>\n","protected":false},"excerpt":{"rendered":"<p>Die Vorgeschichte des Faches Romanistik wurde gepr\u00e4gt durch die Sprachmeister, die zun\u00e4chst meist Hugenotten oder ihre Nachkommen waren, sp\u00e4ter auch [&hellip;]<\/p>\n","protected":false},"author":6415,"featured_media":0,"parent":0,"menu_order":0,"comment_status":"closed","ping_status":"closed","template":"","meta":{"site-sidebar-layout":"default","site-content-layout":"","ast-site-content-layout":"","site-content-style":"default","site-sidebar-style":"default","ast-global-header-display":"","ast-banner-title-visibility":"","ast-main-header-display":"","ast-hfb-above-header-display":"","ast-hfb-below-header-display":"","ast-hfb-mobile-header-display":"","site-post-title":"","ast-breadcrumbs-content":"","ast-featured-img":"","footer-sml-layout":"","theme-transparent-header-meta":"","adv-header-id-meta":"","stick-header-meta":"","header-above-stick-meta":"","header-main-stick-meta":"","header-below-stick-meta":"","astra-migrate-meta-layouts":"default","ast-page-background-enabled":"default","ast-page-background-meta":{"desktop":{"background-color":"var(--ast-global-color-4)","background-image":"","background-repeat":"repeat","background-position":"center center","background-size":"auto","background-attachment":"scroll","background-type":"","background-media":"","overlay-type":"","overlay-color":"","overlay-opacity":"","overlay-gradient":""},"tablet":{"background-color":"","background-image":"","background-repeat":"repeat","background-position":"center center","background-size":"auto","background-attachment":"scroll","background-type":"","background-media":"","overlay-type":"","overlay-color":"","overlay-opacity":"","overlay-gradient":""},"mobile":{"background-color":"","background-image":"","background-repeat":"repeat","background-position":"center center","background-size":"auto","background-attachment":"scroll","background-type":"","background-media":"","overlay-type":"","overlay-color":"","overlay-opacity":"","overlay-gradient":""}},"ast-content-background-meta":{"desktop":{"background-color":"var(--ast-global-color-5)","background-image":"","background-repeat":"repeat","background-position":"center center","background-size":"auto","background-attachment":"scroll","background-type":"","background-media":"","overlay-type":"","overlay-color":"","overlay-opacity":"","overlay-gradient":""},"tablet":{"background-color":"var(--ast-global-color-5)","background-image":"","background-repeat":"repeat","background-position":"center center","background-size":"auto","background-attachment":"scroll","background-type":"","background-media":"","overlay-type":"","overlay-color":"","overlay-opacity":"","overlay-gradient":""},"mobile":{"background-color":"var(--ast-global-color-5)","background-image":"","background-repeat":"repeat","background-position":"center center","background-size":"auto","background-attachment":"scroll","background-type":"","background-media":"","overlay-type":"","overlay-color":"","overlay-opacity":"","overlay-gradient":""}}},"_links":{"self":[{"href":"https:\/\/blogs.urz.uni-halle.de\/ortederromanistik\/wp-json\/wp\/v2\/pages\/715"}],"collection":[{"href":"https:\/\/blogs.urz.uni-halle.de\/ortederromanistik\/wp-json\/wp\/v2\/pages"}],"about":[{"href":"https:\/\/blogs.urz.uni-halle.de\/ortederromanistik\/wp-json\/wp\/v2\/types\/page"}],"author":[{"embeddable":true,"href":"https:\/\/blogs.urz.uni-halle.de\/ortederromanistik\/wp-json\/wp\/v2\/users\/6415"}],"replies":[{"embeddable":true,"href":"https:\/\/blogs.urz.uni-halle.de\/ortederromanistik\/wp-json\/wp\/v2\/comments?post=715"}],"version-history":[{"count":5,"href":"https:\/\/blogs.urz.uni-halle.de\/ortederromanistik\/wp-json\/wp\/v2\/pages\/715\/revisions"}],"predecessor-version":[{"id":1180,"href":"https:\/\/blogs.urz.uni-halle.de\/ortederromanistik\/wp-json\/wp\/v2\/pages\/715\/revisions\/1180"}],"wp:attachment":[{"href":"https:\/\/blogs.urz.uni-halle.de\/ortederromanistik\/wp-json\/wp\/v2\/media?parent=715"}],"curies":[{"name":"wp","href":"https:\/\/api.w.org\/{rel}","templated":true}]}}