{"id":749,"date":"2025-09-01T08:49:20","date_gmt":"2025-09-01T06:49:20","guid":{"rendered":"https:\/\/blogs.urz.uni-halle.de\/ortederromanistik\/?page_id=749"},"modified":"2025-10-16T16:14:45","modified_gmt":"2025-10-16T14:14:45","slug":"michel-millie","status":"publish","type":"page","link":"https:\/\/blogs.urz.uni-halle.de\/ortederromanistik\/michel-millie\/","title":{"rendered":"Michel Milli\u00e9"},"content":{"rendered":"\n<p>Milli\u00e9, genannt La Fleur, (gest. 1718) stammte aus Grenoble und kam wohl als Glaubensfl\u00fcchtling nach Deutschland. Sein genauer Lebensweg ist nicht bekannt. <\/p>\n\n\n\n<p>In Halle organisierte Milli\u00e9 schon vor der offiziellen Genehmigung seiner Ritterakademie (1686) Unterricht. Vor allem aber durch die Beherbergung seiner Lehrer und Sch\u00fcler sowie Weinausschank und Landwirtschaft \u2013 er hatte den Graben der Moritzburg daf\u00fcr gepachtet \u2013 flossen ihm sichere Eink\u00fcnfte zu, mit denen er seine \u201ezahlreiche Kinderschar\u201c<a href=\"#_ftn5\">[<\/a><a href=\"#5\">1<\/a><a href=\"#_ftn5\">]<\/a> ern\u00e4hren konnte.<\/p>\n\n\n\n<p>Die bei ihm angestellten Lehrer sollen nach Thomasius\u2018 Aussage ihr Metier wohl verstanden haben.<a href=\"#_ftn6\">[<\/a><a href=\"#6\">2<\/a><a href=\"#_ftn6\">]<\/a> Bei Gr\u00fcndung der Universit\u00e4t wurden ca. 90 Sch\u00fcler und die meisten Lehrer \u00fcbernommen, Milli\u00e9 selbst allerdings nicht, da es Spannungen zwischen ihm und dem Rektor gab. <a href=\"#7\">[3]<\/a>.<\/p>\n\n\n\n<p><\/p>\n\n\n\n<p id=\"4\"><a href=\"#_ftnref5\">[1]<\/a> Neuss 1961&nbsp;:730, Hehlmann 1935:95-96.<\/p>\n\n\n\n<p id=\"6\"><a href=\"#_ftnref6\">[2]<\/a> Vgl. Neuss 1961:731, Tollin 1887 II:57.<\/p>\n\n\n\n<p id=\"7\"><a href=\"#_ftnref7\">[3]<\/a> Edikt wegen la Fleur am 22.4.1693, UAHW,&nbsp; Rep. 3, Nr. 315.<\/p>\n","protected":false},"excerpt":{"rendered":"<p>Milli\u00e9, genannt La Fleur, (gest. 1718) stammte aus Grenoble und kam wohl als Glaubensfl\u00fcchtling nach Deutschland. Sein genauer Lebensweg ist [&hellip;]<\/p>\n","protected":false},"author":6415,"featured_media":0,"parent":0,"menu_order":0,"comment_status":"closed","ping_status":"closed","template":"","meta":{"site-sidebar-layout":"default","site-content-layout":"","ast-site-content-layout":"default","site-content-style":"default","site-sidebar-style":"default","ast-global-header-display":"","ast-banner-title-visibility":"","ast-main-header-display":"","ast-hfb-above-header-display":"","ast-hfb-below-header-display":"","ast-hfb-mobile-header-display":"","site-post-title":"","ast-breadcrumbs-content":"","ast-featured-img":"","footer-sml-layout":"","theme-transparent-header-meta":"default","adv-header-id-meta":"","stick-header-meta":"","header-above-stick-meta":"","header-main-stick-meta":"","header-below-stick-meta":"","astra-migrate-meta-layouts":"set","ast-page-background-enabled":"default","ast-page-background-meta":{"desktop":{"background-color":"var(--ast-global-color-4)","background-image":"","background-repeat":"repeat","background-position":"center center","background-size":"auto","background-attachment":"scroll","background-type":"","background-media":"","overlay-type":"","overlay-color":"","overlay-opacity":"","overlay-gradient":""},"tablet":{"background-color":"","background-image":"","background-repeat":"repeat","background-position":"center center","background-size":"auto","background-attachment":"scroll","background-type":"","background-media":"","overlay-type":"","overlay-color":"","overlay-opacity":"","overlay-gradient":""},"mobile":{"background-color":"","background-image":"","background-repeat":"repeat","background-position":"center center","background-size":"auto","background-attachment":"scroll","background-type":"","background-media":"","overlay-type":"","overlay-color":"","overlay-opacity":"","overlay-gradient":""}},"ast-content-background-meta":{"desktop":{"background-color":"var(--ast-global-color-5)","background-image":"","background-repeat":"repeat","background-position":"center center","background-size":"auto","background-attachment":"scroll","background-type":"","background-media":"","overlay-type":"","overlay-color":"","overlay-opacity":"","overlay-gradient":""},"tablet":{"background-color":"var(--ast-global-color-5)","background-image":"","background-repeat":"repeat","background-position":"center center","background-size":"auto","background-attachment":"scroll","background-type":"","background-media":"","overlay-type":"","overlay-color":"","overlay-opacity":"","overlay-gradient":""},"mobile":{"background-color":"var(--ast-global-color-5)","background-image":"","background-repeat":"repeat","background-position":"center center","background-size":"auto","background-attachment":"scroll","background-type":"","background-media":"","overlay-type":"","overlay-color":"","overlay-opacity":"","overlay-gradient":""}}},"_links":{"self":[{"href":"https:\/\/blogs.urz.uni-halle.de\/ortederromanistik\/wp-json\/wp\/v2\/pages\/749"}],"collection":[{"href":"https:\/\/blogs.urz.uni-halle.de\/ortederromanistik\/wp-json\/wp\/v2\/pages"}],"about":[{"href":"https:\/\/blogs.urz.uni-halle.de\/ortederromanistik\/wp-json\/wp\/v2\/types\/page"}],"author":[{"embeddable":true,"href":"https:\/\/blogs.urz.uni-halle.de\/ortederromanistik\/wp-json\/wp\/v2\/users\/6415"}],"replies":[{"embeddable":true,"href":"https:\/\/blogs.urz.uni-halle.de\/ortederromanistik\/wp-json\/wp\/v2\/comments?post=749"}],"version-history":[{"count":6,"href":"https:\/\/blogs.urz.uni-halle.de\/ortederromanistik\/wp-json\/wp\/v2\/pages\/749\/revisions"}],"predecessor-version":[{"id":1084,"href":"https:\/\/blogs.urz.uni-halle.de\/ortederromanistik\/wp-json\/wp\/v2\/pages\/749\/revisions\/1084"}],"wp:attachment":[{"href":"https:\/\/blogs.urz.uni-halle.de\/ortederromanistik\/wp-json\/wp\/v2\/media?parent=749"}],"curies":[{"name":"wp","href":"https:\/\/api.w.org\/{rel}","templated":true}]}}