{"id":751,"date":"2025-09-01T08:50:28","date_gmt":"2025-09-01T06:50:28","guid":{"rendered":"https:\/\/blogs.urz.uni-halle.de\/ortederromanistik\/?page_id=751"},"modified":"2025-10-16T16:17:50","modified_gmt":"2025-10-16T14:17:50","slug":"berthold-wiese","status":"publish","type":"page","link":"https:\/\/blogs.urz.uni-halle.de\/ortederromanistik\/berthold-wiese\/","title":{"rendered":"Berthold Wiese"},"content":{"rendered":"\n<div class=\"wp-block-image\"><figure class=\"alignleft is-resized\"><img loading=\"lazy\" src=\"https:\/\/blogs.urz.uni-halle.de\/ortederromanistik\/files\/2025\/10\/wieseberthold.jpg\" alt=\"\" class=\"wp-image-1031\" width=\"240\" height=\"330\" srcset=\"https:\/\/blogs.urz.uni-halle.de\/ortederromanistik\/files\/2025\/10\/wieseberthold.jpg 240w, https:\/\/blogs.urz.uni-halle.de\/ortederromanistik\/files\/2025\/10\/wieseberthold-218x300.jpg 218w\" sizes=\"(max-width: 240px) 100vw, 240px\" \/><figcaption><strong>Berthold Wiese<\/strong> (C) Catalogus Professorum Halensis<\/figcaption><\/figure><\/div>\n\n\n\n<p><\/p>\n\n\n\n<p>Wiese (1859-1932) studierte in Berlin und wurde dort 1883 mit einer Arbeit \u00fcber die Sprache des Tesoretto von Brunetto Latini promoviert.<\/p>\n\n\n\n<p>Nach einer T\u00e4tigkeit als Lehrer in Ludwigslust kam er 1886 an die st\u00e4dtische Oberrealschule in Halle. Ab 1889 unterrichtete er zugleich Italienisch am Institut f\u00fcr Romanistik, ab 1900 mit dem Professorentitel, ab 1914 als ordentlicher Honorarprofessor. Er ging 1925 in Ruhestand, lehrte aber bis 1930 weiter.<\/p>\n\n\n\n<p>Wiese ver\u00f6ffentlichte zahlreiche Arbeiten zur \u00e4lteren Sprachstufen des Italienischen, ein Lehrbuch des Altitalienischen, einen Kommentar zu Dantes G\u00f6ttlicher Kom\u00f6die in der \u00dcbersetzung Karl Wittes und edierte auch altitalienische Texte.<\/p>\n\n\n\n<p>1903 wurde er zum Ehrenmitglied der American Dante Society in Cambridge (Massachusetts) ernannt.<\/p>\n\n\n\n<p>Seine umfangreiche italianistische Bibliothek vermachte der testametarisch dem Romanischen Seminar. <\/p>\n\n\n\n<p><strong>Quellen:<\/strong> UAHW, Rep. 11, PA 17028 (Wiese), <a href=\"http:\/\/www.catalogus-professorum-halensis.de\/wieseberthold.html\">http:\/\/www.catalogus-professorum-halensis.de\/wieseberthold.html<\/a><\/p>\n","protected":false},"excerpt":{"rendered":"<p>Wiese (1859-1932) studierte in Berlin und wurde dort 1883 mit einer Arbeit \u00fcber die Sprache des Tesoretto von Brunetto Latini [&hellip;]<\/p>\n","protected":false},"author":6415,"featured_media":0,"parent":0,"menu_order":0,"comment_status":"closed","ping_status":"closed","template":"","meta":{"site-sidebar-layout":"default","site-content-layout":"","ast-site-content-layout":"default","site-content-style":"default","site-sidebar-style":"default","ast-global-header-display":"","ast-banner-title-visibility":"","ast-main-header-display":"","ast-hfb-above-header-display":"","ast-hfb-below-header-display":"","ast-hfb-mobile-header-display":"","site-post-title":"","ast-breadcrumbs-content":"","ast-featured-img":"","footer-sml-layout":"","theme-transparent-header-meta":"default","adv-header-id-meta":"","stick-header-meta":"","header-above-stick-meta":"","header-main-stick-meta":"","header-below-stick-meta":"","astra-migrate-meta-layouts":"set","ast-page-background-enabled":"default","ast-page-background-meta":{"desktop":{"background-color":"var(--ast-global-color-4)","background-image":"","background-repeat":"repeat","background-position":"center center","background-size":"auto","background-attachment":"scroll","background-type":"","background-media":"","overlay-type":"","overlay-color":"","overlay-opacity":"","overlay-gradient":""},"tablet":{"background-color":"","background-image":"","background-repeat":"repeat","background-position":"center center","background-size":"auto","background-attachment":"scroll","background-type":"","background-media":"","overlay-type":"","overlay-color":"","overlay-opacity":"","overlay-gradient":""},"mobile":{"background-color":"","background-image":"","background-repeat":"repeat","background-position":"center center","background-size":"auto","background-attachment":"scroll","background-type":"","background-media":"","overlay-type":"","overlay-color":"","overlay-opacity":"","overlay-gradient":""}},"ast-content-background-meta":{"desktop":{"background-color":"var(--ast-global-color-5)","background-image":"","background-repeat":"repeat","background-position":"center center","background-size":"auto","background-attachment":"scroll","background-type":"","background-media":"","overlay-type":"","overlay-color":"","overlay-opacity":"","overlay-gradient":""},"tablet":{"background-color":"var(--ast-global-color-5)","background-image":"","background-repeat":"repeat","background-position":"center center","background-size":"auto","background-attachment":"scroll","background-type":"","background-media":"","overlay-type":"","overlay-color":"","overlay-opacity":"","overlay-gradient":""},"mobile":{"background-color":"var(--ast-global-color-5)","background-image":"","background-repeat":"repeat","background-position":"center center","background-size":"auto","background-attachment":"scroll","background-type":"","background-media":"","overlay-type":"","overlay-color":"","overlay-opacity":"","overlay-gradient":""}}},"_links":{"self":[{"href":"https:\/\/blogs.urz.uni-halle.de\/ortederromanistik\/wp-json\/wp\/v2\/pages\/751"}],"collection":[{"href":"https:\/\/blogs.urz.uni-halle.de\/ortederromanistik\/wp-json\/wp\/v2\/pages"}],"about":[{"href":"https:\/\/blogs.urz.uni-halle.de\/ortederromanistik\/wp-json\/wp\/v2\/types\/page"}],"author":[{"embeddable":true,"href":"https:\/\/blogs.urz.uni-halle.de\/ortederromanistik\/wp-json\/wp\/v2\/users\/6415"}],"replies":[{"embeddable":true,"href":"https:\/\/blogs.urz.uni-halle.de\/ortederromanistik\/wp-json\/wp\/v2\/comments?post=751"}],"version-history":[{"count":6,"href":"https:\/\/blogs.urz.uni-halle.de\/ortederromanistik\/wp-json\/wp\/v2\/pages\/751\/revisions"}],"predecessor-version":[{"id":1086,"href":"https:\/\/blogs.urz.uni-halle.de\/ortederromanistik\/wp-json\/wp\/v2\/pages\/751\/revisions\/1086"}],"wp:attachment":[{"href":"https:\/\/blogs.urz.uni-halle.de\/ortederromanistik\/wp-json\/wp\/v2\/media?parent=751"}],"curies":[{"name":"wp","href":"https:\/\/api.w.org\/{rel}","templated":true}]}}