{"id":786,"date":"2025-09-01T09:08:16","date_gmt":"2025-09-01T07:08:16","guid":{"rendered":"https:\/\/blogs.urz.uni-halle.de\/ortederromanistik\/?page_id=786"},"modified":"2025-10-16T16:26:14","modified_gmt":"2025-10-16T14:26:14","slug":"tische","status":"publish","type":"page","link":"https:\/\/blogs.urz.uni-halle.de\/ortederromanistik\/tische\/","title":{"rendered":"St\u00fccke aus der Gr\u00fcndungszeit &#8211; die Tische im ewigen Umzug"},"content":{"rendered":"\n<p> Umz\u00fcge sind immer mehr als eine \u00c4nderung des Ortes. Sie sind Anlass f\u00fcr Entr\u00fcmpelung und Neues, insbesondere wenn sie mit einem inhaltlichen oder sogar politischen Neuanfang einhergehen. Dennoch wurden einige Dinge im Institut bewahrt und bei jedem Umzug mitgenommen.<\/p>\n\n\n\n<p>Die \u00e4ltesten erhaltenen St\u00fcck sind die beiden gro\u00dfen Tische, die unmittelbar nach Institutsgr\u00fcndung (wohl 1876) von einem Halleschen Tischler f\u00fcr das Institut angefertigt wurden und die auf vielen der hier gezeigten Fotos zu sehen sind. Sie messen 250&#215;125 cm\u00a0und 170&#215;125 cm und haben Schubladen, damit die damals wenigen Studenten ihre Notizen und B\u00fccher direkt vor Ort verstauen konnten.<\/p>\n\n\n\n<p>Im Laufe der Zeit und der Umz\u00fcge gab es Angebote, die Tische zu kaufen oder auch zu zerhacken, Proteste seitens der Umzugsfirma, sie passten nicht durch das Treppenhaus (Dachritzstra\u00dfe), aber es gelang dann trotz ihrer Ausma\u00dfe doch immer, sie zu erhalten.<\/p>\n\n\n\n<p>2015 sammelten zwei Kolleg*innen anl\u00e4sslich \u201erunder\u201c Geburtstage Spenden. So konnten die Tische aus der Dachritzstra\u00dfe abgeholt und fachm\u00e4nnisch restauriert \u2013 auch die Schubladen sind wieder nutzbar \u2013 zum Steintor-Campus gebracht werden, wo sie heute im Besprechungsraum des Instituts stehen.<br><\/p>\n\n\n\n<figure class=\"wp-block-gallery columns-2 is-cropped\"><ul class=\"blocks-gallery-grid\"><li class=\"blocks-gallery-item\"><figure><img loading=\"lazy\" width=\"435\" height=\"581\" src=\"https:\/\/blogs.urz.uni-halle.de\/ortederromanistik\/files\/2025\/07\/Tisch-1.jpg\" alt=\"\" data-id=\"414\" data-full-url=\"https:\/\/blogs.urz.uni-halle.de\/ortederromanistik\/files\/2025\/07\/Tisch-1.jpg\" data-link=\"https:\/\/blogs.urz.uni-halle.de\/ortederromanistik\/2015-ludwig-wucherer-str-2-2\/tisch-1\/\" class=\"wp-image-414\" srcset=\"https:\/\/blogs.urz.uni-halle.de\/ortederromanistik\/files\/2025\/07\/Tisch-1.jpg 435w, https:\/\/blogs.urz.uni-halle.de\/ortederromanistik\/files\/2025\/07\/Tisch-1-225x300.jpg 225w\" sizes=\"(max-width: 435px) 100vw, 435px\" \/><\/figure><\/li><li class=\"blocks-gallery-item\"><figure><img loading=\"lazy\" width=\"235\" height=\"172\" src=\"https:\/\/blogs.urz.uni-halle.de\/ortederromanistik\/files\/2025\/07\/Tisch-2.png\" alt=\"\" data-id=\"415\" data-full-url=\"https:\/\/blogs.urz.uni-halle.de\/ortederromanistik\/files\/2025\/07\/Tisch-2.png\" data-link=\"https:\/\/blogs.urz.uni-halle.de\/ortederromanistik\/2015-ludwig-wucherer-str-2-2\/tisch-2\/\" class=\"wp-image-415\" \/><\/figure><\/li><\/ul><figcaption class=\"blocks-gallery-caption\">Bild links: Seminarraum um 1955, AIR   Bild rechts: nach dem Umzug auf den Steintorcampus \u00a9 Annette Schiller<br><\/figcaption><\/figure>\n\n\n\n<figure class=\"wp-block-gallery columns-2 is-cropped\"><ul class=\"blocks-gallery-grid\"><li class=\"blocks-gallery-item\"><figure><img loading=\"lazy\" width=\"543\" height=\"407\" src=\"https:\/\/blogs.urz.uni-halle.de\/ortederromanistik\/files\/2025\/07\/Tisch-4.jpg\" alt=\"\" data-id=\"416\" data-full-url=\"https:\/\/blogs.urz.uni-halle.de\/ortederromanistik\/files\/2025\/07\/Tisch-4.jpg\" data-link=\"https:\/\/blogs.urz.uni-halle.de\/ortederromanistik\/2015-ludwig-wucherer-str-2-2\/tisch-4\/\" class=\"wp-image-416\" srcset=\"https:\/\/blogs.urz.uni-halle.de\/ortederromanistik\/files\/2025\/07\/Tisch-4.jpg 543w, https:\/\/blogs.urz.uni-halle.de\/ortederromanistik\/files\/2025\/07\/Tisch-4-300x225.jpg 300w\" sizes=\"(max-width: 543px) 100vw, 543px\" \/><\/figure><\/li><li class=\"blocks-gallery-item\"><figure><img loading=\"lazy\" width=\"517\" height=\"388\" src=\"https:\/\/blogs.urz.uni-halle.de\/ortederromanistik\/files\/2025\/07\/Tisch-5.jpg\" alt=\"\" data-id=\"417\" data-full-url=\"https:\/\/blogs.urz.uni-halle.de\/ortederromanistik\/files\/2025\/07\/Tisch-5.jpg\" data-link=\"https:\/\/blogs.urz.uni-halle.de\/ortederromanistik\/2015-ludwig-wucherer-str-2-2\/tisch-5\/\" class=\"wp-image-417\" srcset=\"https:\/\/blogs.urz.uni-halle.de\/ortederromanistik\/files\/2025\/07\/Tisch-5.jpg 517w, https:\/\/blogs.urz.uni-halle.de\/ortederromanistik\/files\/2025\/07\/Tisch-5-300x225.jpg 300w\" sizes=\"(max-width: 517px) 100vw, 517px\" \/><\/figure><\/li><\/ul><figcaption class=\"blocks-gallery-caption\">Standorte in der Dachritzstra\u00dfe 2011 \u00a9 Annette Schiller<\/figcaption><\/figure>\n\n\n\n<p><br><\/p>\n","protected":false},"excerpt":{"rendered":"<p>Umz\u00fcge sind immer mehr als eine \u00c4nderung des Ortes. Sie sind Anlass f\u00fcr Entr\u00fcmpelung und Neues, insbesondere wenn sie mit [&hellip;]<\/p>\n","protected":false},"author":6415,"featured_media":0,"parent":0,"menu_order":0,"comment_status":"closed","ping_status":"closed","template":"","meta":{"site-sidebar-layout":"default","site-content-layout":"","ast-site-content-layout":"default","site-content-style":"default","site-sidebar-style":"default","ast-global-header-display":"","ast-banner-title-visibility":"","ast-main-header-display":"","ast-hfb-above-header-display":"","ast-hfb-below-header-display":"","ast-hfb-mobile-header-display":"","site-post-title":"","ast-breadcrumbs-content":"","ast-featured-img":"","footer-sml-layout":"","theme-transparent-header-meta":"default","adv-header-id-meta":"","stick-header-meta":"","header-above-stick-meta":"","header-main-stick-meta":"","header-below-stick-meta":"","astra-migrate-meta-layouts":"set","ast-page-background-enabled":"default","ast-page-background-meta":{"desktop":{"background-color":"var(--ast-global-color-4)","background-image":"","background-repeat":"repeat","background-position":"center center","background-size":"auto","background-attachment":"scroll","background-type":"","background-media":"","overlay-type":"","overlay-color":"","overlay-opacity":"","overlay-gradient":""},"tablet":{"background-color":"","background-image":"","background-repeat":"repeat","background-position":"center center","background-size":"auto","background-attachment":"scroll","background-type":"","background-media":"","overlay-type":"","overlay-color":"","overlay-opacity":"","overlay-gradient":""},"mobile":{"background-color":"","background-image":"","background-repeat":"repeat","background-position":"center center","background-size":"auto","background-attachment":"scroll","background-type":"","background-media":"","overlay-type":"","overlay-color":"","overlay-opacity":"","overlay-gradient":""}},"ast-content-background-meta":{"desktop":{"background-color":"var(--ast-global-color-5)","background-image":"","background-repeat":"repeat","background-position":"center center","background-size":"auto","background-attachment":"scroll","background-type":"","background-media":"","overlay-type":"","overlay-color":"","overlay-opacity":"","overlay-gradient":""},"tablet":{"background-color":"var(--ast-global-color-5)","background-image":"","background-repeat":"repeat","background-position":"center center","background-size":"auto","background-attachment":"scroll","background-type":"","background-media":"","overlay-type":"","overlay-color":"","overlay-opacity":"","overlay-gradient":""},"mobile":{"background-color":"var(--ast-global-color-5)","background-image":"","background-repeat":"repeat","background-position":"center center","background-size":"auto","background-attachment":"scroll","background-type":"","background-media":"","overlay-type":"","overlay-color":"","overlay-opacity":"","overlay-gradient":""}}},"_links":{"self":[{"href":"https:\/\/blogs.urz.uni-halle.de\/ortederromanistik\/wp-json\/wp\/v2\/pages\/786"}],"collection":[{"href":"https:\/\/blogs.urz.uni-halle.de\/ortederromanistik\/wp-json\/wp\/v2\/pages"}],"about":[{"href":"https:\/\/blogs.urz.uni-halle.de\/ortederromanistik\/wp-json\/wp\/v2\/types\/page"}],"author":[{"embeddable":true,"href":"https:\/\/blogs.urz.uni-halle.de\/ortederromanistik\/wp-json\/wp\/v2\/users\/6415"}],"replies":[{"embeddable":true,"href":"https:\/\/blogs.urz.uni-halle.de\/ortederromanistik\/wp-json\/wp\/v2\/comments?post=786"}],"version-history":[{"count":6,"href":"https:\/\/blogs.urz.uni-halle.de\/ortederromanistik\/wp-json\/wp\/v2\/pages\/786\/revisions"}],"predecessor-version":[{"id":1089,"href":"https:\/\/blogs.urz.uni-halle.de\/ortederromanistik\/wp-json\/wp\/v2\/pages\/786\/revisions\/1089"}],"wp:attachment":[{"href":"https:\/\/blogs.urz.uni-halle.de\/ortederromanistik\/wp-json\/wp\/v2\/media?parent=786"}],"curies":[{"name":"wp","href":"https:\/\/api.w.org\/{rel}","templated":true}]}}