{"id":803,"date":"2025-09-01T09:17:51","date_gmt":"2025-09-01T07:17:51","guid":{"rendered":"https:\/\/blogs.urz.uni-halle.de\/ortederromanistik\/?page_id=803"},"modified":"2025-09-18T09:26:03","modified_gmt":"2025-09-18T07:26:03","slug":"david-etienne-choffin","status":"publish","type":"page","link":"https:\/\/blogs.urz.uni-halle.de\/ortederromanistik\/david-etienne-choffin\/","title":{"rendered":"David Etienne Choffin"},"content":{"rendered":"\n<p>Choffin (1703-1773), Kaufmannssohn aus der zu W\u00fcrttemberg geh\u00f6renden franz\u00f6sischsprachigen Grafschaft M\u00f6mpelgard \/ Montb\u00e9liard, kam 1734 nach Halle, 1753 wurde er <em>Lecteur public<\/em>. <\/p>\n\n\n\n<p>Unter den Verfassern von Sprachlehrwerken, einer wichtigen Einkommensquelle der Sprachmeister f\u00fcr den eigenen Unterricht, aber auch f\u00fcr andere Lehrende, war er der Bestsellerautor des 18. Jahrhunderts. Choffin verfasste W\u00f6rterb\u00fccher, historische Darstellungen, Anthologien, Grammatiken und Lehrb\u00fccher, die in ganz Europa verwendet wurden. Der Katalog der ULB\u00a0Halle enth\u00e4lt heute noch 84 Eintr\u00e4ge seiner Werke.<\/p>\n\n\n\n<p>Nicht immer gl\u00fccklich war er mit den Sprachkenntnissen seiner deutschen Kollegen: Er bot an, \u201edie Reden so etwa k\u00fcnftig bey einem actu solten franz\u00f6sisch gehalten werden zu \u00fcbersetzen und zu corigiren wenn er auch nichts daf\u00fcr bek\u00e4me\u201c. Er hatte eine Rede eines Franz\u00f6sischlehrerkollegen \u201ein die H\u00e4nde bekommen und gefunden, da\u00df sie sehr unfranz\u00f6sisch sey\u201c.<a href=\"https:\/\/blogs.urz.uni-halle.de\/ortederromanistik\/1689-franckesche-stiftungen\/#2\">[1]<\/a><\/p>\n\n\n\n<hr class=\"wp-block-separator\" \/>\n\n\n\n<p id=\"1\"><a href=\"https:\/\/blogs.urz.uni-halle.de\/ortederromanistik\/1689-franckesche-stiftungen\/#_ftnref1\">[1]<\/a> Vgl. Kuhfu\u00df 2014:421<\/p>\n\n\n\n<p id=\"2\"><\/p>\n","protected":false},"excerpt":{"rendered":"<p>Choffin (1703-1773), Kaufmannssohn aus der zu W\u00fcrttemberg geh\u00f6renden franz\u00f6sischsprachigen Grafschaft M\u00f6mpelgard \/ Montb\u00e9liard, kam 1734 nach Halle, 1753 wurde er [&hellip;]<\/p>\n","protected":false},"author":6415,"featured_media":0,"parent":0,"menu_order":0,"comment_status":"closed","ping_status":"closed","template":"","meta":{"site-sidebar-layout":"default","site-content-layout":"","ast-site-content-layout":"default","site-content-style":"default","site-sidebar-style":"default","ast-global-header-display":"","ast-banner-title-visibility":"","ast-main-header-display":"","ast-hfb-above-header-display":"","ast-hfb-below-header-display":"","ast-hfb-mobile-header-display":"","site-post-title":"","ast-breadcrumbs-content":"","ast-featured-img":"","footer-sml-layout":"","theme-transparent-header-meta":"default","adv-header-id-meta":"","stick-header-meta":"","header-above-stick-meta":"","header-main-stick-meta":"","header-below-stick-meta":"","astra-migrate-meta-layouts":"set","ast-page-background-enabled":"default","ast-page-background-meta":{"desktop":{"background-color":"var(--ast-global-color-4)","background-image":"","background-repeat":"repeat","background-position":"center center","background-size":"auto","background-attachment":"scroll","background-type":"","background-media":"","overlay-type":"","overlay-color":"","overlay-opacity":"","overlay-gradient":""},"tablet":{"background-color":"","background-image":"","background-repeat":"repeat","background-position":"center center","background-size":"auto","background-attachment":"scroll","background-type":"","background-media":"","overlay-type":"","overlay-color":"","overlay-opacity":"","overlay-gradient":""},"mobile":{"background-color":"","background-image":"","background-repeat":"repeat","background-position":"center center","background-size":"auto","background-attachment":"scroll","background-type":"","background-media":"","overlay-type":"","overlay-color":"","overlay-opacity":"","overlay-gradient":""}},"ast-content-background-meta":{"desktop":{"background-color":"var(--ast-global-color-5)","background-image":"","background-repeat":"repeat","background-position":"center center","background-size":"auto","background-attachment":"scroll","background-type":"","background-media":"","overlay-type":"","overlay-color":"","overlay-opacity":"","overlay-gradient":""},"tablet":{"background-color":"var(--ast-global-color-5)","background-image":"","background-repeat":"repeat","background-position":"center center","background-size":"auto","background-attachment":"scroll","background-type":"","background-media":"","overlay-type":"","overlay-color":"","overlay-opacity":"","overlay-gradient":""},"mobile":{"background-color":"var(--ast-global-color-5)","background-image":"","background-repeat":"repeat","background-position":"center center","background-size":"auto","background-attachment":"scroll","background-type":"","background-media":"","overlay-type":"","overlay-color":"","overlay-opacity":"","overlay-gradient":""}}},"_links":{"self":[{"href":"https:\/\/blogs.urz.uni-halle.de\/ortederromanistik\/wp-json\/wp\/v2\/pages\/803"}],"collection":[{"href":"https:\/\/blogs.urz.uni-halle.de\/ortederromanistik\/wp-json\/wp\/v2\/pages"}],"about":[{"href":"https:\/\/blogs.urz.uni-halle.de\/ortederromanistik\/wp-json\/wp\/v2\/types\/page"}],"author":[{"embeddable":true,"href":"https:\/\/blogs.urz.uni-halle.de\/ortederromanistik\/wp-json\/wp\/v2\/users\/6415"}],"replies":[{"embeddable":true,"href":"https:\/\/blogs.urz.uni-halle.de\/ortederromanistik\/wp-json\/wp\/v2\/comments?post=803"}],"version-history":[{"count":4,"href":"https:\/\/blogs.urz.uni-halle.de\/ortederromanistik\/wp-json\/wp\/v2\/pages\/803\/revisions"}],"predecessor-version":[{"id":888,"href":"https:\/\/blogs.urz.uni-halle.de\/ortederromanistik\/wp-json\/wp\/v2\/pages\/803\/revisions\/888"}],"wp:attachment":[{"href":"https:\/\/blogs.urz.uni-halle.de\/ortederromanistik\/wp-json\/wp\/v2\/media?parent=803"}],"curies":[{"name":"wp","href":"https:\/\/api.w.org\/{rel}","templated":true}]}}