{"id":88,"date":"2025-05-28T11:20:33","date_gmt":"2025-05-28T09:20:33","guid":{"rendered":"https:\/\/blogs.urz.uni-halle.de\/ortederromanistik\/?page_id=88"},"modified":"2025-10-17T15:49:34","modified_gmt":"2025-10-17T13:49:34","slug":"1889-domplatz-1","status":"publish","type":"page","link":"https:\/\/blogs.urz.uni-halle.de\/ortederromanistik\/1889-domplatz-1\/","title":{"rendered":"1889: Domplatz 1"},"content":{"rendered":"\n<p>Aufgrund des Anwachsens der Studentenzahlen brauchte das Institut mehr und gr\u00f6\u00dfere R\u00e4ume. Der erste Umzug erfolgte 1889; Institut und Bibliothek wurden nun in der \u201eNeuen Kanzlei&#8220; am Domplatz 1 untergebracht. Da sich dort auch die zahn\u00e4rztliche Klinik und das Labor f\u00fcr Angewandte Chemie befanden, erwiesen sich auch die neuen r\u00e4umlichen Gegebenheiten schnell als ungen\u00fcgend.<\/p>\n\n\n\n<p>Die F\u00fcrstliche Kanzlei, auch Neue Kanzlei genannt, war als Verwaltungsgeb\u00e4ude gebaut worden und beherbergte zun\u00e4chst die erzbisch\u00f6fliche Kammer; im 18. Jahrhundert zog das Landes- und Regierungsarchiv ein, sp\u00e4ter das Oberberg-Amt. Trotz sp\u00e4terer Umbauten erkennt man noch die Struktur der urspr\u00fcnglich zwei Geb\u00e4ude mit einer Durchfahrt. Universit\u00e4tsgeb\u00e4ude war es bis 2001 (zuletzt Fachbereich Genetik). 2003 wurde es vom Land als \u201eSchn\u00e4ppchen\u201c an einen privaten Nutzer verkauft (Mitteldeutsche Zeitung 28. Mai 2003) und wird heute als Wohn-  und Gesch\u00e4ftshaus genutzt.<\/p>\n\n\n\n<figure class=\"wp-block-gallery columns-2 is-cropped\"><ul class=\"blocks-gallery-grid\"><li class=\"blocks-gallery-item\"><figure><img loading=\"lazy\" width=\"961\" height=\"680\" src=\"https:\/\/blogs.urz.uni-halle.de\/ortederromanistik\/files\/2025\/07\/Alte-Kanzlei_alt.jpg\" alt=\"\" data-id=\"281\" data-full-url=\"https:\/\/blogs.urz.uni-halle.de\/ortederromanistik\/files\/2025\/07\/Alte-Kanzlei_alt.jpg\" data-link=\"https:\/\/blogs.urz.uni-halle.de\/ortederromanistik\/1889-domplatz-1\/alte-kanzlei_alt\/\" class=\"wp-image-281\" srcset=\"https:\/\/blogs.urz.uni-halle.de\/ortederromanistik\/files\/2025\/07\/Alte-Kanzlei_alt.jpg 961w, https:\/\/blogs.urz.uni-halle.de\/ortederromanistik\/files\/2025\/07\/Alte-Kanzlei_alt-300x212.jpg 300w, https:\/\/blogs.urz.uni-halle.de\/ortederromanistik\/files\/2025\/07\/Alte-Kanzlei_alt-768x543.jpg 768w\" sizes=\"(max-width: 961px) 100vw, 961px\" \/><figcaption class=\"blocks-gallery-item__caption\"><br><br><br><br><\/figcaption><\/figure><\/li><li class=\"blocks-gallery-item\"><figure><img loading=\"lazy\" width=\"946\" height=\"630\" src=\"https:\/\/blogs.urz.uni-halle.de\/ortederromanistik\/files\/2025\/07\/Alte-Kanzlei_neu-kruemmung.jpg\" alt=\"\" data-id=\"282\" data-full-url=\"https:\/\/blogs.urz.uni-halle.de\/ortederromanistik\/files\/2025\/07\/Alte-Kanzlei_neu-kruemmung.jpg\" data-link=\"https:\/\/blogs.urz.uni-halle.de\/ortederromanistik\/1889-domplatz-1\/alte-kanzlei_neu-kruemmung\/\" class=\"wp-image-282\" srcset=\"https:\/\/blogs.urz.uni-halle.de\/ortederromanistik\/files\/2025\/07\/Alte-Kanzlei_neu-kruemmung.jpg 946w, https:\/\/blogs.urz.uni-halle.de\/ortederromanistik\/files\/2025\/07\/Alte-Kanzlei_neu-kruemmung-300x200.jpg 300w, https:\/\/blogs.urz.uni-halle.de\/ortederromanistik\/files\/2025\/07\/Alte-Kanzlei_neu-kruemmung-768x511.jpg 768w, https:\/\/blogs.urz.uni-halle.de\/ortederromanistik\/files\/2025\/07\/Alte-Kanzlei_neu-kruemmung-272x182.jpg 272w\" sizes=\"(max-width: 946px) 100vw, 946px\" \/><\/figure><\/li><\/ul><figcaption class=\"blocks-gallery-caption\">Bild rechts: UAHW, Rep. 40-III, Nr. 62 (1)<br>Bild links: \u00a9 Martin Beitz, halle-im-bild.de<\/figcaption><\/figure>\n\n\n\n<p><\/p>\n\n\n\n<p><\/p>\n","protected":false},"excerpt":{"rendered":"<p>Aufgrund des Anwachsens der Studentenzahlen brauchte das Institut mehr und gr\u00f6\u00dfere R\u00e4ume. Der erste Umzug erfolgte 1889; Institut und Bibliothek [&hellip;]<\/p>\n","protected":false},"author":5479,"featured_media":0,"parent":0,"menu_order":0,"comment_status":"closed","ping_status":"closed","template":"","meta":{"site-sidebar-layout":"default","site-content-layout":"","ast-site-content-layout":"","site-content-style":"default","site-sidebar-style":"default","ast-global-header-display":"","ast-banner-title-visibility":"","ast-main-header-display":"","ast-hfb-above-header-display":"","ast-hfb-below-header-display":"","ast-hfb-mobile-header-display":"","site-post-title":"","ast-breadcrumbs-content":"","ast-featured-img":"","footer-sml-layout":"","theme-transparent-header-meta":"","adv-header-id-meta":"","stick-header-meta":"","header-above-stick-meta":"","header-main-stick-meta":"","header-below-stick-meta":"","astra-migrate-meta-layouts":"default","ast-page-background-enabled":"default","ast-page-background-meta":{"desktop":{"background-color":"var(--ast-global-color-4)","background-image":"","background-repeat":"repeat","background-position":"center center","background-size":"auto","background-attachment":"scroll","background-type":"","background-media":"","overlay-type":"","overlay-color":"","overlay-opacity":"","overlay-gradient":""},"tablet":{"background-color":"","background-image":"","background-repeat":"repeat","background-position":"center center","background-size":"auto","background-attachment":"scroll","background-type":"","background-media":"","overlay-type":"","overlay-color":"","overlay-opacity":"","overlay-gradient":""},"mobile":{"background-color":"","background-image":"","background-repeat":"repeat","background-position":"center center","background-size":"auto","background-attachment":"scroll","background-type":"","background-media":"","overlay-type":"","overlay-color":"","overlay-opacity":"","overlay-gradient":""}},"ast-content-background-meta":{"desktop":{"background-color":"var(--ast-global-color-5)","background-image":"","background-repeat":"repeat","background-position":"center center","background-size":"auto","background-attachment":"scroll","background-type":"","background-media":"","overlay-type":"","overlay-color":"","overlay-opacity":"","overlay-gradient":""},"tablet":{"background-color":"var(--ast-global-color-5)","background-image":"","background-repeat":"repeat","background-position":"center center","background-size":"auto","background-attachment":"scroll","background-type":"","background-media":"","overlay-type":"","overlay-color":"","overlay-opacity":"","overlay-gradient":""},"mobile":{"background-color":"var(--ast-global-color-5)","background-image":"","background-repeat":"repeat","background-position":"center center","background-size":"auto","background-attachment":"scroll","background-type":"","background-media":"","overlay-type":"","overlay-color":"","overlay-opacity":"","overlay-gradient":""}}},"_links":{"self":[{"href":"https:\/\/blogs.urz.uni-halle.de\/ortederromanistik\/wp-json\/wp\/v2\/pages\/88"}],"collection":[{"href":"https:\/\/blogs.urz.uni-halle.de\/ortederromanistik\/wp-json\/wp\/v2\/pages"}],"about":[{"href":"https:\/\/blogs.urz.uni-halle.de\/ortederromanistik\/wp-json\/wp\/v2\/types\/page"}],"author":[{"embeddable":true,"href":"https:\/\/blogs.urz.uni-halle.de\/ortederromanistik\/wp-json\/wp\/v2\/users\/5479"}],"replies":[{"embeddable":true,"href":"https:\/\/blogs.urz.uni-halle.de\/ortederromanistik\/wp-json\/wp\/v2\/comments?post=88"}],"version-history":[{"count":7,"href":"https:\/\/blogs.urz.uni-halle.de\/ortederromanistik\/wp-json\/wp\/v2\/pages\/88\/revisions"}],"predecessor-version":[{"id":1130,"href":"https:\/\/blogs.urz.uni-halle.de\/ortederromanistik\/wp-json\/wp\/v2\/pages\/88\/revisions\/1130"}],"wp:attachment":[{"href":"https:\/\/blogs.urz.uni-halle.de\/ortederromanistik\/wp-json\/wp\/v2\/media?parent=88"}],"curies":[{"name":"wp","href":"https:\/\/api.w.org\/{rel}","templated":true}]}}