{"id":89,"date":"2025-05-28T11:20:33","date_gmt":"2025-05-28T09:20:33","guid":{"rendered":"https:\/\/blogs.urz.uni-halle.de\/ortederromanistik\/?page_id=89"},"modified":"2025-10-19T09:03:34","modified_gmt":"2025-10-19T07:03:34","slug":"1889-jaegergasse-1","status":"publish","type":"page","link":"https:\/\/blogs.urz.uni-halle.de\/ortederromanistik\/1889-jaegergasse-1\/","title":{"rendered":"1889: J\u00e4gergasse 1"},"content":{"rendered":"\n<p>Noch im selben Jahr 1889 stand wegen der Enge ein weiterer Umzug an, in die J\u00e4gergasse 1. Der Name geht darauf zur\u00fcck, dass unter Administrator August von Sachsen hier Geb\u00e4ude zur Unterbringung von Jagdhunden und Jagdutensilien bestanden, denn der J\u00e4gerberg (heute Sitz der Leopoldina) befindet sich ja in der N\u00e4he.<\/p>\n\n\n\n<p>Das Grundst\u00fcck wurde 1824 von der Universit\u00e4t erworben und zun\u00e4chst f\u00fcr ein physikalisches Labor genutzt. Als 1887 am Paradeplatz (heute Friedemann-Bach-Platz) das Physikalische Institut errichtet worden war, konnten andere Nutzer einziehen, so u.a. verschiedene philologische Seminare und mehrere universit\u00e4re Sammlungen. Dadurch blieb das Problem der r\u00e4umlichen Enge bestehen. So schrieb Dr. Ferdinand Heuckenkamp 1901:<\/p>\n\n\n\n<blockquote class=\"wp-block-quote\"><p><em>Die Bibliothek des roman. Seminars befand sich in fr\u00fcherer Zeit in einem Zimmer des Hauses Domplatz Nr. 1 und siedelte im Jahre 1889 nach dem f\u00fcr die Seminare bestimmten Geb\u00e4ude J\u00e4gergasse Nr. 1 \u00fcber. Die Bibliothek ist hier im ersten Stock aufgestellt<\/em>. <em>Der Bibliotheksraum ist ein einfenstriges Zimmer und hat eine Bodenflache von sechs Schritt in der L\u00e4nge und vier Schritt in der Breite. Das Mobiliar besteht aus zwei St\u00fchlen, einem Tisch (120 x 90 cm), einem zusammenlegbaren Lesepult und einem Stehpult mit einer siebzig Zentimeter breiten Schreibfl\u00e4che und einem mit dem Pulte verbundenem Schr\u00e4nkchen <\/em>(Heuckenkamp 1901:VIII). <\/p><\/blockquote>\n\n\n\n<p>Das Geb\u00e4ude blieb bis 1906 im Besitz der Universit\u00e4t. Sp\u00e4ter waren hier verschiedene Speise- und Tanzlokale untergebracht. Die bis heute erhaltene Bekr\u00f6nung des Portals mit dem Medusenhaupt stammt von einem Vorg\u00e4ngerbau aus der zweiten H\u00e4lfte des 18. Jahrhunderts und ist immer wieder in die Neu- und Umbauten integriert worden.<\/p>\n\n\n\n<div class=\"wp-block-group\"><div class=\"wp-block-group__inner-container\">\n<div class=\"wp-block-group\"><div class=\"wp-block-group__inner-container\">\n<div class=\"wp-block-image\"><figure class=\"alignleft size-large is-resized\"><img loading=\"lazy\" src=\"https:\/\/blogs.urz.uni-halle.de\/ortederromanistik\/files\/2025\/07\/Jaegergasse_Lotys-2.png\" alt=\"\" class=\"wp-image-297\" width=\"168\" height=\"213\" \/><figcaption><br>Die J\u00e4gergasse, Blick von der Kleinen Ulrichstra\u00dfe<em>, <\/em>\u00a9 Ralf Lotys, August 2007 [https:\/\/upload.wikimedia.org\/wikipedia\/commons\/3\/35\/2007-08_Halle_%28Saale%29_01.jpg (letzter Zugriff: 26.06.25)].<\/figcaption><\/figure><\/div>\n\n\n\n<figure class=\"wp-block-image size-large is-resized\"><img loading=\"lazy\" src=\"https:\/\/blogs.urz.uni-halle.de\/ortederromanistik\/files\/2025\/07\/Jaegergasse_Medusa-2.jpg\" alt=\"\" class=\"wp-image-301\" width=\"297\" height=\"223\" srcset=\"https:\/\/blogs.urz.uni-halle.de\/ortederromanistik\/files\/2025\/07\/Jaegergasse_Medusa-2.jpg 365w, https:\/\/blogs.urz.uni-halle.de\/ortederromanistik\/files\/2025\/07\/Jaegergasse_Medusa-2-300x225.jpg 300w\" sizes=\"(max-width: 297px) 100vw, 297px\" \/><figcaption>Sp\u00e4tbarockes Portal am Haus J\u00e4gergasse 1, Halle (Saale), \u00a9 Catatine, M\u00e4rz 2020, [Datei:HAL-J\u00e4gergasse 1 PortalDetail.jpg \u2013 Wikipedia (letzter Zugriff: 15.07.25)].<\/figcaption><\/figure>\n<\/div><\/div>\n\n\n\n<div class=\"wp-block-group\"><div class=\"wp-block-group__inner-container\">\n<div class=\"wp-block-group\"><div class=\"wp-block-group__inner-container\">\n<p><\/p>\n<\/div><\/div>\n\n\n\n<p><\/p>\n<\/div><\/div>\n<\/div><\/div>\n","protected":false},"excerpt":{"rendered":"<p>Noch im selben Jahr 1889 stand wegen der Enge ein weiterer Umzug an, in die J\u00e4gergasse 1. Der Name geht [&hellip;]<\/p>\n","protected":false},"author":5479,"featured_media":0,"parent":0,"menu_order":0,"comment_status":"closed","ping_status":"closed","template":"","meta":{"site-sidebar-layout":"default","site-content-layout":"","ast-site-content-layout":"","site-content-style":"default","site-sidebar-style":"default","ast-global-header-display":"","ast-banner-title-visibility":"","ast-main-header-display":"","ast-hfb-above-header-display":"","ast-hfb-below-header-display":"","ast-hfb-mobile-header-display":"","site-post-title":"","ast-breadcrumbs-content":"","ast-featured-img":"","footer-sml-layout":"","theme-transparent-header-meta":"","adv-header-id-meta":"","stick-header-meta":"","header-above-stick-meta":"","header-main-stick-meta":"","header-below-stick-meta":"","astra-migrate-meta-layouts":"default","ast-page-background-enabled":"default","ast-page-background-meta":{"desktop":{"background-color":"var(--ast-global-color-4)","background-image":"","background-repeat":"repeat","background-position":"center center","background-size":"auto","background-attachment":"scroll","background-type":"","background-media":"","overlay-type":"","overlay-color":"","overlay-opacity":"","overlay-gradient":""},"tablet":{"background-color":"","background-image":"","background-repeat":"repeat","background-position":"center center","background-size":"auto","background-attachment":"scroll","background-type":"","background-media":"","overlay-type":"","overlay-color":"","overlay-opacity":"","overlay-gradient":""},"mobile":{"background-color":"","background-image":"","background-repeat":"repeat","background-position":"center center","background-size":"auto","background-attachment":"scroll","background-type":"","background-media":"","overlay-type":"","overlay-color":"","overlay-opacity":"","overlay-gradient":""}},"ast-content-background-meta":{"desktop":{"background-color":"var(--ast-global-color-5)","background-image":"","background-repeat":"repeat","background-position":"center center","background-size":"auto","background-attachment":"scroll","background-type":"","background-media":"","overlay-type":"","overlay-color":"","overlay-opacity":"","overlay-gradient":""},"tablet":{"background-color":"var(--ast-global-color-5)","background-image":"","background-repeat":"repeat","background-position":"center center","background-size":"auto","background-attachment":"scroll","background-type":"","background-media":"","overlay-type":"","overlay-color":"","overlay-opacity":"","overlay-gradient":""},"mobile":{"background-color":"var(--ast-global-color-5)","background-image":"","background-repeat":"repeat","background-position":"center center","background-size":"auto","background-attachment":"scroll","background-type":"","background-media":"","overlay-type":"","overlay-color":"","overlay-opacity":"","overlay-gradient":""}}},"_links":{"self":[{"href":"https:\/\/blogs.urz.uni-halle.de\/ortederromanistik\/wp-json\/wp\/v2\/pages\/89"}],"collection":[{"href":"https:\/\/blogs.urz.uni-halle.de\/ortederromanistik\/wp-json\/wp\/v2\/pages"}],"about":[{"href":"https:\/\/blogs.urz.uni-halle.de\/ortederromanistik\/wp-json\/wp\/v2\/types\/page"}],"author":[{"embeddable":true,"href":"https:\/\/blogs.urz.uni-halle.de\/ortederromanistik\/wp-json\/wp\/v2\/users\/5479"}],"replies":[{"embeddable":true,"href":"https:\/\/blogs.urz.uni-halle.de\/ortederromanistik\/wp-json\/wp\/v2\/comments?post=89"}],"version-history":[{"count":10,"href":"https:\/\/blogs.urz.uni-halle.de\/ortederromanistik\/wp-json\/wp\/v2\/pages\/89\/revisions"}],"predecessor-version":[{"id":1131,"href":"https:\/\/blogs.urz.uni-halle.de\/ortederromanistik\/wp-json\/wp\/v2\/pages\/89\/revisions\/1131"}],"wp:attachment":[{"href":"https:\/\/blogs.urz.uni-halle.de\/ortederromanistik\/wp-json\/wp\/v2\/media?parent=89"}],"curies":[{"name":"wp","href":"https:\/\/api.w.org\/{rel}","templated":true}]}}