{"id":92,"date":"2025-05-28T11:20:33","date_gmt":"2025-05-28T09:20:33","guid":{"rendered":"https:\/\/blogs.urz.uni-halle.de\/ortederromanistik\/?page_id=92"},"modified":"2025-10-21T13:46:50","modified_gmt":"2025-10-21T11:46:50","slug":"1969-grosser-berlin","status":"publish","type":"page","link":"https:\/\/blogs.urz.uni-halle.de\/ortederromanistik\/1969-grosser-berlin\/","title":{"rendered":"1969: Gro\u00dfe Brauhausstra\u00dfe 18"},"content":{"rendered":"\n<p>1969 erfolgte im Rahmen der dritten Hochschulreform die Gr\u00fcndung der Sektion Sprach- und Literaturwissenschaft und die Institute f\u00fcr Anglistik und Romanistik zogen zum Gro\u00dfen Berlin 11.  Aufgrund der Verwunderung, die diese neue Adresse bei Fachkollegen, vor allem im Ausland, erregte, und zahlreicher damit verbundener postalischer Irrl\u00e4ufer beantragte Institutsdirektor <a href=\"https:\/\/blogs.urz.uni-halle.de\/ortederromanistik\/ulrich-ricken\/\" target=\"_blank\" rel=\"noreferrer noopener\">Ulrich Ricken<\/a>, die Adresse an die der angrenzenden Stra\u00dfe anzugleichen, die neue Anschrift lautete nun: Gro\u00dfe Brauhausstra\u00dfe 17a, heute 18.<\/p>\n\n\n\n<p>Das Institut, das damals zun\u00e4chst Wissenschaftsbereich, sp\u00e4ter Lehrbereich Romanistik hie\u00df, bezog das zweite Obergescho\u00df. Einige Lehrveranstaltungen fanden auch wieder im <a href=\"https:\/\/blogs.urz.uni-halle.de\/ortederromanistik\/1834-universitaetsplatz-11-loewengebaeude\/\" target=\"_blank\" rel=\"noreferrer noopener\">L\u00f6wengeb\u00e4ude<\/a> statt.<\/p>\n\n\n\n<p>Die Bibliothek war auf alle Seminarraume verteilt und belegte zus\u00e4tzlich einen Raum im Erdgescho\u00df, der aber zugleich vom damaligen \u201eAbschnittsbevollm\u00e4chtigten\u201c der Volkspolizei genutzt wurde. Das Magazin befand sich in einem Nebengeb\u00e4ude, im ehemaligen Keller einer B\u00e4ckerei. Manchmal riefen Antiquariate an, dass ihnen B\u00fccher mit dem Stempel der Institutsbibliothek angeboten worden waren. Ab 1970 wurden der Bibliothek R\u00e4ume in den Franckeschen Stiftungen zur Verf\u00fcgung gestellt. <\/p>\n\n\n\n<p>Das markante Geb\u00e4ude selbst wurde 1883 als \u201eSt\u00e4dtisches Aich- und Wageamt\u201c erbaut, beherbergte auch ein B\u00fcro der Handelskammer und um 1900, solange die Moritzburg noch nicht entsprechend ausgebaut war, das \u201eMuseum f\u00fcr Kunst und Kunstgewerbe\u201c. Nach 1990 waren hier u.a. der Mitteldeutsche Verlag, eine juristische Buchhandlung und das Kulturb\u00fcro der Stadt untergebracht.<\/p>\n\n\n\n<figure class=\"wp-block-image size-large\"><img loading=\"lazy\" width=\"797\" height=\"600\" src=\"https:\/\/blogs.urz.uni-halle.de\/ortederromanistik\/files\/2025\/07\/Eich-und-Waageamt.jpg\" alt=\"\" class=\"wp-image-367\" srcset=\"https:\/\/blogs.urz.uni-halle.de\/ortederromanistik\/files\/2025\/07\/Eich-und-Waageamt.jpg 797w, https:\/\/blogs.urz.uni-halle.de\/ortederromanistik\/files\/2025\/07\/Eich-und-Waageamt-300x226.jpg 300w, https:\/\/blogs.urz.uni-halle.de\/ortederromanistik\/files\/2025\/07\/Eich-und-Waageamt-768x578.jpg 768w\" sizes=\"(max-width: 797px) 100vw, 797px\" \/><figcaption>\u00a9 Martin Beitz, halle-im-bild.de<\/figcaption><\/figure>\n\n\n\n<p>In den 1960er Jahren kam es unter dem Institutsdirektor Ulrich Ricken zu einer deutlichen Erh\u00f6hung der Studierendenzahlen und damit auch zu einer betr\u00e4chtlichen Erweiterung des Personalbestandes. Anfang der siebziger Jahre wurden j\u00e4hrlich 60 bis 90 Studenten in drei bis vier Lehramtsfachkombinationen \u2013 immer mit Franz\u00f6sisch \u2013 immatrikuliert.<\/p>\n\n\n\n<p>Auch ein ausgewiesener Hispanist wie der 1969 zun\u00e4chst als Dozent nach Halle gekommene Literaturwissenschaftler  <a rel=\"noreferrer noopener\" href=\"https:\/\/blogs.urz.uni-halle.de\/ortederromanistik\/rudolf-noack\/\" target=\"_blank\">Rudolf Noack<\/a> musste daher in der Lehre fast ausschlie\u00dflich das Franz\u00f6sische vertreten,<\/p>\n\n\n\n<p>Daneben gab es \u2013 und dies musste von den Studierenden immer wieder hartn\u00e4ckig verteidigt und neu gefordert werden \u2013 Sprachunterricht oder Lekt\u00fcrekurse in den anderen romanischen Sprachen. Spanisch, Italienisch und Rum\u00e4nisch waren dabei immer vertreten, Portugiesisch eher selten.<\/p>\n\n\n\n<p>Zum Ende der 1970er Jahre wurde die Hallenser Romanistik durch zentralistische Ma\u00dfnahmen jedoch wieder reduziert und auf die Lehrerausbildung in nur noch einer m\u00f6glichen Fachkombination (Russisch\/Franz\u00f6sisch) und eine \u201eFachrichtung Franz\u00f6sistik\u201c reduziert. Mitte der achtziger Jahre wurde auf Initiative von Gerda Ha\u00dfler, damals die Leiterin der Fachrichtung, begonnen, dieser Verengung entgegenzuwirken und die Hispanistik und Italianistik wieder aufzubauen. Damit war der Boden bereitet f\u00fcr die breitere Entwicklung, die die Romanistik ab 1989 wieder nehmen konnte.<\/p>\n\n\n\n<p>Ein wichtiger Treffpunkt und Arbeitsort war zwischen 1969 und 1990 das nahegelegene Caf\u00e9 Hopfgarten, in der Romanistik auch <a rel=\"noreferrer noopener\" href=\"https:\/\/blogs.urz.uni-halle.de\/ortederromanistik\/hoersaal-1-3\/\" target=\"_blank\">\u201eH\u00f6rsaal 1\u201c<\/a> genannt.<\/p>\n\n\n\n<p><\/p>\n","protected":false},"excerpt":{"rendered":"<p>1969 erfolgte im Rahmen der dritten Hochschulreform die Gr\u00fcndung der Sektion Sprach- und Literaturwissenschaft und die Institute f\u00fcr Anglistik und [&hellip;]<\/p>\n","protected":false},"author":5479,"featured_media":0,"parent":0,"menu_order":0,"comment_status":"closed","ping_status":"closed","template":"","meta":{"site-sidebar-layout":"default","site-content-layout":"","ast-site-content-layout":"","site-content-style":"default","site-sidebar-style":"default","ast-global-header-display":"","ast-banner-title-visibility":"","ast-main-header-display":"","ast-hfb-above-header-display":"","ast-hfb-below-header-display":"","ast-hfb-mobile-header-display":"","site-post-title":"","ast-breadcrumbs-content":"","ast-featured-img":"","footer-sml-layout":"","theme-transparent-header-meta":"","adv-header-id-meta":"","stick-header-meta":"","header-above-stick-meta":"","header-main-stick-meta":"","header-below-stick-meta":"","astra-migrate-meta-layouts":"default","ast-page-background-enabled":"default","ast-page-background-meta":{"desktop":{"background-color":"var(--ast-global-color-4)","background-image":"","background-repeat":"repeat","background-position":"center center","background-size":"auto","background-attachment":"scroll","background-type":"","background-media":"","overlay-type":"","overlay-color":"","overlay-opacity":"","overlay-gradient":""},"tablet":{"background-color":"","background-image":"","background-repeat":"repeat","background-position":"center center","background-size":"auto","background-attachment":"scroll","background-type":"","background-media":"","overlay-type":"","overlay-color":"","overlay-opacity":"","overlay-gradient":""},"mobile":{"background-color":"","background-image":"","background-repeat":"repeat","background-position":"center center","background-size":"auto","background-attachment":"scroll","background-type":"","background-media":"","overlay-type":"","overlay-color":"","overlay-opacity":"","overlay-gradient":""}},"ast-content-background-meta":{"desktop":{"background-color":"var(--ast-global-color-5)","background-image":"","background-repeat":"repeat","background-position":"center center","background-size":"auto","background-attachment":"scroll","background-type":"","background-media":"","overlay-type":"","overlay-color":"","overlay-opacity":"","overlay-gradient":""},"tablet":{"background-color":"var(--ast-global-color-5)","background-image":"","background-repeat":"repeat","background-position":"center center","background-size":"auto","background-attachment":"scroll","background-type":"","background-media":"","overlay-type":"","overlay-color":"","overlay-opacity":"","overlay-gradient":""},"mobile":{"background-color":"var(--ast-global-color-5)","background-image":"","background-repeat":"repeat","background-position":"center center","background-size":"auto","background-attachment":"scroll","background-type":"","background-media":"","overlay-type":"","overlay-color":"","overlay-opacity":"","overlay-gradient":""}}},"_links":{"self":[{"href":"https:\/\/blogs.urz.uni-halle.de\/ortederromanistik\/wp-json\/wp\/v2\/pages\/92"}],"collection":[{"href":"https:\/\/blogs.urz.uni-halle.de\/ortederromanistik\/wp-json\/wp\/v2\/pages"}],"about":[{"href":"https:\/\/blogs.urz.uni-halle.de\/ortederromanistik\/wp-json\/wp\/v2\/types\/page"}],"author":[{"embeddable":true,"href":"https:\/\/blogs.urz.uni-halle.de\/ortederromanistik\/wp-json\/wp\/v2\/users\/5479"}],"replies":[{"embeddable":true,"href":"https:\/\/blogs.urz.uni-halle.de\/ortederromanistik\/wp-json\/wp\/v2\/comments?post=92"}],"version-history":[{"count":9,"href":"https:\/\/blogs.urz.uni-halle.de\/ortederromanistik\/wp-json\/wp\/v2\/pages\/92\/revisions"}],"predecessor-version":[{"id":1064,"href":"https:\/\/blogs.urz.uni-halle.de\/ortederromanistik\/wp-json\/wp\/v2\/pages\/92\/revisions\/1064"}],"wp:attachment":[{"href":"https:\/\/blogs.urz.uni-halle.de\/ortederromanistik\/wp-json\/wp\/v2\/media?parent=92"}],"curies":[{"name":"wp","href":"https:\/\/api.w.org\/{rel}","templated":true}]}}