{"id":93,"date":"2025-05-28T11:20:33","date_gmt":"2025-05-28T09:20:33","guid":{"rendered":"https:\/\/blogs.urz.uni-halle.de\/ortederromanistik\/?page_id=93"},"modified":"2025-10-22T09:29:36","modified_gmt":"2025-10-22T07:29:36","slug":"1990-gimritzer-damm","status":"publish","type":"page","link":"https:\/\/blogs.urz.uni-halle.de\/ortederromanistik\/1990-gimritzer-damm\/","title":{"rendered":"1990: Gimritzer Damm 2"},"content":{"rendered":"\n<p><br>Mit den gesellschaftlichen Ver\u00e4nderungen 1989\/90 stand der n\u00e4chste Umzug an, denn es zeichnete sich schnell ab, dass die Romanistik mehr Platz brauchte. Gerda Ha\u00dfler, damals Leiterin der sogenannten \u201eFachrichtung Franz\u00f6sistik\u201c, beschrieb die Situation Ende 1989:<\/p>\n\n\n\n<blockquote class=\"wp-block-quote\"><p><em>Wir \u00f6ffneten die romanistischen Studieng\u00e4nge f\u00fcr alle Interessierten, zun\u00e4chst mit dem Ergebnis, dass uns aus der Anglistik, die unter unserer Etage untergebracht war, die Baupolizei geschickt wurde, da wegen des Gewichts der vielen Leute die Decke einen Riss bekommen hatte. Die seit Mitte der siebziger Jahre wieder geschrumpfte Romanistik platzte nun aus allen N\u00e4hten (Ha\u00dfler 2020:198<\/em><\/p><\/blockquote>\n\n\n\n<p><\/p>\n\n\n\n<figure class=\"wp-block-gallery columns-2 is-cropped\"><ul class=\"blocks-gallery-grid\"><li class=\"blocks-gallery-item\"><figure><img loading=\"lazy\" width=\"1024\" height=\"679\" src=\"https:\/\/blogs.urz.uni-halle.de\/ortederromanistik\/files\/2025\/07\/Gimritzer-Damm_Brummert-1024x679.jpg\" alt=\"\" data-id=\"373\" data-full-url=\"https:\/\/blogs.urz.uni-halle.de\/ortederromanistik\/files\/2025\/07\/Gimritzer-Damm_Brummert-scaled.jpg\" data-link=\"https:\/\/blogs.urz.uni-halle.de\/ortederromanistik\/1990-gimritzer-damm\/gimritzer-damm_brummert\/\" class=\"wp-image-373\" srcset=\"https:\/\/blogs.urz.uni-halle.de\/ortederromanistik\/files\/2025\/07\/Gimritzer-Damm_Brummert-1024x679.jpg 1024w, https:\/\/blogs.urz.uni-halle.de\/ortederromanistik\/files\/2025\/07\/Gimritzer-Damm_Brummert-300x199.jpg 300w, https:\/\/blogs.urz.uni-halle.de\/ortederromanistik\/files\/2025\/07\/Gimritzer-Damm_Brummert-768x509.jpg 768w, https:\/\/blogs.urz.uni-halle.de\/ortederromanistik\/files\/2025\/07\/Gimritzer-Damm_Brummert-1536x1018.jpg 1536w, https:\/\/blogs.urz.uni-halle.de\/ortederromanistik\/files\/2025\/07\/Gimritzer-Damm_Brummert-2048x1357.jpg 2048w\" sizes=\"(max-width: 1024px) 100vw, 1024px\" \/><\/figure><\/li><li class=\"blocks-gallery-item\"><figure><img loading=\"lazy\" width=\"1024\" height=\"768\" src=\"https:\/\/blogs.urz.uni-halle.de\/ortederromanistik\/files\/2025\/07\/Stasi-Bezirksverwaltung-Hal-1024x768.jpg\" alt=\"\" data-id=\"374\" data-full-url=\"https:\/\/blogs.urz.uni-halle.de\/ortederromanistik\/files\/2025\/07\/Stasi-Bezirksverwaltung-Hal.jpg\" data-link=\"https:\/\/blogs.urz.uni-halle.de\/ortederromanistik\/1990-gimritzer-damm\/stasi-bezirksverwaltung-hal\/\" class=\"wp-image-374\" srcset=\"https:\/\/blogs.urz.uni-halle.de\/ortederromanistik\/files\/2025\/07\/Stasi-Bezirksverwaltung-Hal-1024x768.jpg 1024w, https:\/\/blogs.urz.uni-halle.de\/ortederromanistik\/files\/2025\/07\/Stasi-Bezirksverwaltung-Hal-300x225.jpg 300w, https:\/\/blogs.urz.uni-halle.de\/ortederromanistik\/files\/2025\/07\/Stasi-Bezirksverwaltung-Hal-768x576.jpg 768w, https:\/\/blogs.urz.uni-halle.de\/ortederromanistik\/files\/2025\/07\/Stasi-Bezirksverwaltung-Hal-1536x1152.jpg 1536w, https:\/\/blogs.urz.uni-halle.de\/ortederromanistik\/files\/2025\/07\/Stasi-Bezirksverwaltung-Hal.jpg 1632w\" sizes=\"(max-width: 1024px) 100vw, 1024px\" \/><\/figure><\/li><\/ul><figcaption class=\"blocks-gallery-caption\">Bild links: \u00a9 Ulrike Brummert, 1997: Gimritzer Damm. AIR. Bild rechts: \u00a9 Bettenburg, Mai 2006, CC BY-SA 2.0 DE [&lt;https:\/\/creativecommons.org\/licenses\/by-sa\/2.0\/de\/deed.en (letzter Zugriff: 15.07.25)].<\/figcaption><\/figure>\n\n\n\n<p><\/p>\n\n\n\n<p>Im Fr\u00fchjahr 1990 wurde der Universit\u00e4t durch den \u201eRunden Tisch\u201c der Stadt Halle das Geb\u00e4ude der Bezirksverwaltung Halle des aufgel\u00f6sten Ministeriums f\u00fcr Staatssicherheit am Gimritzer Damm 2 zugewiesen und im Juni 1990 zog das Institut dorthin. Kurze Zeit sp\u00e4ter war klar, dass die Stadt gar kein Recht dazu gehabt hatte. Die gerade noch existierende DDR \u00fcbergab das Geb\u00e4ude dem Land Sachsen-Anhalt und das Finanzamt Halle-West zog ein. Alles in diesem Geb\u00e4ude atmete den \u201eCharme\u201c der 70er Jahre: vom Festsaal, der sp\u00e4ter Bibliothekslesesaal wurde (siehe Fotos), \u00fcber die Flure und die zugigen Fenster bis hin zu den M\u00f6beln und Einbauschr\u00e4nken der Staatssicherheit, die in allen R\u00e4umen auf die neuen Nutzer warteten.<\/p>\n\n\n\n<figure class=\"wp-block-gallery columns-3 is-cropped\"><ul class=\"blocks-gallery-grid\"><li class=\"blocks-gallery-item\"><figure><img loading=\"lazy\" width=\"220\" height=\"246\" src=\"https:\/\/blogs.urz.uni-halle.de\/ortederromanistik\/files\/2025\/07\/Stasianum_1.png\" alt=\"\" data-id=\"375\" data-full-url=\"https:\/\/blogs.urz.uni-halle.de\/ortederromanistik\/files\/2025\/07\/Stasianum_1.png\" data-link=\"https:\/\/blogs.urz.uni-halle.de\/ortederromanistik\/1990-gimritzer-damm\/stasianum_1\/\" class=\"wp-image-375\" \/><\/figure><\/li><li class=\"blocks-gallery-item\"><figure><img loading=\"lazy\" width=\"225\" height=\"245\" src=\"https:\/\/blogs.urz.uni-halle.de\/ortederromanistik\/files\/2025\/07\/Stasianum_2.png\" alt=\"\" data-id=\"376\" data-full-url=\"https:\/\/blogs.urz.uni-halle.de\/ortederromanistik\/files\/2025\/07\/Stasianum_2.png\" data-link=\"https:\/\/blogs.urz.uni-halle.de\/ortederromanistik\/1990-gimritzer-damm\/stasianum_2\/\" class=\"wp-image-376\" \/><\/figure><\/li><li class=\"blocks-gallery-item\"><figure><img loading=\"lazy\" width=\"504\" height=\"352\" src=\"https:\/\/blogs.urz.uni-halle.de\/ortederromanistik\/files\/2025\/07\/Stasianum_3.png\" alt=\"\" data-id=\"377\" data-full-url=\"https:\/\/blogs.urz.uni-halle.de\/ortederromanistik\/files\/2025\/07\/Stasianum_3.png\" data-link=\"https:\/\/blogs.urz.uni-halle.de\/ortederromanistik\/1990-gimritzer-damm\/stasianum_3\/\" class=\"wp-image-377\" srcset=\"https:\/\/blogs.urz.uni-halle.de\/ortederromanistik\/files\/2025\/07\/Stasianum_3.png 504w, https:\/\/blogs.urz.uni-halle.de\/ortederromanistik\/files\/2025\/07\/Stasianum_3-300x210.png 300w\" sizes=\"(max-width: 504px) 100vw, 504px\" \/><\/figure><\/li><\/ul><figcaption class=\"blocks-gallery-caption\">\u00a9 W. M\u00e4rten<\/figcaption><\/figure>\n\n\n\n<p><\/p>\n\n\n\n<p>Thomas Bremer beschreibt die Situation sp\u00e4ter wie folgt:<\/p>\n\n\n\n<blockquote class=\"wp-block-quote\"><p><em>Es gibt vermutlich nicht viele so emblematische Bilder f\u00fcr den Umbruch nach 1990 in Halle wie das Ex-Stasi-Geb\u00e4ude am Gimritzer Damm. Kaum war es \u00fcberst\u00fcrzt vom \u201eSchild und Schwert der Partei\u201c ger\u00e4umt worden (das sich \u00fcber drei Etagen erstreckende abmontierte Metall-Wappen war als Schatten noch Jahre sp\u00e4ter auf den Mauern zu erkennen), da zogen in die unteren Etagen das Finanzamt, in die oberen die Martin-Luther-Universit\u00e4t mit ihren Neuphilologien ein. Im obersten Stock befand sich fortan die Romanistik, die wie die Anglistik ein Stockwerk darunter in k\u00fcrzester Zeit von einem streng zulassungsreglementierten zu einem studentischen Massenfach geworden war <\/em>(Thomas Bremer: Nachruf f\u00fcr Heinz Thoma).<\/p><\/blockquote>\n\n\n\n<p>Diese neue Gr\u00f6\u00dfe des Faches l\u00e4sst sich auch an der Zahl der neu berufenen Professorinnen und Professoren ablesen. In den Jahren 1993 bis 1998 wurden Heinz Thoma und Thomas Bremer f\u00fcr die Literaturwissenschaft, Edeltraud Werner und Ralph Ludwig f\u00fcr die Sprachwissenschaft, Dorothee R\u00f6seberg f\u00fcr die Kulturwissenschaft und Eynar Leupold f\u00fcr die Fachdidaktik berufen.<\/p>\n\n\n\n<p> <\/p>\n\n\n\n<figure class=\"wp-block-gallery columns-3 is-cropped\"><ul class=\"blocks-gallery-grid\"><li class=\"blocks-gallery-item\"><figure><img loading=\"lazy\" width=\"554\" height=\"369\" src=\"https:\/\/blogs.urz.uni-halle.de\/ortederromanistik\/files\/2025\/07\/GD_Bib-1.jpg\" alt=\"\" data-id=\"378\" data-full-url=\"https:\/\/blogs.urz.uni-halle.de\/ortederromanistik\/files\/2025\/07\/GD_Bib-1.jpg\" data-link=\"https:\/\/blogs.urz.uni-halle.de\/ortederromanistik\/1990-gimritzer-damm\/gd_bib-1\/\" class=\"wp-image-378\" srcset=\"https:\/\/blogs.urz.uni-halle.de\/ortederromanistik\/files\/2025\/07\/GD_Bib-1.jpg 554w, https:\/\/blogs.urz.uni-halle.de\/ortederromanistik\/files\/2025\/07\/GD_Bib-1-300x200.jpg 300w, https:\/\/blogs.urz.uni-halle.de\/ortederromanistik\/files\/2025\/07\/GD_Bib-1-272x182.jpg 272w\" sizes=\"(max-width: 554px) 100vw, 554px\" \/><\/figure><\/li><li class=\"blocks-gallery-item\"><figure><img loading=\"lazy\" width=\"545\" height=\"363\" src=\"https:\/\/blogs.urz.uni-halle.de\/ortederromanistik\/files\/2025\/07\/GD_Bib-2.jpg\" alt=\"\" data-id=\"379\" data-full-url=\"https:\/\/blogs.urz.uni-halle.de\/ortederromanistik\/files\/2025\/07\/GD_Bib-2.jpg\" data-link=\"https:\/\/blogs.urz.uni-halle.de\/ortederromanistik\/1990-gimritzer-damm\/gd_bib-2\/\" class=\"wp-image-379\" srcset=\"https:\/\/blogs.urz.uni-halle.de\/ortederromanistik\/files\/2025\/07\/GD_Bib-2.jpg 545w, https:\/\/blogs.urz.uni-halle.de\/ortederromanistik\/files\/2025\/07\/GD_Bib-2-300x200.jpg 300w, https:\/\/blogs.urz.uni-halle.de\/ortederromanistik\/files\/2025\/07\/GD_Bib-2-272x182.jpg 272w\" sizes=\"(max-width: 545px) 100vw, 545px\" \/><\/figure><\/li><li class=\"blocks-gallery-item\"><figure><img loading=\"lazy\" width=\"521\" height=\"391\" src=\"https:\/\/blogs.urz.uni-halle.de\/ortederromanistik\/files\/2025\/07\/GD_Bib-3.jpg\" alt=\"\" data-id=\"380\" data-full-url=\"https:\/\/blogs.urz.uni-halle.de\/ortederromanistik\/files\/2025\/07\/GD_Bib-3.jpg\" data-link=\"https:\/\/blogs.urz.uni-halle.de\/ortederromanistik\/1990-gimritzer-damm\/gd_bib-3\/\" class=\"wp-image-380\" srcset=\"https:\/\/blogs.urz.uni-halle.de\/ortederromanistik\/files\/2025\/07\/GD_Bib-3.jpg 521w, https:\/\/blogs.urz.uni-halle.de\/ortederromanistik\/files\/2025\/07\/GD_Bib-3-300x225.jpg 300w\" sizes=\"(max-width: 521px) 100vw, 521px\" \/><\/figure><\/li><\/ul><figcaption class=\"blocks-gallery-caption\">Er\u00f6ffnung des Bibliothekslesesaals im ehemaligen Festsaal der Stasi, 1998. \u00a9 Wolfgang Starke<\/figcaption><\/figure>\n\n\n\n<p><\/p>\n\n\n\n<p>Bereits ab 1989 suchten auch Lehrer*innen, die eine romanische Sprache studieren wollten, unseren Rat. Damit begann die Geschichte der \u201eBerufsbegleitenden Studieng\u00e4nge\u201c. Ein erster von uns konzipierter \u201eSonderstudiengang Franz\u00f6sisch&#8220; startete mit Genehmigung des Rektors der MLU vom 21.8.1990; ein Jahr sp\u00e4ter, nach Gr\u00fcndung des Bundeslandes Sachsen-Anhalt und Beginn der Umstrukturierung der Schulen in Sekundarschulen und Gymnasien wurde diese Weiterbildung vom Kultusministerium mit dem offiziellen &#8222;Segen&#8220; versehen. Von 1993 bis 1998 arbeiteten wir nach dem von der franz\u00f6sischen Fernstudienvereinigung F.I.E.D. entwickelten Programm f\u00fcr die neuen Bundesl\u00e4nder.<\/p>\n\n\n\n<p>Ebenfalls schon 1990 hatten sich Studierende f\u00fcr das Fach Spanisch eingeschrieben, die sich erst im Laufe ihres Studiums als Gruppe berufsbegleitend Studierender zu erkennen gaben. Sie hatten die Chance gesehen, die spanische Sprache, die sie bereits zumeist aus privaten Gr\u00fcnden gelernt hatten, als Schulfach zu unterrichten. Der erste berufsbegleitende Studiengang Italienisch begann im Wintersemester 1993.<\/p>\n\n\n\n<p>Insgesamt schlossen ca. 400 berufsbegleitend Studierende ein solches Studium mit dem Ersten Staatsexamen ab.<\/p>\n\n\n\n<p>Da nun schon feststand, dass die Universit\u00e4tsinstitute wieder ausziehen mussten, gab es bereits zu Ende des Jahres 1992 neue \u00dcberlegungen; so war vom Umzug in die ehemaligen Geb\u00e4ude der P\u00e4dagogischen Hochschule am Brandbergweg die Rede und schon Anfang 1994 lud der damalige Dekan zu einer Besichtigung des Hauses Dachritzstra\u00dfe 12 ein. Vor dem Auszug aus dem Gimritzer Damm sollte jedoch ein bewegtes Leben im Hause selbst stehen, denn die ganze Zeit wurde von hausinternen Umz\u00fcgen und Bauarbeiten des Finanzamtes begleitet.<\/p>\n\n\n\n<p>Das Geb\u00e4ude wurde Anfang der 70er Jahre nach einem Entwurf von Richard Paulick als Sitz der Bezirksverwaltung der Bezirksverwaltung Halle der DDR-Staatssicherheit gebaut. Der Gesamtkomplex umfasste ein ca. acht Hektar gro\u00dfes, ehemals eingez\u00e4untes Gel\u00e4nde mit Verwaltungsgeb\u00e4uden, einem medizinischen Zentrum, Friseursalon, Sauna, Garagen und einer Sporthalle. Das ehemalige Hauptverwaltungsgeb\u00e4ude wurde bis 2016 weiter vom Finanzamt genutzt, seitdem steht es leer. 2024 entstand eine Initiative, die das Geb\u00e4ude in ein \u201eGemeinschaftsamt\u201d umwandeln und als &#8222;Ort des kreativen Arbeitens und Lebens\u201d mit Ateliers, Probe- und Veranstaltungsr\u00e4umen nutzen will.<\/p>\n","protected":false},"excerpt":{"rendered":"<p>Mit den gesellschaftlichen Ver\u00e4nderungen 1989\/90 stand der n\u00e4chste Umzug an, denn es zeichnete sich schnell ab, dass die Romanistik mehr [&hellip;]<\/p>\n","protected":false},"author":5479,"featured_media":0,"parent":0,"menu_order":0,"comment_status":"closed","ping_status":"closed","template":"","meta":{"site-sidebar-layout":"default","site-content-layout":"","ast-site-content-layout":"","site-content-style":"default","site-sidebar-style":"default","ast-global-header-display":"","ast-banner-title-visibility":"","ast-main-header-display":"","ast-hfb-above-header-display":"","ast-hfb-below-header-display":"","ast-hfb-mobile-header-display":"","site-post-title":"","ast-breadcrumbs-content":"","ast-featured-img":"","footer-sml-layout":"","theme-transparent-header-meta":"","adv-header-id-meta":"","stick-header-meta":"","header-above-stick-meta":"","header-main-stick-meta":"","header-below-stick-meta":"","astra-migrate-meta-layouts":"default","ast-page-background-enabled":"default","ast-page-background-meta":{"desktop":{"background-color":"var(--ast-global-color-4)","background-image":"","background-repeat":"repeat","background-position":"center center","background-size":"auto","background-attachment":"scroll","background-type":"","background-media":"","overlay-type":"","overlay-color":"","overlay-opacity":"","overlay-gradient":""},"tablet":{"background-color":"","background-image":"","background-repeat":"repeat","background-position":"center center","background-size":"auto","background-attachment":"scroll","background-type":"","background-media":"","overlay-type":"","overlay-color":"","overlay-opacity":"","overlay-gradient":""},"mobile":{"background-color":"","background-image":"","background-repeat":"repeat","background-position":"center center","background-size":"auto","background-attachment":"scroll","background-type":"","background-media":"","overlay-type":"","overlay-color":"","overlay-opacity":"","overlay-gradient":""}},"ast-content-background-meta":{"desktop":{"background-color":"var(--ast-global-color-5)","background-image":"","background-repeat":"repeat","background-position":"center center","background-size":"auto","background-attachment":"scroll","background-type":"","background-media":"","overlay-type":"","overlay-color":"","overlay-opacity":"","overlay-gradient":""},"tablet":{"background-color":"var(--ast-global-color-5)","background-image":"","background-repeat":"repeat","background-position":"center center","background-size":"auto","background-attachment":"scroll","background-type":"","background-media":"","overlay-type":"","overlay-color":"","overlay-opacity":"","overlay-gradient":""},"mobile":{"background-color":"var(--ast-global-color-5)","background-image":"","background-repeat":"repeat","background-position":"center center","background-size":"auto","background-attachment":"scroll","background-type":"","background-media":"","overlay-type":"","overlay-color":"","overlay-opacity":"","overlay-gradient":""}}},"_links":{"self":[{"href":"https:\/\/blogs.urz.uni-halle.de\/ortederromanistik\/wp-json\/wp\/v2\/pages\/93"}],"collection":[{"href":"https:\/\/blogs.urz.uni-halle.de\/ortederromanistik\/wp-json\/wp\/v2\/pages"}],"about":[{"href":"https:\/\/blogs.urz.uni-halle.de\/ortederromanistik\/wp-json\/wp\/v2\/types\/page"}],"author":[{"embeddable":true,"href":"https:\/\/blogs.urz.uni-halle.de\/ortederromanistik\/wp-json\/wp\/v2\/users\/5479"}],"replies":[{"embeddable":true,"href":"https:\/\/blogs.urz.uni-halle.de\/ortederromanistik\/wp-json\/wp\/v2\/comments?post=93"}],"version-history":[{"count":10,"href":"https:\/\/blogs.urz.uni-halle.de\/ortederromanistik\/wp-json\/wp\/v2\/pages\/93\/revisions"}],"predecessor-version":[{"id":1163,"href":"https:\/\/blogs.urz.uni-halle.de\/ortederromanistik\/wp-json\/wp\/v2\/pages\/93\/revisions\/1163"}],"wp:attachment":[{"href":"https:\/\/blogs.urz.uni-halle.de\/ortederromanistik\/wp-json\/wp\/v2\/media?parent=93"}],"curies":[{"name":"wp","href":"https:\/\/api.w.org\/{rel}","templated":true}]}}