{"id":94,"date":"2025-05-28T11:20:33","date_gmt":"2025-05-28T09:20:33","guid":{"rendered":"https:\/\/blogs.urz.uni-halle.de\/ortederromanistik\/?page_id=94"},"modified":"2025-10-27T09:34:57","modified_gmt":"2025-10-27T08:34:57","slug":"2001-dachritzstrasse12","status":"publish","type":"page","link":"https:\/\/blogs.urz.uni-halle.de\/ortederromanistik\/2001-dachritzstrasse12\/","title":{"rendered":"2001: Dachritzstra\u00dfe 12"},"content":{"rendered":"\n<figure class=\"wp-block-gallery columns-2 is-cropped\"><ul class=\"blocks-gallery-grid\"><li class=\"blocks-gallery-item\"><figure><img loading=\"lazy\" width=\"483\" height=\"302\" src=\"https:\/\/blogs.urz.uni-halle.de\/ortederromanistik\/files\/2025\/07\/Dachritzstr.-2.jpg\" alt=\"\" data-id=\"383\" data-full-url=\"https:\/\/blogs.urz.uni-halle.de\/ortederromanistik\/files\/2025\/07\/Dachritzstr.-2.jpg\" data-link=\"https:\/\/blogs.urz.uni-halle.de\/ortederromanistik\/2001-dachritzstrasse12\/dachritzstr-2\/\" class=\"wp-image-383\" srcset=\"https:\/\/blogs.urz.uni-halle.de\/ortederromanistik\/files\/2025\/07\/Dachritzstr.-2.jpg 483w, https:\/\/blogs.urz.uni-halle.de\/ortederromanistik\/files\/2025\/07\/Dachritzstr.-2-300x188.jpg 300w\" sizes=\"(max-width: 483px) 100vw, 483px\" \/><\/figure><\/li><li class=\"blocks-gallery-item\"><figure><img loading=\"lazy\" width=\"556\" height=\"371\" src=\"https:\/\/blogs.urz.uni-halle.de\/ortederromanistik\/files\/2025\/07\/Dachritzstr.-3.jpg\" alt=\"\" data-id=\"384\" data-full-url=\"https:\/\/blogs.urz.uni-halle.de\/ortederromanistik\/files\/2025\/07\/Dachritzstr.-3.jpg\" data-link=\"https:\/\/blogs.urz.uni-halle.de\/ortederromanistik\/2001-dachritzstrasse12\/dachritzstr-3\/\" class=\"wp-image-384\" srcset=\"https:\/\/blogs.urz.uni-halle.de\/ortederromanistik\/files\/2025\/07\/Dachritzstr.-3.jpg 556w, https:\/\/blogs.urz.uni-halle.de\/ortederromanistik\/files\/2025\/07\/Dachritzstr.-3-300x200.jpg 300w, https:\/\/blogs.urz.uni-halle.de\/ortederromanistik\/files\/2025\/07\/Dachritzstr.-3-272x182.jpg 272w\" sizes=\"(max-width: 556px) 100vw, 556px\" \/><\/figure><\/li><\/ul><figcaption class=\"blocks-gallery-caption\">\u00a9 Heidrun W\u00f6llenweber<\/figcaption><\/figure>\n\n\n\n<figure class=\"wp-block-image size-large\"><img loading=\"lazy\" width=\"593\" height=\"395\" src=\"https:\/\/blogs.urz.uni-halle.de\/ortederromanistik\/files\/2025\/07\/Dachritzstr.-4.jpg\" alt=\"\" class=\"wp-image-385\" srcset=\"https:\/\/blogs.urz.uni-halle.de\/ortederromanistik\/files\/2025\/07\/Dachritzstr.-4.jpg 593w, https:\/\/blogs.urz.uni-halle.de\/ortederromanistik\/files\/2025\/07\/Dachritzstr.-4-300x200.jpg 300w, https:\/\/blogs.urz.uni-halle.de\/ortederromanistik\/files\/2025\/07\/Dachritzstr.-4-272x182.jpg 272w\" sizes=\"(max-width: 593px) 100vw, 593px\" \/><figcaption>\u00a9 Gabriele Gromann<\/figcaption><\/figure>\n\n\n\n<p>Die Dachritzstra\u00dfe (bis 1893 Dachritzgasse) wurde benannt nach einer im 15. Jahrhundert aus dem Dorfe Dachritz (auch Tacheritz; heute Gemeinde Petersberg) eingewanderten Familie. Das heutige Geb\u00e4ude wurde ab 1896\/1897 f\u00fcr die Druckerei der Hallischen Nachrichten erbaut und bis in die 1990er Jahre als Druckereistandort genutzt.<\/p>\n\n\n\n<div class=\"wp-block-image\"><figure class=\"alignleft size-large is-resized\"><img loading=\"lazy\" src=\"https:\/\/blogs.urz.uni-halle.de\/ortederromanistik\/files\/2025\/07\/Dachritzstr._1.png\" alt=\"\" class=\"wp-image-382\" width=\"386\" height=\"249\" srcset=\"https:\/\/blogs.urz.uni-halle.de\/ortederromanistik\/files\/2025\/07\/Dachritzstr._1.png 515w, https:\/\/blogs.urz.uni-halle.de\/ortederromanistik\/files\/2025\/07\/Dachritzstr._1-300x193.png 300w\" sizes=\"(max-width: 386px) 100vw, 386px\" \/><\/figure><\/div>\n\n\n\n<figure class=\"wp-block-gallery columns-1 is-cropped\"><ul class=\"blocks-gallery-grid\"><li class=\"blocks-gallery-item\"><figure><img loading=\"lazy\" width=\"144\" height=\"300\" src=\"https:\/\/blogs.urz.uni-halle.de\/ortederromanistik\/files\/2025\/07\/Dachritzstr.-8-144x300.jpg\" alt=\"\" data-id=\"389\" data-full-url=\"https:\/\/blogs.urz.uni-halle.de\/ortederromanistik\/files\/2025\/07\/Dachritzstr.-8.jpg\" data-link=\"https:\/\/blogs.urz.uni-halle.de\/ortederromanistik\/2001-dachritzstrasse12\/dachritzstr-8\/\" class=\"wp-image-389\" srcset=\"https:\/\/blogs.urz.uni-halle.de\/ortederromanistik\/files\/2025\/07\/Dachritzstr.-8-144x300.jpg 144w, https:\/\/blogs.urz.uni-halle.de\/ortederromanistik\/files\/2025\/07\/Dachritzstr.-8.jpg 347w\" sizes=\"(max-width: 144px) 100vw, 144px\" \/><\/figure><\/li><\/ul><figcaption class=\"blocks-gallery-caption\">Die Vergangenheit als Druckereigeb\u00e4ude ist auch heute noch sichtbar an der Aufschrift im Hof und dem Fenster im Treppenaufgang, das das Wappen der Buchdruckerzunft zeigt.<br>\u00a9 C\u00e9dric Ludwig, Annette Schiller<\/figcaption><\/figure>\n\n\n\n<p><\/p>\n\n\n\n<p>Nachdem bereits seit 1994 die Rede davon war, in die Dachritzstra\u00dfe zu ziehen, gab es immer wieder andere Vorstellungen, auch befeuert durch das Land, das immer kleinere Vorgaben f\u00fcr die n\u00f6tigen Fl\u00e4chen machte. Ganz so schlimm wie zwischendurch bef\u00fcrchtet kam es dann doch nicht und im Januar 2001 zog das Institut f\u00fcr Romanistik ebenso wie die Institute f\u00fcr Anglistik\/Amerikanistik und Slavistik hier ein.<\/p>\n\n\n\n<p>Das frisch renovierte Haus wurde vom Land Sachsen-Anhalt angemietet. Die R\u00e4ume waren hell, klein, schlecht zu bel\u00fcften und es gab erneut zu wenige davon, der Unterricht fand also z.T. wieder am <a rel=\"noreferrer noopener\" href=\"https:\/\/blogs.urz.uni-halle.de\/ortederromanistik\/1834-universitaetsplatz-11-loewengebaeude\/\" target=\"_blank\">Universit\u00e4tsplatz <\/a>statt. Und die Nutzer lernten mehrere Banken, Insolvenzverwalter und deren Beauftragte kennen, da das Haus durch Konkurse immer wieder an andere Hauseigent\u00fcmer fiel. Heute ist hier u.a. der Sitz des Archivs und des Zentrums f\u00fcr Lehrer*innenbildung der Universit\u00e4t.<\/p>\n\n\n\n<figure class=\"wp-block-gallery columns-2 is-cropped\"><ul class=\"blocks-gallery-grid\"><li class=\"blocks-gallery-item\"><figure><img loading=\"lazy\" width=\"400\" height=\"533\" src=\"https:\/\/blogs.urz.uni-halle.de\/ortederromanistik\/files\/2025\/07\/Dachritzstr.-6.jpg\" alt=\"\" data-id=\"387\" data-full-url=\"https:\/\/blogs.urz.uni-halle.de\/ortederromanistik\/files\/2025\/07\/Dachritzstr.-6.jpg\" data-link=\"https:\/\/blogs.urz.uni-halle.de\/ortederromanistik\/2001-dachritzstrasse12\/dachritzstr-6\/\" class=\"wp-image-387\" srcset=\"https:\/\/blogs.urz.uni-halle.de\/ortederromanistik\/files\/2025\/07\/Dachritzstr.-6.jpg 400w, https:\/\/blogs.urz.uni-halle.de\/ortederromanistik\/files\/2025\/07\/Dachritzstr.-6-225x300.jpg 225w\" sizes=\"(max-width: 400px) 100vw, 400px\" \/><\/figure><\/li><li class=\"blocks-gallery-item\"><figure><img loading=\"lazy\" width=\"1024\" height=\"767\" src=\"https:\/\/blogs.urz.uni-halle.de\/ortederromanistik\/files\/2025\/07\/Dachritzstr.-7-1-1024x767.jpg\" alt=\"\" data-id=\"478\" data-full-url=\"https:\/\/blogs.urz.uni-halle.de\/ortederromanistik\/files\/2025\/07\/Dachritzstr.-7-1.jpg\" data-link=\"https:\/\/blogs.urz.uni-halle.de\/ortederromanistik\/2001-dachritzstrasse12\/dachritzstr-7-1\/\" class=\"wp-image-478\" srcset=\"https:\/\/blogs.urz.uni-halle.de\/ortederromanistik\/files\/2025\/07\/Dachritzstr.-7-1-1024x767.jpg 1024w, https:\/\/blogs.urz.uni-halle.de\/ortederromanistik\/files\/2025\/07\/Dachritzstr.-7-1-300x225.jpg 300w, https:\/\/blogs.urz.uni-halle.de\/ortederromanistik\/files\/2025\/07\/Dachritzstr.-7-1-768x575.jpg 768w, https:\/\/blogs.urz.uni-halle.de\/ortederromanistik\/files\/2025\/07\/Dachritzstr.-7-1.jpg 1140w\" sizes=\"(max-width: 1024px) 100vw, 1024px\" \/><\/figure><\/li><\/ul><\/figure>\n\n\n\n<p>(C) C\u00e9dric Ludwig<\/p>\n\n\n\n<p><\/p>\n\n\n\n<p>Mit der Berufung von <a href=\"https:\/\/blogs.urz.uni-halle.de\/ortederromanistik\/dorothee-roeseberg\/\" target=\"_blank\" rel=\"noreferrer noopener\">Dorothee R\u00f6seberg<\/a> konnte die Kulturwissenschaft fest im Curriculum der romanistischen Studieng\u00e4nge verankert werden. Prof. R\u00f6seberg konzipierte und etablierte zudem den innovativen Studiengang \u201eInterkulturelle Europa- und Amerikastudien (IKEAS, Bachelor und Master) sowie einen Binationalen BA IKEAS\/LEA gemeinsam mit der Universit\u00e4t Paris X-Nanterre. Diese interdisziplin\u00e4ren Studieng\u00e4nge verbinden eine fundierte Fremdsprachenkompetenz mit interkulturellem Wissen und Kompetenzen der Kulturmittlung. Neben den romanischen Kulturr\u00e4umen sind auch die Bereiche Anglistik\/Amerikanistik, Slavistik (Russisch, Polnisch, S\u00fcdslavistik) und Germanistik beteiligt.<\/p>\n\n\n\n<p>Im Rahmen der Lehramtsausbildung entwickelte die Professorin f\u00fcr die Fachdidaktik der romanischen Sprachen <a rel=\"noreferrer noopener\" href=\"https:\/\/blogs.urz.uni-halle.de\/ortederromanistik\/eva-leitzke-ungerer\/\" target=\"_blank\">Eva Leitzke-Ungerer<\/a> gemeinsam mit apl. Prof. Christophe Losfeld ab 2010 den Zertifikatskurs \u201eBilingualer Sachfachunterricht\u201c, der sowohl bereits ausgebildete Lehrer*innen als auch Lehramtsstudierende auf das Unterrichten eines Sachfaches (z.B. Biologie, Geographie, Geschichte, Informatik, Musik) in einer gew\u00e4hlten Fremdsprache (m\u00f6glich sind Englisch, Franz\u00f6sisch, Italienisch, Russisch und Spanisch).<\/p>\n","protected":false},"excerpt":{"rendered":"<p>Die Dachritzstra\u00dfe (bis 1893 Dachritzgasse) wurde benannt nach einer im 15. Jahrhundert aus dem Dorfe Dachritz (auch Tacheritz; heute Gemeinde [&hellip;]<\/p>\n","protected":false},"author":5479,"featured_media":0,"parent":0,"menu_order":0,"comment_status":"closed","ping_status":"closed","template":"","meta":{"site-sidebar-layout":"default","site-content-layout":"","ast-site-content-layout":"","site-content-style":"default","site-sidebar-style":"default","ast-global-header-display":"","ast-banner-title-visibility":"","ast-main-header-display":"","ast-hfb-above-header-display":"","ast-hfb-below-header-display":"","ast-hfb-mobile-header-display":"","site-post-title":"","ast-breadcrumbs-content":"","ast-featured-img":"","footer-sml-layout":"","theme-transparent-header-meta":"","adv-header-id-meta":"","stick-header-meta":"","header-above-stick-meta":"","header-main-stick-meta":"","header-below-stick-meta":"","astra-migrate-meta-layouts":"default","ast-page-background-enabled":"default","ast-page-background-meta":{"desktop":{"background-color":"var(--ast-global-color-4)","background-image":"","background-repeat":"repeat","background-position":"center center","background-size":"auto","background-attachment":"scroll","background-type":"","background-media":"","overlay-type":"","overlay-color":"","overlay-opacity":"","overlay-gradient":""},"tablet":{"background-color":"","background-image":"","background-repeat":"repeat","background-position":"center center","background-size":"auto","background-attachment":"scroll","background-type":"","background-media":"","overlay-type":"","overlay-color":"","overlay-opacity":"","overlay-gradient":""},"mobile":{"background-color":"","background-image":"","background-repeat":"repeat","background-position":"center center","background-size":"auto","background-attachment":"scroll","background-type":"","background-media":"","overlay-type":"","overlay-color":"","overlay-opacity":"","overlay-gradient":""}},"ast-content-background-meta":{"desktop":{"background-color":"var(--ast-global-color-5)","background-image":"","background-repeat":"repeat","background-position":"center center","background-size":"auto","background-attachment":"scroll","background-type":"","background-media":"","overlay-type":"","overlay-color":"","overlay-opacity":"","overlay-gradient":""},"tablet":{"background-color":"var(--ast-global-color-5)","background-image":"","background-repeat":"repeat","background-position":"center center","background-size":"auto","background-attachment":"scroll","background-type":"","background-media":"","overlay-type":"","overlay-color":"","overlay-opacity":"","overlay-gradient":""},"mobile":{"background-color":"var(--ast-global-color-5)","background-image":"","background-repeat":"repeat","background-position":"center center","background-size":"auto","background-attachment":"scroll","background-type":"","background-media":"","overlay-type":"","overlay-color":"","overlay-opacity":"","overlay-gradient":""}}},"_links":{"self":[{"href":"https:\/\/blogs.urz.uni-halle.de\/ortederromanistik\/wp-json\/wp\/v2\/pages\/94"}],"collection":[{"href":"https:\/\/blogs.urz.uni-halle.de\/ortederromanistik\/wp-json\/wp\/v2\/pages"}],"about":[{"href":"https:\/\/blogs.urz.uni-halle.de\/ortederromanistik\/wp-json\/wp\/v2\/types\/page"}],"author":[{"embeddable":true,"href":"https:\/\/blogs.urz.uni-halle.de\/ortederromanistik\/wp-json\/wp\/v2\/users\/5479"}],"replies":[{"embeddable":true,"href":"https:\/\/blogs.urz.uni-halle.de\/ortederromanistik\/wp-json\/wp\/v2\/comments?post=94"}],"version-history":[{"count":10,"href":"https:\/\/blogs.urz.uni-halle.de\/ortederromanistik\/wp-json\/wp\/v2\/pages\/94\/revisions"}],"predecessor-version":[{"id":1174,"href":"https:\/\/blogs.urz.uni-halle.de\/ortederromanistik\/wp-json\/wp\/v2\/pages\/94\/revisions\/1174"}],"wp:attachment":[{"href":"https:\/\/blogs.urz.uni-halle.de\/ortederromanistik\/wp-json\/wp\/v2\/media?parent=94"}],"curies":[{"name":"wp","href":"https:\/\/api.w.org\/{rel}","templated":true}]}}