{"id":952,"date":"2025-09-22T10:36:23","date_gmt":"2025-09-22T08:36:23","guid":{"rendered":"https:\/\/blogs.urz.uni-halle.de\/ortederromanistik\/?page_id=952"},"modified":"2025-10-16T16:50:15","modified_gmt":"2025-10-16T14:50:15","slug":"hoersaal-1-3","status":"publish","type":"page","link":"https:\/\/blogs.urz.uni-halle.de\/ortederromanistik\/hoersaal-1-3\/","title":{"rendered":"&#8222;H\u00f6rsaal 1&#8220; &#8211; das Caf\u00e9 Hopfgarten"},"content":{"rendered":"\n<p><\/p>\n\n\n\n<figure class=\"wp-block-image size-large is-resized\"><img loading=\"lazy\" src=\"https:\/\/blogs.urz.uni-halle.de\/ortederromanistik\/files\/2025\/10\/20250829_110424-1024x800.jpg\" alt=\"\" class=\"wp-image-1023\" width=\"618\" height=\"483\" srcset=\"https:\/\/blogs.urz.uni-halle.de\/ortederromanistik\/files\/2025\/10\/20250829_110424-1024x800.jpg 1024w, https:\/\/blogs.urz.uni-halle.de\/ortederromanistik\/files\/2025\/10\/20250829_110424-300x235.jpg 300w, https:\/\/blogs.urz.uni-halle.de\/ortederromanistik\/files\/2025\/10\/20250829_110424-768x600.jpg 768w, https:\/\/blogs.urz.uni-halle.de\/ortederromanistik\/files\/2025\/10\/20250829_110424-1536x1201.jpg 1536w, https:\/\/blogs.urz.uni-halle.de\/ortederromanistik\/files\/2025\/10\/20250829_110424.jpg 1750w\" sizes=\"(max-width: 618px) 100vw, 618px\" \/><figcaption>Caf\u00e9 Hopfgarten, (C) Annette Schiller<\/figcaption><\/figure>\n\n\n\n<p>Als das Institut 1969 in die Gro\u00dfe Brauhausstra\u00dfe zog, freuten sich die Kolleginnen und Kollegen und Studierende \u00fcber das am Franckeplatz befindliche gem\u00fctliche Caf\u00e9, ein bisschen im Wiener Stil mit Marmoirtischen, gutem Kaffee und hervorragendem Kuchen. Es wurde wichtiger Treffpunkt und Arbeitsort und sehr bald &#8222;H\u00f6rsaal 1&#8220; genannt.<\/p>\n\n\n\n<p>Hier wurde gelesen, geschrieben, franz\u00f6sische Konversation getrieben, f\u00fcr Pr\u00fcfungen gelernt; Lehrende und Studiernede trafen sich ganz zwanglos. F\u00fcr Besprechungen und Konsultationen war es auch deshalb wichtig, weil viele der Mitarbeitenden im Institut keinen eigenen Arbeitsplatz hatten. Als im kalten Winter 1977\/78 die Heizung des Institutes eingefroren war, wurden hier auch Pr\u00fcfungen abgelegt.<\/p>\n\n\n\n<p><\/p>\n\n\n\n<figure class=\"wp-block-image size-large is-resized\"><img loading=\"lazy\" src=\"https:\/\/blogs.urz.uni-halle.de\/ortederromanistik\/files\/2025\/10\/Cafe-Hopfgarten-Oktober-1995-1024x683.jpg\" alt=\"\" class=\"wp-image-1024\" width=\"646\" height=\"430\" srcset=\"https:\/\/blogs.urz.uni-halle.de\/ortederromanistik\/files\/2025\/10\/Cafe-Hopfgarten-Oktober-1995-1024x683.jpg 1024w, https:\/\/blogs.urz.uni-halle.de\/ortederromanistik\/files\/2025\/10\/Cafe-Hopfgarten-Oktober-1995-300x200.jpg 300w, https:\/\/blogs.urz.uni-halle.de\/ortederromanistik\/files\/2025\/10\/Cafe-Hopfgarten-Oktober-1995-768x512.jpg 768w, https:\/\/blogs.urz.uni-halle.de\/ortederromanistik\/files\/2025\/10\/Cafe-Hopfgarten-Oktober-1995-1536x1024.jpg 1536w, https:\/\/blogs.urz.uni-halle.de\/ortederromanistik\/files\/2025\/10\/Cafe-Hopfgarten-Oktober-1995-2048x1365.jpg 2048w, https:\/\/blogs.urz.uni-halle.de\/ortederromanistik\/files\/2025\/10\/Cafe-Hopfgarten-Oktober-1995-272x182.jpg 272w\" sizes=\"(max-width: 646px) 100vw, 646px\" \/><figcaption>Caf\u00e9 Hopfgarten, 1995 (c) mit freundlicher Genehmigung durch Caf\u00e9 Hopfgarten, Doreen Barth<\/figcaption><\/figure>\n","protected":false},"excerpt":{"rendered":"<p>Als das Institut 1969 in die Gro\u00dfe Brauhausstra\u00dfe zog, freuten sich die Kolleginnen und Kollegen und Studierende \u00fcber das am [&hellip;]<\/p>\n","protected":false},"author":6415,"featured_media":0,"parent":0,"menu_order":0,"comment_status":"closed","ping_status":"closed","template":"","meta":{"site-sidebar-layout":"default","site-content-layout":"","ast-site-content-layout":"","site-content-style":"default","site-sidebar-style":"default","ast-global-header-display":"","ast-banner-title-visibility":"","ast-main-header-display":"","ast-hfb-above-header-display":"","ast-hfb-below-header-display":"","ast-hfb-mobile-header-display":"","site-post-title":"","ast-breadcrumbs-content":"","ast-featured-img":"","footer-sml-layout":"","theme-transparent-header-meta":"","adv-header-id-meta":"","stick-header-meta":"","header-above-stick-meta":"","header-main-stick-meta":"","header-below-stick-meta":"","astra-migrate-meta-layouts":"default","ast-page-background-enabled":"default","ast-page-background-meta":{"desktop":{"background-color":"var(--ast-global-color-4)","background-image":"","background-repeat":"repeat","background-position":"center center","background-size":"auto","background-attachment":"scroll","background-type":"","background-media":"","overlay-type":"","overlay-color":"","overlay-opacity":"","overlay-gradient":""},"tablet":{"background-color":"","background-image":"","background-repeat":"repeat","background-position":"center center","background-size":"auto","background-attachment":"scroll","background-type":"","background-media":"","overlay-type":"","overlay-color":"","overlay-opacity":"","overlay-gradient":""},"mobile":{"background-color":"","background-image":"","background-repeat":"repeat","background-position":"center center","background-size":"auto","background-attachment":"scroll","background-type":"","background-media":"","overlay-type":"","overlay-color":"","overlay-opacity":"","overlay-gradient":""}},"ast-content-background-meta":{"desktop":{"background-color":"var(--ast-global-color-5)","background-image":"","background-repeat":"repeat","background-position":"center center","background-size":"auto","background-attachment":"scroll","background-type":"","background-media":"","overlay-type":"","overlay-color":"","overlay-opacity":"","overlay-gradient":""},"tablet":{"background-color":"var(--ast-global-color-5)","background-image":"","background-repeat":"repeat","background-position":"center center","background-size":"auto","background-attachment":"scroll","background-type":"","background-media":"","overlay-type":"","overlay-color":"","overlay-opacity":"","overlay-gradient":""},"mobile":{"background-color":"var(--ast-global-color-5)","background-image":"","background-repeat":"repeat","background-position":"center center","background-size":"auto","background-attachment":"scroll","background-type":"","background-media":"","overlay-type":"","overlay-color":"","overlay-opacity":"","overlay-gradient":""}}},"_links":{"self":[{"href":"https:\/\/blogs.urz.uni-halle.de\/ortederromanistik\/wp-json\/wp\/v2\/pages\/952"}],"collection":[{"href":"https:\/\/blogs.urz.uni-halle.de\/ortederromanistik\/wp-json\/wp\/v2\/pages"}],"about":[{"href":"https:\/\/blogs.urz.uni-halle.de\/ortederromanistik\/wp-json\/wp\/v2\/types\/page"}],"author":[{"embeddable":true,"href":"https:\/\/blogs.urz.uni-halle.de\/ortederromanistik\/wp-json\/wp\/v2\/users\/6415"}],"replies":[{"embeddable":true,"href":"https:\/\/blogs.urz.uni-halle.de\/ortederromanistik\/wp-json\/wp\/v2\/comments?post=952"}],"version-history":[{"count":7,"href":"https:\/\/blogs.urz.uni-halle.de\/ortederromanistik\/wp-json\/wp\/v2\/pages\/952\/revisions"}],"predecessor-version":[{"id":1094,"href":"https:\/\/blogs.urz.uni-halle.de\/ortederromanistik\/wp-json\/wp\/v2\/pages\/952\/revisions\/1094"}],"wp:attachment":[{"href":"https:\/\/blogs.urz.uni-halle.de\/ortederromanistik\/wp-json\/wp\/v2\/media?parent=952"}],"curies":[{"name":"wp","href":"https:\/\/api.w.org\/{rel}","templated":true}]}}