{"id":32,"date":"2018-08-03T14:42:06","date_gmt":"2018-08-03T12:42:06","guid":{"rendered":"https:\/\/blogs.urz.uni-halle.de\/paulineshalle\/?page_id=32"},"modified":"2018-08-03T16:10:58","modified_gmt":"2018-08-03T14:10:58","slug":"ueber-mich","status":"publish","type":"page","link":"https:\/\/blogs.urz.uni-halle.de\/paulineshalle\/ueber-mich\/","title":{"rendered":"\u00dcber mich"},"content":{"rendered":"<div class=\"twoclick_social_bookmarks_post_32 social_share_privacy clearfix 1.6.4 locale-de_DE sprite-de_DE\"><\/div><div class=\"twoclick-js\"><script type=\"text\/javascript\">\/* <![CDATA[ *\/\njQuery(document).ready(function($){if($('.twoclick_social_bookmarks_post_32')){$('.twoclick_social_bookmarks_post_32').socialSharePrivacy({\"txt_help\":\"Wenn Sie diese Felder durch einen Klick aktivieren, werden Informationen an Facebook, Twitter, Flattr, Xing, t3n, LinkedIn, Pinterest oder Google eventuell ins Ausland \\u00fcbertragen und unter Umst\\u00e4nden auch dort gespeichert. N\\u00e4heres erfahren Sie durch einen Klick auf das <em>i<\\\/em>.\",\"settings_perma\":\"Dauerhaft aktivieren und Daten\\u00fcber-tragung zustimmen:\",\"info_link\":\"http:\\\/\\\/www.heise.de\\\/ct\\\/artikel\\\/2-Klicks-fuer-mehr-Datenschutz-1333879.html\",\"uri\":\"https:\\\/\\\/blogs.urz.uni-halle.de\\\/paulineshalle\\\/ueber-mich\\\/\",\"post_id\":32,\"post_title_referrer_track\":\"%C3%9Cber+mich\",\"display_infobox\":\"on\"});}});\n\/* ]]> *\/<\/script><\/div><p><img loading=\"lazy\" class=\" wp-image-33 aligncenter\" src=\"https:\/\/blogs.urz.uni-halle.de\/paulineshalle\/files\/2018\/08\/2018-07-02-00.12.50-300x200.jpg\" alt=\"\" width=\"393\" height=\"262\" srcset=\"https:\/\/blogs.urz.uni-halle.de\/paulineshalle\/files\/2018\/08\/2018-07-02-00.12.50-300x200.jpg 300w, https:\/\/blogs.urz.uni-halle.de\/paulineshalle\/files\/2018\/08\/2018-07-02-00.12.50-768x512.jpg 768w, https:\/\/blogs.urz.uni-halle.de\/paulineshalle\/files\/2018\/08\/2018-07-02-00.12.50-1024x683.jpg 1024w, https:\/\/blogs.urz.uni-halle.de\/paulineshalle\/files\/2018\/08\/2018-07-02-00.12.50.jpg 1296w\" sizes=\"(max-width: 393px) 100vw, 393px\" \/><\/p>\n<p style=\"text-align: center\">Hallihallo und willkommen auf meinem <strong>Blog<\/strong>, der einen Teil meines <strong>Abgabeprojekts<\/strong> f\u00fcr das <strong>Modul 1.3 Grundlagen der Mediengestaltung Multimedia<\/strong> darstellt. Dieses bildet einen Teil meines Studiums der Medien- und Kommunikationswissenschaft an der MLU in Halle (Saale).<\/p>\n<p style=\"text-align: center\">Aber wer bin ich eigentlich? Mein Name ist <strong>Pauline<\/strong>, ich bin 20 Jahre alt und ganz offensichtlich<strong> leidenschaftliche Hobbyfotografin<\/strong>. Auf dieser Seite m\u00f6chte ich einige meiner Fotos ver\u00f6ffentlichen. \u00a0Diese entstehen h\u00e4ufig auf meinen sogenannten &#8222;photowalks&#8220;, die ich am liebsten mit meinem guten Freund Lambert (der \u00fcbrigens auch das obrige Foto von mir geschossen hat) unternehme. Ver\u00f6ffentlicht werden diese dann auf meinem <strong>Instagram-Profil\u00a0<a href=\"https:\/\/www.instagram.com\/paulinesview\/\" target=\"_blank\" rel=\"noopener\">@paulinesview<\/a><\/strong>.<\/p>\n<p style=\"text-align: center\">Meine Kamera ist die <strong>Canon EOS 100D<\/strong>, die ich entweder mit dem Standardobjektiv (18-55mm) oder einem zus\u00e4tzlichen Objektiv (18-135mm) verwende. Zudem bevorzuge ich es ein Stativ f\u00fcr meine close-ups zu verwenden.<\/p>\n<p style=\"text-align: center\">Beim Fotografieren habe ich immer eines meiner Lieblingszitate zur Fotografie im Hinterkopf, mit dem ich diesen kleinen Vorstellungstext abschlie\u00dfen m\u00f6chte:<\/p>\n<blockquote>\n<p style=\"text-align: center\">Ein gutes Foto ist ein Foto, auf das man l\u00e4nger als eine Sekunde schaut.\u00a0\u2013 Henri Cartier-Bresson<\/p>\n<\/blockquote>\n","protected":false},"excerpt":{"rendered":"<p>Hallihallo und willkommen auf meinem Blog, der einen Teil meines Abgabeprojekts f\u00fcr das Modul 1.3 Grundlagen der Mediengestaltung Multimedia darstellt. Dieses bildet einen Teil meines Studiums der Medien- und Kommunikationswissenschaft an der MLU in Halle (Saale). Aber wer bin ich eigentlich? Mein Name ist Pauline, ich bin 20 Jahre alt und ganz offensichtlich leidenschaftliche Hobbyfotografin. &hellip; <\/p>\n<p class=\"link-more\"><a href=\"https:\/\/blogs.urz.uni-halle.de\/paulineshalle\/ueber-mich\/\" class=\"more-link\"><span class=\"screen-reader-text\">\u201e\u00dcber mich\u201c<\/span> weiterlesen<\/a><\/p>\n","protected":false},"author":3478,"featured_media":0,"parent":0,"menu_order":0,"comment_status":"closed","ping_status":"closed","template":"","meta":[],"_links":{"self":[{"href":"https:\/\/blogs.urz.uni-halle.de\/paulineshalle\/wp-json\/wp\/v2\/pages\/32"}],"collection":[{"href":"https:\/\/blogs.urz.uni-halle.de\/paulineshalle\/wp-json\/wp\/v2\/pages"}],"about":[{"href":"https:\/\/blogs.urz.uni-halle.de\/paulineshalle\/wp-json\/wp\/v2\/types\/page"}],"author":[{"embeddable":true,"href":"https:\/\/blogs.urz.uni-halle.de\/paulineshalle\/wp-json\/wp\/v2\/users\/3478"}],"replies":[{"embeddable":true,"href":"https:\/\/blogs.urz.uni-halle.de\/paulineshalle\/wp-json\/wp\/v2\/comments?post=32"}],"version-history":[{"count":3,"href":"https:\/\/blogs.urz.uni-halle.de\/paulineshalle\/wp-json\/wp\/v2\/pages\/32\/revisions"}],"predecessor-version":[{"id":111,"href":"https:\/\/blogs.urz.uni-halle.de\/paulineshalle\/wp-json\/wp\/v2\/pages\/32\/revisions\/111"}],"wp:attachment":[{"href":"https:\/\/blogs.urz.uni-halle.de\/paulineshalle\/wp-json\/wp\/v2\/media?parent=32"}],"curies":[{"name":"wp","href":"https:\/\/api.w.org\/{rel}","templated":true}]}}