{"id":32,"date":"2015-05-12T12:55:18","date_gmt":"2015-05-12T10:55:18","guid":{"rendered":"https:\/\/blogs.urz.uni-halle.de\/pluraleoekonomik\/?page_id=32"},"modified":"2022-08-24T11:17:00","modified_gmt":"2022-08-24T09:17:00","slug":"kontakt","status":"publish","type":"page","link":"https:\/\/blogs.urz.uni-halle.de\/pluraleoekonomik\/kontakt\/","title":{"rendered":"Kontakt"},"content":{"rendered":"<p>Wir sind auf verschiedenen Wegen erreichbar, vor allem \u00fcber unser <a href=\"https:\/\/www.instagram.com\/plurale.oekonomik.halle\/\">Instagram-Profil<\/a> (dem ihr auch gerne folgen k\u00f6nnt). Alternativ auf <a href=\"https:\/\/www.facebook.com\/pluraleoekonomikhalle\">Facebook<\/a> f\u00fcr die \u00e4lteren. Scheut euch nicht uns irgendwie anzuschreiben, wann das n\u00e4chste Mal eine Veranstaltung geplant ist, wir antworten auf alles.<\/p>\n<p>Sonst k\u00f6nnt ihr uns auch einfach eine Mail an <a href=\"mailto:kontakt@halle.plurale-oekonomik.de\">halle@plurale-oekonomik.de <\/a>schreiben oder das Kontaktformular hier nutzen.<\/p>\n<div role=\"form\" class=\"wpcf7\" id=\"wpcf7-f439-o1\" lang=\"de-DE\" dir=\"ltr\">\n<div class=\"screen-reader-response\"><p role=\"status\" aria-live=\"polite\" aria-atomic=\"true\"><\/p> <ul><\/ul><\/div>\n<form action=\"\/pluraleoekonomik\/wp-json\/wp\/v2\/pages\/32#wpcf7-f439-o1\" method=\"post\" class=\"wpcf7-form init\" novalidate=\"novalidate\" data-status=\"init\">\n<div style=\"display: none;\">\n<input type=\"hidden\" name=\"_wpcf7\" value=\"439\" \/>\n<input type=\"hidden\" name=\"_wpcf7_version\" value=\"5.3.2\" \/>\n<input type=\"hidden\" name=\"_wpcf7_locale\" value=\"de_DE\" \/>\n<input type=\"hidden\" name=\"_wpcf7_unit_tag\" value=\"wpcf7-f439-o1\" \/>\n<input type=\"hidden\" name=\"_wpcf7_container_post\" value=\"0\" \/>\n<input type=\"hidden\" name=\"_wpcf7_posted_data_hash\" value=\"\" \/>\n<\/div>\n<p><label> Dein Name<br \/>\n    <span class=\"wpcf7-form-control-wrap your-name\"><input type=\"text\" name=\"your-name\" value=\"\" size=\"40\" class=\"wpcf7-form-control wpcf7-text wpcf7-validates-as-required\" aria-required=\"true\" aria-invalid=\"false\" \/><\/span> <\/label><\/p>\n<p><label> Deine E-Mail Adresse<br \/>\n    <span class=\"wpcf7-form-control-wrap your-email\"><input type=\"email\" name=\"your-email\" value=\"\" size=\"40\" class=\"wpcf7-form-control wpcf7-text wpcf7-email wpcf7-validates-as-required wpcf7-validates-as-email\" aria-required=\"true\" aria-invalid=\"false\" \/><\/span> <\/label><\/p>\n<p><label> der Betreff<br \/>\n    <span class=\"wpcf7-form-control-wrap your-subject\"><input type=\"text\" name=\"your-subject\" value=\"\" size=\"40\" class=\"wpcf7-form-control wpcf7-text wpcf7-validates-as-required\" aria-required=\"true\" aria-invalid=\"false\" \/><\/span> <\/label><\/p>\n<p><label> Deine Nachricht an uns<br \/>\n    <span class=\"wpcf7-form-control-wrap your-message\"><textarea name=\"your-message\" cols=\"40\" rows=\"10\" class=\"wpcf7-form-control wpcf7-textarea\" aria-invalid=\"false\"><\/textarea><\/span> <\/label><\/p>\n<p><input type=\"submit\" value=\"Absenden\" class=\"wpcf7-form-control wpcf7-submit\" \/><\/p>\n<div class=\"wpcf7-response-output\" aria-hidden=\"true\"><\/div><\/form><\/div>\n","protected":false},"excerpt":{"rendered":"<p>Wir sind auf verschiedenen Wegen erreichbar, vor allem \u00fcber unser Instagram-Profil (dem ihr auch gerne folgen k\u00f6nnt). Alternativ auf Facebook f\u00fcr die \u00e4lteren. Scheut euch nicht uns irgendwie anzuschreiben, wann das n\u00e4chste Mal eine Veranstaltung geplant ist, wir antworten auf&#8230;<\/p>\n","protected":false},"author":2279,"featured_media":0,"parent":0,"menu_order":8,"comment_status":"open","ping_status":"closed","template":"","meta":[],"_links":{"self":[{"href":"https:\/\/blogs.urz.uni-halle.de\/pluraleoekonomik\/wp-json\/wp\/v2\/pages\/32"}],"collection":[{"href":"https:\/\/blogs.urz.uni-halle.de\/pluraleoekonomik\/wp-json\/wp\/v2\/pages"}],"about":[{"href":"https:\/\/blogs.urz.uni-halle.de\/pluraleoekonomik\/wp-json\/wp\/v2\/types\/page"}],"author":[{"embeddable":true,"href":"https:\/\/blogs.urz.uni-halle.de\/pluraleoekonomik\/wp-json\/wp\/v2\/users\/2279"}],"replies":[{"embeddable":true,"href":"https:\/\/blogs.urz.uni-halle.de\/pluraleoekonomik\/wp-json\/wp\/v2\/comments?post=32"}],"version-history":[{"count":6,"href":"https:\/\/blogs.urz.uni-halle.de\/pluraleoekonomik\/wp-json\/wp\/v2\/pages\/32\/revisions"}],"predecessor-version":[{"id":467,"href":"https:\/\/blogs.urz.uni-halle.de\/pluraleoekonomik\/wp-json\/wp\/v2\/pages\/32\/revisions\/467"}],"wp:attachment":[{"href":"https:\/\/blogs.urz.uni-halle.de\/pluraleoekonomik\/wp-json\/wp\/v2\/media?parent=32"}],"curies":[{"name":"wp","href":"https:\/\/api.w.org\/{rel}","templated":true}]}}