{"id":2,"date":"2009-10-20T17:04:24","date_gmt":"2009-10-20T15:04:24","guid":{"rendered":""},"modified":"2010-11-07T21:56:29","modified_gmt":"2010-11-07T20:56:29","slug":"ueber-mich","status":"publish","type":"page","link":"https:\/\/blogs.urz.uni-halle.de\/politikwissenschaft\/ueber-mich\/","title":{"rendered":"About this Blog"},"content":{"rendered":"<p style=\"margin-top: 0px;margin-right: 0px;margin-bottom: 1.2em;margin-left: 0px;padding: 0px\">In diesem Blog soll es sich ab sofort um Politik und Wissenschaft, im besten Fall um Politikwissenschaft drehen. Hier ist Platz f\u00fcr aktuelle Informationen und Geschichten aus der bundesdeutschen Innen- und Au\u00dfenpolitik, Wissenswertes und N\u00fctzliches rund um das Studium der Politikwissenschaft an der Martin-Luther-Universit\u00e4t Halle-Wittenberg und auch f\u00fcr den ein oder anderen Blick \u00fcber den eigenen Tellerrand hinaus.<\/p>\n<p style=\"margin-top: 0px;margin-right: 0px;margin-bottom: 1.2em;margin-left: 0px;padding: 0px\">Die Autoren\u00a0<a href=\"http:\/\/schuettemeyer.politik.uni-halle.de\/\/team\/kolkmann\/\" target=\"_self\">Michael Kolkmann<\/a> und <a href=\"http:\/\/schuettemeyer.politik.uni-halle.de\/\/team\/siefken\/\" target=\"_self\">Sven Siefken<\/a> sind selbst Politikwissenschaftler an der MLU. \u00a0Ihre besonderen Interessen liegen beim politischen System der Bundesrepublik sowie bei amerikanischer (Innen-)Politik. Und nat\u00fcrlich werden auch diverse Kuriosit\u00e4ten der Politik sowie die anderen wichtigen Dinge des Lebens nicht zu kurz kommen.<\/p>\n<p style=\"margin-top: 0px;margin-right: 0px;margin-bottom: 1.2em;margin-left: 0px;padding: 0px\">Idealerweise dient das Blog der Vertiefung, Fortf\u00fchrung und Illustration der Lehrveranstaltungen am Institut f\u00fcr Politikwissenschaft der MLU.<\/p>\n<p style=\"margin-top: 0px;margin-right: 0px;margin-bottom: 1.2em;margin-left: 0px;padding: 0px\">Dieses Blog ist jedoch nur so lebendig wie alle, die daran mitarbeiten \u2013 daher unser Angebot, diese Seite durch Kommentare, Hinweise und Erg\u00e4nzungen gemeinsam fortzuentwickeln!<\/p>\n","protected":false},"excerpt":{"rendered":"<p>In diesem Blog soll es sich ab sofort um Politik und Wissenschaft, im besten Fall um Politikwissenschaft drehen. Hier ist Platz f\u00fcr aktuelle Informationen und Geschichten aus der bundesdeutschen Innen- und Au\u00dfenpolitik, Wissenswertes und N\u00fctzliches rund um das Studium der Politikwissenschaft an der Martin-Luther-Universit\u00e4t Halle-Wittenberg und auch f\u00fcr den ein oder anderen Blick \u00fcber den [&hellip;]<\/p>\n","protected":false},"author":36,"featured_media":0,"parent":0,"menu_order":0,"comment_status":"open","ping_status":"open","template":"","meta":{"ngg_post_thumbnail":0},"_links":{"self":[{"href":"https:\/\/blogs.urz.uni-halle.de\/politikwissenschaft\/wp-json\/wp\/v2\/pages\/2"}],"collection":[{"href":"https:\/\/blogs.urz.uni-halle.de\/politikwissenschaft\/wp-json\/wp\/v2\/pages"}],"about":[{"href":"https:\/\/blogs.urz.uni-halle.de\/politikwissenschaft\/wp-json\/wp\/v2\/types\/page"}],"author":[{"embeddable":true,"href":"https:\/\/blogs.urz.uni-halle.de\/politikwissenschaft\/wp-json\/wp\/v2\/users\/36"}],"replies":[{"embeddable":true,"href":"https:\/\/blogs.urz.uni-halle.de\/politikwissenschaft\/wp-json\/wp\/v2\/comments?post=2"}],"version-history":[{"count":11,"href":"https:\/\/blogs.urz.uni-halle.de\/politikwissenschaft\/wp-json\/wp\/v2\/pages\/2\/revisions"}],"predecessor-version":[{"id":1649,"href":"https:\/\/blogs.urz.uni-halle.de\/politikwissenschaft\/wp-json\/wp\/v2\/pages\/2\/revisions\/1649"}],"wp:attachment":[{"href":"https:\/\/blogs.urz.uni-halle.de\/politikwissenschaft\/wp-json\/wp\/v2\/media?parent=2"}],"curies":[{"name":"wp","href":"https:\/\/api.w.org\/{rel}","templated":true}]}}