{"id":587,"date":"2021-07-23T08:58:14","date_gmt":"2021-07-23T06:58:14","guid":{"rendered":"https:\/\/blogs.urz.uni-halle.de\/polymermaster\/?page_id=587"},"modified":"2022-11-23T09:06:29","modified_gmt":"2022-11-23T08:06:29","slug":"weiche-materie-in-halle-saale","status":"publish","type":"page","link":"https:\/\/blogs.urz.uni-halle.de\/polymermaster\/","title":{"rendered":"Interesse am Thema Weiche Materie? Im Masterstudium Physik in Halle (Saale) seid ihr richtig!"},"content":{"rendered":"\n<p>Ihr seid Bachelorstudierende in Physik und \u00fcberlegt, wie es im Masterstudium weitergehen soll? Am&nbsp;Institut f\u00fcr Physik&nbsp;an der Martin-Luther-Universit\u00e4t Halle-Wittenberg k\u00f6nnt Ihr Euer Studium fortsetzen und Euch dabei in die Welt der Polymere vertiefen.<\/p>\n\n\n\n<blockquote class=\"wp-block-quote\"><p><strong>\u2026 sucht Euch ein Thema rund um Polymere aus und nutzt die M\u00f6glichkeiten.<\/strong><\/p><\/blockquote>\n\n\n\n<p>Der Bedarf an Innovation im Bereich der synthetischen Polymere war noch nie gr\u00f6\u00dfer und es stellt sich eine wichtige Frage in Bezug auf Nachhaltigkeit: Welchen Beitrag kann die Forschung leisten, um den Weg vom Einmalplastik hin zu einem nachhaltigen Zyklus zu ebnen? Dabei geht es auch um die Erforschung von billigeren und leichten High-Performance-Materialien, welche beispielsweise f\u00fcr die Elektromobilit\u00e4t ben\u00f6tigt werden. In der Physik wird sich daher u.a. mit den Eigenschaften nanostrukturierter Polymere und Nanokomposite, halbleitenden Polymeren und dem Verst\u00e4ndnis von verzweigten Topologien besch\u00e4ftigt. Weitere Informationen zu den bevorstehenden Challenges und dem Beitrag der Forschung gibt es <a rel=\"noreferrer noopener\" href=\"https:\/\/www.frontiersin.org\/articles\/10.3389\/frsfm.2022.1037349\/full\" target=\"_blank\">hier<\/a>. Daneben sind auch Biomolek\u00fcle ein wichtiger Bestandteil der aktuellen Forschung. Untersucht werden u.a. die Struktur von Proteinen und deren Ausbildung von intermolekularen Bindungen. Diese Struktur\u00e4nderungen scheinen Ausl\u00f6ser f\u00fcr viele Krankheiten zu sein, wie bspw. Alzheimer oder die Kataraktbildung in der Augenlinse.<\/p>\n\n\n\n<p>Die Uni in Halle an der Saale ist inzwischen\u00a0einer der wichtigen Standorte f\u00fcr die <a rel=\"noreferrer noopener\" href=\"https:\/\/blogs.urz.uni-halle.de\/polymermaster\/polymerforschung-kleine-molekuelketten-grosse-vielfalt\/\" target=\"_blank\">Erforschung von Polymeren<\/a> in Deutschland. Es gibt am Institut f\u00fcr Physik vier Fachgruppen, die sich der Polymerforschung widmen. Auch gab es bereits mehrere Sonderforschungsbereiche in der Naturwissenschaftlichen Fakult\u00e4t II und gr\u00f6\u00dfere Forschungsprojekte k\u00f6nnen oft durch Drittmittel finanziert werden. Mit anderen Worten, die Forschung hier ist richtig gut und wird mit mehreren Millionen Euro pro Jahr gef\u00f6rdert.<\/p>\n\n\n\n<p>Schreibt Euch in Halle in der Physik ein, sucht Euch ein Thema rund um Polymere aus und nutzt die M\u00f6glichkeiten.<\/p>\n\n\n\n<p>Infos zur Einschreibung an der MLU&nbsp;findet Ihr&nbsp;<a href=\"http:\/\/immaamt.verwaltung.uni-halle.de\/bewerbung\/ws16\/postgradual\/master\/#anchor2669268\" target=\"_blank\" rel=\"noreferrer noopener\">hier<\/a>. Bewerbt Euch doch einfach jetzt direkt \u00fcber das&nbsp;<a href=\"https:\/\/loewenportal.uni-halle.de\/portal\/rds?state=wimma&amp;stg=n&amp;imma=einl\" target=\"_blank\" rel=\"noreferrer noopener\">Bewerbungsportal<\/a>&nbsp;der MLU oder bis sp\u00e4testens 31. August f\u00fcr das kommende Wintersemester.&nbsp;<\/p>\n\n\n\n<p>PS: Im Masterstudium Physik k\u00f6nnt Ihr nat\u00fcrlich auch noch andere <a rel=\"noreferrer noopener\" href=\"https:\/\/studienangebot.uni-halle.de\/physik-master-120#charakteristik-und-ziele\" target=\"_blank\">Vertiefungsrichtungen<\/a> w\u00e4hlen.<\/p>\n\n\n\n<p><\/p>\n\n\n","protected":false},"excerpt":{"rendered":"<p>Ihr seid Bachelorstudierende in Physik und \u00fcberlegt, wie es im Masterstudium weitergehen soll? Am&nbsp;Institut f\u00fcr Physik&nbsp;an der Martin-Luther-Universit\u00e4t &hellip; <a href=\"https:\/\/blogs.urz.uni-halle.de\/polymermaster\/\" class=\"more-link\"><span class=\"screen-reader-text\">&#8222;Interesse am Thema Weiche Materie? Im Masterstudium Physik in Halle (Saale) seid ihr richtig!&#8220; <\/span>weiterlesen<\/a><\/p>\n","protected":false},"author":4439,"featured_media":570,"parent":0,"menu_order":0,"comment_status":"closed","ping_status":"closed","template":"","meta":{"ngg_post_thumbnail":0},"_links":{"self":[{"href":"https:\/\/blogs.urz.uni-halle.de\/polymermaster\/wp-json\/wp\/v2\/pages\/587"}],"collection":[{"href":"https:\/\/blogs.urz.uni-halle.de\/polymermaster\/wp-json\/wp\/v2\/pages"}],"about":[{"href":"https:\/\/blogs.urz.uni-halle.de\/polymermaster\/wp-json\/wp\/v2\/types\/page"}],"author":[{"embeddable":true,"href":"https:\/\/blogs.urz.uni-halle.de\/polymermaster\/wp-json\/wp\/v2\/users\/4439"}],"replies":[{"embeddable":true,"href":"https:\/\/blogs.urz.uni-halle.de\/polymermaster\/wp-json\/wp\/v2\/comments?post=587"}],"version-history":[{"count":12,"href":"https:\/\/blogs.urz.uni-halle.de\/polymermaster\/wp-json\/wp\/v2\/pages\/587\/revisions"}],"predecessor-version":[{"id":800,"href":"https:\/\/blogs.urz.uni-halle.de\/polymermaster\/wp-json\/wp\/v2\/pages\/587\/revisions\/800"}],"wp:featuredmedia":[{"embeddable":true,"href":"https:\/\/blogs.urz.uni-halle.de\/polymermaster\/wp-json\/wp\/v2\/media\/570"}],"wp:attachment":[{"href":"https:\/\/blogs.urz.uni-halle.de\/polymermaster\/wp-json\/wp\/v2\/media?parent=587"}],"curies":[{"name":"wp","href":"https:\/\/api.w.org\/{rel}","templated":true}]}}