{"id":657,"date":"2022-10-18T17:22:20","date_gmt":"2022-10-18T15:22:20","guid":{"rendered":"https:\/\/blogs.urz.uni-halle.de\/polymermaster\/?page_id=657"},"modified":"2022-10-18T21:32:12","modified_gmt":"2022-10-18T19:32:12","slug":"der-campus-in-heide-sued-kurze-wege-und-alles-an-einem-ort","status":"publish","type":"page","link":"https:\/\/blogs.urz.uni-halle.de\/polymermaster\/der-campus-in-heide-sued-kurze-wege-und-alles-an-einem-ort\/","title":{"rendered":"Der Campus in Heide-S\u00fcd: kurze Wege und alles an einem Ort"},"content":{"rendered":"\n<p>Das H\u00f6rsaalgeb\u00e4ude, die Seminarr\u00e4ume, die Fachgruppen und die Mensa mit Cafeteria sind alle kompakt an einem Ort konzentriert. So kann man auch bei einer kurzen Pause zwischen zwei Veranstaltung nochmal schnell in die Mensa gehen.<\/p>\n\n\n\n<p>Hier finden sich auch die Labore aller Fachrichtungen der experimentellen und theoretischen Physik, sowie die makromolekulare, physikalische und theoretische Chemie.<\/p>\n\n\n\n<p>Die Mathematik und Informatik ist ebenfalls vertreten.<\/p>\n\n\n<div id=\"lmm_d12c065b\" style=\"width:640px;\" class=\"mapsmarker markermap marker-1\">\n<div id=\"lmm_panel_d12c065b\" class=\"lmm-panel\" style=\"background:#efefef;\">\n<div id=\"lmm_panel_api_d12c065b\" class=\"lmm-panel-api\"><a href=\"https:\/\/maps.google.com\/maps?daddr=Halle+%28Saale%29%2C+Germany&amp;t=m&amp;layer=1&amp;doflg=ptk&amp;om=0\" target=\"_blank\" title=\"Wegbeschreibung berechnen\"><img alt=\"icon-car.png\" src=\"https:\/\/blogs.urz.uni-halle.de\/polymermaster\/wp-content\/plugins\/leaflet-maps-marker\/inc\/img\/icon-car.png\" width=\"14\" height=\"14\" class=\"lmm-panel-api-images\" \/><\/a><a href=\"https:\/\/blogs.urz.uni-halle.de\/polymermaster\/wp-content\/plugins\/leaflet-maps-marker\/leaflet-kml.php?marker=1&amp;name=show\" style=\"text-decoration:none;\" title=\"Als KML-Datei f\u00fcr Google Earth\/Goolge Maps exportieren\"><img src=\"https:\/\/blogs.urz.uni-halle.de\/polymermaster\/wp-content\/plugins\/leaflet-maps-marker\/inc\/img\/icon-kml.png\" width=\"14\" height=\"14\" alt=\"KML-Logo\" class=\"lmm-panel-api-images\" \/><\/a><a href=\"https:\/\/blogs.urz.uni-halle.de\/polymermaster\/wp-content\/plugins\/leaflet-maps-marker\/leaflet-fullscreen.php?marker=1\" style=\"text-decoration:none;\" title=\"Standalone-Karte im Vollbild-Modus \u00f6ffnen\" target=\"_blank\"><img src=\"https:\/\/blogs.urz.uni-halle.de\/polymermaster\/wp-content\/plugins\/leaflet-maps-marker\/inc\/img\/icon-fullscreen.png\" width=\"14\" height=\"14\" alt=\"Fullscreen-Logo\" class=\"lmm-panel-api-images\" \/><\/a><a href=\"https:\/\/blogs.urz.uni-halle.de\/polymermaster\/wp-content\/plugins\/leaflet-maps-marker\/leaflet-geojson.php?marker=1&amp;callback=jsonp&amp;full=yes&amp;full_icon_url=yes\" style=\"text-decoration:none;\" title=\"Als GeoJSON exportieren\" target=\"_blank\"><img src=\"https:\/\/blogs.urz.uni-halle.de\/polymermaster\/wp-content\/plugins\/leaflet-maps-marker\/inc\/img\/icon-json.png\" width=\"14\" height=\"14\" alt=\"GeoJSON-Logo\" class=\"lmm-panel-api-images\" \/><\/a><a href=\"https:\/\/blogs.urz.uni-halle.de\/polymermaster\/wp-content\/plugins\/leaflet-maps-marker\/leaflet-georss.php?marker=1\" style=\"text-decoration:none;\" title=\"Als GeoJSON exportieren\" target=\"_blank\"><img src=\"https:\/\/blogs.urz.uni-halle.de\/polymermaster\/wp-content\/plugins\/leaflet-maps-marker\/inc\/img\/icon-georss.png\" width=\"14\" height=\"14\" alt=\"GeoRSS-Logo\" class=\"lmm-panel-api-images\" \/><\/a><\/div><div id=\"lmm_panel_text_d12c065b\" class=\"lmm-panel-text\" style=\"font-weight:bold;color:#373737;\">Das Institut f\u00fcr Physik<\/div><\/div>\n<div id=\"lmm_map_d12c065b\" class=\"lmm-map\" style=\"background:#f6f6f6;border:1px solid #ccc;height:480px; overflow:hidden;padding:0;\"><p style=\"font-size:80%;color:#9f9e9e;margin-left:5px;\">Karte wird geladen - bitte warten...<noscript><br\/><strong>Karte konnte nicht geladen werden - bitte aktivieren Sie Javascript!<\/strong><br\/><a style=\"text-decoration:none;\" href=\"https:\/\/www.mapsmarker.com\/js-disabled\" target=\"_blank\">&rarr; mehr Informationen<\/a><\/noscript><\/p><\/div>\n<div id=\"lmm_geo_tags_d12c065b\" class=\"lmm-geo-tags geo\">\n<span class=\"paneltext\">Das Institut f\u00fcr Physik<\/span>\n<span class=\"latitude\">51.497870<\/span>, <span class=\"longitude\">11.933298<\/span>\n<span class=\"popuptext\"><\/span>\n<\/div>\n<\/div>\n\n\n\n\n\n<div style=\"height:51px\" aria-hidden=\"true\" class=\"wp-block-spacer\"><\/div>\n\n\n\n<p class=\"has-medium-font-size\">Erfahre mehr \u00fcber:<\/p>\n\n\n\n<div class=\"wp-block-buttons\">\n<div class=\"wp-block-button is-style-outline\"><a class=\"wp-block-button__link\" href=\"https:\/\/www.uni-halle.de\/\" target=\"_blank\" rel=\"noopener noreferrer\">Die Universit\u00e4t<\/a><\/div>\n\n\n\n<div class=\"wp-block-button is-style-outline\"><a class=\"wp-block-button__link\" href=\"https:\/\/www.uni-halle.de\/\" target=\"_blank\" rel=\"noopener noreferrer\">Die Naturwissenschaftliche Fakult\u00e4t II<\/a><\/div>\n\n\n\n<div class=\"wp-block-button is-style-outline\"><a class=\"wp-block-button__link\" href=\"http:\/\/www.physik.uni-halle.de\/\" target=\"_blank\" rel=\"noopener noreferrer\">Das Institut f\u00fcr Physik<\/a><\/div>\n\n\n\n<div class=\"wp-block-button is-style-outline\"><a class=\"wp-block-button__link\" href=\"https:\/\/www.halle.de\/de\/startseite\/index.aspx\" target=\"_blank\" rel=\"noopener noreferrer\">Die Unistadt Halle (Saale)<\/a><\/div>\n<\/div>\n\n\n\n<div class=\"wp-block-group\"><div class=\"wp-block-group__inner-container\">\n<div class=\"wp-block-buttons\"><\/div>\n<\/div><\/div>\n","protected":false},"excerpt":{"rendered":"<p>Das H\u00f6rsaalgeb\u00e4ude, die Seminarr\u00e4ume, die Fachgruppen und die Mensa mit Cafeteria sind alle kompakt an einem Ort konzentriert. &hellip; <a href=\"https:\/\/blogs.urz.uni-halle.de\/polymermaster\/der-campus-in-heide-sued-kurze-wege-und-alles-an-einem-ort\/\" class=\"more-link\"><span class=\"screen-reader-text\">&#8222;Der Campus in Heide-S\u00fcd: kurze Wege und alles an einem Ort&#8220; <\/span>weiterlesen<\/a><\/p>\n","protected":false},"author":5536,"featured_media":468,"parent":0,"menu_order":0,"comment_status":"closed","ping_status":"closed","template":"","meta":{"ngg_post_thumbnail":0},"_links":{"self":[{"href":"https:\/\/blogs.urz.uni-halle.de\/polymermaster\/wp-json\/wp\/v2\/pages\/657"}],"collection":[{"href":"https:\/\/blogs.urz.uni-halle.de\/polymermaster\/wp-json\/wp\/v2\/pages"}],"about":[{"href":"https:\/\/blogs.urz.uni-halle.de\/polymermaster\/wp-json\/wp\/v2\/types\/page"}],"author":[{"embeddable":true,"href":"https:\/\/blogs.urz.uni-halle.de\/polymermaster\/wp-json\/wp\/v2\/users\/5536"}],"replies":[{"embeddable":true,"href":"https:\/\/blogs.urz.uni-halle.de\/polymermaster\/wp-json\/wp\/v2\/comments?post=657"}],"version-history":[{"count":10,"href":"https:\/\/blogs.urz.uni-halle.de\/polymermaster\/wp-json\/wp\/v2\/pages\/657\/revisions"}],"predecessor-version":[{"id":798,"href":"https:\/\/blogs.urz.uni-halle.de\/polymermaster\/wp-json\/wp\/v2\/pages\/657\/revisions\/798"}],"wp:featuredmedia":[{"embeddable":true,"href":"https:\/\/blogs.urz.uni-halle.de\/polymermaster\/wp-json\/wp\/v2\/media\/468"}],"wp:attachment":[{"href":"https:\/\/blogs.urz.uni-halle.de\/polymermaster\/wp-json\/wp\/v2\/media?parent=657"}],"curies":[{"name":"wp","href":"https:\/\/api.w.org\/{rel}","templated":true}]}}