{"id":2,"date":"2009-10-23T14:38:12","date_gmt":"2009-10-23T12:38:12","guid":{"rendered":""},"modified":"2009-10-28T16:21:32","modified_gmt":"2009-10-28T14:21:32","slug":"ueber-mich","status":"publish","type":"page","link":"https:\/\/blogs.urz.uni-halle.de\/portanova\/ueber-mich\/","title":{"rendered":"Projekt"},"content":{"rendered":"<p>Willkommen auf den Seiten von Porta Nova. Neue Medien und Geschichtswissenschaft.<\/p>\n<p>Ich bin wissenschaftliche Mitarbeiterin an der Professur f\u00fcr Wirtschafts- und Sozialgeschichte und Leiterin des Historischen Datenzentrums Sachsen-Anhalts am Institut f\u00fcr Geschichte der Martin-Luther-Universit\u00e4t Halle-Wittenberg.<\/p>\n<p>Kurz nach dem Start des Wintersemesters stecke ich schon in den\u00a0Vorbereitungen\u00a0f\u00fcr das Sommersemester 2010. (So sieht vorbildliche Lehrt\u00e4tigkeit aus! :roll:)\u00a0Es soll ein Seminar\u00a0rund um Neue Medien im Schulunterricht werden und damit vor allem Lehr- und Lernsoftware f\u00fcr die Schule vorstellen. Mit diesem Thema habe ich mich bisher noch gar nicht besch\u00e4ftigt. Daher m\u00f6chte ich den Blog zun\u00e4chst f\u00fcr die Protokollierung meiner Recherchen nutzen und sukzessiv zu einem kleinen Rezensionsmagazin entsprechender Angebote ausbauen.\u00a0Einst in ferner Zukunft hoffe ich auf eine intensive Unterst\u00fctzung\u00a0durch Studierende oder auch G\u00e4ste &#8230;<\/p>\n<p>Insgesamt sind nat\u00fcrlich auch Nachrichten \u00fcber weitere Themen der Neuen Medien f\u00fcr Geschichtswissenschaftlicher willkommen. Vielleicht l\u00e4sst sich der Blog dann in diesem Sinne weiter ausbauen. Da ich Fr\u00fchneuzeithistorikerin und zugleich Redakteurin des Onlineportals &#8222;Hexenforschung&#8220; im Historicum.net (<a href=\"http:\/\/www.historicum.net\/themen\/hexenforschung\/\" class=\"broken_link\">http:\/\/www.historicum.net\/themen\/hexenforschung\/<\/a>) bin, werden vormoderne Themen zun\u00e4chst sicherlich im Vordergrund stehen.<\/p>\n<p>Herzlichen Dank f\u00fcr jede Form der Unterst\u00fctzung<\/p>\n<p>Katrin Moeller<\/p>\n<p>Halle (Saale), 23. Oktober 2009<\/p>\n<p><strong>\u00a0<\/strong><\/p>\n","protected":false},"excerpt":{"rendered":"<p>Willkommen auf den Seiten von Porta Nova. Neue Medien und Geschichtswissenschaft. Ich bin wissenschaftliche Mitarbeiterin an der Professur f\u00fcr Wirtschafts- und Sozialgeschichte und Leiterin des Historischen Datenzentrums Sachsen-Anhalts am Institut f\u00fcr Geschichte der Martin-Luther-Universit\u00e4t Halle-Wittenberg. Kurz nach dem Start des Wintersemesters stecke ich schon in den\u00a0Vorbereitungen\u00a0f\u00fcr das Sommersemester 2010. (So sieht vorbildliche Lehrt\u00e4tigkeit aus! :roll:)\u00a0Es [&hellip;]<\/p>\n","protected":false},"author":48,"featured_media":0,"parent":0,"menu_order":0,"comment_status":"open","ping_status":"open","template":"","meta":[],"_links":{"self":[{"href":"https:\/\/blogs.urz.uni-halle.de\/portanova\/wp-json\/wp\/v2\/pages\/2"}],"collection":[{"href":"https:\/\/blogs.urz.uni-halle.de\/portanova\/wp-json\/wp\/v2\/pages"}],"about":[{"href":"https:\/\/blogs.urz.uni-halle.de\/portanova\/wp-json\/wp\/v2\/types\/page"}],"author":[{"embeddable":true,"href":"https:\/\/blogs.urz.uni-halle.de\/portanova\/wp-json\/wp\/v2\/users\/48"}],"replies":[{"embeddable":true,"href":"https:\/\/blogs.urz.uni-halle.de\/portanova\/wp-json\/wp\/v2\/comments?post=2"}],"version-history":[{"count":16,"href":"https:\/\/blogs.urz.uni-halle.de\/portanova\/wp-json\/wp\/v2\/pages\/2\/revisions"}],"predecessor-version":[{"id":82,"href":"https:\/\/blogs.urz.uni-halle.de\/portanova\/wp-json\/wp\/v2\/pages\/2\/revisions\/82"}],"wp:attachment":[{"href":"https:\/\/blogs.urz.uni-halle.de\/portanova\/wp-json\/wp\/v2\/media?parent=2"}],"curies":[{"name":"wp","href":"https:\/\/api.w.org\/{rel}","templated":true}]}}