{"id":44,"date":"2016-09-12T18:59:05","date_gmt":"2016-09-12T16:59:05","guid":{"rendered":"http:\/\/localhost:8888\/16_08_portfolio\/?page_id=44"},"modified":"2017-02-18T22:21:39","modified_gmt":"2017-02-18T21:21:39","slug":"hinweise","status":"publish","type":"page","link":"https:\/\/blogs.urz.uni-halle.de\/portfolio\/hinweise\/","title":{"rendered":"die Arbeit mit dem Portfolio-Theme"},"content":{"rendered":"<p>Die Einrichtung des Blogs f\u00fcr das Portfolio-Seminar kann je nach angestrebter Arbeitsweise sehr unterschiedlich ausfallen. Bitte wenden Sie sich an die <a href=\"http:\/\/llz.uni-halle.de\/ueber-uns\/fach-ag\/\" target=\"_blank\">MitarbeiterInnen des LLZ<\/a>, die Sie bei den individuellen Anpassungen gern unterst\u00fctzen.<\/p>\n<p>Hier ein erster \u00dcberblick \u00fcber unsere Vorschl\u00e4ge f\u00fcr ein Gruppenportfolio:<\/p>\n<p><img loading=\"lazy\" class=\"alignnone wp-image-685\" src=\"https:\/\/blogs.urz.uni-halle.de\/portfolio\/files\/2017\/02\/front-end.jpg\" width=\"600\" height=\"470\" srcset=\"https:\/\/blogs.urz.uni-halle.de\/portfolio\/files\/2017\/02\/front-end.jpg 800w, https:\/\/blogs.urz.uni-halle.de\/portfolio\/files\/2017\/02\/front-end-150x118.jpg 150w, https:\/\/blogs.urz.uni-halle.de\/portfolio\/files\/2017\/02\/front-end-300x235.jpg 300w, https:\/\/blogs.urz.uni-halle.de\/portfolio\/files\/2017\/02\/front-end-768x602.jpg 768w\" sizes=\"(max-width: 600px) 100vw, 600px\" \/><\/p>\n<p>Bei der Arbeit mit Redaktionssystemen unterscheidet man zwischen<\/p>\n<ul>\n<li>der Nutzeransicht (&#8222;<strong>Front End<\/strong>&#8220; , Abb. siehe oben)<br \/>\nund<\/li>\n<li>der Bearbeitungsansicht (&#8222;<strong>Back End<\/strong>&#8220; , Abb. siehe unten)<br \/>\nIn WordPress wird die Bearbeitungsansicht &#8222;<strong>Dashboard<\/strong>&#8220; genannt.<\/li>\n<\/ul>\n<p>&nbsp;<\/p>\n<p><img loading=\"lazy\" class=\"alignnone wp-image-680 size-full\" src=\"https:\/\/blogs.urz.uni-halle.de\/portfolio\/files\/2017\/02\/portfolio_plugins.jpg\" width=\"600\" height=\"313\" srcset=\"https:\/\/blogs.urz.uni-halle.de\/portfolio\/files\/2017\/02\/portfolio_plugins.jpg 600w, https:\/\/blogs.urz.uni-halle.de\/portfolio\/files\/2017\/02\/portfolio_plugins-150x78.jpg 150w, https:\/\/blogs.urz.uni-halle.de\/portfolio\/files\/2017\/02\/portfolio_plugins-300x157.jpg 300w\" sizes=\"(max-width: 600px) 100vw, 600px\" \/><\/p>\n<p>Die Abbildung zeigt die Eingabemaske f\u00fcr den Inhaltstyp &#8222;Beitrag&#8220;, der in unserem Portfolio als<\/p>\n<ul>\n<li><strong>Artefakt<\/strong><br \/>\ngenutzt wird. Hier werden die Inhalte eingegeben und Einstellungen vorgenommen, die f\u00fcr das Erscheinen des Artefakts im Front End ben\u00f6tigt werden.<\/li>\n<\/ul>\n<p>Unser Vorschlag beinhaltet<\/p>\n<ul>\n<li><strong>Formularfelder, die f\u00fcr die Portfolioarbeit<\/strong> angepasst sind. Um diese Felder zu aktivieren folgen Sie der Anleitung f\u00fcr das Plugin &#8222;<a href=\"https:\/\/blogs.urz.uni-halle.de\/portfolio\/acf\/\">Advanced Custom Fields<\/a>&#8220; .<\/li>\n<\/ul>\n<p>Wenn die Arbeitsgruppen in gesch\u00fctzten Bereichen arbeiten sollen, empfehlen wir<\/p>\n<ul>\n<li><strong>differenzierte Zugangseinstellungen<\/strong> (Plugin &#8222;<a href=\"https:\/\/blogs.urz.uni-halle.de\/portfolio\/groups\/\">Groups<\/a>&#8220; ).<\/li>\n<\/ul>\n<p>Wenn die Gruppen gegenseitig lesbar arbeiten sollen, ben\u00f6tigen Sie dieses Plugin nicht. F\u00fcr alle Formen der <a href=\"https:\/\/blogs.urz.uni-halle.de\/portfolio\/gruppenarbeit\/\">Gruppenarbeit<\/a> empfehlen wir die Nutzung der<\/p>\n<ul>\n<li><strong>Beitragskategorien<\/strong>.<\/li>\n<\/ul>\n<p>Zur Darstellung der Inhalte k\u00f6nnen sie die verschiedenen Gliederungsprinzipien und Werkzeuge von WordPress nutzen:<\/p>\n<ul>\n<li><strong>Schlagw\u00f6rter <\/strong><\/li>\n<li><strong>Kategorien<\/strong><\/li>\n<li><strong>Men\u00fcs<\/strong><\/li>\n<li><strong>Widgets<\/strong><\/li>\n<\/ul>\n","protected":false},"excerpt":{"rendered":"<p>Die Einrichtung des Blogs f\u00fcr das Portfolio-Seminar kann je nach angestrebter Arbeitsweise sehr unterschiedlich ausfallen. Bitte wenden Sie sich an die MitarbeiterInnen des LLZ, die Sie bei den individuellen Anpassungen gern unterst\u00fctzen. Hier ein erster \u00dcberblick \u00fcber unsere Vorschl\u00e4ge f\u00fcr ein Gruppenportfolio: Bei der Arbeit mit Redaktionssystemen unterscheidet man zwischen der Nutzeransicht (&#8222;Front End&#8220; , [&hellip;]<\/p>\n","protected":false},"author":630,"featured_media":0,"parent":0,"menu_order":0,"comment_status":"closed","ping_status":"closed","template":"","meta":[],"_links":{"self":[{"href":"https:\/\/blogs.urz.uni-halle.de\/portfolio\/wp-json\/wp\/v2\/pages\/44"}],"collection":[{"href":"https:\/\/blogs.urz.uni-halle.de\/portfolio\/wp-json\/wp\/v2\/pages"}],"about":[{"href":"https:\/\/blogs.urz.uni-halle.de\/portfolio\/wp-json\/wp\/v2\/types\/page"}],"author":[{"embeddable":true,"href":"https:\/\/blogs.urz.uni-halle.de\/portfolio\/wp-json\/wp\/v2\/users\/630"}],"replies":[{"embeddable":true,"href":"https:\/\/blogs.urz.uni-halle.de\/portfolio\/wp-json\/wp\/v2\/comments?post=44"}],"version-history":[{"count":10,"href":"https:\/\/blogs.urz.uni-halle.de\/portfolio\/wp-json\/wp\/v2\/pages\/44\/revisions"}],"predecessor-version":[{"id":715,"href":"https:\/\/blogs.urz.uni-halle.de\/portfolio\/wp-json\/wp\/v2\/pages\/44\/revisions\/715"}],"wp:attachment":[{"href":"https:\/\/blogs.urz.uni-halle.de\/portfolio\/wp-json\/wp\/v2\/media?parent=44"}],"curies":[{"name":"wp","href":"https:\/\/api.w.org\/{rel}","templated":true}]}}