{"id":48,"date":"2016-09-12T18:59:55","date_gmt":"2016-09-12T16:59:55","guid":{"rendered":"http:\/\/localhost:8888\/16_08_portfolio\/?page_id=48"},"modified":"2017-03-29T19:34:16","modified_gmt":"2017-03-29T17:34:16","slug":"pugins","status":"publish","type":"page","link":"https:\/\/blogs.urz.uni-halle.de\/portfolio\/pugins\/","title":{"rendered":"empfohlene Plugins"},"content":{"rendered":"<p><strong>So aktivieren Sie ein Plugin:<\/strong><\/p>\n<ol>\n<li>w\u00e4hlen Sie im Dashboard Ihres Blogs den Men\u00fcpunkt Plugins<\/li>\n<li>suchen Sie das entsprechende Plugin (entweder nach unten scrollen oder \u00fcber das Suchfeld)<\/li>\n<li>aktivieren Sie es<\/li>\n<\/ol>\n<p><img loading=\"lazy\" class=\"alignnone size-full wp-image-652\" src=\"https:\/\/blogs.urz.uni-halle.de\/portfolio\/files\/2017\/02\/plugin-aktivieren.jpg\" alt=\"\" width=\"600\" height=\"316\" srcset=\"https:\/\/blogs.urz.uni-halle.de\/portfolio\/files\/2017\/02\/plugin-aktivieren.jpg 600w, https:\/\/blogs.urz.uni-halle.de\/portfolio\/files\/2017\/02\/plugin-aktivieren-150x79.jpg 150w, https:\/\/blogs.urz.uni-halle.de\/portfolio\/files\/2017\/02\/plugin-aktivieren-300x158.jpg 300w\" sizes=\"(max-width: 600px) 100vw, 600px\" \/><\/p>\n<hr \/>\n<h4>Folgende Plugins eignen sich zur Unterst\u00fctzung der Portfolio-Arbeit:<\/h4>\n<p><strong>PDF Embedder<br \/>\n<\/strong>Mit diesem Plugin k\u00f6nnen PDF-Dateien eingebunden werden.<strong><br \/>\n<\/strong><\/p>\n<p><strong>Lightbox Galerie<\/strong><br \/>\nDieses Plugin erm\u00f6glicht eine komfortable Bilder-Ansicht.<\/p>\n<p><a href=\"https:\/\/blogs.urz.uni-halle.de\/portfolio\/acf\/\"><strong>Advanced Custom Fields (bitte nicht die PRO-Version!) + WordPress Importer<\/strong><\/a><br \/>\nDieses Plugin bietet die M\u00f6glichkeit, in Beitr\u00e4gen (= Artefakten) portfolio-spezifische Formularfelder zu nutzen, z. B. Status, Lernziel, &#8230; Wir empfehlen, die Konfiguration dieses Plugins mit Unterst\u00fctzung der LLZ-MitarbeiterInnen vorzunehmen.<\/p>\n<p><strong><a href=\"https:\/\/blogs.urz.uni-halle.de\/portfolio\/groups\/\">Groups<\/a><br \/>\n<\/strong>Mit diesem Plugin l\u00e4sst sie die Arbeit von Gruppen steuern. Die Einrichtung ist verh\u00e4ltnism\u00e4\u00dfig aufw\u00e4ndig. Wir empfehlen, die Konfiguration dieses Plugins mit Unterst\u00fctzung der LLZ-MitarbeiterInnen vorzunehmen.<\/p>\n<p>&nbsp;<\/p>\n<p>&nbsp;<\/p>\n<p>&nbsp;<\/p>\n","protected":false},"excerpt":{"rendered":"<p>So aktivieren Sie ein Plugin: w\u00e4hlen Sie im Dashboard Ihres Blogs den Men\u00fcpunkt Plugins suchen Sie das entsprechende Plugin (entweder nach unten scrollen oder \u00fcber das Suchfeld) aktivieren Sie es Folgende Plugins eignen sich zur Unterst\u00fctzung der Portfolio-Arbeit: PDF Embedder Mit diesem Plugin k\u00f6nnen PDF-Dateien eingebunden werden. Lightbox Galerie Dieses Plugin erm\u00f6glicht eine komfortable Bilder-Ansicht. [&hellip;]<\/p>\n","protected":false},"author":630,"featured_media":0,"parent":0,"menu_order":0,"comment_status":"closed","ping_status":"closed","template":"","meta":[],"_links":{"self":[{"href":"https:\/\/blogs.urz.uni-halle.de\/portfolio\/wp-json\/wp\/v2\/pages\/48"}],"collection":[{"href":"https:\/\/blogs.urz.uni-halle.de\/portfolio\/wp-json\/wp\/v2\/pages"}],"about":[{"href":"https:\/\/blogs.urz.uni-halle.de\/portfolio\/wp-json\/wp\/v2\/types\/page"}],"author":[{"embeddable":true,"href":"https:\/\/blogs.urz.uni-halle.de\/portfolio\/wp-json\/wp\/v2\/users\/630"}],"replies":[{"embeddable":true,"href":"https:\/\/blogs.urz.uni-halle.de\/portfolio\/wp-json\/wp\/v2\/comments?post=48"}],"version-history":[{"count":10,"href":"https:\/\/blogs.urz.uni-halle.de\/portfolio\/wp-json\/wp\/v2\/pages\/48\/revisions"}],"predecessor-version":[{"id":792,"href":"https:\/\/blogs.urz.uni-halle.de\/portfolio\/wp-json\/wp\/v2\/pages\/48\/revisions\/792"}],"wp:attachment":[{"href":"https:\/\/blogs.urz.uni-halle.de\/portfolio\/wp-json\/wp\/v2\/media?parent=48"}],"curies":[{"name":"wp","href":"https:\/\/api.w.org\/{rel}","templated":true}]}}