{"id":693,"date":"2017-02-18T19:04:21","date_gmt":"2017-02-18T18:04:21","guid":{"rendered":"https:\/\/blogs.urz.uni-halle.de\/portfolio\/?page_id=693"},"modified":"2017-02-18T19:10:25","modified_gmt":"2017-02-18T18:10:25","slug":"acf","status":"publish","type":"page","link":"https:\/\/blogs.urz.uni-halle.de\/portfolio\/acf\/","title":{"rendered":"ACF"},"content":{"rendered":"<p>Das Plugin &#8222;Advanced Custom Fields&#8220; erm\u00f6glicht die Verwendung von portfolio-spezifischen Formularfeldern in Beitr\u00e4gen (= Artefakten) , z. B. Status, Lernziel, \u2026<br \/>\nWir empfehlen, die Konfiguration dieses Plugins mit Unterst\u00fctzung der <a href=\"http:\/\/llz.uni-halle.de\/ueber-uns\/fach-ag\/\" target=\"_blank\">LLZ-MitarbeiterInnen<\/a> vorzunehmen.<\/p>\n<p>Wir haben ein Set an Feldern vorbereitet.<br \/>\nUm diese nutzen zu k\u00f6nnen, gehen Sie bitte folgenderma\u00dfen vor:<\/p>\n<p>Vorbereitung:<\/p>\n<ul>\n<li>aktivieren Sie das Plugin &#8222;Advanced Custom Fields&#8220; (bitte <strong>nicht<\/strong> die PRO-Version!)<\/li>\n<li>aktivieren Sie das Plugin &#8222;WordPress Importer&#8220;<\/li>\n<li>speichern Sie die Datei <a href=\"https:\/\/blogs.urz.uni-halle.de\/portfolio\/wp-content\/themes\/sosimple-portfolio\/portfolio_felder.xml\">&#8222;portfolio_felder.xml&#8220;<\/a> auf Ihrem Rechner (Rechtsklick \u2013&gt; &#8222;speichern unter&#8220;)<\/li>\n<\/ul>\n<p>Gehen Sie jetzt wieder ins Dashboard ihres Blogs<\/p>\n<ol>\n<li>w\u00e4hlen Sie den Punkt &#8222;Werkzeuge&#8220; und dort den Unterpunkt &#8222;Daten importieren&#8220;<br \/>\nw\u00e4hlen Sie &#8222;WordPress \u2013 Importer ausf\u00fchren&#8220;<\/li>\n<li>w\u00e4hlen Sie \u00fcber die Schaltfl\u00e4che &#8222;durchsuchen&#8220; die zuvor gespeicherte Datei &#8222;portfolio_felder.xml&#8220; aus<\/li>\n<li>importieren Sie die Datei und weisen Sie sie Ihrem Nutzerkonto zu.<\/li>\n<\/ol>\n<p><img loading=\"lazy\" class=\"alignnone size-full wp-image-651\" src=\"https:\/\/blogs.urz.uni-halle.de\/portfolio\/files\/2017\/02\/felder-importieren.jpg\" alt=\"\" width=\"600\" height=\"294\" srcset=\"https:\/\/blogs.urz.uni-halle.de\/portfolio\/files\/2017\/02\/felder-importieren.jpg 600w, https:\/\/blogs.urz.uni-halle.de\/portfolio\/files\/2017\/02\/felder-importieren-150x74.jpg 150w, https:\/\/blogs.urz.uni-halle.de\/portfolio\/files\/2017\/02\/felder-importieren-300x147.jpg 300w\" sizes=\"(max-width: 600px) 100vw, 600px\" \/><\/p>\n<p>Nun stehen in allen Beitr\u00e4gen diverse Formular-Felder zur Verf\u00fcgung; Felder, die nicht ausgef\u00fcllt sind, werden auf der Seite nicht angezeigt.<\/p>\n","protected":false},"excerpt":{"rendered":"<p>Das Plugin &#8222;Advanced Custom Fields&#8220; erm\u00f6glicht die Verwendung von portfolio-spezifischen Formularfeldern in Beitr\u00e4gen (= Artefakten) , z. B. Status, Lernziel, \u2026 Wir empfehlen, die Konfiguration dieses Plugins mit Unterst\u00fctzung der LLZ-MitarbeiterInnen vorzunehmen. Wir haben ein Set an Feldern vorbereitet. Um diese nutzen zu k\u00f6nnen, gehen Sie bitte folgenderma\u00dfen vor: Vorbereitung: aktivieren Sie das Plugin &#8222;Advanced [&hellip;]<\/p>\n","protected":false},"author":630,"featured_media":0,"parent":0,"menu_order":0,"comment_status":"closed","ping_status":"closed","template":"","meta":[],"_links":{"self":[{"href":"https:\/\/blogs.urz.uni-halle.de\/portfolio\/wp-json\/wp\/v2\/pages\/693"}],"collection":[{"href":"https:\/\/blogs.urz.uni-halle.de\/portfolio\/wp-json\/wp\/v2\/pages"}],"about":[{"href":"https:\/\/blogs.urz.uni-halle.de\/portfolio\/wp-json\/wp\/v2\/types\/page"}],"author":[{"embeddable":true,"href":"https:\/\/blogs.urz.uni-halle.de\/portfolio\/wp-json\/wp\/v2\/users\/630"}],"replies":[{"embeddable":true,"href":"https:\/\/blogs.urz.uni-halle.de\/portfolio\/wp-json\/wp\/v2\/comments?post=693"}],"version-history":[{"count":4,"href":"https:\/\/blogs.urz.uni-halle.de\/portfolio\/wp-json\/wp\/v2\/pages\/693\/revisions"}],"predecessor-version":[{"id":701,"href":"https:\/\/blogs.urz.uni-halle.de\/portfolio\/wp-json\/wp\/v2\/pages\/693\/revisions\/701"}],"wp:attachment":[{"href":"https:\/\/blogs.urz.uni-halle.de\/portfolio\/wp-json\/wp\/v2\/media?parent=693"}],"curies":[{"name":"wp","href":"https:\/\/api.w.org\/{rel}","templated":true}]}}