{"id":10,"date":"2020-07-15T11:21:42","date_gmt":"2020-07-15T09:21:42","guid":{"rendered":"https:\/\/blogs.urz.uni-halle.de\/praeventionsstelle\/?page_id=10"},"modified":"2020-10-04T11:35:38","modified_gmt":"2020-10-04T09:35:38","slug":"anmeldung","status":"publish","type":"page","link":"https:\/\/blogs.urz.uni-halle.de\/praeventionsstelle\/anmeldung\/","title":{"rendered":"Anmeldung"},"content":{"rendered":"\n<p><strong>Achtung: Eine Anmeldung ist nur noch f\u00fcr folgende Programmpunkte m\u00f6glich<\/strong>. <strong>Die restlichen Programmpunkte sind bereits ausgebucht und haben Wartelisten. <\/strong><\/p>\n\n\n\n<ul><li><strong>Theater (analog &amp; online)<\/strong><\/li><li><strong>Abschluss mit Mithu Sanyal (online)<\/strong><\/li><\/ul>\n\n\n\n<p>Eine Teilnahmegeb\u00fchr wird nicht erhoben. Sie erhalten eine Best\u00e4tigung Ihrer Anmeldung und Informationen zum Zugang zu den Veranstaltungen per Mail. Die Online-Veranstaltungen finden via Webex statt. <\/p>\n\n\n\n<p>Ein Teil der Veranstaltungen ist teilnahmebeschr\u00e4nkt. Bitte melden Sie sich ab, falls Sie kurzfristig verhindert sein sollten (z.B. durch Krankheit), damit  eine andere Person nachr\u00fccken kann. <\/p>\n\n\n\n<p>Sollten Sie sich f\u00fcr die Teilnahme an  analogen Veranstaltungen vor Ort in Halle (Saale) interessieren und eine  Kinderbetreuung oder andere Formen der Unterst\u00fctzung ben\u00f6tigen, um teilnehmen zu  k\u00f6nnen, senden Sie bitte eine Email an:  sabine.woeller@verwaltung.uni-halle.de<\/p>\n\n\n<div id=\"vfb-form-1\" class=\"visual-form-builder-container\"><form id=\"anmeldung-1\" class=\"visual-form-builder vfb-form-1 \" method=\"post\" enctype=\"multipart\/form-data\">\n\t\t\t<input type=\"hidden\" name=\"form_id\" value=\"1\" \/><fieldset class=\"vfb-fieldset vfb-fieldset-1 anmeldung \" id=\"item-vfb-1\"><div class=\"vfb-legend\"><h3>Anmeldung<\/h3><\/div><ul class=\"vfb-section vfb-section-1\"><li class=\"vfb-item vfb-item-text  \" id=\"item-vfb-5\"><label for=\"vfb-5\" class=\"vfb-desc\">Name  <span class=\"vfb-required-asterisk\">*<\/span><\/label><input type=\"text\" name=\"vfb-5\" id=\"vfb-5\" value=\"\" class=\"vfb-text  vfb-medium  required  \" \/><\/li><li class=\"vfb-item vfb-item-text  \" id=\"item-vfb-7\"><label for=\"vfb-7\" class=\"vfb-desc\">ggf. akademischer Titel <\/label><input type=\"text\" name=\"vfb-7\" id=\"vfb-7\" value=\"\" class=\"vfb-text  vfb-medium   \" \/><\/li><li class=\"vfb-item vfb-item-text  \" id=\"item-vfb-8\"><label for=\"vfb-8\" class=\"vfb-desc\">Pronomen <\/label><span class=\"vfb-span\"><input type=\"text\" name=\"vfb-8\" id=\"vfb-8\" value=\"\" class=\"vfb-text  vfb-medium   \" \/><label><p style=\"font-weight:500;letter-spacing:0px\">z.B. sie, er, sie*er<\/p><\/label><\/span><\/li><li class=\"vfb-item vfb-item-email  \" id=\"item-vfb-9\"><label for=\"vfb-9\" class=\"vfb-desc\">E-Mail  <span class=\"vfb-required-asterisk\">*<\/span><\/label><input type=\"email\" name=\"vfb-9\" id=\"vfb-9\" value=\"\" class=\"vfb-text  vfb-medium  required  email \" \/><\/li><li class=\"vfb-item vfb-item-text  \" id=\"item-vfb-10\"><label for=\"vfb-10\" class=\"vfb-desc\">Institution  <span class=\"vfb-required-asterisk\">*<\/span><\/label><input type=\"text\" name=\"vfb-10\" id=\"vfb-10\" value=\"\" class=\"vfb-text  vfb-medium  required  \" \/><\/li><li class=\"vfb-item vfb-item-text  \" id=\"item-vfb-11\"><label for=\"vfb-11\" class=\"vfb-desc\">Funktion\/Status  <span class=\"vfb-required-asterisk\">*<\/span><\/label><span class=\"vfb-span\"><input type=\"text\" name=\"vfb-11\" id=\"vfb-11\" value=\"\" class=\"vfb-text  vfb-medium  required  \" \/><label><p style=\"font-weight:500;letter-spacing:0px\">z.B. Student*in, Gleichstellungsbeauftragte*r<\/p><\/label><\/span><\/li><li class=\"vfb-item vfb-item-instructions  \" id=\"item-vfb-14\"><label class=\"vfb-desc\"> <\/label><p style=\"font-size:120%;font-weight:bold;color:black\">Programm<\/p>\r\nIch m\u00f6chte mich f\u00fcr folgende Programmpunkte <b>verbindlich<\/b> anmelden:<br\/>\r\n(Mehrfachauswahl m\u00f6glich)<\/li><li class=\"vfb-item vfb-item-checkbox  \" id=\"item-vfb-15\"><label class=\"vfb-desc\">28. September 2020 <\/label><div><span class=\"vfb-span\"><input type=\"checkbox\" name=\"vfb-15[]\" id=\"vfb-15-0\" value=\"Er\u00f6ffnung &amp; Einstiegsvortrag (online)\" class=\"vfb-checkbox  \" \/><label for=\"vfb-15-0\" class=\"vfb-choice\">Er\u00f6ffnung & Einstiegsvortrag (online)<\/label><\/span><div style=\"clear:both\"><\/div><\/div><\/li><li class=\"vfb-item vfb-item-checkbox  \" id=\"item-vfb-16\"><label class=\"vfb-desc\">29. September 2020 <\/label><div><span class=\"vfb-span\"><input type=\"checkbox\" name=\"vfb-16[]\" id=\"vfb-16-0\" value=\"Workshop Personalrechtliche Handlungsoptionen (online)\" class=\"vfb-checkbox  \" \/><label for=\"vfb-16-0\" class=\"vfb-choice\">Workshop Personalrechtliche Handlungsoptionen (online)<\/label><\/span><span class=\"vfb-span\"><input type=\"checkbox\" name=\"vfb-16[]\" id=\"vfb-16-1\" value=\"Workshop Awareness (online)\" class=\"vfb-checkbox  \" \/><label for=\"vfb-16-1\" class=\"vfb-choice\">Workshop Awareness (online)<\/label><\/span><div style=\"clear:both\"><\/div><\/div><\/li><li class=\"vfb-item vfb-item-checkbox  \" id=\"item-vfb-17\"><label class=\"vfb-desc\">30. September 2020 <\/label><div><span class=\"vfb-span\"><input type=\"checkbox\" name=\"vfb-17[]\" id=\"vfb-17-0\" value=\"Workshop Handlungsoptionen in Lehrveranstaltungen (online)\" class=\"vfb-checkbox  \" \/><label for=\"vfb-17-0\" class=\"vfb-choice\">Workshop Handlungsoptionen in Lehrveranstaltungen (online)<\/label><\/span><span class=\"vfb-span\"><input type=\"checkbox\" name=\"vfb-17[]\" id=\"vfb-17-1\" value=\"Workshop Definieren und Visualisieren (online)\" class=\"vfb-checkbox  \" \/><label for=\"vfb-17-1\" class=\"vfb-choice\">Workshop Definieren und Visualisieren (online)<\/label><\/span><div style=\"clear:both\"><\/div><\/div><\/li><li class=\"vfb-item vfb-item-checkbox  \" id=\"item-vfb-18\"><label class=\"vfb-desc\">1. Oktober 2020 <\/label><div><span class=\"vfb-span\"><input type=\"checkbox\" name=\"vfb-18[]\" id=\"vfb-18-0\" value=\"Workshop Pr\u00e4vention (online)\" class=\"vfb-checkbox  \" \/><label for=\"vfb-18-0\" class=\"vfb-choice\">Workshop Pr\u00e4vention (online)<\/label><\/span><span class=\"vfb-span\"><input type=\"checkbox\" name=\"vfb-18[]\" id=\"vfb-18-1\" value=\"Workshop Fallmanagement (online)\" class=\"vfb-checkbox  \" \/><label for=\"vfb-18-1\" class=\"vfb-choice\">Workshop Fallmanagement (online)<\/label><\/span><div style=\"clear:both\"><\/div><\/div><\/li><li class=\"vfb-item vfb-item-checkbox  \" id=\"item-vfb-19\"><label class=\"vfb-desc\">2. Oktober 2020 <\/label><div><span class=\"vfb-span\"><input type=\"checkbox\" name=\"vfb-19[]\" id=\"vfb-19-0\" value=\"Gespr\u00e4chsrunde N\u00e4he &amp; Distanz (online)\" class=\"vfb-checkbox  \" \/><label for=\"vfb-19-0\" class=\"vfb-choice\">Gespr\u00e4chsrunde N\u00e4he & Distanz (online)<\/label><\/span><span class=\"vfb-span\"><input type=\"checkbox\" name=\"vfb-19[]\" id=\"vfb-19-1\" value=\"Gespr\u00e4chsrunde Eine*r unter Vielen (online)\" class=\"vfb-checkbox  \" \/><label for=\"vfb-19-1\" class=\"vfb-choice\">Gespr\u00e4chsrunde Eine*r unter Vielen (online)<\/label><\/span><span class=\"vfb-span\"><input type=\"checkbox\" name=\"vfb-19[]\" id=\"vfb-19-2\" value=\"Gespr\u00e4chsrunde M\u00e4nnerwelten (online)\" class=\"vfb-checkbox  \" \/><label for=\"vfb-19-2\" class=\"vfb-choice\">Gespr\u00e4chsrunde M\u00e4nnerwelten (online)<\/label><\/span><span class=\"vfb-span\"><input type=\"checkbox\" name=\"vfb-19[]\" id=\"vfb-19-3\" value=\"Gespr\u00e4chsrunde K\u00f6rperzentrierte F\u00e4cher (online)\" class=\"vfb-checkbox  \" \/><label for=\"vfb-19-3\" class=\"vfb-choice\">Gespr\u00e4chsrunde K\u00f6rperzentrierte F\u00e4cher (online)<\/label><\/span><span class=\"vfb-span\"><input type=\"checkbox\" name=\"vfb-19[]\" id=\"vfb-19-4\" value=\"Gespr\u00e4chsrunde #MeToo intersektional (online)\" class=\"vfb-checkbox  \" \/><label for=\"vfb-19-4\" class=\"vfb-choice\">Gespr\u00e4chsrunde #MeToo intersektional (online)<\/label><\/span><div style=\"clear:both\"><\/div><\/div><\/li><li class=\"vfb-item vfb-item-checkbox  \" id=\"item-vfb-21\"><label class=\"vfb-desc\">5. Oktober 2020 <\/label><div><span class=\"vfb-span\"><input type=\"checkbox\" name=\"vfb-21[]\" id=\"vfb-21-0\" value=\"Workshop Solidarische Wissenschaft (online)\" class=\"vfb-checkbox  \" \/><label for=\"vfb-21-0\" class=\"vfb-choice\">Workshop Solidarische Wissenschaft (online)<\/label><\/span><span class=\"vfb-span\"><input type=\"checkbox\" name=\"vfb-21[]\" id=\"vfb-21-1\" value=\"Workshop Grenzen (FLINT*) (analog)\" class=\"vfb-checkbox  \" \/><label for=\"vfb-21-1\" class=\"vfb-choice\">Workshop Grenzen (FLINT*) (analog)<\/label><\/span><span class=\"vfb-span\"><input type=\"checkbox\" name=\"vfb-21[]\" id=\"vfb-21-2\" value=\"Workshop Grenzen (offen f\u00fcr alle) (analog)\" class=\"vfb-checkbox  \" \/><label for=\"vfb-21-2\" class=\"vfb-choice\">Workshop Grenzen (offen f\u00fcr alle) (analog)<\/label><\/span><span class=\"vfb-span\"><input type=\"checkbox\" name=\"vfb-21[]\" id=\"vfb-21-3\" value=\"Theater Geschichten aus der Stadt (analog)\" class=\"vfb-checkbox  \" \/><label for=\"vfb-21-3\" class=\"vfb-choice\">Theater Geschichten aus der Stadt (analog)<\/label><\/span><span class=\"vfb-span\"><input type=\"checkbox\" name=\"vfb-21[]\" id=\"vfb-21-4\" value=\"Theater Geschichten aus der Stadt (online)\" class=\"vfb-checkbox  \" \/><label for=\"vfb-21-4\" class=\"vfb-choice\">Theater Geschichten aus der Stadt (online)<\/label><\/span><div style=\"clear:both\"><\/div><\/div><\/li><li class=\"vfb-item vfb-item-checkbox  \" id=\"item-vfb-22\"><label class=\"vfb-desc\">6. Oktober 2020 <\/label><div><span class=\"vfb-span\"><input type=\"checkbox\" name=\"vfb-22[]\" id=\"vfb-22-0\" value=\"Workshop Erstberatung f\u00fcr Betroffene von sexualisierter Diskriminierung und Gewalt  (online)\" class=\"vfb-checkbox  \" \/><label for=\"vfb-22-0\" class=\"vfb-choice\">Workshop Erstberatung f\u00fcr Betroffene von sexualisierter Diskriminierung und Gewalt  (online)<\/label><\/span><span class=\"vfb-span\"><input type=\"checkbox\" name=\"vfb-22[]\" id=\"vfb-22-1\" value=\"Abschluss Gespr\u00e4ch mit Mithu M. Sanyal (online)\" class=\"vfb-checkbox  \" \/><label for=\"vfb-22-1\" class=\"vfb-choice\">Abschluss Gespr\u00e4ch mit Mithu M. Sanyal (online)<\/label><\/span><div style=\"clear:both\"><\/div><\/div><\/li><li class=\"vfb-item vfb-item-radio  \" id=\"item-vfb-20\"><label class=\"vfb-desc\">Zustimmung zur Datenverwendung  <span class=\"vfb-required-asterisk\">*<\/span><\/label><div><span><label><p style=\"font-weight:500;letter-spacing:0px\">Mit dem Absenden des Formulars erkl\u00e4ren Sie sich damit einverstanden, dass Ihre o. g. pers\u00f6nlichen Daten gespeichert (intern in Wordpress und auf Servern des IT Servicezentrums der Uni Halle) und verarbeitet (Export in ein anderes Format) werden. Eine E-Mail mit den Anmeldeinformationen geht an die Pr\u00e4ventionsstelle Diskriminierung und sexuelle Bel\u00e4stigung der Martin-Luther-Universit\u00e4t Halle-Wittenberg. Die Daten werden f\u00fcr die Vorbereitung und Durchf\u00fchrung der Themenwoche \"#MeToo in der Wissenschaft?!\" verwendet und mindestens bis einen Monat nach Abschluss der Veranstaltung gespeichert, aber sp\u00e4testens zum 31.12.2021 gel\u00f6scht. Diese Website verwendet weiterhin Matomo (Piwik) zur Ermittlung von Nutzungsstatistiken. Weitere Informationen und die Opt-out Option finden Sie hier: <a href=\"https:\/\/blogs.urz.uni-halle.de\/dienst\/datenschutz\/\" target=\"_blank\">https:\/\/blogs.urz.uni-halle.de\/dienst\/datenschutz\/<\/a>. Sie haben das Recht, Auskunft \u00fcber die gespeicherten Daten sowie Berichtigung und L\u00f6schung zu verlangen; Beschwerde bei dem Landesdatenschutzbeauftragten des Landes Sachsen-Anhalt einzulegen und Ihre eingegebenen Daten in maschinenlesbarer Form zu erhalten.  Hier finden Sie die <a href=\"http:\/\/wcms.itz.uni-halle.de\/download.php?down=49362&elem=3138142\" target=\"_blank\">Erstinformation nach DSGVO (PDF)<\/a>.\r\n<\/p><\/label><\/span><span class=\"vfb-span\"><input type=\"radio\" name=\"vfb-20\" id=\"vfb-20-1\" value=\"Ich stimme zu.\" class=\"vfb-radio  required \" \/><label for=\"vfb-20-1\" class=\"vfb-choice\">Ich stimme zu.<\/label><\/span><div style=\"clear:both\"><\/div><\/div><\/li><\/ul>&nbsp;<\/fieldset><fieldset class=\"vfb-fieldset vfb-fieldset-2 verification \" id=\"item-vfb-2\" style=\"display:block\"><div class=\"vfb-legend\"><h3>Verification<\/h3><\/div><ul class=\"vfb-section vfb-section-2\"><li class=\"vfb-item vfb-item-secret\"  style=\"display:block\"><label for=\"vfb-3\" class=\"vfb-desc\">Bitte geben Sie einen zweistellige Zahl ein. <span class=\"vfb-required-asterisk\">*<\/span><\/label><input type=\"hidden\" name=\"_vfb-secret\" value=\"vfb-3\" \/><span class=\"vfb-span\"><input type=\"text\" name=\"vfb-3\" id=\"vfb-3\" value=\"\" class=\"vfb-text  vfb-medium  required {digits:true,maxlength:2,minlength:2} \" style=\"display:block\" \/><label>Beispiel: 12<\/label><\/span><li style=\"display:none;\"><label>This box is for spam protection - <strong>please leave it blank<\/strong>:<\/label><div><input name=\"vfb-spam\" \/><\/div><\/li>\n\t\t\t<li class=\"vfb-item vfb-item-submit\" id=\"item-vfb-4\">\n\t\t\t\t\t\t<input type=\"submit\" name=\"vfb-submit\" id=\"vfb-4\" value=\"Anmelden\" class=\"vfb-submit \" \/>\n\t\t\t\t\t\t<\/li><\/ul>\n\t\t\t<\/fieldset><input type=\"hidden\" name=\"_wp_http_referer\" value=\"\/praeventionsstelle\/wp-json\/wp\/v2\/pages\/10\" \/><\/form><\/div> <!-- .visual-form-builder-container -->\n","protected":false},"excerpt":{"rendered":"<p>Achtung: Eine Anmeldung ist nur noch f\u00fcr folgende Programmpunkte m\u00f6glich. Die restlichen Programmpunkte sind bereits ausgebucht und haben Wartelisten. Theater (analog &amp; online) Abschluss mit Mithu Sanyal (online) Eine Teilnahmegeb\u00fchr wird nicht erhoben. Sie erhalten eine Best\u00e4tigung Ihrer Anmeldung und Informationen zum Zugang zu den Veranstaltungen per Mail. Die Online-Veranstaltungen finden via Webex statt. Ein [&hellip;]<\/p>\n","protected":false},"author":4841,"featured_media":0,"parent":0,"menu_order":0,"comment_status":"closed","ping_status":"closed","template":"","meta":[],"_links":{"self":[{"href":"https:\/\/blogs.urz.uni-halle.de\/praeventionsstelle\/wp-json\/wp\/v2\/pages\/10"}],"collection":[{"href":"https:\/\/blogs.urz.uni-halle.de\/praeventionsstelle\/wp-json\/wp\/v2\/pages"}],"about":[{"href":"https:\/\/blogs.urz.uni-halle.de\/praeventionsstelle\/wp-json\/wp\/v2\/types\/page"}],"author":[{"embeddable":true,"href":"https:\/\/blogs.urz.uni-halle.de\/praeventionsstelle\/wp-json\/wp\/v2\/users\/4841"}],"replies":[{"embeddable":true,"href":"https:\/\/blogs.urz.uni-halle.de\/praeventionsstelle\/wp-json\/wp\/v2\/comments?post=10"}],"version-history":[{"count":10,"href":"https:\/\/blogs.urz.uni-halle.de\/praeventionsstelle\/wp-json\/wp\/v2\/pages\/10\/revisions"}],"predecessor-version":[{"id":865,"href":"https:\/\/blogs.urz.uni-halle.de\/praeventionsstelle\/wp-json\/wp\/v2\/pages\/10\/revisions\/865"}],"wp:attachment":[{"href":"https:\/\/blogs.urz.uni-halle.de\/praeventionsstelle\/wp-json\/wp\/v2\/media?parent=10"}],"curies":[{"name":"wp","href":"https:\/\/api.w.org\/{rel}","templated":true}]}}