{"id":282,"date":"2020-08-07T12:29:01","date_gmt":"2020-08-07T10:29:01","guid":{"rendered":"https:\/\/blogs.urz.uni-halle.de\/praeventionsstelle\/?page_id=282"},"modified":"2023-03-09T14:45:36","modified_gmt":"2023-03-09T13:45:36","slug":"die-organisatorinnen","status":"publish","type":"page","link":"https:\/\/blogs.urz.uni-halle.de\/praeventionsstelle\/die-organisatorinnen\/","title":{"rendered":"Organisationsteam"},"content":{"rendered":"\n<h2 class=\"has-text-align-left has-white-color has-text-color has-background\" style=\"background-color:#ed6e36\">Die Themenwoche wurde organisiert von:<\/h2>\n\n\n\n<div class=\"wp-block-media-text alignwide is-stacked-on-mobile\"><figure class=\"wp-block-media-text__media\"><img loading=\"lazy\" width=\"300\" height=\"214\" src=\"https:\/\/blogs.urz.uni-halle.de\/praeventionsstelle\/files\/2023\/03\/2018-Friederike-Stecklum-4-300x214.jpg\" alt=\"\" class=\"wp-image-1111\" srcset=\"https:\/\/blogs.urz.uni-halle.de\/praeventionsstelle\/files\/2023\/03\/2018-Friederike-Stecklum-4-300x214.jpg 300w, https:\/\/blogs.urz.uni-halle.de\/praeventionsstelle\/files\/2023\/03\/2018-Friederike-Stecklum-4-1024x729.jpg 1024w, https:\/\/blogs.urz.uni-halle.de\/praeventionsstelle\/files\/2023\/03\/2018-Friederike-Stecklum-4-768x547.jpg 768w, https:\/\/blogs.urz.uni-halle.de\/praeventionsstelle\/files\/2023\/03\/2018-Friederike-Stecklum-4.jpg 1501w\" sizes=\"(max-width: 300px) 100vw, 300px\" \/><\/figure><div class=\"wp-block-media-text__content\">\n<p class=\"has-text-color has-normal-font-size\" style=\"color:#713f73\"><strong>Sabine W\u00f6ller, M.A.<\/strong><br>Martin-Luther-Universit\u00e4t Halle-Wittenberg<br>Stabsstelle Vielfalt und Chancengleichheit<a rel=\"noreferrer noopener\" href=\"https:\/\/diskriminierungsschutz.uni-halle.de\/\" target=\"_blank\"><br>Pr\u00e4ventionsstelle Diskriminierung und sexuelle Bel\u00e4stigung<\/a><br>Referentin f\u00fcr Vielfalt<\/p>\n<\/div><\/div>\n\n\n\n<div class=\"wp-block-media-text alignwide has-media-on-the-right is-stacked-on-mobile\"><figure class=\"wp-block-media-text__media\"><img loading=\"lazy\" width=\"600\" height=\"400\" src=\"https:\/\/blogs.urz.uni-halle.de\/praeventionsstelle\/files\/2023\/03\/ritschel.jpeg\" alt=\"\" class=\"wp-image-1116\" srcset=\"https:\/\/blogs.urz.uni-halle.de\/praeventionsstelle\/files\/2023\/03\/ritschel.jpeg 600w, https:\/\/blogs.urz.uni-halle.de\/praeventionsstelle\/files\/2023\/03\/ritschel-300x200.jpeg 300w\" sizes=\"(max-width: 600px) 100vw, 600px\" \/><\/figure><div class=\"wp-block-media-text__content\">\n<p class=\"has-text-color has-normal-font-size\" style=\"color:#713f73\"><strong>Dr.<\/strong>\u00a0<strong><sup>in<\/sup>\u00a0Andrea Ritschel<\/strong><br>Martin-Luther-Universit\u00e4t Halle-Wittenberg<br><a rel=\"noreferrer noopener\" href=\"https:\/\/www.gleichstellung.uni-halle.de\/\" target=\"_blank\">Stellvertretende Gleichstellungsbeauftragte<\/a><br>Stabsstelle Vielfalt und Chancengleichheit<br><a rel=\"noreferrer noopener\" href=\"https:\/\/www.uni-halle.de\/familiengerecht\/\" target=\"_blank\">Leiterin des Familienb\u00fcros<\/a><\/p>\n<\/div><\/div>\n\n\n\n<div class=\"wp-block-media-text alignwide is-stacked-on-mobile\"><figure class=\"wp-block-media-text__media\"><img src=\"https:\/\/www.gleichstellung.uni-halle.de\/im\/1588069821_2377_0.jpg\" alt=\"\" \/><\/figure><div class=\"wp-block-media-text__content\">\n<p class=\"has-text-color has-normal-font-size\" style=\"color:#713f73\"><strong>Anja Wiegner<\/strong><br>Martin-Luther-Universit\u00e4t Halle-Wittenberg<br><a rel=\"noreferrer noopener\" href=\"https:\/\/www.gleichstellung.uni-halle.de\/\" target=\"_blank\">Referentin der Gleichstellungsbeauftragten<\/a><\/p>\n<\/div><\/div>\n\n\n\n<div class=\"wp-block-media-text alignwide has-media-on-the-right is-stacked-on-mobile\"><figure class=\"wp-block-media-text__media\"><img loading=\"lazy\" width=\"270\" height=\"240\" src=\"https:\/\/blogs.urz.uni-halle.de\/praeventionsstelle\/files\/2020\/08\/Annika.png\" alt=\"\" class=\"wp-image-293\" \/><\/figure><div class=\"wp-block-media-text__content\">\n<p class=\"has-text-color has-normal-font-size\" style=\"color:#713f73\"><strong>Annika Sominka, M.A.<\/strong><br>BURG Giebichenstein Kunsthochschule Halle<br>Wissenschaftliche Mitarbeiterin<br>Projekt FEM POWER<br><\/p>\n<\/div><\/div>\n\n\n\n<div class=\"wp-block-media-text alignwide is-stacked-on-mobile\"><figure class=\"wp-block-media-text__media\"><img loading=\"lazy\" width=\"1024\" height=\"1024\" src=\"https:\/\/blogs.urz.uni-halle.de\/praeventionsstelle\/files\/2023\/03\/katja-labow.1024x1024-1024x1024.jpg\" alt=\"\" class=\"wp-image-1118\" srcset=\"https:\/\/blogs.urz.uni-halle.de\/praeventionsstelle\/files\/2023\/03\/katja-labow.1024x1024.jpg 1024w, https:\/\/blogs.urz.uni-halle.de\/praeventionsstelle\/files\/2023\/03\/katja-labow.1024x1024-300x300.jpg 300w, https:\/\/blogs.urz.uni-halle.de\/praeventionsstelle\/files\/2023\/03\/katja-labow.1024x1024-150x150.jpg 150w, https:\/\/blogs.urz.uni-halle.de\/praeventionsstelle\/files\/2023\/03\/katja-labow.1024x1024-768x768.jpg 768w, https:\/\/blogs.urz.uni-halle.de\/praeventionsstelle\/files\/2023\/03\/katja-labow.1024x1024-510x510.jpg 510w\" sizes=\"(max-width: 1024px) 100vw, 1024px\" \/><\/figure><div class=\"wp-block-media-text__content\">\n<p class=\"has-text-color has-normal-font-size\" style=\"color:#713f73\"><strong>Dipl.-Kulturp\u00e4d. Katja Labow<\/strong><br>Hochschule Merseburg<br><a rel=\"noreferrer noopener\" href=\"https:\/\/www.hs-merseburg.de\/hochschule\/information\/personenverzeichnis\/details\/person\/labow-katja-324\/\" target=\"_blank\">Gleichstellungsbeauftragte der Verwaltung<br>Koordinatorin familiengerechte Hochschule<br>und Studienorientierungsphase&nbsp;<\/a><\/p>\n<\/div><\/div>\n\n\n\n<div class=\"wp-block-media-text alignwide has-media-on-the-right is-stacked-on-mobile\"><figure class=\"wp-block-media-text__media\"><img src=\"http:\/\/www.kgc-sachsen-anhalt.de\/kffg_media\/%C3%9Cber+KGC\/Kontakt\/IMG_1712_Morena_komprimiert-height-683-p-1876-width-1024.jpgjHVsfRJKX3pBEqR-B6\" alt=\"\" \/><\/figure><div class=\"wp-block-media-text__content\">\n<p class=\"has-text-color has-normal-font-size\" style=\"color:#713f73\"><strong>Morena Groll, M.A.<\/strong><br>Koordinierungsstelle Genderforschung und Chancengleichheit Sachsen-Anhalt (KGC)<br><a rel=\"noreferrer noopener\" href=\"http:\/\/www.kgc-sachsen-anhalt.de\/%C3%9Cber+die+KGC\/Team\/Morena+Groll.html\" target=\"_blank\">Koordinatorin FEM POWER Netzwerk&nbsp;<br>Gendercampus Sachsen-Anhalt<\/a><\/p>\n<\/div><\/div>\n\n\n\n<p><\/p>\n\n\n\n<h2 class=\"has-text-align-left has-white-color has-text-color has-background\" style=\"background-color:#ed6e36\">Dieser Themenwochen-Blog wird betreut von:<\/h2>\n\n\n\n<div class=\"wp-block-media-text alignwide is-stacked-on-mobile\"><figure class=\"wp-block-media-text__media\"><img loading=\"lazy\" width=\"300\" height=\"214\" src=\"https:\/\/blogs.urz.uni-halle.de\/praeventionsstelle\/files\/2023\/03\/2018-Friederike-Stecklum-4-300x214.jpg\" alt=\"\" class=\"wp-image-1111\" srcset=\"https:\/\/blogs.urz.uni-halle.de\/praeventionsstelle\/files\/2023\/03\/2018-Friederike-Stecklum-4-300x214.jpg 300w, https:\/\/blogs.urz.uni-halle.de\/praeventionsstelle\/files\/2023\/03\/2018-Friederike-Stecklum-4-1024x729.jpg 1024w, https:\/\/blogs.urz.uni-halle.de\/praeventionsstelle\/files\/2023\/03\/2018-Friederike-Stecklum-4-768x547.jpg 768w, https:\/\/blogs.urz.uni-halle.de\/praeventionsstelle\/files\/2023\/03\/2018-Friederike-Stecklum-4.jpg 1501w\" sizes=\"(max-width: 300px) 100vw, 300px\" \/><\/figure><div class=\"wp-block-media-text__content\">\n<p class=\"has-text-color has-normal-font-size\" style=\"color:#713f73\"><strong>Sabine W\u00f6ller, M.A.<\/strong><br>Martin-Luther-Universit\u00e4t Halle-Wittenberg<br>Stabsstelle Vielfalt und Chancengleichheit<a rel=\"noreferrer noopener\" href=\"https:\/\/diskriminierungsschutz.uni-halle.de\/\" target=\"_blank\"><br>Pr\u00e4ventions- und Beratungsstelle Antidiskriminierung<\/a><\/p>\n<\/div><\/div>\n","protected":false},"excerpt":{"rendered":"<p>Die Themenwoche wurde organisiert von: Sabine W\u00f6ller, M.A.Martin-Luther-Universit\u00e4t Halle-WittenbergStabsstelle Vielfalt und ChancengleichheitPr\u00e4ventionsstelle Diskriminierung und sexuelle Bel\u00e4stigungReferentin f\u00fcr Vielfalt Dr.\u00a0in\u00a0Andrea RitschelMartin-Luther-Universit\u00e4t Halle-WittenbergStellvertretende GleichstellungsbeauftragteStabsstelle Vielfalt und ChancengleichheitLeiterin des Familienb\u00fcros Anja WiegnerMartin-Luther-Universit\u00e4t Halle-WittenbergReferentin der Gleichstellungsbeauftragten Annika Sominka, M.A.BURG Giebichenstein Kunsthochschule HalleWissenschaftliche MitarbeiterinProjekt FEM POWER Dipl.-Kulturp\u00e4d. Katja LabowHochschule MerseburgGleichstellungsbeauftragte der VerwaltungKoordinatorin familiengerechte Hochschuleund Studienorientierungsphase&nbsp; Morena Groll, M.A.Koordinierungsstelle Genderforschung und [&hellip;]<\/p>\n","protected":false},"author":4841,"featured_media":0,"parent":0,"menu_order":0,"comment_status":"closed","ping_status":"closed","template":"","meta":[],"_links":{"self":[{"href":"https:\/\/blogs.urz.uni-halle.de\/praeventionsstelle\/wp-json\/wp\/v2\/pages\/282"}],"collection":[{"href":"https:\/\/blogs.urz.uni-halle.de\/praeventionsstelle\/wp-json\/wp\/v2\/pages"}],"about":[{"href":"https:\/\/blogs.urz.uni-halle.de\/praeventionsstelle\/wp-json\/wp\/v2\/types\/page"}],"author":[{"embeddable":true,"href":"https:\/\/blogs.urz.uni-halle.de\/praeventionsstelle\/wp-json\/wp\/v2\/users\/4841"}],"replies":[{"embeddable":true,"href":"https:\/\/blogs.urz.uni-halle.de\/praeventionsstelle\/wp-json\/wp\/v2\/comments?post=282"}],"version-history":[{"count":10,"href":"https:\/\/blogs.urz.uni-halle.de\/praeventionsstelle\/wp-json\/wp\/v2\/pages\/282\/revisions"}],"predecessor-version":[{"id":1129,"href":"https:\/\/blogs.urz.uni-halle.de\/praeventionsstelle\/wp-json\/wp\/v2\/pages\/282\/revisions\/1129"}],"wp:attachment":[{"href":"https:\/\/blogs.urz.uni-halle.de\/praeventionsstelle\/wp-json\/wp\/v2\/media?parent=282"}],"curies":[{"name":"wp","href":"https:\/\/api.w.org\/{rel}","templated":true}]}}