{"id":13,"date":"2022-08-19T15:07:06","date_gmt":"2022-08-19T13:07:06","guid":{"rendered":"https:\/\/blogs.urz.uni-halle.de\/promovierendenvertretung\/?page_id=13"},"modified":"2026-04-09T08:26:00","modified_gmt":"2026-04-09T06:26:00","slug":"startseite","status":"publish","type":"page","link":"https:\/\/blogs.urz.uni-halle.de\/promovierendenvertretung\/","title":{"rendered":"Willkommen!"},"content":{"rendered":"\n<p class=\"has-white-color has-text-color has-background\" style=\"background-color:#ff1014\"><strong>Es finden wieder Wahlen zur Promovierendenvertretung statt. Wir suchen noch nach Kandidatinnen und haben uns vorgenommen, dass alle Fakult\u00e4ten im n\u00e4chsten Gremium vertreten sind. Wenn Du noch Infos zum Amt und zum Bewerbungsprozess brauchst, findest Du diese <a href=\"https:\/\/blogs.urz.uni-halle.de\/promovierendenvertretung\/2026\/04\/faq-zu-den-wahlen-zur-promovierendenvertretung\/\" data-type=\"post\" data-id=\"461\">hier<\/a>. Die Bewerbung kann noch bis 17.4.2026, 16 Uhr eingereicht werden.<\/strong><\/p>\n\n\n\n<p><strong>Wer wir sind<\/strong>: Wir sind die gew\u00e4hlte Promovierendenvertretung der Martin-Luther-Universit\u00e4t Halle-Wittenberg. Dieses Gremium umfasst alle gew\u00e4hlten Promovierendenvertreter*innen und Stellvertreter*innen. Die Mitglieder wurden mit der letzten allgemeinen Hochschulwahlen von Euch, den Promovierenden aus Eurer eigenen Mitte gew\u00e4hlt. Leider wurden in der naturwissenschaftlichen Fakult\u00e4t II und III keine Wahlvorschl\u00e4ge eingereicht, und stellen in dieser Wahlperiode keine Vertreter.<\/p>\n\n\n\n<p class=\"has-white-color has-text-color has-background\" style=\"background-color:#b1e053\"><a href=\"https:\/\/wisswei.verwaltung.uni-halle.de\/wahlen\/promovierendenvertretung2024\/\">Hier <\/a>geht es zu den Ergebnissen der letzten Hochschulwahl<\/p>\n\n\n\n<p><strong>Unsere Aufgabe<\/strong>: Unsere Aufgabe ist die Vertretung unserer bzw. Eurer Interessen an der MLU Halle-Wittenberg. Wir vertreten dabei die ganze Bandbreite Promovierender in unterschiedlichen Lebenslagen: Von wissenschaftlichen Mitarbeiter*innen \u00fcber Stipendiat*innen bis hin zu extern promovierenden. Dies tun wir sowohl in den Gremien der jeweiligen Fakult\u00e4ten als auch auf Ebene des universit\u00e4ren Senats. Wir besitzen sowohl Rede- als auch Antrags-, jedoch kein eigenes Stimmrecht. <\/p>\n\n\n\n<p class=\"has-white-color has-text-color has-background\" style=\"background-color:#b1e053\">Informiere Dich <a href=\"https:\/\/blogs.urz.uni-halle.de\/promovierendenvertretung\/wichtige-links-und-dokumente\/\">hier <\/a>zu den gesetzlichen Grundlagen der Promovierendenvertretung<\/p>\n\n\n\n<p><strong>Wof\u00fcr wir (ein)stehen<\/strong>: Wir wollen die Arbeits- Lebens- Lehr- und Lernbedingungen des Promotionsstudiums verbessern, f\u00fcr die Anerkennung unserer Leistung im universit\u00e4ren Betrieb streiten und dem wissenschaftlichen Nachwuchs eine starke Stimme geben. Zudem wollen wir Euch wichtige Informationen und Anlaufstellen geb\u00fcndelt zur Verf\u00fcgung stellen und Euch \u00fcber Entwicklungen zur Lage der Promovierenden auf dem neusten Stand halten. <\/p>\n\n\n\n<p><strong>Wir sind nicht alleine<\/strong>: Im Moment entstehen in ganz Deutschland Promovierendenvertretungen, die sich auch jenseits ihrer eigenen Universit\u00e4ten f\u00fcr bessere Bedingungen des Promovierens einsetzen wollen. In diesem Zuge sind auch wir Teil von Netzwerken wie <a href=\"https:\/\/www.promovierende.de\/\">Bundesverband Promovierende e. V.<\/a> und dem <a href=\"https:\/\/vmpv.de\/politische-forderungen\/\">Verbund Mitteldeutscher Promovierendenvertretungen<\/a>. <\/p>\n\n\n\n<p class=\"has-white-color has-text-color has-background\" style=\"background-color:#b1e053\">Unsere aktuellen Sitzungstermine und Einladungen findest Du auf der Seite <a href=\"https:\/\/blogs.urz.uni-halle.de\/promovierendenvertretung\/beispiel-seite\/\">Neuigkeiten<\/a>.<\/p>\n\n\n\n<p><strong>So kannst Du uns bei Nachfragen und Problemen erreichen<\/strong>: Wir sind \u00fcber unsere zentrale E-Mail-Adresse <a href=\"mailto:promovierendenvertretung@uni-halle.de\">promovierendenvertretung@uni-halle.de<\/a> erreichbar. Gerne kannst Du aber auch eins unserer regelm\u00e4\u00dfig stattfindenden Treffen besuchen. Du kannst uns auch einen guten alten Brief schreiben:<\/p>\n\n\n\n<p class=\"has-white-color has-medium-gray-background-color has-text-color has-background\">Promovierendenvertretung der Martin-Luther-Universit\u00e4t Halle-Wittenberg           Martin-Luther-Universit\u00e4t Halle-Wittenberg<br>Universit\u00e4tsplatz 10<br>06108 Halle<br>Deutschland<\/p>\n\n\n\n<p class=\"has-dark-gray-color has-text-color\"><\/p>\n","protected":false},"excerpt":{"rendered":"<p>Es finden wieder Wahlen zur Promovierendenvertretung statt. Wir suchen noch nach Kandidatinnen und haben uns vorgenommen, dass alle Fakult\u00e4ten im n\u00e4chsten Gremium vertreten sind. Wenn Du noch Infos zum Amt und zum Bewerbungsprozess brauchst, findest Du diese hier. Die Bewerbung kann noch bis 17.4.2026, 16 Uhr eingereicht werden. Wer wir sind: Wir sind die gew\u00e4hlte [&hellip;]<\/p>\n","protected":false},"author":5164,"featured_media":0,"parent":0,"menu_order":0,"comment_status":"closed","ping_status":"closed","template":"","meta":{"ngg_post_thumbnail":0},"_links":{"self":[{"href":"https:\/\/blogs.urz.uni-halle.de\/promovierendenvertretung\/wp-json\/wp\/v2\/pages\/13"}],"collection":[{"href":"https:\/\/blogs.urz.uni-halle.de\/promovierendenvertretung\/wp-json\/wp\/v2\/pages"}],"about":[{"href":"https:\/\/blogs.urz.uni-halle.de\/promovierendenvertretung\/wp-json\/wp\/v2\/types\/page"}],"author":[{"embeddable":true,"href":"https:\/\/blogs.urz.uni-halle.de\/promovierendenvertretung\/wp-json\/wp\/v2\/users\/5164"}],"replies":[{"embeddable":true,"href":"https:\/\/blogs.urz.uni-halle.de\/promovierendenvertretung\/wp-json\/wp\/v2\/comments?post=13"}],"version-history":[{"count":10,"href":"https:\/\/blogs.urz.uni-halle.de\/promovierendenvertretung\/wp-json\/wp\/v2\/pages\/13\/revisions"}],"predecessor-version":[{"id":470,"href":"https:\/\/blogs.urz.uni-halle.de\/promovierendenvertretung\/wp-json\/wp\/v2\/pages\/13\/revisions\/470"}],"wp:attachment":[{"href":"https:\/\/blogs.urz.uni-halle.de\/promovierendenvertretung\/wp-json\/wp\/v2\/media?parent=13"}],"curies":[{"name":"wp","href":"https:\/\/api.w.org\/{rel}","templated":true}]}}