{"id":125,"date":"2022-11-19T10:59:14","date_gmt":"2022-11-19T09:59:14","guid":{"rendered":"https:\/\/blogs.urz.uni-halle.de\/propsteikirche\/?page_id=125"},"modified":"2023-01-11T12:45:34","modified_gmt":"2023-01-11T11:45:34","slug":"kopiervorlage","status":"publish","type":"page","link":"https:\/\/blogs.urz.uni-halle.de\/propsteikirche\/kopiervorlage\/","title":{"rendered":"Druckvorlage &#8211; Karteikarten"},"content":{"rendered":"\n<p>In der Datei befinden sich die Bilder der kirchlichen Pflichtelemente, die eine katholische Kirche ausmachen. Die Idee ist, dass es doppelseitig ausgedruckt und anschlie\u00dfend als Karteikarten ausgeschnitten wird. So befindet sich auf der Vorderseite der Karte das Element und auf der R\u00fcckseite der Grundriss der Katholischen Propstei St. Trinitatis. Diese K\u00e4rtchen werden so ausgeteilt, dass alle eins bekommen. Diejenigen Sch\u00fcler*innen, die dasselbe Element besitzen, bilden eine Gruppe. Anschlie\u00dfend k\u00f6nnen die Sch\u00fcler*innen ihr zugewiesenes Element in der ausgew\u00e4hlten Kirche suchen. <\/p>\n\n\n\n<div class=\"wp-block-file alignleft\"><a href=\"https:\/\/blogs.urz.uni-halle.de\/propsteikirche\/files\/2022\/11\/Kopiervorlage-.pdf\">Kopiervorlage<\/a><a href=\"https:\/\/blogs.urz.uni-halle.de\/propsteikirche\/files\/2022\/11\/Kopiervorlage-.pdf\" class=\"wp-block-file__button\" download>Herunterladen<\/a><\/div>\n","protected":false},"excerpt":{"rendered":"<p>In der Datei befinden sich die Bilder der kirchlichen Pflichtelemente, die eine katholische Kirche ausmachen. Die Idee ist, dass es doppelseitig ausgedruckt und anschlie\u00dfend als Karteikarten ausgeschnitten wird. So befindet sich auf der Vorderseite der Karte das Element und auf &hellip; <a href=\"https:\/\/blogs.urz.uni-halle.de\/propsteikirche\/kopiervorlage\/\">Weiterlesen <span class=\"meta-nav\">&rarr;<\/span><\/a><\/p>\n","protected":false},"author":5607,"featured_media":0,"parent":0,"menu_order":0,"comment_status":"closed","ping_status":"closed","template":"","meta":[],"_links":{"self":[{"href":"https:\/\/blogs.urz.uni-halle.de\/propsteikirche\/wp-json\/wp\/v2\/pages\/125"}],"collection":[{"href":"https:\/\/blogs.urz.uni-halle.de\/propsteikirche\/wp-json\/wp\/v2\/pages"}],"about":[{"href":"https:\/\/blogs.urz.uni-halle.de\/propsteikirche\/wp-json\/wp\/v2\/types\/page"}],"author":[{"embeddable":true,"href":"https:\/\/blogs.urz.uni-halle.de\/propsteikirche\/wp-json\/wp\/v2\/users\/5607"}],"replies":[{"embeddable":true,"href":"https:\/\/blogs.urz.uni-halle.de\/propsteikirche\/wp-json\/wp\/v2\/comments?post=125"}],"version-history":[{"count":7,"href":"https:\/\/blogs.urz.uni-halle.de\/propsteikirche\/wp-json\/wp\/v2\/pages\/125\/revisions"}],"predecessor-version":[{"id":220,"href":"https:\/\/blogs.urz.uni-halle.de\/propsteikirche\/wp-json\/wp\/v2\/pages\/125\/revisions\/220"}],"wp:attachment":[{"href":"https:\/\/blogs.urz.uni-halle.de\/propsteikirche\/wp-json\/wp\/v2\/media?parent=125"}],"curies":[{"name":"wp","href":"https:\/\/api.w.org\/{rel}","templated":true}]}}