{"id":228,"date":"2023-01-11T17:37:54","date_gmt":"2023-01-11T16:37:54","guid":{"rendered":"https:\/\/blogs.urz.uni-halle.de\/propsteikirche\/?page_id=228"},"modified":"2023-01-11T17:37:55","modified_gmt":"2023-01-11T16:37:55","slug":"literaturverzeichnis","status":"publish","type":"page","link":"https:\/\/blogs.urz.uni-halle.de\/propsteikirche\/literaturverzeichnis\/","title":{"rendered":"Literaturverzeichnis"},"content":{"rendered":"\n<p><strong>Merkmale einer Kirche<\/strong><\/p>\n\n\n\n<p><strong>1 Bilder<\/strong><\/p>\n\n\n\n<p><em>1.1 Taufbecken 1<\/em><\/p>\n\n\n\n<p>Riecke, K. (2007). Willkommen in meiner Kirche. Ein Gang durch das Gotteshaus. G\u00f6ttingen: Vandenhoeck &amp; Ruprecht. S. 73.<\/p>\n\n\n\n<p><em>1.2 Taufbecken 2<\/em><\/p>\n\n\n\n<p>Riecke, K. (2007). Willkommen in meiner Kirche. Ein Gang durch das Gotteshaus. G\u00f6ttingen: Vandenhoeck &amp; Ruprecht. S. 75.<\/p>\n\n\n\n<p><em>1.3 Das ewige Licht 1<\/em><\/p>\n\n\n\n<p>Riecke, K. (2007). Willkommen in meiner Kirche. Ein Gang durch das Gotteshaus. G\u00f6ttingen: Vandenhoeck &amp; Ruprecht. S. 49.<\/p>\n\n\n\n<p><em>1.4 Das ewige Licht 2<\/em><\/p>\n\n\n\n<p>Riecke, K. (2007). Willkommen in meiner Kirche. Ein Gang durch das Gotteshaus. G\u00f6ttingen: Vandenhoeck &amp; Ruprecht. S. 51.<\/p>\n\n\n\n<p><em>1.5 Ort f\u00fcr Wortverk\u00fcndung 1<\/em><\/p>\n\n\n\n<p>Riecke, K. (2007). Willkommen in meiner Kirche. Ein Gang durch das Gotteshaus. G\u00f6ttingen: Vandenhoeck &amp; Ruprecht. S. 37.<\/p>\n\n\n\n<p><em>1.6 Ort f\u00fcr Wortverk\u00fcndung 2<\/em><\/p>\n\n\n\n<p>Riecke, K. (2007). Willkommen in meiner Kirche. Ein Gang durch das Gotteshaus. G\u00f6ttingen: Vandenhoeck &amp; Ruprecht. S. 25.<\/p>\n\n\n\n<p><em>1.7 Altar<\/em><\/p>\n\n\n\n<p>Riecke, K. (2007). Willkommen in meiner Kirche. Ein Gang durch das Gotteshaus. G\u00f6ttingen: Vandenhoeck &amp; Ruprecht. S. 13<\/p>\n\n\n\n<p><em>1.8 Apostelkreuz<\/em><\/p>\n\n\n\n<p>Schertl, H. (2003). Apostelleuchter und Apostelkreuze. Abgerufen von: http:\/\/kirchenundkapellen.de\/kirchen\/Apostelleuchter.htm [11.01.2023]<\/p>\n\n\n\n<p><em>1.9 Tabernakel<\/em><\/p>\n\n\n\n<p><em>Br\u00fcll, C., Ittmann, N., Maschwitz, R. &amp; Stoppig, C. (2005). Synagoge &#8211; Kirche &#8211; Moschee. Kultr\u00e4ume erfahren und Religionen entdecken. M\u00fcnchen: K\u00f6sel.<\/em> Anhang. Arbeitsblatt 9. Blatt 4.<\/p>\n\n\n\n<p><strong>2 Informationstext<\/strong><\/p>\n\n\n\n<p><em>2.1 Taufbecken<\/em><\/p>\n\n\n\n<p>Falter, S. (2012). Lernen vor Ort. Ideen und Materialien f\u00fcr Unterrichtsg\u00e4nge in Religion und Ethik. M\u00fchlheim an der Ruhr: Verlag an der Ruhr. S. 30.<\/p>\n\n\n\n<p>Katholische Kirche Aalen. (o.J.). Liturgische Orte. Abgerufen von: https:\/\/katholische-kirche-aalen.de\/glaube-erleben-2\/liturgische-orte\/ [11.01.2023]<\/p>\n\n\n\n<p>Riecke, K. (2007). Willkommen in meiner Kirche. Ein Gang durch das Gotteshaus. G\u00f6ttingen: Vandenhoeck &amp; Ruprecht. S. 74.<\/p>\n\n\n\n<p><em>2.2 Das ewige Licht<\/em><\/p>\n\n\n\n<p>APG. (o.J.). Ewiges Licht. Abgerufen von: https:\/\/www.katholisch.de\/lexikon\/972-ewiges-licht [11.01.2023]<\/p>\n\n\n\n<p>Katholische Kirche Aalen. (o.J.). Liturgische Orte. Abgerufen von: https:\/\/katholische-kirche-aalen.de\/glaube-erleben-2\/liturgische-orte\/ [11.01.2023]<\/p>\n\n\n\n<p>Krause, M. (o.J.). Ewiges Licht &#8211; erinnert an Gottes Anwesenheit. Abgerufen von: https:\/\/www.religionen-entdecken.de\/lexikon\/e\/ewiges-licht [11.01.2023]<\/p>\n\n\n\n<p>Riecke, K. (2007). Willkommen in meiner Kirche. Ein Gang durch das Gotteshaus. G\u00f6ttingen: Vandenhoeck &amp; Ruprecht. S. 50.<\/p>\n\n\n\n<p><em>2.3 Ort f\u00fcr Wortverk\u00fcndung<\/em><\/p>\n\n\n\n<p>Falter, S. (2012). Lernen vor Ort. Ideen und Materialien f\u00fcr Unterrichtsg\u00e4nge in Religion und Ethik. M\u00fchlheim an der Ruhr: Verlag an der Ruhr. S. 30.<\/p>\n\n\n\n<p>Uder, M. (o.J.). Ambo. Abgerufen von: https:\/\/www.herder.de\/gd\/lexikon\/ambo\/ [11.01.2023]<\/p>\n\n\n\n<p>Wolf-Krause, B. (o.J.). Ambo &#8211; der Tisch des Wortes. Abgerufen von: https:\/\/www.religionen-entdecken.de\/lexikon\/a\/ambo [11.01.2023]<\/p>\n\n\n\n<p><em>2.4 Apostelkreuz<\/em><\/p>\n\n\n\n<p>Schallenhofer, W. (o.J.). Kirche. Glauben. Lexikon. Die 12 Apostel J\u00fcnger Jesu von Nazareth. Abgerufen von: http:\/\/www.kirchenweb.at\/ministranten\/christentum\/apostel.htm [11.01.2023]<\/p>\n\n\n\n<p>Schneider, W. (2019). Wer waren die 12 Apostel?. Abgerufen von: https:\/\/www.bibelcenter.de\/bibel\/studien\/wort\/d-std040.php [11.01.2023]<\/p>\n\n\n\n<p>Zentrale f\u00fcr Unterrichtsmedien im Internet e.V. (2022). Apostel. Abgerufen von: https:\/\/klexikon.zum.de\/wiki\/Apostel [11.01.2023] <\/p>\n\n\n\n<p><em>2.5 Altar<\/em><\/p>\n\n\n\n<p>Erzbistum K\u00f6ln. (2017). Erkl\u00e4rung des Ablaufs und der Riten einer katholischen Altarweihe. Abgerufen von: https:\/\/www.erzbistum-koeln.de\/news\/Altarweihe-Wie-wird-ein-Altar-geweiht\/ [11.01.2023]<\/p>\n\n\n\n<p>Katholische Kirchengemeinde Tauberbischofsheim. (o.J.). Der Altar und sein Zubeh\u00f6r. Abgerufen von: https:\/\/www.kath-tauberbischofsheim.de\/glauben-symbole\/liturgie-und-ihre-bedeutung\/der-altar-und-sein-zubehoer\/ [11.01.2023]<\/p>\n\n\n\n<p>Martin, K. (2016): Kirchenausstattung einer katholischen Kirche. Katholisch.de erkl\u00e4rt die Einrichtung katholischer Kirchen. Abgerufen von: https:\/\/www.katholisch.de\/artikel\/7551-das-mobiliar-in-der-wohnung-des-herrn [11.01.2023]<\/p>\n\n\n\n<p><em>2.6 Reliquiengrab<\/em><\/p>\n\n\n\n<p>Altarsepulcrum (o.J.). Abgerufen von: chrome-extension:\/\/efaidnbmnnnibpcajpcglclefindmkaj\/https:\/\/www.cistopedia.org\/fileadmin\/user_upload\/lexicon\/S\/Sepulcrum\/Definition-Sepulcrum-1.pdf [11.01.2023]<\/p>\n\n\n\n<p>Sch\u00e4fer, J. (2022): Reliquien. Abgerufen von: https:\/\/www.heiligenlexikon.de\/Glossar\/Reliquien.html [11.01.2023]<\/p>\n\n\n\n<p><em>2.7 Tabernakel<\/em><\/p>\n\n\n\n<p>Katholische Kirche Aalen. (o.J.). Liturgische Orte. Abgerufen von: https:\/\/katholische-kirche-aalen.de\/glaube-erleben-2\/liturgische-orte\/ [11.01.2023]<\/p>\n\n\n\n<p>Dorn, A. M. (o.J.). Was ist ein Tabernakel?. Kirche+Leben Lexikon. Abgerufen von: https:\/\/www.kirche-und-leben.de\/artikel\/was-ist-ein-tabernakel [11.01.2023]<\/p>\n\n\n\n<p>Uder, M. (o.J.). Tabernakel. Abgerufen von: https:\/\/www.herder.de\/gd\/lexikon\/tabernakel\/ [11.01.2023]<\/p>\n\n\n\n<p><strong>Didaktischer Kommentar <\/strong><\/p>\n\n\n\n<p><em>Br\u00fcll, C., Ittmann, N., Maschwitz, R. &amp; Stoppig, C. (2005). Synagoge \u2013 Kirche \u2013 Moschee. Kultr\u00e4ume erfahren und Religionen entdecken. M\u00fcnchen: K\u00f6sel.<\/em><\/p>\n","protected":false},"excerpt":{"rendered":"<p>Merkmale einer Kirche 1 Bilder 1.1 Taufbecken 1 Riecke, K. (2007). Willkommen in meiner Kirche. Ein Gang durch das Gotteshaus. G\u00f6ttingen: Vandenhoeck &amp; Ruprecht. S. 73. 1.2 Taufbecken 2 Riecke, K. (2007). Willkommen in meiner Kirche. Ein Gang durch das &hellip; <a href=\"https:\/\/blogs.urz.uni-halle.de\/propsteikirche\/literaturverzeichnis\/\">Weiterlesen <span class=\"meta-nav\">&rarr;<\/span><\/a><\/p>\n","protected":false},"author":5607,"featured_media":0,"parent":0,"menu_order":0,"comment_status":"closed","ping_status":"closed","template":"","meta":[],"_links":{"self":[{"href":"https:\/\/blogs.urz.uni-halle.de\/propsteikirche\/wp-json\/wp\/v2\/pages\/228"}],"collection":[{"href":"https:\/\/blogs.urz.uni-halle.de\/propsteikirche\/wp-json\/wp\/v2\/pages"}],"about":[{"href":"https:\/\/blogs.urz.uni-halle.de\/propsteikirche\/wp-json\/wp\/v2\/types\/page"}],"author":[{"embeddable":true,"href":"https:\/\/blogs.urz.uni-halle.de\/propsteikirche\/wp-json\/wp\/v2\/users\/5607"}],"replies":[{"embeddable":true,"href":"https:\/\/blogs.urz.uni-halle.de\/propsteikirche\/wp-json\/wp\/v2\/comments?post=228"}],"version-history":[{"count":1,"href":"https:\/\/blogs.urz.uni-halle.de\/propsteikirche\/wp-json\/wp\/v2\/pages\/228\/revisions"}],"predecessor-version":[{"id":233,"href":"https:\/\/blogs.urz.uni-halle.de\/propsteikirche\/wp-json\/wp\/v2\/pages\/228\/revisions\/233"}],"wp:attachment":[{"href":"https:\/\/blogs.urz.uni-halle.de\/propsteikirche\/wp-json\/wp\/v2\/media?parent=228"}],"curies":[{"name":"wp","href":"https:\/\/api.w.org\/{rel}","templated":true}]}}