{"id":98,"date":"2022-11-15T18:28:49","date_gmt":"2022-11-15T17:28:49","guid":{"rendered":"https:\/\/blogs.urz.uni-halle.de\/propsteikirche\/?page_id=98"},"modified":"2023-01-13T14:39:36","modified_gmt":"2023-01-13T13:39:36","slug":"galerie","status":"publish","type":"page","link":"https:\/\/blogs.urz.uni-halle.de\/propsteikirche\/galerie\/","title":{"rendered":"Information und Galerie"},"content":{"rendered":"\n<p>Die St. Trinitatis Propsteikirche wurde am 09.05.2015 geweiht und befindet sich im Herzen von Leipzig zwischen dem Martin-Luther-Ring und der Nonnenm\u00fchlgasse. Der moderne Kirchenbau versteht Architektur als Glaubensbekenntnis und r\u00fcckt dar\u00fcber hinaus auch den Nachhaltigkeitsgedanken in den Vordergrund. Neben auffallend schn\u00f6rkelloser Klarheit, Geradlinigkeit und schlichten Elementen erzeugt der offene, lichtdurchflutete Kirchenraum vor allem einen beruhigenden Eindruck und l\u00e4sst die Besucher*innen das laute Stadttreiben der Leipziger Innenstadt vergessen.<br>Der Kirchenbau setzt sich zusammen aus einem f\u00fcnfzig Meter hohen Glockenturm, einem Kirchenraum und einem zwischen den beiden sich er\u00f6ffnenden \u201cPfarrhof\u201d, ein Ort der Begegnung.<\/p>\n\n\n\n<p>F\u00fcr weitere Infos (beispielsweise zum Glauben und der Glaubensgemeinschaft): <a href=\"https:\/\/www.propstei-leipzig.de\/\">https:\/\/www.propstei-leipzig.de\/<\/a><\/p>\n\n\n\n<p>Die Frage &#8222;Welche Merkmale braucht eine katholische Kirche, um wirklich eine Kirche zu sein?&#8220; hat sich uns gestellt, als wir die Katholische Propstei St. Trinitatis in Leipzig besucht haben. Damit du unsere Eindr\u00fccke sehen kannst, sind hier ein paar Bilder.<\/p>\n\n\n\n<p class=\"has-text-align-center\"><strong>Kirche von au\u00dfen<\/strong><\/p>\n\n\n\n<div class=\"wp-block-group alignwide\"><div class=\"wp-block-group__inner-container\">\n<div class=\"wp-block-group alignwide\"><div class=\"wp-block-group__inner-container\">\n<figure class=\"wp-block-gallery columns-2 is-cropped\"><ul class=\"blocks-gallery-grid\"><li class=\"blocks-gallery-item\"><figure><img loading=\"lazy\" width=\"1024\" height=\"768\" src=\"https:\/\/blogs.urz.uni-halle.de\/propsteikirche\/files\/2022\/11\/WhatsApp-Image-2022-11-05-at-16.28.38-1-1.jpeg\" alt=\"\" data-id=\"97\" data-full-url=\"https:\/\/blogs.urz.uni-halle.de\/propsteikirche\/files\/2022\/11\/WhatsApp-Image-2022-11-05-at-16.28.38-1-1.jpeg\" data-link=\"https:\/\/blogs.urz.uni-halle.de\/propsteikirche\/whatsapp-image-2022-11-05-at-16-28-38-1-2\/\" class=\"wp-image-97\" srcset=\"https:\/\/blogs.urz.uni-halle.de\/propsteikirche\/files\/2022\/11\/WhatsApp-Image-2022-11-05-at-16.28.38-1-1.jpeg 1024w, https:\/\/blogs.urz.uni-halle.de\/propsteikirche\/files\/2022\/11\/WhatsApp-Image-2022-11-05-at-16.28.38-1-1-300x225.jpeg 300w, https:\/\/blogs.urz.uni-halle.de\/propsteikirche\/files\/2022\/11\/WhatsApp-Image-2022-11-05-at-16.28.38-1-1-768x576.jpeg 768w\" sizes=\"(max-width: 1024px) 100vw, 1024px\" \/><\/figure><\/li><li class=\"blocks-gallery-item\"><figure><img loading=\"lazy\" width=\"768\" height=\"1024\" src=\"https:\/\/blogs.urz.uni-halle.de\/propsteikirche\/files\/2022\/11\/WhatsApp-Image-2022-11-05-at-16.28.38-2.jpeg\" alt=\"\" data-id=\"96\" data-full-url=\"https:\/\/blogs.urz.uni-halle.de\/propsteikirche\/files\/2022\/11\/WhatsApp-Image-2022-11-05-at-16.28.38-2.jpeg\" data-link=\"https:\/\/blogs.urz.uni-halle.de\/propsteikirche\/whatsapp-image-2022-11-05-at-16-28-38-2\/\" class=\"wp-image-96\" srcset=\"https:\/\/blogs.urz.uni-halle.de\/propsteikirche\/files\/2022\/11\/WhatsApp-Image-2022-11-05-at-16.28.38-2.jpeg 768w, https:\/\/blogs.urz.uni-halle.de\/propsteikirche\/files\/2022\/11\/WhatsApp-Image-2022-11-05-at-16.28.38-2-225x300.jpeg 225w\" sizes=\"(max-width: 768px) 100vw, 768px\" \/><\/figure><\/li><li class=\"blocks-gallery-item\"><figure><img loading=\"lazy\" width=\"768\" height=\"1024\" src=\"https:\/\/blogs.urz.uni-halle.de\/propsteikirche\/files\/2022\/11\/WhatsApp-Image-2022-11-05-at-16.28.39.jpeg\" alt=\"\" data-id=\"95\" data-full-url=\"https:\/\/blogs.urz.uni-halle.de\/propsteikirche\/files\/2022\/11\/WhatsApp-Image-2022-11-05-at-16.28.39.jpeg\" data-link=\"https:\/\/blogs.urz.uni-halle.de\/propsteikirche\/whatsapp-image-2022-11-05-at-16-28-39\/\" class=\"wp-image-95\" srcset=\"https:\/\/blogs.urz.uni-halle.de\/propsteikirche\/files\/2022\/11\/WhatsApp-Image-2022-11-05-at-16.28.39.jpeg 768w, https:\/\/blogs.urz.uni-halle.de\/propsteikirche\/files\/2022\/11\/WhatsApp-Image-2022-11-05-at-16.28.39-225x300.jpeg 225w\" sizes=\"(max-width: 768px) 100vw, 768px\" \/><\/figure><\/li><li class=\"blocks-gallery-item\"><figure><img loading=\"lazy\" width=\"768\" height=\"1024\" src=\"https:\/\/blogs.urz.uni-halle.de\/propsteikirche\/files\/2022\/11\/WhatsApp-Image-2022-11-05-at-16.28.42-6-1.jpeg\" alt=\"\" data-id=\"76\" data-full-url=\"https:\/\/blogs.urz.uni-halle.de\/propsteikirche\/files\/2022\/11\/WhatsApp-Image-2022-11-05-at-16.28.42-6-1.jpeg\" data-link=\"https:\/\/blogs.urz.uni-halle.de\/propsteikirche\/whatsapp-image-2022-11-05-at-16-28-42-6-2\/\" class=\"wp-image-76\" srcset=\"https:\/\/blogs.urz.uni-halle.de\/propsteikirche\/files\/2022\/11\/WhatsApp-Image-2022-11-05-at-16.28.42-6-1.jpeg 768w, https:\/\/blogs.urz.uni-halle.de\/propsteikirche\/files\/2022\/11\/WhatsApp-Image-2022-11-05-at-16.28.42-6-1-225x300.jpeg 225w\" sizes=\"(max-width: 768px) 100vw, 768px\" \/><\/figure><\/li><\/ul><\/figure>\n<\/div><\/div>\n<\/div><\/div>\n\n\n\n<p class=\"has-text-align-center\"><strong>Ort f\u00fcr die Wortverk\u00fcndung<\/strong><\/p>\n\n\n\n<figure class=\"wp-block-gallery columns-3\"><ul class=\"blocks-gallery-grid\"><li class=\"blocks-gallery-item\"><figure><img loading=\"lazy\" width=\"1024\" height=\"768\" src=\"https:\/\/blogs.urz.uni-halle.de\/propsteikirche\/files\/2022\/11\/WhatsApp-Image-2022-11-05-at-16.28.39-3.jpeg\" alt=\"\" data-id=\"92\" data-full-url=\"https:\/\/blogs.urz.uni-halle.de\/propsteikirche\/files\/2022\/11\/WhatsApp-Image-2022-11-05-at-16.28.39-3.jpeg\" data-link=\"https:\/\/blogs.urz.uni-halle.de\/propsteikirche\/whatsapp-image-2022-11-05-at-16-28-39-3\/\" class=\"wp-image-92\" srcset=\"https:\/\/blogs.urz.uni-halle.de\/propsteikirche\/files\/2022\/11\/WhatsApp-Image-2022-11-05-at-16.28.39-3.jpeg 1024w, https:\/\/blogs.urz.uni-halle.de\/propsteikirche\/files\/2022\/11\/WhatsApp-Image-2022-11-05-at-16.28.39-3-300x225.jpeg 300w, https:\/\/blogs.urz.uni-halle.de\/propsteikirche\/files\/2022\/11\/WhatsApp-Image-2022-11-05-at-16.28.39-3-768x576.jpeg 768w\" sizes=\"(max-width: 1024px) 100vw, 1024px\" \/><\/figure><\/li><li class=\"blocks-gallery-item\"><figure><img loading=\"lazy\" width=\"1024\" height=\"768\" src=\"https:\/\/blogs.urz.uni-halle.de\/propsteikirche\/files\/2022\/11\/WhatsApp-Image-2022-11-05-at-16.28.40-2.jpeg\" alt=\"\" data-id=\"88\" data-full-url=\"https:\/\/blogs.urz.uni-halle.de\/propsteikirche\/files\/2022\/11\/WhatsApp-Image-2022-11-05-at-16.28.40-2.jpeg\" data-link=\"https:\/\/blogs.urz.uni-halle.de\/propsteikirche\/whatsapp-image-2022-11-05-at-16-28-40-2\/\" class=\"wp-image-88\" srcset=\"https:\/\/blogs.urz.uni-halle.de\/propsteikirche\/files\/2022\/11\/WhatsApp-Image-2022-11-05-at-16.28.40-2.jpeg 1024w, https:\/\/blogs.urz.uni-halle.de\/propsteikirche\/files\/2022\/11\/WhatsApp-Image-2022-11-05-at-16.28.40-2-300x225.jpeg 300w, https:\/\/blogs.urz.uni-halle.de\/propsteikirche\/files\/2022\/11\/WhatsApp-Image-2022-11-05-at-16.28.40-2-768x576.jpeg 768w\" sizes=\"(max-width: 1024px) 100vw, 1024px\" \/><\/figure><\/li><li class=\"blocks-gallery-item\"><figure><img loading=\"lazy\" width=\"1024\" height=\"768\" src=\"https:\/\/blogs.urz.uni-halle.de\/propsteikirche\/files\/2022\/11\/WhatsApp-Image-2022-11-05-at-16.28.41-3-1.jpeg\" alt=\"\" data-id=\"84\" data-full-url=\"https:\/\/blogs.urz.uni-halle.de\/propsteikirche\/files\/2022\/11\/WhatsApp-Image-2022-11-05-at-16.28.41-3-1.jpeg\" data-link=\"https:\/\/blogs.urz.uni-halle.de\/propsteikirche\/whatsapp-image-2022-11-05-at-16-28-41-3-2\/\" class=\"wp-image-84\" srcset=\"https:\/\/blogs.urz.uni-halle.de\/propsteikirche\/files\/2022\/11\/WhatsApp-Image-2022-11-05-at-16.28.41-3-1.jpeg 1024w, https:\/\/blogs.urz.uni-halle.de\/propsteikirche\/files\/2022\/11\/WhatsApp-Image-2022-11-05-at-16.28.41-3-1-300x225.jpeg 300w, https:\/\/blogs.urz.uni-halle.de\/propsteikirche\/files\/2022\/11\/WhatsApp-Image-2022-11-05-at-16.28.41-3-1-768x576.jpeg 768w\" sizes=\"(max-width: 1024px) 100vw, 1024px\" \/><\/figure><\/li><li class=\"blocks-gallery-item\"><figure><img loading=\"lazy\" width=\"1024\" height=\"768\" src=\"https:\/\/blogs.urz.uni-halle.de\/propsteikirche\/files\/2022\/11\/WhatsApp-Image-2022-11-05-at-16.28.41-4-1.jpeg\" alt=\"\" data-id=\"83\" data-full-url=\"https:\/\/blogs.urz.uni-halle.de\/propsteikirche\/files\/2022\/11\/WhatsApp-Image-2022-11-05-at-16.28.41-4-1.jpeg\" data-link=\"https:\/\/blogs.urz.uni-halle.de\/propsteikirche\/whatsapp-image-2022-11-05-at-16-28-41-4-2\/\" class=\"wp-image-83\" srcset=\"https:\/\/blogs.urz.uni-halle.de\/propsteikirche\/files\/2022\/11\/WhatsApp-Image-2022-11-05-at-16.28.41-4-1.jpeg 1024w, https:\/\/blogs.urz.uni-halle.de\/propsteikirche\/files\/2022\/11\/WhatsApp-Image-2022-11-05-at-16.28.41-4-1-300x225.jpeg 300w, https:\/\/blogs.urz.uni-halle.de\/propsteikirche\/files\/2022\/11\/WhatsApp-Image-2022-11-05-at-16.28.41-4-1-768x576.jpeg 768w\" sizes=\"(max-width: 1024px) 100vw, 1024px\" \/><\/figure><\/li><li class=\"blocks-gallery-item\"><figure><img loading=\"lazy\" width=\"768\" height=\"1024\" src=\"https:\/\/blogs.urz.uni-halle.de\/propsteikirche\/files\/2022\/11\/WhatsApp-Image-2022-11-05-at-16.28.42-5-1.jpeg\" alt=\"\" data-id=\"77\" data-full-url=\"https:\/\/blogs.urz.uni-halle.de\/propsteikirche\/files\/2022\/11\/WhatsApp-Image-2022-11-05-at-16.28.42-5-1.jpeg\" data-link=\"https:\/\/blogs.urz.uni-halle.de\/propsteikirche\/whatsapp-image-2022-11-05-at-16-28-42-5-2\/\" class=\"wp-image-77\" srcset=\"https:\/\/blogs.urz.uni-halle.de\/propsteikirche\/files\/2022\/11\/WhatsApp-Image-2022-11-05-at-16.28.42-5-1.jpeg 768w, https:\/\/blogs.urz.uni-halle.de\/propsteikirche\/files\/2022\/11\/WhatsApp-Image-2022-11-05-at-16.28.42-5-1-225x300.jpeg 225w\" sizes=\"(max-width: 768px) 100vw, 768px\" \/><\/figure><\/li><li class=\"blocks-gallery-item\"><figure><img loading=\"lazy\" width=\"768\" height=\"1024\" src=\"https:\/\/blogs.urz.uni-halle.de\/propsteikirche\/files\/2022\/11\/WhatsApp-Image-2022-11-05-at-16.28.41-5.jpeg\" alt=\"\" data-id=\"71\" data-full-url=\"https:\/\/blogs.urz.uni-halle.de\/propsteikirche\/files\/2022\/11\/WhatsApp-Image-2022-11-05-at-16.28.41-5.jpeg\" data-link=\"https:\/\/blogs.urz.uni-halle.de\/propsteikirche\/whatsapp-image-2022-11-05-at-16-28-41-5\/\" class=\"wp-image-71\" srcset=\"https:\/\/blogs.urz.uni-halle.de\/propsteikirche\/files\/2022\/11\/WhatsApp-Image-2022-11-05-at-16.28.41-5.jpeg 768w, https:\/\/blogs.urz.uni-halle.de\/propsteikirche\/files\/2022\/11\/WhatsApp-Image-2022-11-05-at-16.28.41-5-225x300.jpeg 225w\" sizes=\"(max-width: 768px) 100vw, 768px\" \/><\/figure><\/li><li class=\"blocks-gallery-item\"><figure><img loading=\"lazy\" width=\"1024\" height=\"309\" src=\"https:\/\/blogs.urz.uni-halle.de\/propsteikirche\/files\/2022\/11\/WhatsApp-Image-2022-11-05-at-17.32.58-1.jpeg\" alt=\"\" data-id=\"20\" data-full-url=\"https:\/\/blogs.urz.uni-halle.de\/propsteikirche\/files\/2022\/11\/WhatsApp-Image-2022-11-05-at-17.32.58-1.jpeg\" data-link=\"https:\/\/blogs.urz.uni-halle.de\/propsteikirche\/erkundungen-der-kirche\/whatsapp-image-2022-11-05-at-17-32-58-1\/\" class=\"wp-image-20\" srcset=\"https:\/\/blogs.urz.uni-halle.de\/propsteikirche\/files\/2022\/11\/WhatsApp-Image-2022-11-05-at-17.32.58-1.jpeg 1024w, https:\/\/blogs.urz.uni-halle.de\/propsteikirche\/files\/2022\/11\/WhatsApp-Image-2022-11-05-at-17.32.58-1-300x91.jpeg 300w, https:\/\/blogs.urz.uni-halle.de\/propsteikirche\/files\/2022\/11\/WhatsApp-Image-2022-11-05-at-17.32.58-1-768x232.jpeg 768w\" sizes=\"(max-width: 1024px) 100vw, 1024px\" \/><\/figure><\/li><li class=\"blocks-gallery-item\"><figure><img loading=\"lazy\" width=\"1024\" height=\"768\" src=\"https:\/\/blogs.urz.uni-halle.de\/propsteikirche\/files\/2022\/11\/WhatsApp-Image-2022-11-05-at-16.28.41.jpeg\" alt=\"\" data-id=\"9\" data-full-url=\"https:\/\/blogs.urz.uni-halle.de\/propsteikirche\/files\/2022\/11\/WhatsApp-Image-2022-11-05-at-16.28.41.jpeg\" data-link=\"https:\/\/blogs.urz.uni-halle.de\/propsteikirche\/whatsapp-image-2022-11-05-at-16-28-41\/\" class=\"wp-image-9\" srcset=\"https:\/\/blogs.urz.uni-halle.de\/propsteikirche\/files\/2022\/11\/WhatsApp-Image-2022-11-05-at-16.28.41.jpeg 1024w, https:\/\/blogs.urz.uni-halle.de\/propsteikirche\/files\/2022\/11\/WhatsApp-Image-2022-11-05-at-16.28.41-300x225.jpeg 300w, https:\/\/blogs.urz.uni-halle.de\/propsteikirche\/files\/2022\/11\/WhatsApp-Image-2022-11-05-at-16.28.41-768x576.jpeg 768w\" sizes=\"(max-width: 1024px) 100vw, 1024px\" \/><\/figure><\/li><li class=\"blocks-gallery-item\"><figure><img loading=\"lazy\" width=\"768\" height=\"1024\" src=\"https:\/\/blogs.urz.uni-halle.de\/propsteikirche\/files\/2022\/11\/WhatsApp-Image-2022-11-05-at-16.28.40-1.jpeg\" alt=\"\" data-id=\"89\" data-full-url=\"https:\/\/blogs.urz.uni-halle.de\/propsteikirche\/files\/2022\/11\/WhatsApp-Image-2022-11-05-at-16.28.40-1.jpeg\" data-link=\"https:\/\/blogs.urz.uni-halle.de\/propsteikirche\/whatsapp-image-2022-11-05-at-16-28-40-1\/\" class=\"wp-image-89\" srcset=\"https:\/\/blogs.urz.uni-halle.de\/propsteikirche\/files\/2022\/11\/WhatsApp-Image-2022-11-05-at-16.28.40-1.jpeg 768w, https:\/\/blogs.urz.uni-halle.de\/propsteikirche\/files\/2022\/11\/WhatsApp-Image-2022-11-05-at-16.28.40-1-225x300.jpeg 225w\" sizes=\"(max-width: 768px) 100vw, 768px\" \/><\/figure><\/li><\/ul><\/figure>\n\n\n\n<p class=\"has-text-align-center\"><strong>Tabernakel<\/strong><\/p>\n\n\n\n<figure class=\"wp-block-image size-large is-resized\"><img loading=\"lazy\" src=\"https:\/\/blogs.urz.uni-halle.de\/propsteikirche\/files\/2022\/11\/WhatsApp-Image-2022-11-05-at-16.28.41-2-1.jpeg\" alt=\"\" class=\"wp-image-85\" width=\"284\" height=\"378\" srcset=\"https:\/\/blogs.urz.uni-halle.de\/propsteikirche\/files\/2022\/11\/WhatsApp-Image-2022-11-05-at-16.28.41-2-1.jpeg 768w, https:\/\/blogs.urz.uni-halle.de\/propsteikirche\/files\/2022\/11\/WhatsApp-Image-2022-11-05-at-16.28.41-2-1-225x300.jpeg 225w\" sizes=\"(max-width: 284px) 100vw, 284px\" \/><\/figure>\n\n\n\n<p class=\"has-text-align-center\"><strong>Das ewige Licht<\/strong><\/p>\n\n\n\n<figure class=\"wp-block-image size-large is-resized\"><img loading=\"lazy\" src=\"https:\/\/blogs.urz.uni-halle.de\/propsteikirche\/files\/2022\/11\/WhatsApp-Image-2022-11-05-at-16.28.40-4.jpeg\" alt=\"\" class=\"wp-image-86\" width=\"289\" height=\"386\" srcset=\"https:\/\/blogs.urz.uni-halle.de\/propsteikirche\/files\/2022\/11\/WhatsApp-Image-2022-11-05-at-16.28.40-4.jpeg 768w, https:\/\/blogs.urz.uni-halle.de\/propsteikirche\/files\/2022\/11\/WhatsApp-Image-2022-11-05-at-16.28.40-4-225x300.jpeg 225w\" sizes=\"(max-width: 289px) 100vw, 289px\" \/><\/figure>\n\n\n\n<p class=\"has-text-align-center\"><strong>Altar<\/strong><\/p>\n\n\n\n<div class=\"wp-block-group\"><div class=\"wp-block-group__inner-container\">\n<figure class=\"wp-block-image size-large is-resized\"><img loading=\"lazy\" src=\"https:\/\/blogs.urz.uni-halle.de\/propsteikirche\/files\/2022\/11\/WhatsApp-Image-2022-11-05-at-16.28.40.jpeg\" alt=\"\" class=\"wp-image-90\" width=\"408\" height=\"305\" srcset=\"https:\/\/blogs.urz.uni-halle.de\/propsteikirche\/files\/2022\/11\/WhatsApp-Image-2022-11-05-at-16.28.40.jpeg 1024w, https:\/\/blogs.urz.uni-halle.de\/propsteikirche\/files\/2022\/11\/WhatsApp-Image-2022-11-05-at-16.28.40-300x225.jpeg 300w, https:\/\/blogs.urz.uni-halle.de\/propsteikirche\/files\/2022\/11\/WhatsApp-Image-2022-11-05-at-16.28.40-768x576.jpeg 768w\" sizes=\"(max-width: 408px) 100vw, 408px\" \/><\/figure>\n\n\n\n<p class=\"has-text-align-center\"><strong>Taufbecken<\/strong><\/p>\n<\/div><\/div>\n\n\n\n<figure class=\"wp-block-gallery columns-2 is-cropped\"><ul class=\"blocks-gallery-grid\"><li class=\"blocks-gallery-item\"><figure><img loading=\"lazy\" width=\"768\" height=\"1024\" src=\"https:\/\/blogs.urz.uni-halle.de\/propsteikirche\/files\/2022\/11\/WhatsApp-Image-2022-11-05-at-16.28.39-2.jpeg\" alt=\"\" data-id=\"93\" data-full-url=\"https:\/\/blogs.urz.uni-halle.de\/propsteikirche\/files\/2022\/11\/WhatsApp-Image-2022-11-05-at-16.28.39-2.jpeg\" data-link=\"https:\/\/blogs.urz.uni-halle.de\/propsteikirche\/whatsapp-image-2022-11-05-at-16-28-39-2\/\" class=\"wp-image-93\" srcset=\"https:\/\/blogs.urz.uni-halle.de\/propsteikirche\/files\/2022\/11\/WhatsApp-Image-2022-11-05-at-16.28.39-2.jpeg 768w, https:\/\/blogs.urz.uni-halle.de\/propsteikirche\/files\/2022\/11\/WhatsApp-Image-2022-11-05-at-16.28.39-2-225x300.jpeg 225w\" sizes=\"(max-width: 768px) 100vw, 768px\" \/><\/figure><\/li><li class=\"blocks-gallery-item\"><figure><img loading=\"lazy\" width=\"768\" height=\"1024\" src=\"https:\/\/blogs.urz.uni-halle.de\/propsteikirche\/files\/2022\/11\/WhatsApp-Image-2022-11-05-at-16.28.39-1.jpeg\" alt=\"\" data-id=\"94\" data-full-url=\"https:\/\/blogs.urz.uni-halle.de\/propsteikirche\/files\/2022\/11\/WhatsApp-Image-2022-11-05-at-16.28.39-1.jpeg\" data-link=\"https:\/\/blogs.urz.uni-halle.de\/propsteikirche\/whatsapp-image-2022-11-05-at-16-28-39-1\/\" class=\"wp-image-94\" srcset=\"https:\/\/blogs.urz.uni-halle.de\/propsteikirche\/files\/2022\/11\/WhatsApp-Image-2022-11-05-at-16.28.39-1.jpeg 768w, https:\/\/blogs.urz.uni-halle.de\/propsteikirche\/files\/2022\/11\/WhatsApp-Image-2022-11-05-at-16.28.39-1-225x300.jpeg 225w\" sizes=\"(max-width: 768px) 100vw, 768px\" \/><\/figure><\/li><\/ul><\/figure>\n\n\n\n<p class=\"has-text-align-center\"><strong>Fenster<\/strong><\/p>\n\n\n\n<div class=\"wp-block-group\"><div class=\"wp-block-group__inner-container\">\n<figure class=\"wp-block-gallery columns-3 is-cropped\"><ul class=\"blocks-gallery-grid\"><li class=\"blocks-gallery-item\"><figure><img loading=\"lazy\" width=\"1024\" height=\"768\" src=\"https:\/\/blogs.urz.uni-halle.de\/propsteikirche\/files\/2022\/11\/WhatsApp-Image-2022-11-05-at-16.28.43-2-1.jpeg\" alt=\"\" data-id=\"74\" data-full-url=\"https:\/\/blogs.urz.uni-halle.de\/propsteikirche\/files\/2022\/11\/WhatsApp-Image-2022-11-05-at-16.28.43-2-1.jpeg\" data-link=\"https:\/\/blogs.urz.uni-halle.de\/propsteikirche\/whatsapp-image-2022-11-05-at-16-28-43-2-2\/\" class=\"wp-image-74\" srcset=\"https:\/\/blogs.urz.uni-halle.de\/propsteikirche\/files\/2022\/11\/WhatsApp-Image-2022-11-05-at-16.28.43-2-1.jpeg 1024w, https:\/\/blogs.urz.uni-halle.de\/propsteikirche\/files\/2022\/11\/WhatsApp-Image-2022-11-05-at-16.28.43-2-1-300x225.jpeg 300w, https:\/\/blogs.urz.uni-halle.de\/propsteikirche\/files\/2022\/11\/WhatsApp-Image-2022-11-05-at-16.28.43-2-1-768x576.jpeg 768w\" sizes=\"(max-width: 1024px) 100vw, 1024px\" \/><\/figure><\/li><li class=\"blocks-gallery-item\"><figure><img loading=\"lazy\" width=\"768\" height=\"1024\" src=\"https:\/\/blogs.urz.uni-halle.de\/propsteikirche\/files\/2022\/11\/WhatsApp-Image-2022-11-05-at-16.28.42-6-1.jpeg\" alt=\"\" data-id=\"76\" data-full-url=\"https:\/\/blogs.urz.uni-halle.de\/propsteikirche\/files\/2022\/11\/WhatsApp-Image-2022-11-05-at-16.28.42-6-1.jpeg\" data-link=\"https:\/\/blogs.urz.uni-halle.de\/propsteikirche\/whatsapp-image-2022-11-05-at-16-28-42-6-2\/\" class=\"wp-image-76\" srcset=\"https:\/\/blogs.urz.uni-halle.de\/propsteikirche\/files\/2022\/11\/WhatsApp-Image-2022-11-05-at-16.28.42-6-1.jpeg 768w, https:\/\/blogs.urz.uni-halle.de\/propsteikirche\/files\/2022\/11\/WhatsApp-Image-2022-11-05-at-16.28.42-6-1-225x300.jpeg 225w\" sizes=\"(max-width: 768px) 100vw, 768px\" \/><\/figure><\/li><li class=\"blocks-gallery-item\"><figure><img loading=\"lazy\" width=\"768\" height=\"1024\" src=\"https:\/\/blogs.urz.uni-halle.de\/propsteikirche\/files\/2022\/11\/WhatsApp-Image-2022-11-05-at-16.28.39.jpeg\" alt=\"\" data-id=\"95\" data-full-url=\"https:\/\/blogs.urz.uni-halle.de\/propsteikirche\/files\/2022\/11\/WhatsApp-Image-2022-11-05-at-16.28.39.jpeg\" data-link=\"https:\/\/blogs.urz.uni-halle.de\/propsteikirche\/whatsapp-image-2022-11-05-at-16-28-39\/\" class=\"wp-image-95\" srcset=\"https:\/\/blogs.urz.uni-halle.de\/propsteikirche\/files\/2022\/11\/WhatsApp-Image-2022-11-05-at-16.28.39.jpeg 768w, https:\/\/blogs.urz.uni-halle.de\/propsteikirche\/files\/2022\/11\/WhatsApp-Image-2022-11-05-at-16.28.39-225x300.jpeg 225w\" sizes=\"(max-width: 768px) 100vw, 768px\" \/><\/figure><\/li><\/ul><\/figure>\n\n\n\n<p class=\"has-text-align-center\"><strong>Apostelkreuze<\/strong><\/p>\n\n\n\n<figure class=\"wp-block-gallery columns-2 is-cropped\"><ul class=\"blocks-gallery-grid\"><li class=\"blocks-gallery-item\"><figure><img loading=\"lazy\" width=\"1024\" height=\"768\" src=\"https:\/\/blogs.urz.uni-halle.de\/propsteikirche\/files\/2022\/11\/WhatsApp-Image-2022-11-05-at-16.28.40-3.jpeg\" alt=\"\" data-id=\"87\" data-full-url=\"https:\/\/blogs.urz.uni-halle.de\/propsteikirche\/files\/2022\/11\/WhatsApp-Image-2022-11-05-at-16.28.40-3.jpeg\" data-link=\"https:\/\/blogs.urz.uni-halle.de\/propsteikirche\/whatsapp-image-2022-11-05-at-16-28-40-3\/\" class=\"wp-image-87\" srcset=\"https:\/\/blogs.urz.uni-halle.de\/propsteikirche\/files\/2022\/11\/WhatsApp-Image-2022-11-05-at-16.28.40-3.jpeg 1024w, https:\/\/blogs.urz.uni-halle.de\/propsteikirche\/files\/2022\/11\/WhatsApp-Image-2022-11-05-at-16.28.40-3-300x225.jpeg 300w, https:\/\/blogs.urz.uni-halle.de\/propsteikirche\/files\/2022\/11\/WhatsApp-Image-2022-11-05-at-16.28.40-3-768x576.jpeg 768w\" sizes=\"(max-width: 1024px) 100vw, 1024px\" \/><\/figure><\/li><li class=\"blocks-gallery-item\"><figure><img loading=\"lazy\" width=\"768\" height=\"1024\" src=\"https:\/\/blogs.urz.uni-halle.de\/propsteikirche\/files\/2022\/11\/WhatsApp-Image-2022-11-05-at-16.28.43-1-1.jpeg\" alt=\"\" data-id=\"64\" data-full-url=\"https:\/\/blogs.urz.uni-halle.de\/propsteikirche\/files\/2022\/11\/WhatsApp-Image-2022-11-05-at-16.28.43-1-1.jpeg\" data-link=\"https:\/\/blogs.urz.uni-halle.de\/propsteikirche\/whatsapp-image-2022-11-05-at-16-28-43-1-2\/\" class=\"wp-image-64\" srcset=\"https:\/\/blogs.urz.uni-halle.de\/propsteikirche\/files\/2022\/11\/WhatsApp-Image-2022-11-05-at-16.28.43-1-1.jpeg 768w, https:\/\/blogs.urz.uni-halle.de\/propsteikirche\/files\/2022\/11\/WhatsApp-Image-2022-11-05-at-16.28.43-1-1-225x300.jpeg 225w\" sizes=\"(max-width: 768px) 100vw, 768px\" \/><\/figure><\/li><\/ul><\/figure>\n\n\n\n<p class=\"has-text-align-center\"><strong>Kreuz an der Wand<\/strong><\/p>\n<\/div><\/div>\n\n\n\n<figure class=\"wp-block-image size-full is-resized\"><img loading=\"lazy\" src=\"https:\/\/blogs.urz.uni-halle.de\/propsteikirche\/files\/2022\/11\/WhatsApp-Image-2022-11-05-at-16.28.39-4-e1668533224198.jpeg\" alt=\"\" class=\"wp-image-91\" width=\"362\" height=\"271\" srcset=\"https:\/\/blogs.urz.uni-halle.de\/propsteikirche\/files\/2022\/11\/WhatsApp-Image-2022-11-05-at-16.28.39-4-e1668533224198.jpeg 1024w, https:\/\/blogs.urz.uni-halle.de\/propsteikirche\/files\/2022\/11\/WhatsApp-Image-2022-11-05-at-16.28.39-4-e1668533224198-300x225.jpeg 300w, https:\/\/blogs.urz.uni-halle.de\/propsteikirche\/files\/2022\/11\/WhatsApp-Image-2022-11-05-at-16.28.39-4-e1668533224198-768x576.jpeg 768w\" sizes=\"(max-width: 362px) 100vw, 362px\" \/><\/figure>\n\n\n\n<p class=\"has-text-align-center\"><strong>Reliquien und Reliquiengrab<\/strong><\/p>\n\n\n\n<figure class=\"wp-block-gallery columns-3\"><ul class=\"blocks-gallery-grid\"><li class=\"blocks-gallery-item\"><figure><img loading=\"lazy\" width=\"412\" height=\"468\" src=\"https:\/\/blogs.urz.uni-halle.de\/propsteikirche\/files\/2022\/12\/WhatsApp-Image-2022-11-05-at-16.28.42.jpeg\" alt=\"\" data-id=\"148\" data-full-url=\"https:\/\/blogs.urz.uni-halle.de\/propsteikirche\/files\/2022\/12\/WhatsApp-Image-2022-11-05-at-16.28.42.jpeg\" data-link=\"https:\/\/blogs.urz.uni-halle.de\/propsteikirche\/galerie\/whatsapp-image-2022-11-05-at-16-28-42-7\/\" class=\"wp-image-148\" srcset=\"https:\/\/blogs.urz.uni-halle.de\/propsteikirche\/files\/2022\/12\/WhatsApp-Image-2022-11-05-at-16.28.42.jpeg 412w, https:\/\/blogs.urz.uni-halle.de\/propsteikirche\/files\/2022\/12\/WhatsApp-Image-2022-11-05-at-16.28.42-264x300.jpeg 264w\" sizes=\"(max-width: 412px) 100vw, 412px\" \/><\/figure><\/li><li class=\"blocks-gallery-item\"><figure><img loading=\"lazy\" width=\"768\" height=\"1024\" src=\"https:\/\/blogs.urz.uni-halle.de\/propsteikirche\/files\/2022\/11\/WhatsApp-Image-2022-11-05-at-16.28.42-4-1.jpeg\" alt=\"\" data-id=\"78\" data-full-url=\"https:\/\/blogs.urz.uni-halle.de\/propsteikirche\/files\/2022\/11\/WhatsApp-Image-2022-11-05-at-16.28.42-4-1.jpeg\" data-link=\"https:\/\/blogs.urz.uni-halle.de\/propsteikirche\/whatsapp-image-2022-11-05-at-16-28-42-4-2\/\" class=\"wp-image-78\" srcset=\"https:\/\/blogs.urz.uni-halle.de\/propsteikirche\/files\/2022\/11\/WhatsApp-Image-2022-11-05-at-16.28.42-4-1.jpeg 768w, https:\/\/blogs.urz.uni-halle.de\/propsteikirche\/files\/2022\/11\/WhatsApp-Image-2022-11-05-at-16.28.42-4-1-225x300.jpeg 225w\" sizes=\"(max-width: 768px) 100vw, 768px\" \/><\/figure><\/li><li class=\"blocks-gallery-item\"><figure><img loading=\"lazy\" width=\"1024\" height=\"768\" src=\"https:\/\/blogs.urz.uni-halle.de\/propsteikirche\/files\/2022\/11\/WhatsApp-Image-2022-11-05-at-16.28.40.jpeg\" alt=\"\" data-id=\"90\" data-full-url=\"https:\/\/blogs.urz.uni-halle.de\/propsteikirche\/files\/2022\/11\/WhatsApp-Image-2022-11-05-at-16.28.40.jpeg\" data-link=\"https:\/\/blogs.urz.uni-halle.de\/propsteikirche\/whatsapp-image-2022-11-05-at-16-28-40\/\" class=\"wp-image-90\" srcset=\"https:\/\/blogs.urz.uni-halle.de\/propsteikirche\/files\/2022\/11\/WhatsApp-Image-2022-11-05-at-16.28.40.jpeg 1024w, https:\/\/blogs.urz.uni-halle.de\/propsteikirche\/files\/2022\/11\/WhatsApp-Image-2022-11-05-at-16.28.40-300x225.jpeg 300w, https:\/\/blogs.urz.uni-halle.de\/propsteikirche\/files\/2022\/11\/WhatsApp-Image-2022-11-05-at-16.28.40-768x576.jpeg 768w\" sizes=\"(max-width: 1024px) 100vw, 1024px\" \/><\/figure><\/li><\/ul><\/figure>\n\n\n\n<p><\/p>\n","protected":false},"excerpt":{"rendered":"<p>Die St. Trinitatis Propsteikirche wurde am 09.05.2015 geweiht und befindet sich im Herzen von Leipzig zwischen dem Martin-Luther-Ring und der Nonnenm\u00fchlgasse. Der moderne Kirchenbau versteht Architektur als Glaubensbekenntnis und r\u00fcckt dar\u00fcber hinaus auch den Nachhaltigkeitsgedanken in den Vordergrund. Neben auffallend &hellip; <a href=\"https:\/\/blogs.urz.uni-halle.de\/propsteikirche\/galerie\/\">Weiterlesen <span class=\"meta-nav\">&rarr;<\/span><\/a><\/p>\n","protected":false},"author":5607,"featured_media":0,"parent":0,"menu_order":0,"comment_status":"closed","ping_status":"closed","template":"","meta":[],"_links":{"self":[{"href":"https:\/\/blogs.urz.uni-halle.de\/propsteikirche\/wp-json\/wp\/v2\/pages\/98"}],"collection":[{"href":"https:\/\/blogs.urz.uni-halle.de\/propsteikirche\/wp-json\/wp\/v2\/pages"}],"about":[{"href":"https:\/\/blogs.urz.uni-halle.de\/propsteikirche\/wp-json\/wp\/v2\/types\/page"}],"author":[{"embeddable":true,"href":"https:\/\/blogs.urz.uni-halle.de\/propsteikirche\/wp-json\/wp\/v2\/users\/5607"}],"replies":[{"embeddable":true,"href":"https:\/\/blogs.urz.uni-halle.de\/propsteikirche\/wp-json\/wp\/v2\/comments?post=98"}],"version-history":[{"count":7,"href":"https:\/\/blogs.urz.uni-halle.de\/propsteikirche\/wp-json\/wp\/v2\/pages\/98\/revisions"}],"predecessor-version":[{"id":253,"href":"https:\/\/blogs.urz.uni-halle.de\/propsteikirche\/wp-json\/wp\/v2\/pages\/98\/revisions\/253"}],"wp:attachment":[{"href":"https:\/\/blogs.urz.uni-halle.de\/propsteikirche\/wp-json\/wp\/v2\/media?parent=98"}],"curies":[{"name":"wp","href":"https:\/\/api.w.org\/{rel}","templated":true}]}}