{"id":107,"date":"2020-03-20T18:13:35","date_gmt":"2020-03-20T17:13:35","guid":{"rendered":"https:\/\/blogs.urz.uni-halle.de\/quack\/?page_id=107"},"modified":"2020-04-18T14:11:58","modified_gmt":"2020-04-18T12:11:58","slug":"ernaehrung","status":"publish","type":"page","link":"https:\/\/blogs.urz.uni-halle.de\/quack\/ernaehrung\/","title":{"rendered":"Ern\u00e4hrung"},"content":{"rendered":"\n<p>Unter den Entenv\u00f6geln haben sich sehr unterschiedliche Ern\u00e4hrungstypen herausgebildet, so dass sich kaum etwas Gemeinsames sagen l\u00e4sst. G\u00e4nse und Schw\u00e4ne sind vor allem hervibor. Bei den Schw\u00e4nen dient der lange Hals dazu, den Wassergrund zu erreichen und dort an Wasserpflanzen zu gelangen. Adulte G\u00e4nse suchen meistens auf dem Land nach:<\/p>\n\n\n\n<ul><li><a href=\"https:\/\/de.wikipedia.org\/wiki\/Gras\">Gr\u00e4sern<\/a><\/li><li><a href=\"https:\/\/de.wikipedia.org\/wiki\/Same_(Pflanze)\">Samen<\/a><\/li><li>Kr\u00e4utern (<a href=\"https:\/\/www.kraeuter-und-duftpflanzen.de\/?gclid=CjwKCAjwmKLzBRBeEiwACCVihjIthG1Km3QrUY7azCPF2iaOSYYtkF6s2Hbbgvzh5P2wWltqUDenERoCUOQQAvD_BwE\">hier<\/a> kaufen)<\/li><li><a href=\"https:\/\/de.wikipedia.org\/wiki\/Moose\">Moosen<\/a><\/li><\/ul>\n\n\n\n<p>Dagegen sind ihre Jungen oft <strong>Insekten<\/strong>&#8211; und <strong>Krebstierfresser<\/strong>. Auch Halbg\u00e4nse sind meistens Pflanzenfresser, manche sogar ausschlie\u00dflich. <\/p>\n\n\n\n<p>Diese kleine freundliche Tiere m\u00f6gen auch wenn man Brotkrummen ins Wasser wirft, wobei ,laut diese Artikel, sowas ihre Gesundheit schaden k\u00f6nnte.<\/p>\n\n\n\n<p>Hier gehts darum! <\/p>\n\n\n\n<div class=\"wp-block-button\"><a class=\"wp-block-button__link has-background\" href=\"https:\/\/www.t-online.de\/leben\/familie\/id_85815738\/warum-sie-enten-nicht-mit-brot-fuettern-sollten.html\" style=\"background-color:#10a300\">Click hier!<\/a><\/div>\n\n\n\n<figure class=\"wp-block-image size-large\"><img loading=\"lazy\" width=\"1024\" height=\"689\" src=\"https:\/\/blogs.urz.uni-halle.de\/quack\/files\/2020\/04\/ente37-1024x689.jpg\" alt=\"\" class=\"wp-image-138\" srcset=\"https:\/\/blogs.urz.uni-halle.de\/quack\/files\/2020\/04\/ente37-1024x689.jpg 1024w, https:\/\/blogs.urz.uni-halle.de\/quack\/files\/2020\/04\/ente37-300x202.jpg 300w, https:\/\/blogs.urz.uni-halle.de\/quack\/files\/2020\/04\/ente37-768x516.jpg 768w, https:\/\/blogs.urz.uni-halle.de\/quack\/files\/2020\/04\/ente37-1536x1033.jpg 1536w, https:\/\/blogs.urz.uni-halle.de\/quack\/files\/2020\/04\/ente37.jpg 2000w\" sizes=\"(max-width: 1024px) 100vw, 1024px\" \/><\/figure>\n\n\n\n<p>Man sieht immer wie Enten sein Kopf ins Wasser stecken, um Nahrung zu suchen. Manchmal kann es sehen, als  h\u00e4tten sie kein Kopf. <\/p>\n\n\n\n<figure class=\"wp-block-image size-large is-resized\"><img loading=\"lazy\" src=\"https:\/\/blogs.urz.uni-halle.de\/quack\/files\/2020\/04\/ente39-768x1024.jpg\" alt=\"\" class=\"wp-image-140\" width=\"384\" height=\"512\" srcset=\"https:\/\/blogs.urz.uni-halle.de\/quack\/files\/2020\/04\/ente39-768x1024.jpg 768w, https:\/\/blogs.urz.uni-halle.de\/quack\/files\/2020\/04\/ente39-225x300.jpg 225w, https:\/\/blogs.urz.uni-halle.de\/quack\/files\/2020\/04\/ente39-1152x1536.jpg 1152w, https:\/\/blogs.urz.uni-halle.de\/quack\/files\/2020\/04\/ente39-1536x2048.jpg 1536w, https:\/\/blogs.urz.uni-halle.de\/quack\/files\/2020\/04\/ente39-scaled.jpg 1920w\" sizes=\"(max-width: 384px) 100vw, 384px\" \/><\/figure>\n","protected":false},"excerpt":{"rendered":"<div class=\"entry-summary\">\nUnter den Entenv\u00f6geln haben sich sehr unterschiedliche Ern\u00e4hrungstypen herausgebildet, so dass sich kaum etwas Gemeinsames sagen l\u00e4sst. G\u00e4nse und Schw\u00e4ne&hellip;\n<\/div>\n<div class=\"link-more\"><a href=\"https:\/\/blogs.urz.uni-halle.de\/quack\/ernaehrung\/\" class=\"more-link\">Continue reading<span class=\"screen-reader-text\"> &ldquo;Ern\u00e4hrung&rdquo;<\/span>&hellip;<\/a><\/div>\n","protected":false},"author":4367,"featured_media":0,"parent":0,"menu_order":0,"comment_status":"closed","ping_status":"closed","template":"","meta":[],"_links":{"self":[{"href":"https:\/\/blogs.urz.uni-halle.de\/quack\/wp-json\/wp\/v2\/pages\/107"}],"collection":[{"href":"https:\/\/blogs.urz.uni-halle.de\/quack\/wp-json\/wp\/v2\/pages"}],"about":[{"href":"https:\/\/blogs.urz.uni-halle.de\/quack\/wp-json\/wp\/v2\/types\/page"}],"author":[{"embeddable":true,"href":"https:\/\/blogs.urz.uni-halle.de\/quack\/wp-json\/wp\/v2\/users\/4367"}],"replies":[{"embeddable":true,"href":"https:\/\/blogs.urz.uni-halle.de\/quack\/wp-json\/wp\/v2\/comments?post=107"}],"version-history":[{"count":6,"href":"https:\/\/blogs.urz.uni-halle.de\/quack\/wp-json\/wp\/v2\/pages\/107\/revisions"}],"predecessor-version":[{"id":141,"href":"https:\/\/blogs.urz.uni-halle.de\/quack\/wp-json\/wp\/v2\/pages\/107\/revisions\/141"}],"wp:attachment":[{"href":"https:\/\/blogs.urz.uni-halle.de\/quack\/wp-json\/wp\/v2\/media?parent=107"}],"curies":[{"name":"wp","href":"https:\/\/api.w.org\/{rel}","templated":true}]}}