{"id":112,"date":"2020-04-18T13:53:15","date_gmt":"2020-04-18T11:53:15","guid":{"rendered":"https:\/\/blogs.urz.uni-halle.de\/quack\/?page_id=112"},"modified":"2020-04-18T14:25:42","modified_gmt":"2020-04-18T12:25:42","slug":"kommunikation","status":"publish","type":"page","link":"https:\/\/blogs.urz.uni-halle.de\/quack\/kommunikation\/","title":{"rendered":"Kommunikation"},"content":{"rendered":"\n<p>Die Enten quaken und die Kombination von K\u00f6rperhaltung und Lauten dr\u00fccken bestimmte Situationen aus. So gibt es Laute f\u00fcr Gefahr. Wenn sie am Himmel einen gr\u00f6\u00dferen Vogel entdecken, gehen die K\u00f6pfe zur Seite und sie beobachten ihn. Wenn sie Junge haben, locken sie sie mit bestimmten Lauten. Die Balz hat bestimmte Gesten und Laute. In der Luft kommunizieren sie miteinander und so weiter und sofort.<br> Dies trifft nicht nur auf Enten zu sondern auf alle Tiere.<\/p>\n\n\n\n<figure class=\"wp-block-image size-large is-resized\"><img loading=\"lazy\" src=\"https:\/\/blogs.urz.uni-halle.de\/quack\/files\/2020\/03\/ente15-683x1024.jpg\" alt=\"\" class=\"wp-image-113\" width=\"485\" height=\"726\" srcset=\"https:\/\/blogs.urz.uni-halle.de\/quack\/files\/2020\/03\/ente15-683x1024.jpg 683w, https:\/\/blogs.urz.uni-halle.de\/quack\/files\/2020\/03\/ente15-200x300.jpg 200w, https:\/\/blogs.urz.uni-halle.de\/quack\/files\/2020\/03\/ente15-scaled.jpg 1707w\" sizes=\"(max-width: 485px) 100vw, 485px\" \/><figcaption>Eine quakende Ente<\/figcaption><\/figure>\n\n\n\n<p>Enten quaken. Dass dies allerdings nur die Weibchen tun, wissen viele nicht. Die M\u00e4nnchen pfeifen meist oder geben andere Laute wie etwa ein Grunzen von sich. G\u00e4nse schnattern, rufen und zischen, manche G\u00e4nse lassen pfeifende Rufe h\u00f6ren.<\/p>\n\n\n\n<figure class=\"wp-block-audio\"><audio controls src=\"https:\/\/blogs.urz.uni-halle.de\/quack\/files\/2020\/04\/duck-quack-sound-effect-hd.mp3\"><\/audio><figcaption>Ein ganz normales Quack!<\/figcaption><\/figure>\n\n\n\n<p><\/p>\n","protected":false},"excerpt":{"rendered":"<div class=\"entry-summary\">\nDie Enten quaken und die Kombination von K\u00f6rperhaltung und Lauten dr\u00fccken bestimmte Situationen aus. So gibt es Laute f\u00fcr Gefahr.&hellip;\n<\/div>\n<div class=\"link-more\"><a href=\"https:\/\/blogs.urz.uni-halle.de\/quack\/kommunikation\/\" class=\"more-link\">Continue reading<span class=\"screen-reader-text\"> &ldquo;Kommunikation&rdquo;<\/span>&hellip;<\/a><\/div>\n","protected":false},"author":4367,"featured_media":0,"parent":0,"menu_order":0,"comment_status":"closed","ping_status":"closed","template":"","meta":[],"_links":{"self":[{"href":"https:\/\/blogs.urz.uni-halle.de\/quack\/wp-json\/wp\/v2\/pages\/112"}],"collection":[{"href":"https:\/\/blogs.urz.uni-halle.de\/quack\/wp-json\/wp\/v2\/pages"}],"about":[{"href":"https:\/\/blogs.urz.uni-halle.de\/quack\/wp-json\/wp\/v2\/types\/page"}],"author":[{"embeddable":true,"href":"https:\/\/blogs.urz.uni-halle.de\/quack\/wp-json\/wp\/v2\/users\/4367"}],"replies":[{"embeddable":true,"href":"https:\/\/blogs.urz.uni-halle.de\/quack\/wp-json\/wp\/v2\/comments?post=112"}],"version-history":[{"count":2,"href":"https:\/\/blogs.urz.uni-halle.de\/quack\/wp-json\/wp\/v2\/pages\/112\/revisions"}],"predecessor-version":[{"id":144,"href":"https:\/\/blogs.urz.uni-halle.de\/quack\/wp-json\/wp\/v2\/pages\/112\/revisions\/144"}],"wp:attachment":[{"href":"https:\/\/blogs.urz.uni-halle.de\/quack\/wp-json\/wp\/v2\/media?parent=112"}],"curies":[{"name":"wp","href":"https:\/\/api.w.org\/{rel}","templated":true}]}}