{"id":149,"date":"2020-04-18T14:31:10","date_gmt":"2020-04-18T12:31:10","guid":{"rendered":"https:\/\/blogs.urz.uni-halle.de\/quack\/?page_id=149"},"modified":"2020-04-18T14:31:10","modified_gmt":"2020-04-18T12:31:10","slug":"fortpflanzung","status":"publish","type":"page","link":"https:\/\/blogs.urz.uni-halle.de\/quack\/fortpflanzung\/","title":{"rendered":"Fortpflanzung"},"content":{"rendered":"\n<ul><li>Enten br\u00fcten meist paarweise.<\/li><li> G\u00e4nse sammeln sich zur Brutzeit in gro\u00dfen Kolonien. So sind die Eier und Jungen besser vor Feinden gesch\u00fctzt. <\/li><li>Viele Entenv\u00f6gel sind monogam, das hei\u00dft, die Paare leben viele Jahre oder &#8211; wie G\u00e4nse und Schw\u00e4ne &#8211; ein Leben lang zusammen. <\/li><li>Je gr\u00f6\u00dfer die Eier sind, umso l\u00e4nger m\u00fcssen die Eltern br\u00fcten.<\/li><\/ul>\n\n\n\n<p><\/p>\n","protected":false},"excerpt":{"rendered":"<div class=\"entry-summary\">\nEnten br\u00fcten meist paarweise. G\u00e4nse sammeln sich zur Brutzeit in gro\u00dfen Kolonien. So sind die Eier und Jungen besser vor&hellip;\n<\/div>\n<div class=\"link-more\"><a href=\"https:\/\/blogs.urz.uni-halle.de\/quack\/fortpflanzung\/\" class=\"more-link\">Continue reading<span class=\"screen-reader-text\"> &ldquo;Fortpflanzung&rdquo;<\/span>&hellip;<\/a><\/div>\n","protected":false},"author":4367,"featured_media":0,"parent":0,"menu_order":0,"comment_status":"closed","ping_status":"closed","template":"","meta":[],"_links":{"self":[{"href":"https:\/\/blogs.urz.uni-halle.de\/quack\/wp-json\/wp\/v2\/pages\/149"}],"collection":[{"href":"https:\/\/blogs.urz.uni-halle.de\/quack\/wp-json\/wp\/v2\/pages"}],"about":[{"href":"https:\/\/blogs.urz.uni-halle.de\/quack\/wp-json\/wp\/v2\/types\/page"}],"author":[{"embeddable":true,"href":"https:\/\/blogs.urz.uni-halle.de\/quack\/wp-json\/wp\/v2\/users\/4367"}],"replies":[{"embeddable":true,"href":"https:\/\/blogs.urz.uni-halle.de\/quack\/wp-json\/wp\/v2\/comments?post=149"}],"version-history":[{"count":1,"href":"https:\/\/blogs.urz.uni-halle.de\/quack\/wp-json\/wp\/v2\/pages\/149\/revisions"}],"predecessor-version":[{"id":150,"href":"https:\/\/blogs.urz.uni-halle.de\/quack\/wp-json\/wp\/v2\/pages\/149\/revisions\/150"}],"wp:attachment":[{"href":"https:\/\/blogs.urz.uni-halle.de\/quack\/wp-json\/wp\/v2\/media?parent=149"}],"curies":[{"name":"wp","href":"https:\/\/api.w.org\/{rel}","templated":true}]}}