{"id":152,"date":"2020-04-18T14:49:25","date_gmt":"2020-04-18T12:49:25","guid":{"rendered":"https:\/\/blogs.urz.uni-halle.de\/quack\/?page_id=152"},"modified":"2020-04-20T17:17:26","modified_gmt":"2020-04-20T15:17:26","slug":"arten","status":"publish","type":"page","link":"https:\/\/blogs.urz.uni-halle.de\/quack\/arten\/","title":{"rendered":"Arten"},"content":{"rendered":"\n<p>Trotz aller \u00c4hnlichkeiten sind die etwa 150 Arten der Entenv\u00f6gel ganz unterschiedlich: Das Spektrum reicht von der bekannten Stockente, den bunten Mandarinenten bis zu G\u00e4nsen und Schw\u00e4nen. Typisch f\u00fcr G\u00e4nse und Schw\u00e4ne ist jedoch der lange Hals. <\/p>\n\n\n\n<p>Ein paar Beispiele. K\u00f6nnen Sie die passende Bilder zu die verschiedene Arten einordnen?<\/p>\n\n\n\n<figure class=\"wp-block-table\"><table class=\"has-subtle-pale-green-background-color has-fixed-layout has-background\"><tbody><tr><td>Stockente Erpels (m\u00e4nnlich) gr\u00fcn<\/td><td>Mandarinente<\/td><td>Brautente<\/td><\/tr><tr><td>Stockente Erpels (weiblich) grau-braun<\/td><td>Bergente<\/td><td>Eisenten<\/td><\/tr><\/tbody><\/table><\/figure>\n\n\n\n<div class=\"wp-block-group\"><div class=\"wp-block-group__inner-container\">\n<div class=\"wp-block-group\"><div class=\"wp-block-group__inner-container\">\n<div class=\"wp-block-group\"><div class=\"wp-block-group__inner-container\">\n<figure class=\"wp-block-gallery columns-1 is-cropped\"><ul class=\"blocks-gallery-grid\"><li class=\"blocks-gallery-item\"><figure><img loading=\"lazy\" width=\"500\" height=\"322\" src=\"https:\/\/blogs.urz.uni-halle.de\/quack\/files\/2020\/04\/ente43-1.jpg\" alt=\"\" data-id=\"166\" class=\"wp-image-166\" srcset=\"https:\/\/blogs.urz.uni-halle.de\/quack\/files\/2020\/04\/ente43-1.jpg 500w, https:\/\/blogs.urz.uni-halle.de\/quack\/files\/2020\/04\/ente43-1-300x193.jpg 300w\" sizes=\"(max-width: 500px) 100vw, 500px\" \/><\/figure><\/li><\/ul><\/figure>\n<\/div><\/div>\n\n\n\n<div class=\"wp-block-image\"><figure class=\"aligncenter is-resized\"><img loading=\"lazy\" src=\"https:\/\/blogs.urz.uni-halle.de\/quack\/files\/2020\/04\/ente40-1.jpg\" alt=\"\" class=\"wp-image-167\" width=\"349\" height=\"234\" srcset=\"https:\/\/blogs.urz.uni-halle.de\/quack\/files\/2020\/04\/ente40-1.jpg 494w, https:\/\/blogs.urz.uni-halle.de\/quack\/files\/2020\/04\/ente40-1-300x200.jpg 300w\" sizes=\"(max-width: 349px) 100vw, 349px\" \/><\/figure><\/div>\n\n\n\n<div class=\"wp-block-image\"><figure class=\"aligncenter is-resized\"><img loading=\"lazy\" src=\"https:\/\/blogs.urz.uni-halle.de\/quack\/files\/2020\/04\/ente41-1.jpg\" alt=\"\" class=\"wp-image-168\" width=\"427\" height=\"286\" srcset=\"https:\/\/blogs.urz.uni-halle.de\/quack\/files\/2020\/04\/ente41-1.jpg 500w, https:\/\/blogs.urz.uni-halle.de\/quack\/files\/2020\/04\/ente41-1-300x200.jpg 300w\" sizes=\"(max-width: 427px) 100vw, 427px\" \/><\/figure><\/div>\n\n\n\n<div class=\"wp-block-image\"><figure class=\"aligncenter is-resized\"><img loading=\"lazy\" src=\"https:\/\/blogs.urz.uni-halle.de\/quack\/files\/2020\/04\/ente42-1.jpg\" alt=\"\" class=\"wp-image-169\" width=\"408\" height=\"273\" srcset=\"https:\/\/blogs.urz.uni-halle.de\/quack\/files\/2020\/04\/ente42-1.jpg 500w, https:\/\/blogs.urz.uni-halle.de\/quack\/files\/2020\/04\/ente42-1-300x200.jpg 300w\" sizes=\"(max-width: 408px) 100vw, 408px\" \/><\/figure><\/div>\n\n\n\n<div class=\"wp-block-image\"><figure class=\"aligncenter is-resized\"><img loading=\"lazy\" src=\"https:\/\/blogs.urz.uni-halle.de\/quack\/files\/2020\/04\/ente6-1-1024x640.jpg\" alt=\"\" class=\"wp-image-170\" width=\"403\" height=\"252\" srcset=\"https:\/\/blogs.urz.uni-halle.de\/quack\/files\/2020\/04\/ente6-1-1024x640.jpg 1024w, https:\/\/blogs.urz.uni-halle.de\/quack\/files\/2020\/04\/ente6-1-300x188.jpg 300w, https:\/\/blogs.urz.uni-halle.de\/quack\/files\/2020\/04\/ente6-1-768x480.jpg 768w, https:\/\/blogs.urz.uni-halle.de\/quack\/files\/2020\/04\/ente6-1-1536x960.jpg 1536w, https:\/\/blogs.urz.uni-halle.de\/quack\/files\/2020\/04\/ente6-1.jpg 1920w\" sizes=\"(max-width: 403px) 100vw, 403px\" \/><\/figure><\/div>\n<\/div><\/div>\n<\/div><\/div>\n\n\n\n<p><\/p>\n","protected":false},"excerpt":{"rendered":"<div class=\"entry-summary\">\nTrotz aller \u00c4hnlichkeiten sind die etwa 150 Arten der Entenv\u00f6gel ganz unterschiedlich: Das Spektrum reicht von der bekannten Stockente, den&hellip;\n<\/div>\n<div class=\"link-more\"><a href=\"https:\/\/blogs.urz.uni-halle.de\/quack\/arten\/\" class=\"more-link\">Continue reading<span class=\"screen-reader-text\"> &ldquo;Arten&rdquo;<\/span>&hellip;<\/a><\/div>\n","protected":false},"author":4367,"featured_media":0,"parent":0,"menu_order":0,"comment_status":"closed","ping_status":"closed","template":"","meta":[],"_links":{"self":[{"href":"https:\/\/blogs.urz.uni-halle.de\/quack\/wp-json\/wp\/v2\/pages\/152"}],"collection":[{"href":"https:\/\/blogs.urz.uni-halle.de\/quack\/wp-json\/wp\/v2\/pages"}],"about":[{"href":"https:\/\/blogs.urz.uni-halle.de\/quack\/wp-json\/wp\/v2\/types\/page"}],"author":[{"embeddable":true,"href":"https:\/\/blogs.urz.uni-halle.de\/quack\/wp-json\/wp\/v2\/users\/4367"}],"replies":[{"embeddable":true,"href":"https:\/\/blogs.urz.uni-halle.de\/quack\/wp-json\/wp\/v2\/comments?post=152"}],"version-history":[{"count":7,"href":"https:\/\/blogs.urz.uni-halle.de\/quack\/wp-json\/wp\/v2\/pages\/152\/revisions"}],"predecessor-version":[{"id":171,"href":"https:\/\/blogs.urz.uni-halle.de\/quack\/wp-json\/wp\/v2\/pages\/152\/revisions\/171"}],"wp:attachment":[{"href":"https:\/\/blogs.urz.uni-halle.de\/quack\/wp-json\/wp\/v2\/media?parent=152"}],"curies":[{"name":"wp","href":"https:\/\/api.w.org\/{rel}","templated":true}]}}