{"id":134,"date":"2017-09-16T16:13:33","date_gmt":"2017-09-16T14:13:33","guid":{"rendered":"https:\/\/blogs.urz.uni-halle.de\/readingandacupoftea\/?page_id=134"},"modified":"2017-09-16T16:13:33","modified_gmt":"2017-09-16T14:13:33","slug":"meine-lieblingsautoren","status":"publish","type":"page","link":"https:\/\/blogs.urz.uni-halle.de\/readingandacupoftea\/meine-lieblingsautoren\/","title":{"rendered":"Meine Lieblingsautoren"},"content":{"rendered":"<h2>Sebastian Fitzek<\/h2>\n<div id=\"attachment_137\" style=\"width: 274px\" class=\"wp-caption alignleft\"><img aria-describedby=\"caption-attachment-137\" loading=\"lazy\" class=\"wp-image-137\" src=\"https:\/\/blogs.urz.uni-halle.de\/readingandacupoftea\/files\/2017\/09\/Fitzek-FinePic-1104-low-744x495.jpg\" alt=\"Sebastian Fitzek\" width=\"264\" height=\"176\" srcset=\"https:\/\/blogs.urz.uni-halle.de\/readingandacupoftea\/files\/2017\/09\/Fitzek-FinePic-1104-low-744x495.jpg 744w, https:\/\/blogs.urz.uni-halle.de\/readingandacupoftea\/files\/2017\/09\/Fitzek-FinePic-1104-low-420x279.jpg 420w, https:\/\/blogs.urz.uni-halle.de\/readingandacupoftea\/files\/2017\/09\/Fitzek-FinePic-1104-low-768x511.jpg 768w, https:\/\/blogs.urz.uni-halle.de\/readingandacupoftea\/files\/2017\/09\/Fitzek-FinePic-1104-low-1200x798.jpg 1200w, https:\/\/blogs.urz.uni-halle.de\/readingandacupoftea\/files\/2017\/09\/Fitzek-FinePic-1104-low.jpg 1240w\" sizes=\"(max-width: 264px) 100vw, 264px\" \/><p id=\"caption-attachment-137\" class=\"wp-caption-text\">Foto: FinePic<\/p><\/div>\n<p>Mein absoluter Lieblingsautor ist Sebastian Fitzek. Ich glaube momentan kommt niemand an ihm vorbei, der gerne Krimis oder Thriller liest. Ich bin vor 2,5 Jahren durch eine Freundin auf ihn aufmerksam geworden und bin seitdem gro\u00dfer Fan.\u00a0 Auch einige seiner Lesungen haben wir gemeinsam besucht, an denen Fitzek mich jedes Mal mit seiner\u00a0sympathischen Art \u00fcberrascht hat \u2013 wie kann so jemand solche B\u00fccher schreiben?! Seine Psychothriller haben einfach einen unglaublichen Spannungsfaktor, der\u00a0mich h\u00e4ufig n\u00e4chtelang nicht schlafen lie\u00df und die unerwarteten, immer wieder \u00fcberraschenden\u00a0Wendungen am Ende haben mir schon den ein oder anderen nahenden Herzinfarkt beschert. \u00a0Ein Gl\u00fcck schreibt er mittlerweile so flei\u00dfig, dass man nie lange auf den n\u00e4chsten Nervenkitzel warten muss.<\/p>\n<p>&nbsp;<\/p>\n<h2>Nele Neuhaus<\/h2>\n<div id=\"attachment_136\" style=\"width: 178px\" class=\"wp-caption alignleft\"><img aria-describedby=\"caption-attachment-136\" loading=\"lazy\" class=\"wp-image-136\" src=\"https:\/\/blogs.urz.uni-halle.de\/readingandacupoftea\/files\/2017\/09\/autorin_neleNeuhaus_neu.png\" alt=\"Nele Neuhaus\" width=\"168\" height=\"195\" \/><p id=\"caption-attachment-136\" class=\"wp-caption-text\">Foto: Felix Br\u00fcggemann<\/p><\/div>\n<p>Der erste Krimi, den ich gelesen habe war \u201eeine unbeliebte Frau\u201c, der Auftakt ihrer Taunuskrimis rund um Pia Kirchhoff und Oliver von Bodenstein. Umso schwerer ich mich am Anfang mit dem Krimi tat, desto begeisterter war ich am Ende. Mittlerweile werden die neusten Teile direkt am Erscheinungsdatum gekauft und verschlungen. Ich bin gro\u00dfer Fan ihrer Verstrickungen und die verschiedenen Perspektiven, aus denen sie ihre Geschichten erz\u00e4hlt. Selber war ich noch nie im Taunus, w\u00fcrde ich mich dort aber wohl mittlerweile gut zurechtfinden. Immer wieder versuche ich die Geschichten auch vor Freunde und Familie zu verteidigen, die durch die Verfilmungen entt\u00e4uscht waren. Es ist kaum zu vergleichen! Mit ihren Romanen konnte mich Nele Neuhaus leider weniger begeistert, ich\u00a0bleibe ihren Krimis aber weiter treu.<\/p>\n<p>&nbsp;<\/p>\n<h2>Carlos Ruiz Zaf\u00f3n<\/h2>\n<div id=\"attachment_138\" style=\"width: 153px\" class=\"wp-caption alignleft\"><img aria-describedby=\"caption-attachment-138\" loading=\"lazy\" class=\"wp-image-138\" src=\"https:\/\/blogs.urz.uni-halle.de\/readingandacupoftea\/files\/2017\/09\/zafon_bild_1.jpg\" alt=\"Carlos Ruiz Zaf\u00f3n\" width=\"143\" height=\"221\" \/><p id=\"caption-attachment-138\" class=\"wp-caption-text\">Foto: Isolde Ohlbaum<\/p><\/div>\n<p>Seit Jahren liebe ich die Roman-Reihe rund um den Friedhof der vergessenen B\u00fccher. Was gibt es f\u00fcr einen B\u00fcchernarr schon besseres als B\u00fccher \u00fcber B\u00fccher? Die Geschichten haben so einen Sog, der mich die B\u00fccher einmal angefangen, nicht mehr aus der Hand legen lies. Sobald ich eines seiner B\u00fccher aufschlage, f\u00fchle ich mich direkt ins sonnige Barcelona fr\u00fcherer Zeiten versetzt. Den neuesten Teil der Reihe, habe ich bisher aber tats\u00e4chlich noch nicht begonnen, freue mich aber jetzt schon darauf im Winter mit einem Tee in meinem Lesesessel in die Welt einzutauchen. Auch seine anderen Werke habe ich verschlungen. Wahnsinnig viel Spannung f\u00fcr dunkle, lange Tage!<\/p>\n<h2><\/h2>\n<h2>Marah Woolf<\/h2>\n<div id=\"attachment_135\" style=\"width: 164px\" class=\"wp-caption alignleft\"><img aria-describedby=\"caption-attachment-135\" loading=\"lazy\" class=\"wp-image-135\" src=\"https:\/\/blogs.urz.uni-halle.de\/readingandacupoftea\/files\/2017\/09\/37163.jpg\" alt=\"Marah Woolf\" width=\"154\" height=\"176\" \/><p id=\"caption-attachment-135\" class=\"wp-caption-text\">Foto: Rene Brandes<\/p><\/div>\n<p>Manchmal geht es einfach nicht anders, da muss YA Fantasy her, am besten gleich eine ganze Serie. In solchen Momenten hat mich besonders Marah Woolf oft gl\u00fccklich gemacht. Am meisten geliebt habe ich \u2013wie k\u00f6nnte es auch anders sein \u2013 die Bookless-Saga. Aber auch die MondSilber-Reihe hat mir gut gefallen. Klar ist es irgendwo immer das gleiche, M\u00e4dchen erf\u00e4hrt von ihrer eigentlichen Bestimmung und verliebt sich nebenbei in den Bad Boy, der aber eigentlich gar nicht so bad ist. Aber wir lieben doch alle manchmal eine gute Romanze, durch die wir zudem noch in eine vollkommen fremde aber fantastische Welt eintauchen k\u00f6nnen. Mit Marah Woolf gelingt mir dies jedenfalls immer wieder. Die Federleicht-Saga habe ich bisher noch nicht gelesen, steht aber schon bereit und ich freue mich tierisch drauf!<\/p>\n","protected":false},"excerpt":{"rendered":"<p>Sebastian Fitzek Mein absoluter Lieblingsautor ist Sebastian Fitzek. Ich glaube momentan kommt niemand an ihm vorbei, der gerne Krimis oder Thriller liest. Ich bin vor 2,5 Jahren durch eine Freundin auf ihn aufmerksam geworden und bin seitdem gro\u00dfer Fan.\u00a0 Auch &hellip; <a href=\"https:\/\/blogs.urz.uni-halle.de\/readingandacupoftea\/meine-lieblingsautoren\/\">Weiterlesen <span class=\"meta-nav\">&rarr;<\/span><\/a><\/p>\n","protected":false},"author":3060,"featured_media":0,"parent":0,"menu_order":0,"comment_status":"closed","ping_status":"closed","template":"","meta":[],"_links":{"self":[{"href":"https:\/\/blogs.urz.uni-halle.de\/readingandacupoftea\/wp-json\/wp\/v2\/pages\/134"}],"collection":[{"href":"https:\/\/blogs.urz.uni-halle.de\/readingandacupoftea\/wp-json\/wp\/v2\/pages"}],"about":[{"href":"https:\/\/blogs.urz.uni-halle.de\/readingandacupoftea\/wp-json\/wp\/v2\/types\/page"}],"author":[{"embeddable":true,"href":"https:\/\/blogs.urz.uni-halle.de\/readingandacupoftea\/wp-json\/wp\/v2\/users\/3060"}],"replies":[{"embeddable":true,"href":"https:\/\/blogs.urz.uni-halle.de\/readingandacupoftea\/wp-json\/wp\/v2\/comments?post=134"}],"version-history":[{"count":1,"href":"https:\/\/blogs.urz.uni-halle.de\/readingandacupoftea\/wp-json\/wp\/v2\/pages\/134\/revisions"}],"predecessor-version":[{"id":139,"href":"https:\/\/blogs.urz.uni-halle.de\/readingandacupoftea\/wp-json\/wp\/v2\/pages\/134\/revisions\/139"}],"wp:attachment":[{"href":"https:\/\/blogs.urz.uni-halle.de\/readingandacupoftea\/wp-json\/wp\/v2\/media?parent=134"}],"curies":[{"name":"wp","href":"https:\/\/api.w.org\/{rel}","templated":true}]}}