{"id":123,"date":"2024-06-24T11:00:48","date_gmt":"2024-06-24T09:00:48","guid":{"rendered":"https:\/\/blogs.urz.uni-halle.de\/refokussierungen2024\/?page_id=123"},"modified":"2024-06-24T11:10:09","modified_gmt":"2024-06-24T09:10:09","slug":"anreise","status":"publish","type":"page","link":"https:\/\/blogs.urz.uni-halle.de\/refokussierungen2024\/anreise\/","title":{"rendered":"Anreise"},"content":{"rendered":"\n<p>Die Tagung findet auf dem Innenstadt-Campus der Universit\u00e4t Osnabr\u00fcck statt, direkt im Schloss (Geb\u00e4ude 11; Neuer Graben 29, 49074 Osnabr\u00fcck). Im Schlosshof m\u00fcssen Sie durch den Haupteingang des gr\u00f6\u00dften Geb\u00e4ues<br>und dort die Treppe bzw. den Fahrstuhl in die 2. Etage nehmen.<\/p>\n\n\n\n<p><\/p>\n\n\n\n<p><strong>Sie erreichen den Tagungsort wie folgt:<\/strong><\/p>\n\n\n\n<p><br>per pedes: vom Hauptbahnhof aus in ca. 15 Gehminuten<\/p>\n\n\n\n<p>per Bus: vom Hauptbahnhof fahren verschiedene Buslinien<br>(z.B. M2, 14, 16, 17) in Richtung Innenstadt; bitte auf die allgemeine Fahrtrichtung achten, die an den Haltestellen direkt vor dem Bahnhof<br>angeschlagen ist.                                                                                               N\u00e4chstgelegene Haltestellen zum Schloss sind: &#8222;Universit\u00e4t\/Osnabr\u00fcckHalle&#8220;,<br>&#8222;Neumarkt&#8220; oder \u201eKamp-Promenade\u201c<br><\/p>\n\n\n\n<p>per Auto: es stehen keine exklusiven Parkpl\u00e4tze zur Verf\u00fcgung;<br>wir empfehlen die Buchung eines Stellplatzes bei<br>Ihrem Hotel.<\/p>\n\n\n\n<p><\/p>\n\n\n\n<figure class=\"wp-block-image size-large is-resized\"><img loading=\"lazy\" src=\"https:\/\/blogs.urz.uni-halle.de\/refokussierungen2024\/files\/2024\/06\/image.png\" alt=\"\" class=\"wp-image-128\" width=\"316\" height=\"353\" srcset=\"https:\/\/blogs.urz.uni-halle.de\/refokussierungen2024\/files\/2024\/06\/image.png 701w, https:\/\/blogs.urz.uni-halle.de\/refokussierungen2024\/files\/2024\/06\/image-268x300.png 268w\" sizes=\"(max-width: 316px) 100vw, 316px\" \/><\/figure>\n","protected":false},"excerpt":{"rendered":"<p>Die Tagung findet auf dem Innenstadt-Campus der Universit\u00e4t Osnabr\u00fcck statt, direkt im Schloss (Geb\u00e4ude 11; Neuer Graben 29, 49074 Osnabr\u00fcck). Im Schlosshof m\u00fcssen Sie durch den Haupteingang des gr\u00f6\u00dften Geb\u00e4uesund dort die Treppe bzw. den Fahrstuhl in die 2. Etage nehmen. Sie erreichen den Tagungsort wie folgt: per pedes: vom Hauptbahnhof aus in ca. 15 [&hellip;]<\/p>\n","protected":false},"author":5966,"featured_media":0,"parent":0,"menu_order":0,"comment_status":"closed","ping_status":"closed","template":"","meta":[],"_links":{"self":[{"href":"https:\/\/blogs.urz.uni-halle.de\/refokussierungen2024\/wp-json\/wp\/v2\/pages\/123"}],"collection":[{"href":"https:\/\/blogs.urz.uni-halle.de\/refokussierungen2024\/wp-json\/wp\/v2\/pages"}],"about":[{"href":"https:\/\/blogs.urz.uni-halle.de\/refokussierungen2024\/wp-json\/wp\/v2\/types\/page"}],"author":[{"embeddable":true,"href":"https:\/\/blogs.urz.uni-halle.de\/refokussierungen2024\/wp-json\/wp\/v2\/users\/5966"}],"replies":[{"embeddable":true,"href":"https:\/\/blogs.urz.uni-halle.de\/refokussierungen2024\/wp-json\/wp\/v2\/comments?post=123"}],"version-history":[{"count":3,"href":"https:\/\/blogs.urz.uni-halle.de\/refokussierungen2024\/wp-json\/wp\/v2\/pages\/123\/revisions"}],"predecessor-version":[{"id":129,"href":"https:\/\/blogs.urz.uni-halle.de\/refokussierungen2024\/wp-json\/wp\/v2\/pages\/123\/revisions\/129"}],"wp:attachment":[{"href":"https:\/\/blogs.urz.uni-halle.de\/refokussierungen2024\/wp-json\/wp\/v2\/media?parent=123"}],"curies":[{"name":"wp","href":"https:\/\/api.w.org\/{rel}","templated":true}]}}