{"id":150,"date":"2024-06-26T08:53:22","date_gmt":"2024-06-26T06:53:22","guid":{"rendered":"https:\/\/blogs.urz.uni-halle.de\/refokussierungen2024\/?page_id=150"},"modified":"2024-06-26T09:06:39","modified_gmt":"2024-06-26T07:06:39","slug":"startseite","status":"publish","type":"page","link":"https:\/\/blogs.urz.uni-halle.de\/refokussierungen2024\/","title":{"rendered":"Startseite"},"content":{"rendered":"\n<h2 class=\"has-text-align-center\"><strong>(Re-)Fokussierungen.<\/strong><br><strong>Was war, ist und wird mit Theorien<br>der Schule und des Unterrichts?<\/strong><br><\/h2>\n\n\n\n<h3 class=\"has-text-align-center\">Einladung <span class=\"amp\">&amp;<\/span> Programm<br>Jahrestagung der DGfE-Kommission<br>Schulforschung und Didaktik<br><br>11.-13. September 2024<br>Universit\u00e4t Osnabr\u00fcck<br>Neuer Graben 29 \/ Schloss &#8211; Geb\u00e4ude 11<br><\/h3>\n\n\n\n<p><em>Tagungsorganisation:<\/em><br>Nele Kuhlmann (Jena)<br>Richard Lischka-Schmidt (Halle)<br>Sven Thiersch (Osnabr\u00fcck)<br>Eike Wolf (Osnabr\u00fcck)<\/p>\n\n\n\n<p><br><em>Programmkomitee:<\/em><br>Daniel Goldmann (T\u00fcbingen)<br>Ingrid Kunze (Osnabr\u00fcck)<br>Anna Moldenhauer (Bremen)<br>Matthias Proske (K\u00f6ln)<\/p>\n","protected":false},"excerpt":{"rendered":"<p>(Re-)Fokussierungen.Was war, ist und wird mit Theoriender Schule und des Unterrichts? Einladung <span class=\"amp\">&amp;<\/span> ProgrammJahrestagung der DGfE-KommissionSchulforschung und Didaktik 11.-13. September 2024Universit\u00e4t Osnabr\u00fcckNeuer Graben 29 \/ Schloss &#8211; Geb\u00e4ude 11 Tagungsorganisation:Nele Kuhlmann (Jena)Richard Lischka-Schmidt (Halle)Sven Thiersch (Osnabr\u00fcck)Eike Wolf (Osnabr\u00fcck) Programmkomitee:Daniel Goldmann (T\u00fcbingen)Ingrid Kunze (Osnabr\u00fcck)Anna Moldenhauer (Bremen)Matthias Proske (K\u00f6ln)<\/p>\n","protected":false},"author":5966,"featured_media":0,"parent":0,"menu_order":0,"comment_status":"closed","ping_status":"closed","template":"","meta":[],"_links":{"self":[{"href":"https:\/\/blogs.urz.uni-halle.de\/refokussierungen2024\/wp-json\/wp\/v2\/pages\/150"}],"collection":[{"href":"https:\/\/blogs.urz.uni-halle.de\/refokussierungen2024\/wp-json\/wp\/v2\/pages"}],"about":[{"href":"https:\/\/blogs.urz.uni-halle.de\/refokussierungen2024\/wp-json\/wp\/v2\/types\/page"}],"author":[{"embeddable":true,"href":"https:\/\/blogs.urz.uni-halle.de\/refokussierungen2024\/wp-json\/wp\/v2\/users\/5966"}],"replies":[{"embeddable":true,"href":"https:\/\/blogs.urz.uni-halle.de\/refokussierungen2024\/wp-json\/wp\/v2\/comments?post=150"}],"version-history":[{"count":6,"href":"https:\/\/blogs.urz.uni-halle.de\/refokussierungen2024\/wp-json\/wp\/v2\/pages\/150\/revisions"}],"predecessor-version":[{"id":162,"href":"https:\/\/blogs.urz.uni-halle.de\/refokussierungen2024\/wp-json\/wp\/v2\/pages\/150\/revisions\/162"}],"wp:attachment":[{"href":"https:\/\/blogs.urz.uni-halle.de\/refokussierungen2024\/wp-json\/wp\/v2\/media?parent=150"}],"curies":[{"name":"wp","href":"https:\/\/api.w.org\/{rel}","templated":true}]}}